{"id":11126975,"date":"2021-09-21T09:40:53","date_gmt":"2021-09-21T07:40:53","guid":{"rendered":"https:\/\/fors.fr\/product\/uncategorized\/am-deactivation-pad\/"},"modified":"2023-09-07T09:53:10","modified_gmt":"2023-09-07T07:53:10","slug":"am-deactivation-pad","status":"publish","type":"product","link":"https:\/\/fors.fr\/en\/options-and-accessories\/am-deactivation-pad\/","title":{"rendered":"AM Deactivation Pad"},"content":{"rendered":"<p><strong style=\"color:var(--couleur); text-transform:uppercase\">AM 58kHz deactivation table<\/strong><\/p>\n<p>The deactivation table is a  <span style=\"color:var(--couleur);\">2 en 1 solution<\/span> :  Elle couple le d\u00e9sactivateur d\u2019\u00e9tiquettes AM ainsi que le pad.<\/p>\n<p>Elle peut s\u2019installer en caisse en 3 positions (encastr\u00e9e, \u00e0 plat et d\u00e9bout) et se raccorde \u00e0 une prise \u00e9lectrique 2 broches.<\/p>\n<p><strong style=\"color:var(--couleur)\">R\u00e9f\u00e9rence : DESACAM<\/strong><br \/>\n<strong style=\"color:var(--couleur)\">Unit Weight (g) : <\/strong>513<br \/>\n<strong style=\"color:var(--couleur)\">Dimensions W x H x D (mm) : <\/strong>200 x 150 x 58<br \/>\n<strong style=\"color:var(--couleur)\">Technology: <\/strong>AM 58 kHz<br \/>\n<strong style=\"color:var(--couleur)\">Deactivation Height (cm) : <\/strong>8<\/p>\n","protected":false},"excerpt":{"rendered":"<p><span style=\"color:var(--couleur)\">AM 58 kHz<\/span><br \/>\n<span style=\"color:var(--couleur)\">2 in 1 solution<\/span><\/p>\n","protected":false},"featured_media":11134124,"template":"","meta":{"_et_pb_use_builder":"","_et_pb_old_content":"","_et_gb_content_width":""},"product_brand":[],"product_cat":[1401],"product_tag":[1415,1690],"class_list":{"0":"post-11126975","1":"product","2":"type-product","3":"status-publish","4":"has-post-thumbnail","6":"product_cat-options-and-accessories","7":"product_tag-am-en","8":"product_tag-deactivator","9":"pa_technologie-am-en-2","11":"first","12":"instock","13":"taxable","14":"shipping-taxable","15":"purchasable","16":"product-type-simple"},"yoast_head":"<!-- This site is optimized with the Yoast SEO plugin v27.4 - https:\/\/yoast.com\/product\/yoast-seo-wordpress\/ -->\n<title>AM Deactivation Pad - Fors Anti-Theft<\/title>\n<meta name=\"robots\" content=\"index, follow, max-snippet:-1, max-image-preview:large, max-video-preview:-1\" \/>\n<link rel=\"canonical\" href=\"https:\/\/fors.fr\/en\/options-and-accessories\/am-deactivation-pad\/\" \/>\n<meta property=\"og:locale\" content=\"en_US\" \/>\n<meta property=\"og:type\" content=\"article\" \/>\n<meta property=\"og:title\" content=\"AM Deactivation Pad - Fors Anti-Theft\" \/>\n<meta property=\"og:description\" content=\"AM 58 kHz 2 in 1 solution\" \/>\n<meta property=\"og:url\" content=\"https:\/\/fors.fr\/en\/options-and-accessories\/am-deactivation-pad\/\" \/>\n<meta property=\"og:site_name\" content=\"Fors Anti-Theft\" \/>\n<meta property=\"article:publisher\" content=\"https:\/\/www.facebook.com\/forsantitheft\/\" \/>\n<meta property=\"article:modified_time\" content=\"2023-09-07T07:53:10+00:00\" \/>\n<meta name=\"twitter:card\" content=\"summary_large_image\" \/>\n<meta name=\"twitter:site\" content=\"@fors_france\" \/>\n<meta name=\"twitter:label1\" content=\"Est. reading time\" \/>\n\t<meta name=\"twitter:data1\" content=\"1 minute\" \/>\n<script type=\"application\/ld+json\" class=\"yoast-schema-graph\">{\"@context\":\"https:\\\/\\\/schema.org\",\"@graph\":[{\"@type\":\"WebPage\",\"@id\":\"https:\\\/\\\/fors.fr\\\/en\\\/options-and-accessories\\\/am-deactivation-pad\\\/\",\"url\":\"https:\\\/\\\/fors.fr\\\/en\\\/options-and-accessories\\\/am-deactivation-pad\\\/\",\"name\":\"AM Deactivation Pad - Fors Anti-Theft\",\"isPartOf\":{\"@id\":\"https:\\\/\\\/fors.fr\\\/en\\\/#website\"},\"primaryImageOfPage\":{\"@id\":\"https:\\\/\\\/fors.fr\\\/en\\\/options-and-accessories\\\/am-deactivation-pad\\\/#primaryimage\"},\"image\":{\"@id\":\"https:\\\/\\\/fors.fr\\\/en\\\/options-and-accessories\\\/am-deactivation-pad\\\/#primaryimage\"},\"thumbnailUrl\":\"https:\\\/\\\/fors.fr\\\/medias\\\/DESACAM-SITE-MAIN-LIGHT.jpg\",\"datePublished\":\"2021-09-21T07:40:53+00:00\",\"dateModified\":\"2023-09-07T07:53:10+00:00\",\"breadcrumb\":{\"@id\":\"https:\\\/\\\/fors.fr\\\/en\\\/options-and-accessories\\\/am-deactivation-pad\\\/#breadcrumb\"},\"inLanguage\":\"en-US\",\"potentialAction\":[{\"@type\":\"ReadAction\",\"target\":[\"https:\\\/\\\/fors.fr\\\/en\\\/options-and-accessories\\\/am-deactivation-pad\\\/\"]}]},{\"@type\":\"ImageObject\",\"inLanguage\":\"en-US\",\"@id\":\"https:\\\/\\\/fors.fr\\\/en\\\/options-and-accessories\\\/am-deactivation-pad\\\/#primaryimage\",\"url\":\"https:\\\/\\\/fors.fr\\\/medias\\\/DESACAM-SITE-MAIN-LIGHT.jpg\",\"contentUrl\":\"https:\\\/\\\/fors.fr\\\/medias\\\/DESACAM-SITE-MAIN-LIGHT.jpg\",\"width\":1700,\"height\":1700},{\"@type\":\"BreadcrumbList\",\"@id\":\"https:\\\/\\\/fors.fr\\\/en\\\/options-and-accessories\\\/am-deactivation-pad\\\/#breadcrumb\",\"itemListElement\":[{\"@type\":\"ListItem\",\"position\":1,\"name\":\"FORS\",\"item\":\"https:\\\/\\\/fors.fr\\\/en\\\/\"},{\"@type\":\"ListItem\",\"position\":2,\"name\":\"Shop\",\"item\":\"https:\\\/\\\/fors.fr\\\/en\\\/shop\\\/\"},{\"@type\":\"ListItem\",\"position\":3,\"name\":\"AM Deactivation Pad\"}]},{\"@type\":\"WebSite\",\"@id\":\"https:\\\/\\\/fors.fr\\\/en\\\/#website\",\"url\":\"https:\\\/\\\/fors.fr\\\/en\\\/\",\"name\":\"FORS Anti-Theft\",\"description\":\"Anti-theft against shoplifting\",\"publisher\":{\"@id\":\"https:\\\/\\\/fors.fr\\\/en\\\/#organization\"},\"alternateName\":\"Fors\",\"potentialAction\":[{\"@type\":\"SearchAction\",\"target\":{\"@type\":\"EntryPoint\",\"urlTemplate\":\"https:\\\/\\\/fors.fr\\\/en\\\/?s={search_term_string}\"},\"query-input\":{\"@type\":\"PropertyValueSpecification\",\"valueRequired\":true,\"valueName\":\"search_term_string\"}}],\"inLanguage\":\"en-US\"},{\"@type\":\"Organization\",\"@id\":\"https:\\\/\\\/fors.fr\\\/en\\\/#organization\",\"name\":\"Fors\",\"alternateName\":\"Fors Anti-Theft\",\"url\":\"https:\\\/\\\/fors.fr\\\/en\\\/\",\"logo\":{\"@type\":\"ImageObject\",\"inLanguage\":\"en-US\",\"@id\":\"https:\\\/\\\/fors.fr\\\/en\\\/#\\\/schema\\\/logo\\\/image\\\/\",\"url\":\"https:\\\/\\\/fors.fr\\\/medias\\\/favico_512.png\",\"contentUrl\":\"https:\\\/\\\/fors.fr\\\/medias\\\/favico_512.png\",\"width\":512,\"height\":512,\"caption\":\"Fors\"},\"image\":{\"@id\":\"https:\\\/\\\/fors.fr\\\/en\\\/#\\\/schema\\\/logo\\\/image\\\/\"},\"sameAs\":[\"https:\\\/\\\/www.facebook.com\\\/forsantitheft\\\/\",\"https:\\\/\\\/x.com\\\/fors_france\",\"https:\\\/\\\/www.linkedin.com\\\/company\\\/245351\\\/\",\"https:\\\/\\\/www.youtube.com\\\/user\\\/ForsFrance\\\/\",\"https:\\\/\\\/www.companeo.com\\\/portiques-de-securite\\\/annuaire\\\/fors-france\",\"https:\\\/\\\/www.europages.fr\\\/FORS-FRANCE\\\/FRA310174-000009382001.html\",\"https:\\\/\\\/www.pagesjaunes.fr\\\/pros\\\/07584984\"]}]}<\/script>\n<!-- \/ Yoast SEO plugin. -->","yoast_head_json":{"title":"AM Deactivation Pad - Fors Anti-Theft","robots":{"index":"index","follow":"follow","max-snippet":"max-snippet:-1","max-image-preview":"max-image-preview:large","max-video-preview":"max-video-preview:-1"},"canonical":"https:\/\/fors.fr\/en\/options-and-accessories\/am-deactivation-pad\/","og_locale":"en_US","og_type":"article","og_title":"AM Deactivation Pad - Fors Anti-Theft","og_description":"AM 58 kHz 2 in 1 solution","og_url":"https:\/\/fors.fr\/en\/options-and-accessories\/am-deactivation-pad\/","og_site_name":"Fors Anti-Theft","article_publisher":"https:\/\/www.facebook.com\/forsantitheft\/","article_modified_time":"2023-09-07T07:53:10+00:00","twitter_card":"summary_large_image","twitter_site":"@fors_france","twitter_misc":{"Est. reading time":"1 minute"},"schema":{"@context":"https:\/\/schema.org","@graph":[{"@type":"WebPage","@id":"https:\/\/fors.fr\/en\/options-and-accessories\/am-deactivation-pad\/","url":"https:\/\/fors.fr\/en\/options-and-accessories\/am-deactivation-pad\/","name":"AM Deactivation Pad - Fors Anti-Theft","isPartOf":{"@id":"https:\/\/fors.fr\/en\/#website"},"primaryImageOfPage":{"@id":"https:\/\/fors.fr\/en\/options-and-accessories\/am-deactivation-pad\/#primaryimage"},"image":{"@id":"https:\/\/fors.fr\/en\/options-and-accessories\/am-deactivation-pad\/#primaryimage"},"thumbnailUrl":"https:\/\/fors.fr\/medias\/DESACAM-SITE-MAIN-LIGHT.jpg","datePublished":"2021-09-21T07:40:53+00:00","dateModified":"2023-09-07T07:53:10+00:00","breadcrumb":{"@id":"https:\/\/fors.fr\/en\/options-and-accessories\/am-deactivation-pad\/#breadcrumb"},"inLanguage":"en-US","potentialAction":[{"@type":"ReadAction","target":["https:\/\/fors.fr\/en\/options-and-accessories\/am-deactivation-pad\/"]}]},{"@type":"ImageObject","inLanguage":"en-US","@id":"https:\/\/fors.fr\/en\/options-and-accessories\/am-deactivation-pad\/#primaryimage","url":"https:\/\/fors.fr\/medias\/DESACAM-SITE-MAIN-LIGHT.jpg","contentUrl":"https:\/\/fors.fr\/medias\/DESACAM-SITE-MAIN-LIGHT.jpg","width":1700,"height":1700},{"@type":"BreadcrumbList","@id":"https:\/\/fors.fr\/en\/options-and-accessories\/am-deactivation-pad\/#breadcrumb","itemListElement":[{"@type":"ListItem","position":1,"name":"FORS","item":"https:\/\/fors.fr\/en\/"},{"@type":"ListItem","position":2,"name":"Shop","item":"https:\/\/fors.fr\/en\/shop\/"},{"@type":"ListItem","position":3,"name":"AM Deactivation Pad"}]},{"@type":"WebSite","@id":"https:\/\/fors.fr\/en\/#website","url":"https:\/\/fors.fr\/en\/","name":"FORS Anti-Theft","description":"Anti-theft against shoplifting","publisher":{"@id":"https:\/\/fors.fr\/en\/#organization"},"alternateName":"Fors","potentialAction":[{"@type":"SearchAction","target":{"@type":"EntryPoint","urlTemplate":"https:\/\/fors.fr\/en\/?s={search_term_string}"},"query-input":{"@type":"PropertyValueSpecification","valueRequired":true,"valueName":"search_term_string"}}],"inLanguage":"en-US"},{"@type":"Organization","@id":"https:\/\/fors.fr\/en\/#organization","name":"Fors","alternateName":"Fors Anti-Theft","url":"https:\/\/fors.fr\/en\/","logo":{"@type":"ImageObject","inLanguage":"en-US","@id":"https:\/\/fors.fr\/en\/#\/schema\/logo\/image\/","url":"https:\/\/fors.fr\/medias\/favico_512.png","contentUrl":"https:\/\/fors.fr\/medias\/favico_512.png","width":512,"height":512,"caption":"Fors"},"image":{"@id":"https:\/\/fors.fr\/en\/#\/schema\/logo\/image\/"},"sameAs":["https:\/\/www.facebook.com\/forsantitheft\/","https:\/\/x.com\/fors_france","https:\/\/www.linkedin.com\/company\/245351\/","https:\/\/www.youtube.com\/user\/ForsFrance\/","https:\/\/www.companeo.com\/portiques-de-securite\/annuaire\/fors-france","https:\/\/www.europages.fr\/FORS-FRANCE\/FRA310174-000009382001.html","https:\/\/www.pagesjaunes.fr\/pros\/07584984"]}]}},"_links":{"self":[{"href":"https:\/\/fors.fr\/en\/wp-json\/wp\/v2\/product\/11126975","targetHints":{"allow":["GET"]}}],"collection":[{"href":"https:\/\/fors.fr\/en\/wp-json\/wp\/v2\/product"}],"about":[{"href":"https:\/\/fors.fr\/en\/wp-json\/wp\/v2\/types\/product"}],"wp:featuredmedia":[{"embeddable":true,"href":"https:\/\/fors.fr\/en\/wp-json\/wp\/v2\/media\/11134124"}],"wp:attachment":[{"href":"https:\/\/fors.fr\/en\/wp-json\/wp\/v2\/media?parent=11126975"}],"wp:term":[{"taxonomy":"product_brand","embeddable":true,"href":"https:\/\/fors.fr\/en\/wp-json\/wp\/v2\/product_brand?post=11126975"},{"taxonomy":"product_cat","embeddable":true,"href":"https:\/\/fors.fr\/en\/wp-json\/wp\/v2\/product_cat?post=11126975"},{"taxonomy":"product_tag","embeddable":true,"href":"https:\/\/fors.fr\/en\/wp-json\/wp\/v2\/product_tag?post=11126975"}],"curies":[{"name":"wp","href":"https:\/\/api.w.org\/{rel}","templated":true}]}}