{"id":13093856,"date":"2024-08-04T10:58:39","date_gmt":"2024-08-04T08:58:39","guid":{"rendered":"https:\/\/fors.fr\/?post_type=product&#038;p=13093856"},"modified":"2024-08-08T09:47:02","modified_gmt":"2024-08-08T07:47:02","slug":"jeu-ps2","status":"publish","type":"product","link":"https:\/\/fors.fr\/en\/safers\/jeu-ps2\/","title":{"rendered":"Bo\u00eetier antivol jeu PS2 officiel"},"content":{"rendered":"<p><strong>Bo\u00eetier Officiel Jeu Playstation 2<\/strong><\/p>\n<p class=\"description\">Ce bo\u00eetier officiel Sony, prot\u00e8ge tous vos jeux de Playstation 2, ainsi que tout autre produit s\u2019inscrivant \u00e0 l\u2019int\u00e9rieur :<\/p>\n<p>Fabriqu\u00e9 en polycarbonate Lexan, plastique ultra r\u00e9sistant et enti\u00e8rement transparent, ce boitier anti-vol assure la parfaite visibilit\u00e9 du produit.<\/p>\n","protected":false},"excerpt":{"rendered":"<p>D\u00e9coration Bleue<br \/>\nBo\u00eetier transparent<\/p>\n<p>Mise en valeur des jeux PS2<\/p>\n","protected":false},"featured_media":13135412,"template":"","meta":{"_et_pb_use_builder":"","_et_pb_old_content":"","_et_gb_content_width":""},"product_brand":[],"product_cat":[1394],"product_tag":[1700],"class_list":{"0":"post-13093856","1":"product","2":"type-product","3":"status-publish","4":"has-post-thumbnail","6":"product_cat-safers","7":"product_tag-retrogaming-en","9":"first","10":"instock","11":"taxable","12":"shipping-taxable","13":"purchasable","14":"product-type-simple"},"yoast_head":"<!-- This site is optimized with the Yoast SEO plugin v27.4 - https:\/\/yoast.com\/product\/yoast-seo-wordpress\/ -->\n<title>Boitiers de s\u00e9curit\u00e9: Bo\u00eetier Jeu Playstation 3 | FORS France<\/title>\n<meta name=\"description\" content=\"Le bo\u00eetier officiel Playstation 3 vous permet de pr\u00e9senter vos jeux PS3 en toute s\u00e9curit\u00e9 et de mani\u00e8re \u00e9l\u00e9gante. Ce bo\u00eetier design laqu\u00e9 noir et transparent mettra vos produits en valeur. Le crochet int\u00e9gr\u00e9 \u00e0\u0085\" \/>\n<meta name=\"robots\" content=\"index, follow, max-snippet:-1, max-image-preview:large, max-video-preview:-1\" \/>\n<link rel=\"canonical\" href=\"https:\/\/fors.fr\/en\/safers\/jeu-ps2\/\" \/>\n<meta property=\"og:locale\" content=\"en_US\" \/>\n<meta property=\"og:type\" content=\"article\" \/>\n<meta property=\"og:title\" content=\"Boitiers de s\u00e9curit\u00e9: Bo\u00eetier Jeu Playstation 3 | FORS France\" \/>\n<meta property=\"og:description\" content=\"Le bo\u00eetier officiel Playstation 3 vous permet de pr\u00e9senter vos jeux PS3 en toute s\u00e9curit\u00e9 et de mani\u00e8re \u00e9l\u00e9gante. Ce bo\u00eetier design laqu\u00e9 noir et transparent mettra vos produits en valeur. Le crochet int\u00e9gr\u00e9 \u00e0\u0085\" \/>\n<meta property=\"og:url\" content=\"https:\/\/fors.fr\/en\/safers\/jeu-ps2\/\" \/>\n<meta property=\"og:site_name\" content=\"Fors Anti-Theft\" \/>\n<meta property=\"article:publisher\" content=\"https:\/\/www.facebook.com\/forsantitheft\/\" \/>\n<meta property=\"article:modified_time\" content=\"2024-08-08T07:47:02+00:00\" \/>\n<meta property=\"og:image\" content=\"https:\/\/fors.fr\/medias\/PS2_web_3-scaled.jpg\" \/>\n\t<meta property=\"og:image:width\" content=\"2560\" \/>\n\t<meta property=\"og:image:height\" content=\"2560\" \/>\n\t<meta property=\"og:image:type\" content=\"image\/jpeg\" \/>\n<meta name=\"twitter:card\" content=\"summary_large_image\" \/>\n<meta name=\"twitter:site\" content=\"@fors_france\" \/>\n<script type=\"application\/ld+json\" class=\"yoast-schema-graph\">{\"@context\":\"https:\\\/\\\/schema.org\",\"@graph\":[{\"@type\":\"WebPage\",\"@id\":\"https:\\\/\\\/fors.fr\\\/en\\\/safers\\\/jeu-ps2\\\/\",\"url\":\"https:\\\/\\\/fors.fr\\\/en\\\/safers\\\/jeu-ps2\\\/\",\"name\":\"Boitiers de s\u00e9curit\u00e9: Bo\u00eetier Jeu Playstation 3 | FORS France\",\"isPartOf\":{\"@id\":\"https:\\\/\\\/fors.fr\\\/en\\\/#website\"},\"primaryImageOfPage\":{\"@id\":\"https:\\\/\\\/fors.fr\\\/en\\\/safers\\\/jeu-ps2\\\/#primaryimage\"},\"image\":{\"@id\":\"https:\\\/\\\/fors.fr\\\/en\\\/safers\\\/jeu-ps2\\\/#primaryimage\"},\"thumbnailUrl\":\"https:\\\/\\\/fors.fr\\\/medias\\\/PS2_web_3-scaled.jpg\",\"datePublished\":\"2024-08-04T08:58:39+00:00\",\"dateModified\":\"2024-08-08T07:47:02+00:00\",\"description\":\"Le bo\u00eetier officiel Playstation 3 vous permet de pr\u00e9senter vos jeux PS3 en toute s\u00e9curit\u00e9 et de mani\u00e8re \u00e9l\u00e9gante. Ce bo\u00eetier design laqu\u00e9 noir et transparent mettra vos produits en valeur. Le crochet int\u00e9gr\u00e9 \u00e0\u0085\",\"breadcrumb\":{\"@id\":\"https:\\\/\\\/fors.fr\\\/en\\\/safers\\\/jeu-ps2\\\/#breadcrumb\"},\"inLanguage\":\"en-US\",\"potentialAction\":[{\"@type\":\"ReadAction\",\"target\":[\"https:\\\/\\\/fors.fr\\\/en\\\/safers\\\/jeu-ps2\\\/\"]}]},{\"@type\":\"ImageObject\",\"inLanguage\":\"en-US\",\"@id\":\"https:\\\/\\\/fors.fr\\\/en\\\/safers\\\/jeu-ps2\\\/#primaryimage\",\"url\":\"https:\\\/\\\/fors.fr\\\/medias\\\/PS2_web_3-scaled.jpg\",\"contentUrl\":\"https:\\\/\\\/fors.fr\\\/medias\\\/PS2_web_3-scaled.jpg\",\"width\":2560,\"height\":2560},{\"@type\":\"BreadcrumbList\",\"@id\":\"https:\\\/\\\/fors.fr\\\/en\\\/safers\\\/jeu-ps2\\\/#breadcrumb\",\"itemListElement\":[{\"@type\":\"ListItem\",\"position\":1,\"name\":\"FORS\",\"item\":\"https:\\\/\\\/fors.fr\\\/en\\\/\"},{\"@type\":\"ListItem\",\"position\":2,\"name\":\"Shop\",\"item\":\"https:\\\/\\\/fors.fr\\\/en\\\/shop\\\/\"},{\"@type\":\"ListItem\",\"position\":3,\"name\":\"Bo\u00eetier antivol jeu PS2 officiel\"}]},{\"@type\":\"WebSite\",\"@id\":\"https:\\\/\\\/fors.fr\\\/en\\\/#website\",\"url\":\"https:\\\/\\\/fors.fr\\\/en\\\/\",\"name\":\"FORS Anti-Theft\",\"description\":\"Anti-theft against shoplifting\",\"publisher\":{\"@id\":\"https:\\\/\\\/fors.fr\\\/en\\\/#organization\"},\"alternateName\":\"Fors\",\"potentialAction\":[{\"@type\":\"SearchAction\",\"target\":{\"@type\":\"EntryPoint\",\"urlTemplate\":\"https:\\\/\\\/fors.fr\\\/en\\\/?s={search_term_string}\"},\"query-input\":{\"@type\":\"PropertyValueSpecification\",\"valueRequired\":true,\"valueName\":\"search_term_string\"}}],\"inLanguage\":\"en-US\"},{\"@type\":\"Organization\",\"@id\":\"https:\\\/\\\/fors.fr\\\/en\\\/#organization\",\"name\":\"Fors\",\"alternateName\":\"Fors Anti-Theft\",\"url\":\"https:\\\/\\\/fors.fr\\\/en\\\/\",\"logo\":{\"@type\":\"ImageObject\",\"inLanguage\":\"en-US\",\"@id\":\"https:\\\/\\\/fors.fr\\\/en\\\/#\\\/schema\\\/logo\\\/image\\\/\",\"url\":\"https:\\\/\\\/fors.fr\\\/medias\\\/favico_512.png\",\"contentUrl\":\"https:\\\/\\\/fors.fr\\\/medias\\\/favico_512.png\",\"width\":512,\"height\":512,\"caption\":\"Fors\"},\"image\":{\"@id\":\"https:\\\/\\\/fors.fr\\\/en\\\/#\\\/schema\\\/logo\\\/image\\\/\"},\"sameAs\":[\"https:\\\/\\\/www.facebook.com\\\/forsantitheft\\\/\",\"https:\\\/\\\/x.com\\\/fors_france\",\"https:\\\/\\\/www.linkedin.com\\\/company\\\/245351\\\/\",\"https:\\\/\\\/www.youtube.com\\\/user\\\/ForsFrance\\\/\",\"https:\\\/\\\/www.companeo.com\\\/portiques-de-securite\\\/annuaire\\\/fors-france\",\"https:\\\/\\\/www.europages.fr\\\/FORS-FRANCE\\\/FRA310174-000009382001.html\",\"https:\\\/\\\/www.pagesjaunes.fr\\\/pros\\\/07584984\"]}]}<\/script>\n<!-- \/ Yoast SEO plugin. -->","yoast_head_json":{"title":"Boitiers de s\u00e9curit\u00e9: Bo\u00eetier Jeu Playstation 3 | FORS France","description":"Le bo\u00eetier officiel Playstation 3 vous permet de pr\u00e9senter vos jeux PS3 en toute s\u00e9curit\u00e9 et de mani\u00e8re \u00e9l\u00e9gante. Ce bo\u00eetier design laqu\u00e9 noir et transparent mettra vos produits en valeur. Le crochet int\u00e9gr\u00e9 \u00e0\u0085","robots":{"index":"index","follow":"follow","max-snippet":"max-snippet:-1","max-image-preview":"max-image-preview:large","max-video-preview":"max-video-preview:-1"},"canonical":"https:\/\/fors.fr\/en\/safers\/jeu-ps2\/","og_locale":"en_US","og_type":"article","og_title":"Boitiers de s\u00e9curit\u00e9: Bo\u00eetier Jeu Playstation 3 | FORS France","og_description":"Le bo\u00eetier officiel Playstation 3 vous permet de pr\u00e9senter vos jeux PS3 en toute s\u00e9curit\u00e9 et de mani\u00e8re \u00e9l\u00e9gante. Ce bo\u00eetier design laqu\u00e9 noir et transparent mettra vos produits en valeur. Le crochet int\u00e9gr\u00e9 \u00e0\u0085","og_url":"https:\/\/fors.fr\/en\/safers\/jeu-ps2\/","og_site_name":"Fors Anti-Theft","article_publisher":"https:\/\/www.facebook.com\/forsantitheft\/","article_modified_time":"2024-08-08T07:47:02+00:00","og_image":[{"width":2560,"height":2560,"url":"https:\/\/fors.fr\/medias\/PS2_web_3-scaled.jpg","type":"image\/jpeg"}],"twitter_card":"summary_large_image","twitter_site":"@fors_france","schema":{"@context":"https:\/\/schema.org","@graph":[{"@type":"WebPage","@id":"https:\/\/fors.fr\/en\/safers\/jeu-ps2\/","url":"https:\/\/fors.fr\/en\/safers\/jeu-ps2\/","name":"Boitiers de s\u00e9curit\u00e9: Bo\u00eetier Jeu Playstation 3 | FORS France","isPartOf":{"@id":"https:\/\/fors.fr\/en\/#website"},"primaryImageOfPage":{"@id":"https:\/\/fors.fr\/en\/safers\/jeu-ps2\/#primaryimage"},"image":{"@id":"https:\/\/fors.fr\/en\/safers\/jeu-ps2\/#primaryimage"},"thumbnailUrl":"https:\/\/fors.fr\/medias\/PS2_web_3-scaled.jpg","datePublished":"2024-08-04T08:58:39+00:00","dateModified":"2024-08-08T07:47:02+00:00","description":"Le bo\u00eetier officiel Playstation 3 vous permet de pr\u00e9senter vos jeux PS3 en toute s\u00e9curit\u00e9 et de mani\u00e8re \u00e9l\u00e9gante. Ce bo\u00eetier design laqu\u00e9 noir et transparent mettra vos produits en valeur. Le crochet int\u00e9gr\u00e9 \u00e0\u0085","breadcrumb":{"@id":"https:\/\/fors.fr\/en\/safers\/jeu-ps2\/#breadcrumb"},"inLanguage":"en-US","potentialAction":[{"@type":"ReadAction","target":["https:\/\/fors.fr\/en\/safers\/jeu-ps2\/"]}]},{"@type":"ImageObject","inLanguage":"en-US","@id":"https:\/\/fors.fr\/en\/safers\/jeu-ps2\/#primaryimage","url":"https:\/\/fors.fr\/medias\/PS2_web_3-scaled.jpg","contentUrl":"https:\/\/fors.fr\/medias\/PS2_web_3-scaled.jpg","width":2560,"height":2560},{"@type":"BreadcrumbList","@id":"https:\/\/fors.fr\/en\/safers\/jeu-ps2\/#breadcrumb","itemListElement":[{"@type":"ListItem","position":1,"name":"FORS","item":"https:\/\/fors.fr\/en\/"},{"@type":"ListItem","position":2,"name":"Shop","item":"https:\/\/fors.fr\/en\/shop\/"},{"@type":"ListItem","position":3,"name":"Bo\u00eetier antivol jeu PS2 officiel"}]},{"@type":"WebSite","@id":"https:\/\/fors.fr\/en\/#website","url":"https:\/\/fors.fr\/en\/","name":"FORS Anti-Theft","description":"Anti-theft against shoplifting","publisher":{"@id":"https:\/\/fors.fr\/en\/#organization"},"alternateName":"Fors","potentialAction":[{"@type":"SearchAction","target":{"@type":"EntryPoint","urlTemplate":"https:\/\/fors.fr\/en\/?s={search_term_string}"},"query-input":{"@type":"PropertyValueSpecification","valueRequired":true,"valueName":"search_term_string"}}],"inLanguage":"en-US"},{"@type":"Organization","@id":"https:\/\/fors.fr\/en\/#organization","name":"Fors","alternateName":"Fors Anti-Theft","url":"https:\/\/fors.fr\/en\/","logo":{"@type":"ImageObject","inLanguage":"en-US","@id":"https:\/\/fors.fr\/en\/#\/schema\/logo\/image\/","url":"https:\/\/fors.fr\/medias\/favico_512.png","contentUrl":"https:\/\/fors.fr\/medias\/favico_512.png","width":512,"height":512,"caption":"Fors"},"image":{"@id":"https:\/\/fors.fr\/en\/#\/schema\/logo\/image\/"},"sameAs":["https:\/\/www.facebook.com\/forsantitheft\/","https:\/\/x.com\/fors_france","https:\/\/www.linkedin.com\/company\/245351\/","https:\/\/www.youtube.com\/user\/ForsFrance\/","https:\/\/www.companeo.com\/portiques-de-securite\/annuaire\/fors-france","https:\/\/www.europages.fr\/FORS-FRANCE\/FRA310174-000009382001.html","https:\/\/www.pagesjaunes.fr\/pros\/07584984"]}]}},"_links":{"self":[{"href":"https:\/\/fors.fr\/en\/wp-json\/wp\/v2\/product\/13093856","targetHints":{"allow":["GET"]}}],"collection":[{"href":"https:\/\/fors.fr\/en\/wp-json\/wp\/v2\/product"}],"about":[{"href":"https:\/\/fors.fr\/en\/wp-json\/wp\/v2\/types\/product"}],"wp:featuredmedia":[{"embeddable":true,"href":"https:\/\/fors.fr\/en\/wp-json\/wp\/v2\/media\/13135412"}],"wp:attachment":[{"href":"https:\/\/fors.fr\/en\/wp-json\/wp\/v2\/media?parent=13093856"}],"wp:term":[{"taxonomy":"product_brand","embeddable":true,"href":"https:\/\/fors.fr\/en\/wp-json\/wp\/v2\/product_brand?post=13093856"},{"taxonomy":"product_cat","embeddable":true,"href":"https:\/\/fors.fr\/en\/wp-json\/wp\/v2\/product_cat?post=13093856"},{"taxonomy":"product_tag","embeddable":true,"href":"https:\/\/fors.fr\/en\/wp-json\/wp\/v2\/product_tag?post=13093856"}],"curies":[{"name":"wp","href":"https:\/\/api.w.org\/{rel}","templated":true}]}}