{"id":1609544,"date":"2020-05-19T15:06:04","date_gmt":"2020-05-19T13:06:04","guid":{"rendered":"https:\/\/fors.fr\/?post_type=product&#038;p=1609544"},"modified":"2025-07-10T12:04:08","modified_gmt":"2025-07-10T10:04:08","slug":"multi-cd","status":"publish","type":"product","link":"https:\/\/fors.fr\/en\/listening-stations\/multi-cd\/","title":{"rendered":"Borne d&#8217;\u00e9coute Multi (3CDs)"},"content":{"rendered":"<p><strong style=\"color: #009870;\">BORNE D&#8217;\u00c9COUTE MULTI ( 3 CD )<\/strong><\/p>\n<p><span style=\"color: #009870;\">\u2022 <\/span>Ce point d\u2019\u00e9coute est \u00e9quip\u00e9 d\u2019un casque FORS Prestige antivandal.<br \/>\n<span style=\"color: #009870;\">\u2022 <\/span>\u00c9coute de 1 ou 3 CD : promotion du TOP \/ nouveaut\u00e9s du catalogue.<br \/>\n<span style=\"color: #009870;\">\u2022 <\/span>Encombrement minimal.<br \/>\n<span style=\"color: #009870;\">\u2022 <\/span>\u00c9coute limit\u00e9e \u00e0 2 min par morceau.<br \/>\n<span style=\"color: #009870;\">\u2022 <\/span>Simplicit\u00e9 d\u2019utilisation<br \/>\n<span style=\"color: #009870;\">\u2022 <\/span>D\u00e9clenchement imm\u00e9diat de l\u2019\u00e9coute au d\u00e9croch\u00e9 du casque par cellule photo\u00e9lectrique et par simple pression sur la pochette CD.<br \/>\n<span style=\"color: #009870;\">\u2022 <\/span>R\u00e9glage des plages avance \/ recul et r\u00e9glage du son.<br \/>\n<span style=\"color: #009870;\">\u2022 <\/span>Affichage lumineux du num\u00e9ro de plage.<br \/>\n<span style=\"color: #009870;\">\u2022 <\/span>Changement rapide du CD par le personnel du magasin.<br \/>\n<span style=\"color: #009870;\">\u2022 <\/span>Peinture anticorrosion<br \/>\n<span style=\"color: #009870;\">\u2022 <\/span>Boutons et Gaines anti-vandales<br \/>\n<span style=\"color: #009870;\">\u2022 <\/span>Fourni en standard avec Casque Antivandal FORS Prestige (possibilit\u00e9 de mettre une parabole d\u2019\u00e9coute \u00e0 la place (Nous contacter)<br \/>\n<span style=\"color: #009870;\">\u2022 <\/span>Fixation du point d\u2019\u00e9coute par vis (non fournies) directement sur table ou comptoir.<\/p>\n<p><strong style=\"color: #009870;\">R\u00e9f\u00e9rence : PE3CD<\/strong><br \/>\n<strong style=\"color: #009870;\">Vendu \u00e0 l&#8217;unit\u00e9<\/strong><\/p>\n","protected":false},"excerpt":{"rendered":"<p>Borne 3 CDs<br \/>\n(Vendu \u00e0 l&#8217;unit\u00e9)<\/p>\n","protected":false},"featured_media":7662315,"template":"","meta":{"_et_pb_use_builder":"","_et_pb_old_content":"","_et_gb_content_width":""},"product_brand":[],"product_cat":[1393],"product_tag":[],"class_list":{"0":"post-1609544","1":"product","2":"type-product","3":"status-publish","4":"has-post-thumbnail","6":"product_cat-listening-stations","8":"first","9":"instock","10":"taxable","11":"shipping-taxable","12":"purchasable","13":"product-type-simple"},"yoast_head":"<!-- This site is optimized with the Yoast SEO plugin v27.3 - https:\/\/yoast.com\/product\/yoast-seo-wordpress\/ -->\n<title>Points d&#039;\u00e9coute mp3 magasin, biblioth\u00e8que, mus\u00e9e : Borne d&#039;\u00e9coute Snacking MP3 | FORS France<\/title>\n<meta name=\"description\" content=\"Borne d&#039;\u00e9coute MP3 pour magasin, biblioth\u00e8que, m\u00e9diath\u00e8que, mus\u00e9e... Ce point d&#039;\u00e9coute est \u00e9quip\u00e9 d&#039;un casque FORS Prestige antivandal. Fichiers stock\u00e9s sur Carte M\u00e9moire fournie au format MP3...\" \/>\n<meta name=\"robots\" content=\"index, follow, max-snippet:-1, max-image-preview:large, max-video-preview:-1\" \/>\n<link rel=\"canonical\" href=\"https:\/\/fors.fr\/en\/listening-stations\/multi-cd\/\" \/>\n<meta property=\"og:locale\" content=\"en_US\" \/>\n<meta property=\"og:type\" content=\"article\" \/>\n<meta property=\"og:title\" content=\"Points d&#039;\u00e9coute mp3 magasin, biblioth\u00e8que, mus\u00e9e : Borne d&#039;\u00e9coute Snacking MP3 | FORS France\" \/>\n<meta property=\"og:description\" content=\"Borne d&#039;\u00e9coute MP3 pour magasin, biblioth\u00e8que, m\u00e9diath\u00e8que, mus\u00e9e... Ce point d&#039;\u00e9coute est \u00e9quip\u00e9 d&#039;un casque FORS Prestige antivandal. Fichiers stock\u00e9s sur Carte M\u00e9moire fournie au format MP3...\" \/>\n<meta property=\"og:url\" content=\"https:\/\/fors.fr\/en\/listening-stations\/multi-cd\/\" \/>\n<meta property=\"og:site_name\" content=\"Fors Anti-Theft\" \/>\n<meta property=\"article:publisher\" content=\"https:\/\/www.facebook.com\/forsantitheft\/\" \/>\n<meta property=\"article:modified_time\" content=\"2025-07-10T10:04:08+00:00\" \/>\n<meta property=\"og:image\" content=\"https:\/\/fors.fr\/medias\/produits\/bornes-ecoute\/multi\/Borne-CD-Multi.jpg\" \/>\n\t<meta property=\"og:image:width\" content=\"2000\" \/>\n\t<meta property=\"og:image:height\" content=\"2000\" \/>\n\t<meta property=\"og:image:type\" content=\"image\/jpeg\" \/>\n<meta name=\"twitter:card\" content=\"summary_large_image\" \/>\n<meta name=\"twitter:site\" content=\"@fors_france\" \/>\n<meta name=\"twitter:label1\" content=\"Est. reading time\" \/>\n\t<meta name=\"twitter:data1\" content=\"1 minute\" \/>\n<script type=\"application\/ld+json\" class=\"yoast-schema-graph\">{\"@context\":\"https:\\\/\\\/schema.org\",\"@graph\":[{\"@type\":\"WebPage\",\"@id\":\"https:\\\/\\\/fors.fr\\\/en\\\/listening-stations\\\/multi-cd\\\/\",\"url\":\"https:\\\/\\\/fors.fr\\\/en\\\/listening-stations\\\/multi-cd\\\/\",\"name\":\"Points d'\u00e9coute mp3 magasin, biblioth\u00e8que, mus\u00e9e : Borne d'\u00e9coute Snacking MP3 | FORS France\",\"isPartOf\":{\"@id\":\"https:\\\/\\\/fors.fr\\\/en\\\/#website\"},\"primaryImageOfPage\":{\"@id\":\"https:\\\/\\\/fors.fr\\\/en\\\/listening-stations\\\/multi-cd\\\/#primaryimage\"},\"image\":{\"@id\":\"https:\\\/\\\/fors.fr\\\/en\\\/listening-stations\\\/multi-cd\\\/#primaryimage\"},\"thumbnailUrl\":\"https:\\\/\\\/fors.fr\\\/medias\\\/produits\\\/bornes-ecoute\\\/multi\\\/Borne-CD-Multi.jpg\",\"datePublished\":\"2020-05-19T13:06:04+00:00\",\"dateModified\":\"2025-07-10T10:04:08+00:00\",\"description\":\"Borne d'\u00e9coute MP3 pour magasin, biblioth\u00e8que, m\u00e9diath\u00e8que, mus\u00e9e... Ce point d'\u00e9coute est \u00e9quip\u00e9 d'un casque FORS Prestige antivandal. Fichiers stock\u00e9s sur Carte M\u00e9moire fournie au format MP3...\",\"breadcrumb\":{\"@id\":\"https:\\\/\\\/fors.fr\\\/en\\\/listening-stations\\\/multi-cd\\\/#breadcrumb\"},\"inLanguage\":\"en-US\",\"potentialAction\":[{\"@type\":\"ReadAction\",\"target\":[\"https:\\\/\\\/fors.fr\\\/en\\\/listening-stations\\\/multi-cd\\\/\"]}]},{\"@type\":\"ImageObject\",\"inLanguage\":\"en-US\",\"@id\":\"https:\\\/\\\/fors.fr\\\/en\\\/listening-stations\\\/multi-cd\\\/#primaryimage\",\"url\":\"https:\\\/\\\/fors.fr\\\/medias\\\/produits\\\/bornes-ecoute\\\/multi\\\/Borne-CD-Multi.jpg\",\"contentUrl\":\"https:\\\/\\\/fors.fr\\\/medias\\\/produits\\\/bornes-ecoute\\\/multi\\\/Borne-CD-Multi.jpg\",\"width\":2000,\"height\":2000},{\"@type\":\"BreadcrumbList\",\"@id\":\"https:\\\/\\\/fors.fr\\\/en\\\/listening-stations\\\/multi-cd\\\/#breadcrumb\",\"itemListElement\":[{\"@type\":\"ListItem\",\"position\":1,\"name\":\"FORS\",\"item\":\"https:\\\/\\\/fors.fr\\\/en\\\/\"},{\"@type\":\"ListItem\",\"position\":2,\"name\":\"Shop\",\"item\":\"https:\\\/\\\/fors.fr\\\/en\\\/shop\\\/\"},{\"@type\":\"ListItem\",\"position\":3,\"name\":\"Borne d&#8217;\u00e9coute Multi (3CDs)\"}]},{\"@type\":\"WebSite\",\"@id\":\"https:\\\/\\\/fors.fr\\\/en\\\/#website\",\"url\":\"https:\\\/\\\/fors.fr\\\/en\\\/\",\"name\":\"FORS Anti-Theft\",\"description\":\"Anti-theft against shoplifting\",\"publisher\":{\"@id\":\"https:\\\/\\\/fors.fr\\\/en\\\/#organization\"},\"alternateName\":\"Fors\",\"potentialAction\":[{\"@type\":\"SearchAction\",\"target\":{\"@type\":\"EntryPoint\",\"urlTemplate\":\"https:\\\/\\\/fors.fr\\\/en\\\/?s={search_term_string}\"},\"query-input\":{\"@type\":\"PropertyValueSpecification\",\"valueRequired\":true,\"valueName\":\"search_term_string\"}}],\"inLanguage\":\"en-US\"},{\"@type\":\"Organization\",\"@id\":\"https:\\\/\\\/fors.fr\\\/en\\\/#organization\",\"name\":\"Fors\",\"alternateName\":\"Fors Anti-Theft\",\"url\":\"https:\\\/\\\/fors.fr\\\/en\\\/\",\"logo\":{\"@type\":\"ImageObject\",\"inLanguage\":\"en-US\",\"@id\":\"https:\\\/\\\/fors.fr\\\/en\\\/#\\\/schema\\\/logo\\\/image\\\/\",\"url\":\"https:\\\/\\\/fors.fr\\\/medias\\\/favico_512.png\",\"contentUrl\":\"https:\\\/\\\/fors.fr\\\/medias\\\/favico_512.png\",\"width\":512,\"height\":512,\"caption\":\"Fors\"},\"image\":{\"@id\":\"https:\\\/\\\/fors.fr\\\/en\\\/#\\\/schema\\\/logo\\\/image\\\/\"},\"sameAs\":[\"https:\\\/\\\/www.facebook.com\\\/forsantitheft\\\/\",\"https:\\\/\\\/x.com\\\/fors_france\",\"https:\\\/\\\/www.linkedin.com\\\/company\\\/245351\\\/\",\"https:\\\/\\\/www.youtube.com\\\/user\\\/ForsFrance\\\/\",\"https:\\\/\\\/www.companeo.com\\\/portiques-de-securite\\\/annuaire\\\/fors-france\",\"https:\\\/\\\/www.europages.fr\\\/FORS-FRANCE\\\/FRA310174-000009382001.html\",\"https:\\\/\\\/www.pagesjaunes.fr\\\/pros\\\/07584984\"]}]}<\/script>\n<!-- \/ Yoast SEO plugin. -->","yoast_head_json":{"title":"Points d'\u00e9coute mp3 magasin, biblioth\u00e8que, mus\u00e9e : Borne d'\u00e9coute Snacking MP3 | FORS France","description":"Borne d'\u00e9coute MP3 pour magasin, biblioth\u00e8que, m\u00e9diath\u00e8que, mus\u00e9e... Ce point d'\u00e9coute est \u00e9quip\u00e9 d'un casque FORS Prestige antivandal. Fichiers stock\u00e9s sur Carte M\u00e9moire fournie au format MP3...","robots":{"index":"index","follow":"follow","max-snippet":"max-snippet:-1","max-image-preview":"max-image-preview:large","max-video-preview":"max-video-preview:-1"},"canonical":"https:\/\/fors.fr\/en\/listening-stations\/multi-cd\/","og_locale":"en_US","og_type":"article","og_title":"Points d'\u00e9coute mp3 magasin, biblioth\u00e8que, mus\u00e9e : Borne d'\u00e9coute Snacking MP3 | FORS France","og_description":"Borne d'\u00e9coute MP3 pour magasin, biblioth\u00e8que, m\u00e9diath\u00e8que, mus\u00e9e... Ce point d'\u00e9coute est \u00e9quip\u00e9 d'un casque FORS Prestige antivandal. Fichiers stock\u00e9s sur Carte M\u00e9moire fournie au format MP3...","og_url":"https:\/\/fors.fr\/en\/listening-stations\/multi-cd\/","og_site_name":"Fors Anti-Theft","article_publisher":"https:\/\/www.facebook.com\/forsantitheft\/","article_modified_time":"2025-07-10T10:04:08+00:00","og_image":[{"width":2000,"height":2000,"url":"https:\/\/fors.fr\/medias\/produits\/bornes-ecoute\/multi\/Borne-CD-Multi.jpg","type":"image\/jpeg"}],"twitter_card":"summary_large_image","twitter_site":"@fors_france","twitter_misc":{"Est. reading time":"1 minute"},"schema":{"@context":"https:\/\/schema.org","@graph":[{"@type":"WebPage","@id":"https:\/\/fors.fr\/en\/listening-stations\/multi-cd\/","url":"https:\/\/fors.fr\/en\/listening-stations\/multi-cd\/","name":"Points d'\u00e9coute mp3 magasin, biblioth\u00e8que, mus\u00e9e : Borne d'\u00e9coute Snacking MP3 | FORS France","isPartOf":{"@id":"https:\/\/fors.fr\/en\/#website"},"primaryImageOfPage":{"@id":"https:\/\/fors.fr\/en\/listening-stations\/multi-cd\/#primaryimage"},"image":{"@id":"https:\/\/fors.fr\/en\/listening-stations\/multi-cd\/#primaryimage"},"thumbnailUrl":"https:\/\/fors.fr\/medias\/produits\/bornes-ecoute\/multi\/Borne-CD-Multi.jpg","datePublished":"2020-05-19T13:06:04+00:00","dateModified":"2025-07-10T10:04:08+00:00","description":"Borne d'\u00e9coute MP3 pour magasin, biblioth\u00e8que, m\u00e9diath\u00e8que, mus\u00e9e... Ce point d'\u00e9coute est \u00e9quip\u00e9 d'un casque FORS Prestige antivandal. Fichiers stock\u00e9s sur Carte M\u00e9moire fournie au format MP3...","breadcrumb":{"@id":"https:\/\/fors.fr\/en\/listening-stations\/multi-cd\/#breadcrumb"},"inLanguage":"en-US","potentialAction":[{"@type":"ReadAction","target":["https:\/\/fors.fr\/en\/listening-stations\/multi-cd\/"]}]},{"@type":"ImageObject","inLanguage":"en-US","@id":"https:\/\/fors.fr\/en\/listening-stations\/multi-cd\/#primaryimage","url":"https:\/\/fors.fr\/medias\/produits\/bornes-ecoute\/multi\/Borne-CD-Multi.jpg","contentUrl":"https:\/\/fors.fr\/medias\/produits\/bornes-ecoute\/multi\/Borne-CD-Multi.jpg","width":2000,"height":2000},{"@type":"BreadcrumbList","@id":"https:\/\/fors.fr\/en\/listening-stations\/multi-cd\/#breadcrumb","itemListElement":[{"@type":"ListItem","position":1,"name":"FORS","item":"https:\/\/fors.fr\/en\/"},{"@type":"ListItem","position":2,"name":"Shop","item":"https:\/\/fors.fr\/en\/shop\/"},{"@type":"ListItem","position":3,"name":"Borne d&#8217;\u00e9coute Multi (3CDs)"}]},{"@type":"WebSite","@id":"https:\/\/fors.fr\/en\/#website","url":"https:\/\/fors.fr\/en\/","name":"FORS Anti-Theft","description":"Anti-theft against shoplifting","publisher":{"@id":"https:\/\/fors.fr\/en\/#organization"},"alternateName":"Fors","potentialAction":[{"@type":"SearchAction","target":{"@type":"EntryPoint","urlTemplate":"https:\/\/fors.fr\/en\/?s={search_term_string}"},"query-input":{"@type":"PropertyValueSpecification","valueRequired":true,"valueName":"search_term_string"}}],"inLanguage":"en-US"},{"@type":"Organization","@id":"https:\/\/fors.fr\/en\/#organization","name":"Fors","alternateName":"Fors Anti-Theft","url":"https:\/\/fors.fr\/en\/","logo":{"@type":"ImageObject","inLanguage":"en-US","@id":"https:\/\/fors.fr\/en\/#\/schema\/logo\/image\/","url":"https:\/\/fors.fr\/medias\/favico_512.png","contentUrl":"https:\/\/fors.fr\/medias\/favico_512.png","width":512,"height":512,"caption":"Fors"},"image":{"@id":"https:\/\/fors.fr\/en\/#\/schema\/logo\/image\/"},"sameAs":["https:\/\/www.facebook.com\/forsantitheft\/","https:\/\/x.com\/fors_france","https:\/\/www.linkedin.com\/company\/245351\/","https:\/\/www.youtube.com\/user\/ForsFrance\/","https:\/\/www.companeo.com\/portiques-de-securite\/annuaire\/fors-france","https:\/\/www.europages.fr\/FORS-FRANCE\/FRA310174-000009382001.html","https:\/\/www.pagesjaunes.fr\/pros\/07584984"]}]}},"_links":{"self":[{"href":"https:\/\/fors.fr\/en\/wp-json\/wp\/v2\/product\/1609544","targetHints":{"allow":["GET"]}}],"collection":[{"href":"https:\/\/fors.fr\/en\/wp-json\/wp\/v2\/product"}],"about":[{"href":"https:\/\/fors.fr\/en\/wp-json\/wp\/v2\/types\/product"}],"wp:featuredmedia":[{"embeddable":true,"href":"https:\/\/fors.fr\/en\/wp-json\/wp\/v2\/media\/7662315"}],"wp:attachment":[{"href":"https:\/\/fors.fr\/en\/wp-json\/wp\/v2\/media?parent=1609544"}],"wp:term":[{"taxonomy":"product_brand","embeddable":true,"href":"https:\/\/fors.fr\/en\/wp-json\/wp\/v2\/product_brand?post=1609544"},{"taxonomy":"product_cat","embeddable":true,"href":"https:\/\/fors.fr\/en\/wp-json\/wp\/v2\/product_cat?post=1609544"},{"taxonomy":"product_tag","embeddable":true,"href":"https:\/\/fors.fr\/en\/wp-json\/wp\/v2\/product_tag?post=1609544"}],"curies":[{"name":"wp","href":"https:\/\/api.w.org\/{rel}","templated":true}]}}