{"id":1850309,"date":"2020-03-19T19:31:42","date_gmt":"2020-03-19T18:31:42","guid":{"rendered":"https:\/\/fors.fr\/uncategorized\/coque-antivol-lames-rasoir-hygiene-lam04\/"},"modified":"2025-06-24T10:58:35","modified_gmt":"2025-06-24T08:58:35","slug":"lam04","status":"publish","type":"product","link":"https:\/\/fors.fr\/en\/safers\/lam04\/","title":{"rendered":"Bo\u00eetier LAM 04"},"content":{"rendered":"<p class=\"title\"><strong>Bo\u00eetier LAM04\u00a0<\/strong><\/p>\n<p>Le bo\u00eetier Fors\u00a0<strong>LAM04<\/strong>\u00a0est une solution de protection antivol de petite taille qui saura mettre \u00e0 l\u2019abris tout produit s\u2019inscrivant \u00e0 l\u2019int\u00e9rieur :<br \/>\n<strong>Largeur<\/strong> : 97 mm.<br \/>\n<strong>Hauteur<\/strong> : 113 mm.<br \/>\n<strong>Profondeur<\/strong> : 37 mm.<\/p>\n<p class=\"description\">Le LAM 4 vous permet de prot\u00e9ger vos packagings de lames de rasoirs d&#8217;\u00e9paisseur importante. Muni d&#8217;un crochet amovible, son syst\u00e8me d&#8217;ouverture peut-\u00eatre renforc\u00e9 jusqu&#8217;\u00e0 3 points de protection. Il int\u00e8gre \u00e9galement l&#8217;ensemble des \u00e9tiquettes de d\u00e9tection E.A.S du march\u00e9. &#8221; Ce bo\u00eetier a t-il d&#8217;autres applications? En effet, il couvre une bonne partie des packagings de piles existants comme les LR12, LR14 et LR20.<\/p>\n","protected":false},"excerpt":{"rendered":"<p>Petit format, petite profondeur<\/p>\n<p>Dimensions internes (mm)\u00a0:<br \/>\nL 97 x H 113 x P 37<\/p>\n<p>Pack de 24 bo\u00eetiers<\/p>\n","protected":false},"featured_media":821585,"template":"","meta":{"_et_pb_use_builder":"","_et_pb_old_content":"","_et_gb_content_width":""},"product_brand":[],"product_cat":[1394],"product_tag":[],"class_list":{"0":"post-1850309","1":"product","2":"type-product","3":"status-publish","4":"has-post-thumbnail","6":"product_cat-safers","7":"pa_code-boitier-code-410-en","8":"pa_securite-boitiers-1p-en","9":"pa_securite-boitiers-3p-en","11":"first","12":"instock","13":"taxable","14":"shipping-taxable","15":"purchasable","16":"product-type-variable"},"yoast_head":"<!-- This site is optimized with the Yoast SEO plugin v27.4 - https:\/\/yoast.com\/product\/yoast-seo-wordpress\/ -->\n<title>Boitiers de s\u00e9curit\u00e9 - Boitiers de s\u00e9curit\u00e9 : Bo\u00eetier LAM04 | FORS France<\/title>\n<meta name=\"description\" content=\"Bo\u00eetier LAM04\" \/>\n<meta name=\"robots\" content=\"index, follow, max-snippet:-1, max-image-preview:large, max-video-preview:-1\" \/>\n<link rel=\"canonical\" href=\"https:\/\/fors.fr\/en\/safers\/lam04\/\" \/>\n<meta property=\"og:locale\" content=\"en_US\" \/>\n<meta property=\"og:type\" content=\"article\" \/>\n<meta property=\"og:title\" content=\"Boitiers de s\u00e9curit\u00e9 - Boitiers de s\u00e9curit\u00e9 : Bo\u00eetier LAM04 | FORS France\" \/>\n<meta property=\"og:description\" content=\"Bo\u00eetier LAM04\" \/>\n<meta property=\"og:url\" content=\"https:\/\/fors.fr\/en\/safers\/lam04\/\" \/>\n<meta property=\"og:site_name\" content=\"Fors Anti-Theft\" \/>\n<meta property=\"article:publisher\" content=\"https:\/\/www.facebook.com\/forsantitheft\/\" \/>\n<meta property=\"article:modified_time\" content=\"2025-06-24T08:58:35+00:00\" \/>\n<meta property=\"og:image\" content=\"https:\/\/fors.fr\/medias\/WooCommerce_Produits\/Boitiers_Antivol\/LAM04.jpg\" \/>\n\t<meta property=\"og:image:width\" content=\"600\" \/>\n\t<meta property=\"og:image:height\" content=\"600\" \/>\n\t<meta property=\"og:image:type\" content=\"image\/jpeg\" \/>\n<meta name=\"twitter:card\" content=\"summary_large_image\" \/>\n<meta name=\"twitter:site\" content=\"@fors_france\" \/>\n<meta name=\"twitter:label1\" content=\"Est. reading time\" \/>\n\t<meta name=\"twitter:data1\" content=\"1 minute\" \/>\n<script type=\"application\/ld+json\" class=\"yoast-schema-graph\">{\"@context\":\"https:\\\/\\\/schema.org\",\"@graph\":[{\"@type\":\"WebPage\",\"@id\":\"https:\\\/\\\/fors.fr\\\/en\\\/safers\\\/lam04\\\/\",\"url\":\"https:\\\/\\\/fors.fr\\\/en\\\/safers\\\/lam04\\\/\",\"name\":\"Boitiers de s\u00e9curit\u00e9 - Boitiers de s\u00e9curit\u00e9 : Bo\u00eetier LAM04 | FORS France\",\"isPartOf\":{\"@id\":\"https:\\\/\\\/fors.fr\\\/en\\\/#website\"},\"primaryImageOfPage\":{\"@id\":\"https:\\\/\\\/fors.fr\\\/en\\\/safers\\\/lam04\\\/#primaryimage\"},\"image\":{\"@id\":\"https:\\\/\\\/fors.fr\\\/en\\\/safers\\\/lam04\\\/#primaryimage\"},\"thumbnailUrl\":\"https:\\\/\\\/fors.fr\\\/medias\\\/WooCommerce_Produits\\\/Boitiers_Antivol\\\/LAM04.jpg\",\"datePublished\":\"2020-03-19T18:31:42+00:00\",\"dateModified\":\"2025-06-24T08:58:35+00:00\",\"description\":\"Bo\u00eetier LAM04\",\"breadcrumb\":{\"@id\":\"https:\\\/\\\/fors.fr\\\/en\\\/safers\\\/lam04\\\/#breadcrumb\"},\"inLanguage\":\"en-US\",\"potentialAction\":[{\"@type\":\"ReadAction\",\"target\":[\"https:\\\/\\\/fors.fr\\\/en\\\/safers\\\/lam04\\\/\"]}]},{\"@type\":\"ImageObject\",\"inLanguage\":\"en-US\",\"@id\":\"https:\\\/\\\/fors.fr\\\/en\\\/safers\\\/lam04\\\/#primaryimage\",\"url\":\"https:\\\/\\\/fors.fr\\\/medias\\\/WooCommerce_Produits\\\/Boitiers_Antivol\\\/LAM04.jpg\",\"contentUrl\":\"https:\\\/\\\/fors.fr\\\/medias\\\/WooCommerce_Produits\\\/Boitiers_Antivol\\\/LAM04.jpg\",\"width\":600,\"height\":600},{\"@type\":\"BreadcrumbList\",\"@id\":\"https:\\\/\\\/fors.fr\\\/en\\\/safers\\\/lam04\\\/#breadcrumb\",\"itemListElement\":[{\"@type\":\"ListItem\",\"position\":1,\"name\":\"FORS\",\"item\":\"https:\\\/\\\/fors.fr\\\/en\\\/\"},{\"@type\":\"ListItem\",\"position\":2,\"name\":\"Shop\",\"item\":\"https:\\\/\\\/fors.fr\\\/en\\\/shop\\\/\"},{\"@type\":\"ListItem\",\"position\":3,\"name\":\"Bo\u00eetier LAM 04\"}]},{\"@type\":\"WebSite\",\"@id\":\"https:\\\/\\\/fors.fr\\\/en\\\/#website\",\"url\":\"https:\\\/\\\/fors.fr\\\/en\\\/\",\"name\":\"FORS Anti-Theft\",\"description\":\"Anti-theft against shoplifting\",\"publisher\":{\"@id\":\"https:\\\/\\\/fors.fr\\\/en\\\/#organization\"},\"alternateName\":\"Fors\",\"potentialAction\":[{\"@type\":\"SearchAction\",\"target\":{\"@type\":\"EntryPoint\",\"urlTemplate\":\"https:\\\/\\\/fors.fr\\\/en\\\/?s={search_term_string}\"},\"query-input\":{\"@type\":\"PropertyValueSpecification\",\"valueRequired\":true,\"valueName\":\"search_term_string\"}}],\"inLanguage\":\"en-US\"},{\"@type\":\"Organization\",\"@id\":\"https:\\\/\\\/fors.fr\\\/en\\\/#organization\",\"name\":\"Fors\",\"alternateName\":\"Fors Anti-Theft\",\"url\":\"https:\\\/\\\/fors.fr\\\/en\\\/\",\"logo\":{\"@type\":\"ImageObject\",\"inLanguage\":\"en-US\",\"@id\":\"https:\\\/\\\/fors.fr\\\/en\\\/#\\\/schema\\\/logo\\\/image\\\/\",\"url\":\"https:\\\/\\\/fors.fr\\\/medias\\\/favico_512.png\",\"contentUrl\":\"https:\\\/\\\/fors.fr\\\/medias\\\/favico_512.png\",\"width\":512,\"height\":512,\"caption\":\"Fors\"},\"image\":{\"@id\":\"https:\\\/\\\/fors.fr\\\/en\\\/#\\\/schema\\\/logo\\\/image\\\/\"},\"sameAs\":[\"https:\\\/\\\/www.facebook.com\\\/forsantitheft\\\/\",\"https:\\\/\\\/x.com\\\/fors_france\",\"https:\\\/\\\/www.linkedin.com\\\/company\\\/245351\\\/\",\"https:\\\/\\\/www.youtube.com\\\/user\\\/ForsFrance\\\/\",\"https:\\\/\\\/www.companeo.com\\\/portiques-de-securite\\\/annuaire\\\/fors-france\",\"https:\\\/\\\/www.europages.fr\\\/FORS-FRANCE\\\/FRA310174-000009382001.html\",\"https:\\\/\\\/www.pagesjaunes.fr\\\/pros\\\/07584984\"]}]}<\/script>\n<!-- \/ Yoast SEO plugin. -->","yoast_head_json":{"title":"Boitiers de s\u00e9curit\u00e9 - Boitiers de s\u00e9curit\u00e9 : Bo\u00eetier LAM04 | FORS France","description":"Bo\u00eetier LAM04","robots":{"index":"index","follow":"follow","max-snippet":"max-snippet:-1","max-image-preview":"max-image-preview:large","max-video-preview":"max-video-preview:-1"},"canonical":"https:\/\/fors.fr\/en\/safers\/lam04\/","og_locale":"en_US","og_type":"article","og_title":"Boitiers de s\u00e9curit\u00e9 - Boitiers de s\u00e9curit\u00e9 : Bo\u00eetier LAM04 | FORS France","og_description":"Bo\u00eetier LAM04","og_url":"https:\/\/fors.fr\/en\/safers\/lam04\/","og_site_name":"Fors Anti-Theft","article_publisher":"https:\/\/www.facebook.com\/forsantitheft\/","article_modified_time":"2025-06-24T08:58:35+00:00","og_image":[{"width":600,"height":600,"url":"https:\/\/fors.fr\/medias\/WooCommerce_Produits\/Boitiers_Antivol\/LAM04.jpg","type":"image\/jpeg"}],"twitter_card":"summary_large_image","twitter_site":"@fors_france","twitter_misc":{"Est. reading time":"1 minute"},"schema":{"@context":"https:\/\/schema.org","@graph":[{"@type":"WebPage","@id":"https:\/\/fors.fr\/en\/safers\/lam04\/","url":"https:\/\/fors.fr\/en\/safers\/lam04\/","name":"Boitiers de s\u00e9curit\u00e9 - Boitiers de s\u00e9curit\u00e9 : Bo\u00eetier LAM04 | FORS France","isPartOf":{"@id":"https:\/\/fors.fr\/en\/#website"},"primaryImageOfPage":{"@id":"https:\/\/fors.fr\/en\/safers\/lam04\/#primaryimage"},"image":{"@id":"https:\/\/fors.fr\/en\/safers\/lam04\/#primaryimage"},"thumbnailUrl":"https:\/\/fors.fr\/medias\/WooCommerce_Produits\/Boitiers_Antivol\/LAM04.jpg","datePublished":"2020-03-19T18:31:42+00:00","dateModified":"2025-06-24T08:58:35+00:00","description":"Bo\u00eetier LAM04","breadcrumb":{"@id":"https:\/\/fors.fr\/en\/safers\/lam04\/#breadcrumb"},"inLanguage":"en-US","potentialAction":[{"@type":"ReadAction","target":["https:\/\/fors.fr\/en\/safers\/lam04\/"]}]},{"@type":"ImageObject","inLanguage":"en-US","@id":"https:\/\/fors.fr\/en\/safers\/lam04\/#primaryimage","url":"https:\/\/fors.fr\/medias\/WooCommerce_Produits\/Boitiers_Antivol\/LAM04.jpg","contentUrl":"https:\/\/fors.fr\/medias\/WooCommerce_Produits\/Boitiers_Antivol\/LAM04.jpg","width":600,"height":600},{"@type":"BreadcrumbList","@id":"https:\/\/fors.fr\/en\/safers\/lam04\/#breadcrumb","itemListElement":[{"@type":"ListItem","position":1,"name":"FORS","item":"https:\/\/fors.fr\/en\/"},{"@type":"ListItem","position":2,"name":"Shop","item":"https:\/\/fors.fr\/en\/shop\/"},{"@type":"ListItem","position":3,"name":"Bo\u00eetier LAM 04"}]},{"@type":"WebSite","@id":"https:\/\/fors.fr\/en\/#website","url":"https:\/\/fors.fr\/en\/","name":"FORS Anti-Theft","description":"Anti-theft against shoplifting","publisher":{"@id":"https:\/\/fors.fr\/en\/#organization"},"alternateName":"Fors","potentialAction":[{"@type":"SearchAction","target":{"@type":"EntryPoint","urlTemplate":"https:\/\/fors.fr\/en\/?s={search_term_string}"},"query-input":{"@type":"PropertyValueSpecification","valueRequired":true,"valueName":"search_term_string"}}],"inLanguage":"en-US"},{"@type":"Organization","@id":"https:\/\/fors.fr\/en\/#organization","name":"Fors","alternateName":"Fors Anti-Theft","url":"https:\/\/fors.fr\/en\/","logo":{"@type":"ImageObject","inLanguage":"en-US","@id":"https:\/\/fors.fr\/en\/#\/schema\/logo\/image\/","url":"https:\/\/fors.fr\/medias\/favico_512.png","contentUrl":"https:\/\/fors.fr\/medias\/favico_512.png","width":512,"height":512,"caption":"Fors"},"image":{"@id":"https:\/\/fors.fr\/en\/#\/schema\/logo\/image\/"},"sameAs":["https:\/\/www.facebook.com\/forsantitheft\/","https:\/\/x.com\/fors_france","https:\/\/www.linkedin.com\/company\/245351\/","https:\/\/www.youtube.com\/user\/ForsFrance\/","https:\/\/www.companeo.com\/portiques-de-securite\/annuaire\/fors-france","https:\/\/www.europages.fr\/FORS-FRANCE\/FRA310174-000009382001.html","https:\/\/www.pagesjaunes.fr\/pros\/07584984"]}]}},"_links":{"self":[{"href":"https:\/\/fors.fr\/en\/wp-json\/wp\/v2\/product\/1850309","targetHints":{"allow":["GET"]}}],"collection":[{"href":"https:\/\/fors.fr\/en\/wp-json\/wp\/v2\/product"}],"about":[{"href":"https:\/\/fors.fr\/en\/wp-json\/wp\/v2\/types\/product"}],"wp:featuredmedia":[{"embeddable":true,"href":"https:\/\/fors.fr\/en\/wp-json\/wp\/v2\/media\/821585"}],"wp:attachment":[{"href":"https:\/\/fors.fr\/en\/wp-json\/wp\/v2\/media?parent=1850309"}],"wp:term":[{"taxonomy":"product_brand","embeddable":true,"href":"https:\/\/fors.fr\/en\/wp-json\/wp\/v2\/product_brand?post=1850309"},{"taxonomy":"product_cat","embeddable":true,"href":"https:\/\/fors.fr\/en\/wp-json\/wp\/v2\/product_cat?post=1850309"},{"taxonomy":"product_tag","embeddable":true,"href":"https:\/\/fors.fr\/en\/wp-json\/wp\/v2\/product_tag?post=1850309"}],"curies":[{"name":"wp","href":"https:\/\/api.w.org\/{rel}","templated":true}]}}