{"id":1850602,"date":"2019-12-05T16:26:42","date_gmt":"2019-12-05T15:26:42","guid":{"rendered":"https:\/\/fors.fr\/uncategorized\/coque-antivol-cosmetiques-boitier-cos-1-ac\/"},"modified":"2019-12-05T16:26:42","modified_gmt":"2019-12-05T15:26:42","slug":"coque-antivol-cosmetiques-boitier-cos-1-ac","status":"publish","type":"product","link":"https:\/\/fors.fr\/en\/safers\/coque-antivol-cosmetiques-boitier-cos-1-ac\/","title":{"rendered":"Bo\u00eetier r\u00e9glable COS 1"},"content":{"rendered":"<p class=\"title\"><b>Bo\u00eetier r\u00e9glable COS 1\u00a0<\/b><\/p>\n<p>Le bo\u00eetier Fors <strong>COS 1<\/strong> est une solution de protection antivol de petite taille qui saura mettre \u00e0 l\u2019abris vos cosm\u00e9tiques ainsi que tout produit s\u2019inscrivant \u00e0 l\u2019int\u00e9rieur :<br \/>\n<strong>Base<\/strong> : 45 x 21 mm.<br \/>\n<strong>Hauteur<\/strong> : 95 mm \u00e0 160 mm.<\/p>\n<p class=\"description\">Fabriqu\u00e9 en polycarbonate Lexan, plastique ultra r\u00e9sistant et enti\u00e8rement transparent, ce boitier anti-vol assure la parfaite visibilit\u00e9 du produit. Totalement ferm\u00e9 il assure une parfaite protection des produits. Il int\u00e8gre les technologies E.A.S du march\u00e9 (AM et\/ou RF) et est <strong>\u00e9quip\u00e9 d\u2019un point de protection.<\/strong><\/p>\n<p class=\"description\">Le bo\u00eetier <strong>COS 1<\/strong> est plus fin que le bo\u00eetier COS 2 et permet donc d&#8217;optimiser vos lin\u00e9aires de cosm\u00e9tiques.<\/p>\n<p class=\"description\">\n","protected":false},"excerpt":{"rendered":"<p>Petit boitier Cosm\u00e9tiques blister<\/p>\n<p>Dimensions internes (mm) :<br \/>\n45 x 21 x H 95 \u00e0 160<\/p>\n<p>Pack de 70 bo\u00eetiers<\/p>\n","protected":false},"featured_media":897814,"template":"","meta":{"_et_pb_use_builder":"","_et_pb_old_content":"","_et_gb_content_width":""},"product_brand":[],"product_cat":[1394],"product_tag":[],"class_list":{"0":"post-1850602","1":"product","2":"type-product","3":"status-publish","4":"has-post-thumbnail","6":"product_cat-safers","7":"pa_code-boitier-code-451-en","8":"pa_securite-accessoires-normallock-en","9":"pa_securite-accessoires-superlock-en","11":"first","12":"instock","13":"taxable","14":"shipping-taxable","15":"purchasable","16":"product-type-variable"},"yoast_head":"<!-- This site is optimized with the Yoast SEO plugin v27.4 - https:\/\/yoast.com\/product\/yoast-seo-wordpress\/ -->\n<title>Boitiers de s\u00e9curit\u00e9 - Cosm\u00e9tiques : Bo\u00eetier COS 1 | FORS France<\/title>\n<meta name=\"description\" content=\"Le bo\u00eetier COS 1 vous permet de prot\u00e9ger les produits cosm\u00e9tiques de petites tailles.Gr\u00e2ce \u00e0 son astucieux syst\u00e8me de cr\u00e9maill\u00e8re, vous pouvez moduler \u00e0 loisir la hauteur du bo\u00eetier et vous adaptez au mieux a\u0085\" \/>\n<meta name=\"robots\" content=\"index, follow, max-snippet:-1, max-image-preview:large, max-video-preview:-1\" \/>\n<link rel=\"canonical\" href=\"https:\/\/fors.fr\/en\/safers\/coque-antivol-cosmetiques-boitier-cos-1-ac\/\" \/>\n<meta property=\"og:locale\" content=\"en_US\" \/>\n<meta property=\"og:type\" content=\"article\" \/>\n<meta property=\"og:title\" content=\"Boitiers de s\u00e9curit\u00e9 - Cosm\u00e9tiques : Bo\u00eetier COS 1 | FORS France\" \/>\n<meta property=\"og:description\" content=\"Le bo\u00eetier COS 1 vous permet de prot\u00e9ger les produits cosm\u00e9tiques de petites tailles.Gr\u00e2ce \u00e0 son astucieux syst\u00e8me de cr\u00e9maill\u00e8re, vous pouvez moduler \u00e0 loisir la hauteur du bo\u00eetier et vous adaptez au mieux a\u0085\" \/>\n<meta property=\"og:url\" content=\"https:\/\/fors.fr\/en\/safers\/coque-antivol-cosmetiques-boitier-cos-1-ac\/\" \/>\n<meta property=\"og:site_name\" content=\"Fors Anti-Theft\" \/>\n<meta property=\"article:publisher\" content=\"https:\/\/www.facebook.com\/forsantitheft\/\" \/>\n<meta property=\"og:image\" content=\"https:\/\/fors.fr\/medias\/WooCommerce_Produits\/Boitiers_Antivol\/cos1.jpg\" \/>\n\t<meta property=\"og:image:width\" content=\"600\" \/>\n\t<meta property=\"og:image:height\" content=\"600\" \/>\n\t<meta property=\"og:image:type\" content=\"image\/jpeg\" \/>\n<meta name=\"twitter:card\" content=\"summary_large_image\" \/>\n<meta name=\"twitter:site\" content=\"@fors_france\" \/>\n<meta name=\"twitter:label1\" content=\"Est. reading time\" \/>\n\t<meta name=\"twitter:data1\" content=\"1 minute\" \/>\n<script type=\"application\/ld+json\" class=\"yoast-schema-graph\">{\"@context\":\"https:\\\/\\\/schema.org\",\"@graph\":[{\"@type\":\"WebPage\",\"@id\":\"https:\\\/\\\/fors.fr\\\/en\\\/safers\\\/coque-antivol-cosmetiques-boitier-cos-1-ac\\\/\",\"url\":\"https:\\\/\\\/fors.fr\\\/en\\\/safers\\\/coque-antivol-cosmetiques-boitier-cos-1-ac\\\/\",\"name\":\"Boitiers de s\u00e9curit\u00e9 - Cosm\u00e9tiques : Bo\u00eetier COS 1 | FORS France\",\"isPartOf\":{\"@id\":\"https:\\\/\\\/fors.fr\\\/en\\\/#website\"},\"primaryImageOfPage\":{\"@id\":\"https:\\\/\\\/fors.fr\\\/en\\\/safers\\\/coque-antivol-cosmetiques-boitier-cos-1-ac\\\/#primaryimage\"},\"image\":{\"@id\":\"https:\\\/\\\/fors.fr\\\/en\\\/safers\\\/coque-antivol-cosmetiques-boitier-cos-1-ac\\\/#primaryimage\"},\"thumbnailUrl\":\"https:\\\/\\\/fors.fr\\\/medias\\\/WooCommerce_Produits\\\/Boitiers_Antivol\\\/cos1.jpg\",\"datePublished\":\"2019-12-05T15:26:42+00:00\",\"description\":\"Le bo\u00eetier COS 1 vous permet de prot\u00e9ger les produits cosm\u00e9tiques de petites tailles.Gr\u00e2ce \u00e0 son astucieux syst\u00e8me de cr\u00e9maill\u00e8re, vous pouvez moduler \u00e0 loisir la hauteur du bo\u00eetier et vous adaptez au mieux a\u0085\",\"breadcrumb\":{\"@id\":\"https:\\\/\\\/fors.fr\\\/en\\\/safers\\\/coque-antivol-cosmetiques-boitier-cos-1-ac\\\/#breadcrumb\"},\"inLanguage\":\"en-US\",\"potentialAction\":[{\"@type\":\"ReadAction\",\"target\":[\"https:\\\/\\\/fors.fr\\\/en\\\/safers\\\/coque-antivol-cosmetiques-boitier-cos-1-ac\\\/\"]}]},{\"@type\":\"ImageObject\",\"inLanguage\":\"en-US\",\"@id\":\"https:\\\/\\\/fors.fr\\\/en\\\/safers\\\/coque-antivol-cosmetiques-boitier-cos-1-ac\\\/#primaryimage\",\"url\":\"https:\\\/\\\/fors.fr\\\/medias\\\/WooCommerce_Produits\\\/Boitiers_Antivol\\\/cos1.jpg\",\"contentUrl\":\"https:\\\/\\\/fors.fr\\\/medias\\\/WooCommerce_Produits\\\/Boitiers_Antivol\\\/cos1.jpg\",\"width\":600,\"height\":600},{\"@type\":\"BreadcrumbList\",\"@id\":\"https:\\\/\\\/fors.fr\\\/en\\\/safers\\\/coque-antivol-cosmetiques-boitier-cos-1-ac\\\/#breadcrumb\",\"itemListElement\":[{\"@type\":\"ListItem\",\"position\":1,\"name\":\"FORS\",\"item\":\"https:\\\/\\\/fors.fr\\\/en\\\/\"},{\"@type\":\"ListItem\",\"position\":2,\"name\":\"Shop\",\"item\":\"https:\\\/\\\/fors.fr\\\/en\\\/shop\\\/\"},{\"@type\":\"ListItem\",\"position\":3,\"name\":\"Bo\u00eetier r\u00e9glable COS 1\"}]},{\"@type\":\"WebSite\",\"@id\":\"https:\\\/\\\/fors.fr\\\/en\\\/#website\",\"url\":\"https:\\\/\\\/fors.fr\\\/en\\\/\",\"name\":\"FORS Anti-Theft\",\"description\":\"Anti-theft against shoplifting\",\"publisher\":{\"@id\":\"https:\\\/\\\/fors.fr\\\/en\\\/#organization\"},\"alternateName\":\"Fors\",\"potentialAction\":[{\"@type\":\"SearchAction\",\"target\":{\"@type\":\"EntryPoint\",\"urlTemplate\":\"https:\\\/\\\/fors.fr\\\/en\\\/?s={search_term_string}\"},\"query-input\":{\"@type\":\"PropertyValueSpecification\",\"valueRequired\":true,\"valueName\":\"search_term_string\"}}],\"inLanguage\":\"en-US\"},{\"@type\":\"Organization\",\"@id\":\"https:\\\/\\\/fors.fr\\\/en\\\/#organization\",\"name\":\"Fors\",\"alternateName\":\"Fors Anti-Theft\",\"url\":\"https:\\\/\\\/fors.fr\\\/en\\\/\",\"logo\":{\"@type\":\"ImageObject\",\"inLanguage\":\"en-US\",\"@id\":\"https:\\\/\\\/fors.fr\\\/en\\\/#\\\/schema\\\/logo\\\/image\\\/\",\"url\":\"https:\\\/\\\/fors.fr\\\/medias\\\/favico_512.png\",\"contentUrl\":\"https:\\\/\\\/fors.fr\\\/medias\\\/favico_512.png\",\"width\":512,\"height\":512,\"caption\":\"Fors\"},\"image\":{\"@id\":\"https:\\\/\\\/fors.fr\\\/en\\\/#\\\/schema\\\/logo\\\/image\\\/\"},\"sameAs\":[\"https:\\\/\\\/www.facebook.com\\\/forsantitheft\\\/\",\"https:\\\/\\\/x.com\\\/fors_france\",\"https:\\\/\\\/www.linkedin.com\\\/company\\\/245351\\\/\",\"https:\\\/\\\/www.youtube.com\\\/user\\\/ForsFrance\\\/\",\"https:\\\/\\\/www.companeo.com\\\/portiques-de-securite\\\/annuaire\\\/fors-france\",\"https:\\\/\\\/www.europages.fr\\\/FORS-FRANCE\\\/FRA310174-000009382001.html\",\"https:\\\/\\\/www.pagesjaunes.fr\\\/pros\\\/07584984\"]}]}<\/script>\n<!-- \/ Yoast SEO plugin. -->","yoast_head_json":{"title":"Boitiers de s\u00e9curit\u00e9 - Cosm\u00e9tiques : Bo\u00eetier COS 1 | FORS France","description":"Le bo\u00eetier COS 1 vous permet de prot\u00e9ger les produits cosm\u00e9tiques de petites tailles.Gr\u00e2ce \u00e0 son astucieux syst\u00e8me de cr\u00e9maill\u00e8re, vous pouvez moduler \u00e0 loisir la hauteur du bo\u00eetier et vous adaptez au mieux a\u0085","robots":{"index":"index","follow":"follow","max-snippet":"max-snippet:-1","max-image-preview":"max-image-preview:large","max-video-preview":"max-video-preview:-1"},"canonical":"https:\/\/fors.fr\/en\/safers\/coque-antivol-cosmetiques-boitier-cos-1-ac\/","og_locale":"en_US","og_type":"article","og_title":"Boitiers de s\u00e9curit\u00e9 - Cosm\u00e9tiques : Bo\u00eetier COS 1 | FORS France","og_description":"Le bo\u00eetier COS 1 vous permet de prot\u00e9ger les produits cosm\u00e9tiques de petites tailles.Gr\u00e2ce \u00e0 son astucieux syst\u00e8me de cr\u00e9maill\u00e8re, vous pouvez moduler \u00e0 loisir la hauteur du bo\u00eetier et vous adaptez au mieux a\u0085","og_url":"https:\/\/fors.fr\/en\/safers\/coque-antivol-cosmetiques-boitier-cos-1-ac\/","og_site_name":"Fors Anti-Theft","article_publisher":"https:\/\/www.facebook.com\/forsantitheft\/","og_image":[{"width":600,"height":600,"url":"https:\/\/fors.fr\/medias\/WooCommerce_Produits\/Boitiers_Antivol\/cos1.jpg","type":"image\/jpeg"}],"twitter_card":"summary_large_image","twitter_site":"@fors_france","twitter_misc":{"Est. reading time":"1 minute"},"schema":{"@context":"https:\/\/schema.org","@graph":[{"@type":"WebPage","@id":"https:\/\/fors.fr\/en\/safers\/coque-antivol-cosmetiques-boitier-cos-1-ac\/","url":"https:\/\/fors.fr\/en\/safers\/coque-antivol-cosmetiques-boitier-cos-1-ac\/","name":"Boitiers de s\u00e9curit\u00e9 - Cosm\u00e9tiques : Bo\u00eetier COS 1 | FORS France","isPartOf":{"@id":"https:\/\/fors.fr\/en\/#website"},"primaryImageOfPage":{"@id":"https:\/\/fors.fr\/en\/safers\/coque-antivol-cosmetiques-boitier-cos-1-ac\/#primaryimage"},"image":{"@id":"https:\/\/fors.fr\/en\/safers\/coque-antivol-cosmetiques-boitier-cos-1-ac\/#primaryimage"},"thumbnailUrl":"https:\/\/fors.fr\/medias\/WooCommerce_Produits\/Boitiers_Antivol\/cos1.jpg","datePublished":"2019-12-05T15:26:42+00:00","description":"Le bo\u00eetier COS 1 vous permet de prot\u00e9ger les produits cosm\u00e9tiques de petites tailles.Gr\u00e2ce \u00e0 son astucieux syst\u00e8me de cr\u00e9maill\u00e8re, vous pouvez moduler \u00e0 loisir la hauteur du bo\u00eetier et vous adaptez au mieux a\u0085","breadcrumb":{"@id":"https:\/\/fors.fr\/en\/safers\/coque-antivol-cosmetiques-boitier-cos-1-ac\/#breadcrumb"},"inLanguage":"en-US","potentialAction":[{"@type":"ReadAction","target":["https:\/\/fors.fr\/en\/safers\/coque-antivol-cosmetiques-boitier-cos-1-ac\/"]}]},{"@type":"ImageObject","inLanguage":"en-US","@id":"https:\/\/fors.fr\/en\/safers\/coque-antivol-cosmetiques-boitier-cos-1-ac\/#primaryimage","url":"https:\/\/fors.fr\/medias\/WooCommerce_Produits\/Boitiers_Antivol\/cos1.jpg","contentUrl":"https:\/\/fors.fr\/medias\/WooCommerce_Produits\/Boitiers_Antivol\/cos1.jpg","width":600,"height":600},{"@type":"BreadcrumbList","@id":"https:\/\/fors.fr\/en\/safers\/coque-antivol-cosmetiques-boitier-cos-1-ac\/#breadcrumb","itemListElement":[{"@type":"ListItem","position":1,"name":"FORS","item":"https:\/\/fors.fr\/en\/"},{"@type":"ListItem","position":2,"name":"Shop","item":"https:\/\/fors.fr\/en\/shop\/"},{"@type":"ListItem","position":3,"name":"Bo\u00eetier r\u00e9glable COS 1"}]},{"@type":"WebSite","@id":"https:\/\/fors.fr\/en\/#website","url":"https:\/\/fors.fr\/en\/","name":"FORS Anti-Theft","description":"Anti-theft against shoplifting","publisher":{"@id":"https:\/\/fors.fr\/en\/#organization"},"alternateName":"Fors","potentialAction":[{"@type":"SearchAction","target":{"@type":"EntryPoint","urlTemplate":"https:\/\/fors.fr\/en\/?s={search_term_string}"},"query-input":{"@type":"PropertyValueSpecification","valueRequired":true,"valueName":"search_term_string"}}],"inLanguage":"en-US"},{"@type":"Organization","@id":"https:\/\/fors.fr\/en\/#organization","name":"Fors","alternateName":"Fors Anti-Theft","url":"https:\/\/fors.fr\/en\/","logo":{"@type":"ImageObject","inLanguage":"en-US","@id":"https:\/\/fors.fr\/en\/#\/schema\/logo\/image\/","url":"https:\/\/fors.fr\/medias\/favico_512.png","contentUrl":"https:\/\/fors.fr\/medias\/favico_512.png","width":512,"height":512,"caption":"Fors"},"image":{"@id":"https:\/\/fors.fr\/en\/#\/schema\/logo\/image\/"},"sameAs":["https:\/\/www.facebook.com\/forsantitheft\/","https:\/\/x.com\/fors_france","https:\/\/www.linkedin.com\/company\/245351\/","https:\/\/www.youtube.com\/user\/ForsFrance\/","https:\/\/www.companeo.com\/portiques-de-securite\/annuaire\/fors-france","https:\/\/www.europages.fr\/FORS-FRANCE\/FRA310174-000009382001.html","https:\/\/www.pagesjaunes.fr\/pros\/07584984"]}]}},"_links":{"self":[{"href":"https:\/\/fors.fr\/en\/wp-json\/wp\/v2\/product\/1850602","targetHints":{"allow":["GET"]}}],"collection":[{"href":"https:\/\/fors.fr\/en\/wp-json\/wp\/v2\/product"}],"about":[{"href":"https:\/\/fors.fr\/en\/wp-json\/wp\/v2\/types\/product"}],"wp:featuredmedia":[{"embeddable":true,"href":"https:\/\/fors.fr\/en\/wp-json\/wp\/v2\/media\/897814"}],"wp:attachment":[{"href":"https:\/\/fors.fr\/en\/wp-json\/wp\/v2\/media?parent=1850602"}],"wp:term":[{"taxonomy":"product_brand","embeddable":true,"href":"https:\/\/fors.fr\/en\/wp-json\/wp\/v2\/product_brand?post=1850602"},{"taxonomy":"product_cat","embeddable":true,"href":"https:\/\/fors.fr\/en\/wp-json\/wp\/v2\/product_cat?post=1850602"},{"taxonomy":"product_tag","embeddable":true,"href":"https:\/\/fors.fr\/en\/wp-json\/wp\/v2\/product_tag?post=1850602"}],"curies":[{"name":"wp","href":"https:\/\/api.w.org\/{rel}","templated":true}]}}