{"id":1850767,"date":"2019-12-05T16:26:39","date_gmt":"2019-12-05T15:26:39","guid":{"rendered":"https:\/\/fors.fr\/uncategorized\/coque-antivol-boitier-volt-ac\/"},"modified":"2024-10-17T11:08:00","modified_gmt":"2024-10-17T09:08:00","slug":"boitier-volt","status":"publish","type":"product","link":"https:\/\/fors.fr\/en\/safers\/boitier-volt\/","title":{"rendered":"Bo\u00eetier Volt"},"content":{"rendered":"<p class=\"title\"><strong style=\"color:var(--couleur)\">FORS BO\u00ceTIER ANTIVOL VOLT<\/strong><\/p>\n<p>Le bo\u00eetier <strong style=\"color:var(--couleur)\">VOLT <\/strong>est une solution de protection antivol de petite taille qui saura mettre \u00e0 l\u2019abris une grande partie des packagings de piles hormis les LR20 couverte par le bo\u00eetier <strong style=\"color:var(--couleur)\">LAM 11<\/strong>.<\/p>\n<p>Fabriqu\u00e9 en polycarbonate Lexan, plastique ultra r\u00e9sistant et enti\u00e8rement transparent, ce boitier anti-vol assure la parfaite visibilit\u00e9 du produit.<\/p>\n<p><strong style=\"color:var(--couleur)\">R\u00e9f\u00e9rence : VOLT<\/strong><br \/>\n<strong style=\"color:var(--couleur)\">Dimensions internes : <\/strong>72 x 72 x 28 mm<br \/>\n<strong style=\"color:var(--couleur)\">Dimensions externes : <\/strong>80 x 130 x 49 mm<br \/>\n<strong style=\"color:var(--couleur)\">Code grav\u00e9 : 414<\/strong><\/p>\n","protected":false},"excerpt":{"rendered":"<p>Protection Piles<\/p>\n<p>Dimensions internes (mm) :<br \/>\nL 72 x H 72 x P 28<\/p>\n<p>Pack de 48 bo\u00eetiers<\/p>\n","protected":false},"featured_media":7207703,"template":"","meta":{"_et_pb_use_builder":"","_et_pb_old_content":"","_et_gb_content_width":""},"product_brand":[],"product_cat":[1394],"product_tag":[],"class_list":{"0":"post-1850767","1":"product","2":"type-product","3":"status-publish","4":"has-post-thumbnail","6":"product_cat-safers","7":"pa_code-boitier-code-414-en","8":"pa_securite-boitiers-1p-en","10":"first","11":"instock","12":"taxable","13":"shipping-taxable","14":"purchasable","15":"product-type-simple"},"yoast_head":"<!-- This site is optimized with the Yoast SEO plugin v27.4 - https:\/\/yoast.com\/product\/yoast-seo-wordpress\/ -->\n<title>Boitiers de s\u00e9curit\u00e9 : Bo\u00eetier Volt AC | FORS France<\/title>\n<meta name=\"description\" content=\"Le bo\u00eetier Volt a \u00e9t\u00e9 con\u00e7u comme un outil de dissuasion afin d&#039;\u00e9viter &quot;le vol \u00e0 l&#039;arrach\u00e9&quot;. Il prot\u00e8ge une grande partie des packagings de piles hormis les LR20 couverte par le bo\u00eetier LAM 11. N&#039;utilisant que\u0085\" \/>\n<meta name=\"robots\" content=\"index, follow, max-snippet:-1, max-image-preview:large, max-video-preview:-1\" \/>\n<link rel=\"canonical\" href=\"https:\/\/fors.fr\/en\/safers\/boitier-volt\/\" \/>\n<meta property=\"og:locale\" content=\"en_US\" \/>\n<meta property=\"og:type\" content=\"article\" \/>\n<meta property=\"og:title\" content=\"Boitiers de s\u00e9curit\u00e9 : Bo\u00eetier Volt AC | FORS France\" \/>\n<meta property=\"og:description\" content=\"Le bo\u00eetier Volt a \u00e9t\u00e9 con\u00e7u comme un outil de dissuasion afin d&#039;\u00e9viter &quot;le vol \u00e0 l&#039;arrach\u00e9&quot;. Il prot\u00e8ge une grande partie des packagings de piles hormis les LR20 couverte par le bo\u00eetier LAM 11. N&#039;utilisant que\u0085\" \/>\n<meta property=\"og:url\" content=\"https:\/\/fors.fr\/en\/safers\/boitier-volt\/\" \/>\n<meta property=\"og:site_name\" content=\"Fors Anti-Theft\" \/>\n<meta property=\"article:publisher\" content=\"https:\/\/www.facebook.com\/forsantitheft\/\" \/>\n<meta property=\"article:modified_time\" content=\"2024-10-17T09:08:00+00:00\" \/>\n<meta property=\"og:image\" content=\"https:\/\/fors.fr\/medias\/Boitier-VOLT-1.jpg\" \/>\n\t<meta property=\"og:image:width\" content=\"1514\" \/>\n\t<meta property=\"og:image:height\" content=\"1514\" \/>\n\t<meta property=\"og:image:type\" content=\"image\/jpeg\" \/>\n<meta name=\"twitter:card\" content=\"summary_large_image\" \/>\n<meta name=\"twitter:site\" content=\"@fors_france\" \/>\n<script type=\"application\/ld+json\" class=\"yoast-schema-graph\">{\"@context\":\"https:\\\/\\\/schema.org\",\"@graph\":[{\"@type\":\"WebPage\",\"@id\":\"https:\\\/\\\/fors.fr\\\/en\\\/safers\\\/boitier-volt\\\/\",\"url\":\"https:\\\/\\\/fors.fr\\\/en\\\/safers\\\/boitier-volt\\\/\",\"name\":\"Boitiers de s\u00e9curit\u00e9 : Bo\u00eetier Volt AC | FORS France\",\"isPartOf\":{\"@id\":\"https:\\\/\\\/fors.fr\\\/en\\\/#website\"},\"primaryImageOfPage\":{\"@id\":\"https:\\\/\\\/fors.fr\\\/en\\\/safers\\\/boitier-volt\\\/#primaryimage\"},\"image\":{\"@id\":\"https:\\\/\\\/fors.fr\\\/en\\\/safers\\\/boitier-volt\\\/#primaryimage\"},\"thumbnailUrl\":\"https:\\\/\\\/fors.fr\\\/medias\\\/Boitier-VOLT-1.jpg\",\"datePublished\":\"2019-12-05T15:26:39+00:00\",\"dateModified\":\"2024-10-17T09:08:00+00:00\",\"description\":\"Le bo\u00eetier Volt a \u00e9t\u00e9 con\u00e7u comme un outil de dissuasion afin d'\u00e9viter \\\"le vol \u00e0 l'arrach\u00e9\\\". Il prot\u00e8ge une grande partie des packagings de piles hormis les LR20 couverte par le bo\u00eetier LAM 11. N'utilisant que\u0085\",\"breadcrumb\":{\"@id\":\"https:\\\/\\\/fors.fr\\\/en\\\/safers\\\/boitier-volt\\\/#breadcrumb\"},\"inLanguage\":\"en-US\",\"potentialAction\":[{\"@type\":\"ReadAction\",\"target\":[\"https:\\\/\\\/fors.fr\\\/en\\\/safers\\\/boitier-volt\\\/\"]}]},{\"@type\":\"ImageObject\",\"inLanguage\":\"en-US\",\"@id\":\"https:\\\/\\\/fors.fr\\\/en\\\/safers\\\/boitier-volt\\\/#primaryimage\",\"url\":\"https:\\\/\\\/fors.fr\\\/medias\\\/Boitier-VOLT-1.jpg\",\"contentUrl\":\"https:\\\/\\\/fors.fr\\\/medias\\\/Boitier-VOLT-1.jpg\",\"width\":1514,\"height\":1514},{\"@type\":\"BreadcrumbList\",\"@id\":\"https:\\\/\\\/fors.fr\\\/en\\\/safers\\\/boitier-volt\\\/#breadcrumb\",\"itemListElement\":[{\"@type\":\"ListItem\",\"position\":1,\"name\":\"FORS\",\"item\":\"https:\\\/\\\/fors.fr\\\/en\\\/\"},{\"@type\":\"ListItem\",\"position\":2,\"name\":\"Shop\",\"item\":\"https:\\\/\\\/fors.fr\\\/en\\\/shop\\\/\"},{\"@type\":\"ListItem\",\"position\":3,\"name\":\"Bo\u00eetier Volt\"}]},{\"@type\":\"WebSite\",\"@id\":\"https:\\\/\\\/fors.fr\\\/en\\\/#website\",\"url\":\"https:\\\/\\\/fors.fr\\\/en\\\/\",\"name\":\"FORS Anti-Theft\",\"description\":\"Anti-theft against shoplifting\",\"publisher\":{\"@id\":\"https:\\\/\\\/fors.fr\\\/en\\\/#organization\"},\"alternateName\":\"Fors\",\"potentialAction\":[{\"@type\":\"SearchAction\",\"target\":{\"@type\":\"EntryPoint\",\"urlTemplate\":\"https:\\\/\\\/fors.fr\\\/en\\\/?s={search_term_string}\"},\"query-input\":{\"@type\":\"PropertyValueSpecification\",\"valueRequired\":true,\"valueName\":\"search_term_string\"}}],\"inLanguage\":\"en-US\"},{\"@type\":\"Organization\",\"@id\":\"https:\\\/\\\/fors.fr\\\/en\\\/#organization\",\"name\":\"Fors\",\"alternateName\":\"Fors Anti-Theft\",\"url\":\"https:\\\/\\\/fors.fr\\\/en\\\/\",\"logo\":{\"@type\":\"ImageObject\",\"inLanguage\":\"en-US\",\"@id\":\"https:\\\/\\\/fors.fr\\\/en\\\/#\\\/schema\\\/logo\\\/image\\\/\",\"url\":\"https:\\\/\\\/fors.fr\\\/medias\\\/favico_512.png\",\"contentUrl\":\"https:\\\/\\\/fors.fr\\\/medias\\\/favico_512.png\",\"width\":512,\"height\":512,\"caption\":\"Fors\"},\"image\":{\"@id\":\"https:\\\/\\\/fors.fr\\\/en\\\/#\\\/schema\\\/logo\\\/image\\\/\"},\"sameAs\":[\"https:\\\/\\\/www.facebook.com\\\/forsantitheft\\\/\",\"https:\\\/\\\/x.com\\\/fors_france\",\"https:\\\/\\\/www.linkedin.com\\\/company\\\/245351\\\/\",\"https:\\\/\\\/www.youtube.com\\\/user\\\/ForsFrance\\\/\",\"https:\\\/\\\/www.companeo.com\\\/portiques-de-securite\\\/annuaire\\\/fors-france\",\"https:\\\/\\\/www.europages.fr\\\/FORS-FRANCE\\\/FRA310174-000009382001.html\",\"https:\\\/\\\/www.pagesjaunes.fr\\\/pros\\\/07584984\"]}]}<\/script>\n<!-- \/ Yoast SEO plugin. -->","yoast_head_json":{"title":"Boitiers de s\u00e9curit\u00e9 : Bo\u00eetier Volt AC | FORS France","description":"Le bo\u00eetier Volt a \u00e9t\u00e9 con\u00e7u comme un outil de dissuasion afin d'\u00e9viter \"le vol \u00e0 l'arrach\u00e9\". Il prot\u00e8ge une grande partie des packagings de piles hormis les LR20 couverte par le bo\u00eetier LAM 11. N'utilisant que\u0085","robots":{"index":"index","follow":"follow","max-snippet":"max-snippet:-1","max-image-preview":"max-image-preview:large","max-video-preview":"max-video-preview:-1"},"canonical":"https:\/\/fors.fr\/en\/safers\/boitier-volt\/","og_locale":"en_US","og_type":"article","og_title":"Boitiers de s\u00e9curit\u00e9 : Bo\u00eetier Volt AC | FORS France","og_description":"Le bo\u00eetier Volt a \u00e9t\u00e9 con\u00e7u comme un outil de dissuasion afin d'\u00e9viter \"le vol \u00e0 l'arrach\u00e9\". Il prot\u00e8ge une grande partie des packagings de piles hormis les LR20 couverte par le bo\u00eetier LAM 11. N'utilisant que\u0085","og_url":"https:\/\/fors.fr\/en\/safers\/boitier-volt\/","og_site_name":"Fors Anti-Theft","article_publisher":"https:\/\/www.facebook.com\/forsantitheft\/","article_modified_time":"2024-10-17T09:08:00+00:00","og_image":[{"width":1514,"height":1514,"url":"https:\/\/fors.fr\/medias\/Boitier-VOLT-1.jpg","type":"image\/jpeg"}],"twitter_card":"summary_large_image","twitter_site":"@fors_france","schema":{"@context":"https:\/\/schema.org","@graph":[{"@type":"WebPage","@id":"https:\/\/fors.fr\/en\/safers\/boitier-volt\/","url":"https:\/\/fors.fr\/en\/safers\/boitier-volt\/","name":"Boitiers de s\u00e9curit\u00e9 : Bo\u00eetier Volt AC | FORS France","isPartOf":{"@id":"https:\/\/fors.fr\/en\/#website"},"primaryImageOfPage":{"@id":"https:\/\/fors.fr\/en\/safers\/boitier-volt\/#primaryimage"},"image":{"@id":"https:\/\/fors.fr\/en\/safers\/boitier-volt\/#primaryimage"},"thumbnailUrl":"https:\/\/fors.fr\/medias\/Boitier-VOLT-1.jpg","datePublished":"2019-12-05T15:26:39+00:00","dateModified":"2024-10-17T09:08:00+00:00","description":"Le bo\u00eetier Volt a \u00e9t\u00e9 con\u00e7u comme un outil de dissuasion afin d'\u00e9viter \"le vol \u00e0 l'arrach\u00e9\". Il prot\u00e8ge une grande partie des packagings de piles hormis les LR20 couverte par le bo\u00eetier LAM 11. N'utilisant que\u0085","breadcrumb":{"@id":"https:\/\/fors.fr\/en\/safers\/boitier-volt\/#breadcrumb"},"inLanguage":"en-US","potentialAction":[{"@type":"ReadAction","target":["https:\/\/fors.fr\/en\/safers\/boitier-volt\/"]}]},{"@type":"ImageObject","inLanguage":"en-US","@id":"https:\/\/fors.fr\/en\/safers\/boitier-volt\/#primaryimage","url":"https:\/\/fors.fr\/medias\/Boitier-VOLT-1.jpg","contentUrl":"https:\/\/fors.fr\/medias\/Boitier-VOLT-1.jpg","width":1514,"height":1514},{"@type":"BreadcrumbList","@id":"https:\/\/fors.fr\/en\/safers\/boitier-volt\/#breadcrumb","itemListElement":[{"@type":"ListItem","position":1,"name":"FORS","item":"https:\/\/fors.fr\/en\/"},{"@type":"ListItem","position":2,"name":"Shop","item":"https:\/\/fors.fr\/en\/shop\/"},{"@type":"ListItem","position":3,"name":"Bo\u00eetier Volt"}]},{"@type":"WebSite","@id":"https:\/\/fors.fr\/en\/#website","url":"https:\/\/fors.fr\/en\/","name":"FORS Anti-Theft","description":"Anti-theft against shoplifting","publisher":{"@id":"https:\/\/fors.fr\/en\/#organization"},"alternateName":"Fors","potentialAction":[{"@type":"SearchAction","target":{"@type":"EntryPoint","urlTemplate":"https:\/\/fors.fr\/en\/?s={search_term_string}"},"query-input":{"@type":"PropertyValueSpecification","valueRequired":true,"valueName":"search_term_string"}}],"inLanguage":"en-US"},{"@type":"Organization","@id":"https:\/\/fors.fr\/en\/#organization","name":"Fors","alternateName":"Fors Anti-Theft","url":"https:\/\/fors.fr\/en\/","logo":{"@type":"ImageObject","inLanguage":"en-US","@id":"https:\/\/fors.fr\/en\/#\/schema\/logo\/image\/","url":"https:\/\/fors.fr\/medias\/favico_512.png","contentUrl":"https:\/\/fors.fr\/medias\/favico_512.png","width":512,"height":512,"caption":"Fors"},"image":{"@id":"https:\/\/fors.fr\/en\/#\/schema\/logo\/image\/"},"sameAs":["https:\/\/www.facebook.com\/forsantitheft\/","https:\/\/x.com\/fors_france","https:\/\/www.linkedin.com\/company\/245351\/","https:\/\/www.youtube.com\/user\/ForsFrance\/","https:\/\/www.companeo.com\/portiques-de-securite\/annuaire\/fors-france","https:\/\/www.europages.fr\/FORS-FRANCE\/FRA310174-000009382001.html","https:\/\/www.pagesjaunes.fr\/pros\/07584984"]}]}},"_links":{"self":[{"href":"https:\/\/fors.fr\/en\/wp-json\/wp\/v2\/product\/1850767","targetHints":{"allow":["GET"]}}],"collection":[{"href":"https:\/\/fors.fr\/en\/wp-json\/wp\/v2\/product"}],"about":[{"href":"https:\/\/fors.fr\/en\/wp-json\/wp\/v2\/types\/product"}],"wp:featuredmedia":[{"embeddable":true,"href":"https:\/\/fors.fr\/en\/wp-json\/wp\/v2\/media\/7207703"}],"wp:attachment":[{"href":"https:\/\/fors.fr\/en\/wp-json\/wp\/v2\/media?parent=1850767"}],"wp:term":[{"taxonomy":"product_brand","embeddable":true,"href":"https:\/\/fors.fr\/en\/wp-json\/wp\/v2\/product_brand?post=1850767"},{"taxonomy":"product_cat","embeddable":true,"href":"https:\/\/fors.fr\/en\/wp-json\/wp\/v2\/product_cat?post=1850767"},{"taxonomy":"product_tag","embeddable":true,"href":"https:\/\/fors.fr\/en\/wp-json\/wp\/v2\/product_tag?post=1850767"}],"curies":[{"name":"wp","href":"https:\/\/api.w.org\/{rel}","templated":true}]}}