{"id":1850776,"date":"2019-12-05T16:26:41","date_gmt":"2019-12-05T15:26:41","guid":{"rendered":"https:\/\/fors.fr\/uncategorized\/boitier-psp-console-ac-x7\/"},"modified":"2020-06-09T14:09:14","modified_gmt":"2020-06-09T13:09:14","slug":"boitier-psp-console-ac-x7","status":"publish","type":"product","link":"https:\/\/fors.fr\/en\/safers\/boitier-psp-console-ac-x7\/","title":{"rendered":"Bo\u00eetier PSP Console"},"content":{"rendered":"<p><strong>Bo\u00eetier Officiel Console PSP<\/strong><\/p>\n<p class=\"description\">Ce bo\u00eetier officiel Sony, prot\u00e8ge toutes vos consoles PSP. Ainsi que tout autre produit s\u2019inscrivant \u00e0 l\u2019int\u00e9rieur :<\/p>\n<p><strong>Largeur<\/strong> : 236 mm.<\/p>\n<p><strong>Hauteur<\/strong> : 137 mm.<\/p>\n<p><strong>Profondeur<\/strong> : 126 mm.<\/p>\n<p>Fabriqu\u00e9 en polycarbonate Lexan, plastique ultra r\u00e9sistant et enti\u00e8rement transparent, ce boitier anti-vol assure la parfaite visibilit\u00e9 du produit.<\/p>\n<p>Il int\u00e8gre les technologies E.A.S du march\u00e9 (AM et\/ou RF) et peut \u00eatre\u00a0<strong>\u00e9quip\u00e9 d\u2019un \u00e0 trois points de protection.<\/strong><\/p>\n","protected":false},"excerpt":{"rendered":"<p>Boitier Officiel : Console PSP<\/p>\n<p>Dimensions internes (mm) :<br \/>\nL 236 x H 137 x P 126<\/p>\n<p>Pack de 9 bo\u00eetiers<\/p>\n","protected":false},"featured_media":875616,"template":"","meta":{"_et_pb_use_builder":"","_et_pb_old_content":"","_et_gb_content_width":""},"product_brand":[],"product_cat":[1394],"product_tag":[],"class_list":{"0":"post-1850776","1":"product","2":"type-product","3":"status-publish","4":"has-post-thumbnail","6":"product_cat-safers","7":"pa_code-boitier-code-329-en","8":"pa_securite-boitiers-1p-en","9":"pa_securite-boitiers-3p-en","11":"first","12":"instock","13":"taxable","14":"shipping-taxable","15":"purchasable","16":"product-type-variable"},"yoast_head":"<!-- This site is optimized with the Yoast SEO plugin v27.3 - https:\/\/yoast.com\/product\/yoast-seo-wordpress\/ -->\n<title>Boitiers de s\u00e9curit\u00e9 : PSP Console | FORS France<\/title>\n<meta name=\"description\" content=\"Ce bo\u00eetier a \u00e9t\u00e9 d\u00e9velopp\u00e9 en partenariat avec Sony afin de coller au plus pr\u00e8s de l&#039;univers de la PSP. Con\u00e7u comme une petite valisette, il est muni d&#039;un crochet pliable et de 4 petits pieds lui permettant de \u0085\" \/>\n<meta name=\"robots\" content=\"index, follow, max-snippet:-1, max-image-preview:large, max-video-preview:-1\" \/>\n<link rel=\"canonical\" href=\"https:\/\/fors.fr\/en\/safers\/boitier-psp-console-ac-x7\/\" \/>\n<meta property=\"og:locale\" content=\"en_US\" \/>\n<meta property=\"og:type\" content=\"article\" \/>\n<meta property=\"og:title\" content=\"Boitiers de s\u00e9curit\u00e9 : PSP Console | FORS France\" \/>\n<meta property=\"og:description\" content=\"Ce bo\u00eetier a \u00e9t\u00e9 d\u00e9velopp\u00e9 en partenariat avec Sony afin de coller au plus pr\u00e8s de l&#039;univers de la PSP. Con\u00e7u comme une petite valisette, il est muni d&#039;un crochet pliable et de 4 petits pieds lui permettant de \u0085\" \/>\n<meta property=\"og:url\" content=\"https:\/\/fors.fr\/en\/safers\/boitier-psp-console-ac-x7\/\" \/>\n<meta property=\"og:site_name\" content=\"Fors Anti-Theft\" \/>\n<meta property=\"article:publisher\" content=\"https:\/\/www.facebook.com\/forsantitheft\/\" \/>\n<meta property=\"article:modified_time\" content=\"2020-06-09T13:09:14+00:00\" \/>\n<meta property=\"og:image\" content=\"https:\/\/fors.fr\/medias\/WooCommerce_Produits\/Boitiers_Antivol\/pspc.jpg\" \/>\n\t<meta property=\"og:image:width\" content=\"600\" \/>\n\t<meta property=\"og:image:height\" content=\"600\" \/>\n\t<meta property=\"og:image:type\" content=\"image\/jpeg\" \/>\n<meta name=\"twitter:card\" content=\"summary_large_image\" \/>\n<meta name=\"twitter:site\" content=\"@fors_france\" \/>\n<script type=\"application\/ld+json\" class=\"yoast-schema-graph\">{\"@context\":\"https:\\\/\\\/schema.org\",\"@graph\":[{\"@type\":\"WebPage\",\"@id\":\"https:\\\/\\\/fors.fr\\\/en\\\/safers\\\/boitier-psp-console-ac-x7\\\/\",\"url\":\"https:\\\/\\\/fors.fr\\\/en\\\/safers\\\/boitier-psp-console-ac-x7\\\/\",\"name\":\"Boitiers de s\u00e9curit\u00e9 : PSP Console | FORS France\",\"isPartOf\":{\"@id\":\"https:\\\/\\\/fors.fr\\\/en\\\/#website\"},\"primaryImageOfPage\":{\"@id\":\"https:\\\/\\\/fors.fr\\\/en\\\/safers\\\/boitier-psp-console-ac-x7\\\/#primaryimage\"},\"image\":{\"@id\":\"https:\\\/\\\/fors.fr\\\/en\\\/safers\\\/boitier-psp-console-ac-x7\\\/#primaryimage\"},\"thumbnailUrl\":\"https:\\\/\\\/fors.fr\\\/medias\\\/WooCommerce_Produits\\\/Boitiers_Antivol\\\/pspc.jpg\",\"datePublished\":\"2019-12-05T15:26:41+00:00\",\"dateModified\":\"2020-06-09T13:09:14+00:00\",\"description\":\"Ce bo\u00eetier a \u00e9t\u00e9 d\u00e9velopp\u00e9 en partenariat avec Sony afin de coller au plus pr\u00e8s de l'univers de la PSP. Con\u00e7u comme une petite valisette, il est muni d'un crochet pliable et de 4 petits pieds lui permettant de \u0085\",\"breadcrumb\":{\"@id\":\"https:\\\/\\\/fors.fr\\\/en\\\/safers\\\/boitier-psp-console-ac-x7\\\/#breadcrumb\"},\"inLanguage\":\"en-US\",\"potentialAction\":[{\"@type\":\"ReadAction\",\"target\":[\"https:\\\/\\\/fors.fr\\\/en\\\/safers\\\/boitier-psp-console-ac-x7\\\/\"]}]},{\"@type\":\"ImageObject\",\"inLanguage\":\"en-US\",\"@id\":\"https:\\\/\\\/fors.fr\\\/en\\\/safers\\\/boitier-psp-console-ac-x7\\\/#primaryimage\",\"url\":\"https:\\\/\\\/fors.fr\\\/medias\\\/WooCommerce_Produits\\\/Boitiers_Antivol\\\/pspc.jpg\",\"contentUrl\":\"https:\\\/\\\/fors.fr\\\/medias\\\/WooCommerce_Produits\\\/Boitiers_Antivol\\\/pspc.jpg\",\"width\":600,\"height\":600},{\"@type\":\"BreadcrumbList\",\"@id\":\"https:\\\/\\\/fors.fr\\\/en\\\/safers\\\/boitier-psp-console-ac-x7\\\/#breadcrumb\",\"itemListElement\":[{\"@type\":\"ListItem\",\"position\":1,\"name\":\"FORS\",\"item\":\"https:\\\/\\\/fors.fr\\\/en\\\/\"},{\"@type\":\"ListItem\",\"position\":2,\"name\":\"Shop\",\"item\":\"https:\\\/\\\/fors.fr\\\/en\\\/shop\\\/\"},{\"@type\":\"ListItem\",\"position\":3,\"name\":\"Bo\u00eetier PSP Console\"}]},{\"@type\":\"WebSite\",\"@id\":\"https:\\\/\\\/fors.fr\\\/en\\\/#website\",\"url\":\"https:\\\/\\\/fors.fr\\\/en\\\/\",\"name\":\"FORS Anti-Theft\",\"description\":\"Anti-theft against shoplifting\",\"publisher\":{\"@id\":\"https:\\\/\\\/fors.fr\\\/en\\\/#organization\"},\"alternateName\":\"Fors\",\"potentialAction\":[{\"@type\":\"SearchAction\",\"target\":{\"@type\":\"EntryPoint\",\"urlTemplate\":\"https:\\\/\\\/fors.fr\\\/en\\\/?s={search_term_string}\"},\"query-input\":{\"@type\":\"PropertyValueSpecification\",\"valueRequired\":true,\"valueName\":\"search_term_string\"}}],\"inLanguage\":\"en-US\"},{\"@type\":\"Organization\",\"@id\":\"https:\\\/\\\/fors.fr\\\/en\\\/#organization\",\"name\":\"Fors\",\"alternateName\":\"Fors Anti-Theft\",\"url\":\"https:\\\/\\\/fors.fr\\\/en\\\/\",\"logo\":{\"@type\":\"ImageObject\",\"inLanguage\":\"en-US\",\"@id\":\"https:\\\/\\\/fors.fr\\\/en\\\/#\\\/schema\\\/logo\\\/image\\\/\",\"url\":\"https:\\\/\\\/fors.fr\\\/medias\\\/favico_512.png\",\"contentUrl\":\"https:\\\/\\\/fors.fr\\\/medias\\\/favico_512.png\",\"width\":512,\"height\":512,\"caption\":\"Fors\"},\"image\":{\"@id\":\"https:\\\/\\\/fors.fr\\\/en\\\/#\\\/schema\\\/logo\\\/image\\\/\"},\"sameAs\":[\"https:\\\/\\\/www.facebook.com\\\/forsantitheft\\\/\",\"https:\\\/\\\/x.com\\\/fors_france\",\"https:\\\/\\\/www.linkedin.com\\\/company\\\/245351\\\/\",\"https:\\\/\\\/www.youtube.com\\\/user\\\/ForsFrance\\\/\",\"https:\\\/\\\/www.companeo.com\\\/portiques-de-securite\\\/annuaire\\\/fors-france\",\"https:\\\/\\\/www.europages.fr\\\/FORS-FRANCE\\\/FRA310174-000009382001.html\",\"https:\\\/\\\/www.pagesjaunes.fr\\\/pros\\\/07584984\"]}]}<\/script>\n<!-- \/ Yoast SEO plugin. -->","yoast_head_json":{"title":"Boitiers de s\u00e9curit\u00e9 : PSP Console | FORS France","description":"Ce bo\u00eetier a \u00e9t\u00e9 d\u00e9velopp\u00e9 en partenariat avec Sony afin de coller au plus pr\u00e8s de l'univers de la PSP. Con\u00e7u comme une petite valisette, il est muni d'un crochet pliable et de 4 petits pieds lui permettant de \u0085","robots":{"index":"index","follow":"follow","max-snippet":"max-snippet:-1","max-image-preview":"max-image-preview:large","max-video-preview":"max-video-preview:-1"},"canonical":"https:\/\/fors.fr\/en\/safers\/boitier-psp-console-ac-x7\/","og_locale":"en_US","og_type":"article","og_title":"Boitiers de s\u00e9curit\u00e9 : PSP Console | FORS France","og_description":"Ce bo\u00eetier a \u00e9t\u00e9 d\u00e9velopp\u00e9 en partenariat avec Sony afin de coller au plus pr\u00e8s de l'univers de la PSP. Con\u00e7u comme une petite valisette, il est muni d'un crochet pliable et de 4 petits pieds lui permettant de \u0085","og_url":"https:\/\/fors.fr\/en\/safers\/boitier-psp-console-ac-x7\/","og_site_name":"Fors Anti-Theft","article_publisher":"https:\/\/www.facebook.com\/forsantitheft\/","article_modified_time":"2020-06-09T13:09:14+00:00","og_image":[{"width":600,"height":600,"url":"https:\/\/fors.fr\/medias\/WooCommerce_Produits\/Boitiers_Antivol\/pspc.jpg","type":"image\/jpeg"}],"twitter_card":"summary_large_image","twitter_site":"@fors_france","schema":{"@context":"https:\/\/schema.org","@graph":[{"@type":"WebPage","@id":"https:\/\/fors.fr\/en\/safers\/boitier-psp-console-ac-x7\/","url":"https:\/\/fors.fr\/en\/safers\/boitier-psp-console-ac-x7\/","name":"Boitiers de s\u00e9curit\u00e9 : PSP Console | FORS France","isPartOf":{"@id":"https:\/\/fors.fr\/en\/#website"},"primaryImageOfPage":{"@id":"https:\/\/fors.fr\/en\/safers\/boitier-psp-console-ac-x7\/#primaryimage"},"image":{"@id":"https:\/\/fors.fr\/en\/safers\/boitier-psp-console-ac-x7\/#primaryimage"},"thumbnailUrl":"https:\/\/fors.fr\/medias\/WooCommerce_Produits\/Boitiers_Antivol\/pspc.jpg","datePublished":"2019-12-05T15:26:41+00:00","dateModified":"2020-06-09T13:09:14+00:00","description":"Ce bo\u00eetier a \u00e9t\u00e9 d\u00e9velopp\u00e9 en partenariat avec Sony afin de coller au plus pr\u00e8s de l'univers de la PSP. Con\u00e7u comme une petite valisette, il est muni d'un crochet pliable et de 4 petits pieds lui permettant de \u0085","breadcrumb":{"@id":"https:\/\/fors.fr\/en\/safers\/boitier-psp-console-ac-x7\/#breadcrumb"},"inLanguage":"en-US","potentialAction":[{"@type":"ReadAction","target":["https:\/\/fors.fr\/en\/safers\/boitier-psp-console-ac-x7\/"]}]},{"@type":"ImageObject","inLanguage":"en-US","@id":"https:\/\/fors.fr\/en\/safers\/boitier-psp-console-ac-x7\/#primaryimage","url":"https:\/\/fors.fr\/medias\/WooCommerce_Produits\/Boitiers_Antivol\/pspc.jpg","contentUrl":"https:\/\/fors.fr\/medias\/WooCommerce_Produits\/Boitiers_Antivol\/pspc.jpg","width":600,"height":600},{"@type":"BreadcrumbList","@id":"https:\/\/fors.fr\/en\/safers\/boitier-psp-console-ac-x7\/#breadcrumb","itemListElement":[{"@type":"ListItem","position":1,"name":"FORS","item":"https:\/\/fors.fr\/en\/"},{"@type":"ListItem","position":2,"name":"Shop","item":"https:\/\/fors.fr\/en\/shop\/"},{"@type":"ListItem","position":3,"name":"Bo\u00eetier PSP Console"}]},{"@type":"WebSite","@id":"https:\/\/fors.fr\/en\/#website","url":"https:\/\/fors.fr\/en\/","name":"FORS Anti-Theft","description":"Anti-theft against shoplifting","publisher":{"@id":"https:\/\/fors.fr\/en\/#organization"},"alternateName":"Fors","potentialAction":[{"@type":"SearchAction","target":{"@type":"EntryPoint","urlTemplate":"https:\/\/fors.fr\/en\/?s={search_term_string}"},"query-input":{"@type":"PropertyValueSpecification","valueRequired":true,"valueName":"search_term_string"}}],"inLanguage":"en-US"},{"@type":"Organization","@id":"https:\/\/fors.fr\/en\/#organization","name":"Fors","alternateName":"Fors Anti-Theft","url":"https:\/\/fors.fr\/en\/","logo":{"@type":"ImageObject","inLanguage":"en-US","@id":"https:\/\/fors.fr\/en\/#\/schema\/logo\/image\/","url":"https:\/\/fors.fr\/medias\/favico_512.png","contentUrl":"https:\/\/fors.fr\/medias\/favico_512.png","width":512,"height":512,"caption":"Fors"},"image":{"@id":"https:\/\/fors.fr\/en\/#\/schema\/logo\/image\/"},"sameAs":["https:\/\/www.facebook.com\/forsantitheft\/","https:\/\/x.com\/fors_france","https:\/\/www.linkedin.com\/company\/245351\/","https:\/\/www.youtube.com\/user\/ForsFrance\/","https:\/\/www.companeo.com\/portiques-de-securite\/annuaire\/fors-france","https:\/\/www.europages.fr\/FORS-FRANCE\/FRA310174-000009382001.html","https:\/\/www.pagesjaunes.fr\/pros\/07584984"]}]}},"_links":{"self":[{"href":"https:\/\/fors.fr\/en\/wp-json\/wp\/v2\/product\/1850776","targetHints":{"allow":["GET"]}}],"collection":[{"href":"https:\/\/fors.fr\/en\/wp-json\/wp\/v2\/product"}],"about":[{"href":"https:\/\/fors.fr\/en\/wp-json\/wp\/v2\/types\/product"}],"wp:featuredmedia":[{"embeddable":true,"href":"https:\/\/fors.fr\/en\/wp-json\/wp\/v2\/media\/875616"}],"wp:attachment":[{"href":"https:\/\/fors.fr\/en\/wp-json\/wp\/v2\/media?parent=1850776"}],"wp:term":[{"taxonomy":"product_brand","embeddable":true,"href":"https:\/\/fors.fr\/en\/wp-json\/wp\/v2\/product_brand?post=1850776"},{"taxonomy":"product_cat","embeddable":true,"href":"https:\/\/fors.fr\/en\/wp-json\/wp\/v2\/product_cat?post=1850776"},{"taxonomy":"product_tag","embeddable":true,"href":"https:\/\/fors.fr\/en\/wp-json\/wp\/v2\/product_tag?post=1850776"}],"curies":[{"name":"wp","href":"https:\/\/api.w.org\/{rel}","templated":true}]}}