{"id":1851033,"date":"2019-12-05T16:26:37","date_gmt":"2019-12-05T15:26:37","guid":{"rendered":"https:\/\/fors.fr\/uncategorized\/coque-antivol-boitier-lam01\/"},"modified":"2024-10-17T11:09:55","modified_gmt":"2024-10-17T09:09:55","slug":"coque-antivol-boitier-lam01","status":"publish","type":"product","link":"https:\/\/fors.fr\/en\/safers\/coque-antivol-boitier-lam01\/","title":{"rendered":"Bo\u00eetier LAM01"},"content":{"rendered":"<p class=\"title\"><strong>Bo\u00eetier LAM01<\/strong><\/p>\n<p>Le bo\u00eetier Fors\u00a0<strong>LAM01<\/strong>\u00a0est une solution de protection antivol de petite taille qui saura mettre \u00e0 l\u2019abris tout produit s\u2019inscrivant \u00e0 l\u2019int\u00e9rieur :<\/p>\n<p class=\"description\">Le bo\u00eetier LAM 01 dispose de la m\u00eame hauteur et largeur que tous les autres bo\u00eetiers de la gamme LAM, en revanche, il dispose d\u2019une grande profondeur. Le bo\u00eetier peut-\u00eatre personnalis\u00e9 par un gravage de la marque ou par un syst\u00e8me de fermeture de couleur fid\u00e8le \u00e0 l\u2019univers de la marque pour renforcer l\u2019impact merchandising. Il incorpore les \u00e9tiquettes ou ferrite de d\u00e9tection du march\u00e9 et son verrou de s\u00e9curit\u00e9 peut-\u00eatre renforc\u00e9 par plusieurs points de protection.<\/p>\n<p><strong>Dimensions internes ( L x H x P ) :<\/strong> 101 x 113 x 16 mm<br \/>\n<strong>Dimensions externes ( L x H x P ) :<\/strong> 111 x 180 x 24 mm<br \/>\n<strong>Code grav\u00e9 : 401<\/strong><\/p>\n","protected":false},"excerpt":{"rendered":"<p>Petit format, petite profondeur<\/p>\n<p>Dimensions internes (mm)\u00a0:<br \/>\nL 101 x H 114 x P 18<\/p>\n<p>Pack de 130 bo\u00eetiers<\/p>\n","protected":false},"featured_media":784895,"template":"","meta":{"_et_pb_use_builder":"","_et_pb_old_content":"","_et_gb_content_width":""},"product_brand":[],"product_cat":[1394],"product_tag":[],"class_list":{"0":"post-1851033","1":"product","2":"type-product","3":"status-publish","4":"has-post-thumbnail","6":"product_cat-safers","7":"pa_code-boitier-code-401-en","8":"pa_securite-boitiers-1p-en","9":"pa_securite-boitiers-3p-en","11":"first","12":"instock","13":"taxable","14":"shipping-taxable","15":"purchasable","16":"product-type-variable"},"yoast_head":"<!-- This site is optimized with the Yoast SEO plugin v27.5 - https:\/\/yoast.com\/product\/yoast-seo-wordpress\/ -->\n<title>Boitiers de s\u00e9curit\u00e9 - Boitiers de s\u00e9curit\u00e9 : Bo\u00eetier LAM01 | FORS France<\/title>\n<meta name=\"description\" content=\"Bo\u00eetier LAM01\" \/>\n<meta name=\"robots\" content=\"index, follow, max-snippet:-1, max-image-preview:large, max-video-preview:-1\" \/>\n<link rel=\"canonical\" href=\"https:\/\/fors.fr\/en\/safers\/coque-antivol-boitier-lam01\/\" \/>\n<meta property=\"og:locale\" content=\"en_US\" \/>\n<meta property=\"og:type\" content=\"article\" \/>\n<meta property=\"og:title\" content=\"Boitiers de s\u00e9curit\u00e9 - Boitiers de s\u00e9curit\u00e9 : Bo\u00eetier LAM01 | FORS France\" \/>\n<meta property=\"og:description\" content=\"Bo\u00eetier LAM01\" \/>\n<meta property=\"og:url\" content=\"https:\/\/fors.fr\/en\/safers\/coque-antivol-boitier-lam01\/\" \/>\n<meta property=\"og:site_name\" content=\"Fors Anti-Theft\" \/>\n<meta property=\"article:publisher\" content=\"https:\/\/www.facebook.com\/forsantitheft\/\" \/>\n<meta property=\"article:modified_time\" content=\"2024-10-17T09:09:55+00:00\" \/>\n<meta property=\"og:image\" content=\"https:\/\/fors.fr\/medias\/WooCommerce_Produits\/Boitiers_Antivol\/LAM01-F.png\" \/>\n\t<meta property=\"og:image:width\" content=\"500\" \/>\n\t<meta property=\"og:image:height\" content=\"500\" \/>\n\t<meta property=\"og:image:type\" content=\"image\/png\" \/>\n<meta name=\"twitter:card\" content=\"summary_large_image\" \/>\n<meta name=\"twitter:site\" content=\"@fors_france\" \/>\n<meta name=\"twitter:label1\" content=\"Est. reading time\" \/>\n\t<meta name=\"twitter:data1\" content=\"1 minute\" \/>\n<script type=\"application\/ld+json\" class=\"yoast-schema-graph\">{\"@context\":\"https:\\\/\\\/schema.org\",\"@graph\":[{\"@type\":\"WebPage\",\"@id\":\"https:\\\/\\\/fors.fr\\\/en\\\/safers\\\/coque-antivol-boitier-lam01\\\/\",\"url\":\"https:\\\/\\\/fors.fr\\\/en\\\/safers\\\/coque-antivol-boitier-lam01\\\/\",\"name\":\"Boitiers de s\u00e9curit\u00e9 - Boitiers de s\u00e9curit\u00e9 : Bo\u00eetier LAM01 | FORS France\",\"isPartOf\":{\"@id\":\"https:\\\/\\\/fors.fr\\\/en\\\/#website\"},\"primaryImageOfPage\":{\"@id\":\"https:\\\/\\\/fors.fr\\\/en\\\/safers\\\/coque-antivol-boitier-lam01\\\/#primaryimage\"},\"image\":{\"@id\":\"https:\\\/\\\/fors.fr\\\/en\\\/safers\\\/coque-antivol-boitier-lam01\\\/#primaryimage\"},\"thumbnailUrl\":\"https:\\\/\\\/fors.fr\\\/medias\\\/WooCommerce_Produits\\\/Boitiers_Antivol\\\/LAM01-F.png\",\"datePublished\":\"2019-12-05T15:26:37+00:00\",\"dateModified\":\"2024-10-17T09:09:55+00:00\",\"description\":\"Bo\u00eetier LAM01\",\"breadcrumb\":{\"@id\":\"https:\\\/\\\/fors.fr\\\/en\\\/safers\\\/coque-antivol-boitier-lam01\\\/#breadcrumb\"},\"inLanguage\":\"en-US\",\"potentialAction\":[{\"@type\":\"ReadAction\",\"target\":[\"https:\\\/\\\/fors.fr\\\/en\\\/safers\\\/coque-antivol-boitier-lam01\\\/\"]}]},{\"@type\":\"ImageObject\",\"inLanguage\":\"en-US\",\"@id\":\"https:\\\/\\\/fors.fr\\\/en\\\/safers\\\/coque-antivol-boitier-lam01\\\/#primaryimage\",\"url\":\"https:\\\/\\\/fors.fr\\\/medias\\\/WooCommerce_Produits\\\/Boitiers_Antivol\\\/LAM01-F.png\",\"contentUrl\":\"https:\\\/\\\/fors.fr\\\/medias\\\/WooCommerce_Produits\\\/Boitiers_Antivol\\\/LAM01-F.png\",\"width\":500,\"height\":500},{\"@type\":\"BreadcrumbList\",\"@id\":\"https:\\\/\\\/fors.fr\\\/en\\\/safers\\\/coque-antivol-boitier-lam01\\\/#breadcrumb\",\"itemListElement\":[{\"@type\":\"ListItem\",\"position\":1,\"name\":\"FORS\",\"item\":\"https:\\\/\\\/fors.fr\\\/en\\\/\"},{\"@type\":\"ListItem\",\"position\":2,\"name\":\"Shop\",\"item\":\"https:\\\/\\\/fors.fr\\\/en\\\/shop\\\/\"},{\"@type\":\"ListItem\",\"position\":3,\"name\":\"Bo\u00eetier LAM01\"}]},{\"@type\":\"WebSite\",\"@id\":\"https:\\\/\\\/fors.fr\\\/en\\\/#website\",\"url\":\"https:\\\/\\\/fors.fr\\\/en\\\/\",\"name\":\"FORS Anti-Theft\",\"description\":\"Anti-theft against shoplifting\",\"publisher\":{\"@id\":\"https:\\\/\\\/fors.fr\\\/en\\\/#organization\"},\"alternateName\":\"Fors\",\"potentialAction\":[{\"@type\":\"SearchAction\",\"target\":{\"@type\":\"EntryPoint\",\"urlTemplate\":\"https:\\\/\\\/fors.fr\\\/en\\\/?s={search_term_string}\"},\"query-input\":{\"@type\":\"PropertyValueSpecification\",\"valueRequired\":true,\"valueName\":\"search_term_string\"}}],\"inLanguage\":\"en-US\"},{\"@type\":\"Organization\",\"@id\":\"https:\\\/\\\/fors.fr\\\/en\\\/#organization\",\"name\":\"Fors\",\"alternateName\":\"Fors Anti-Theft\",\"url\":\"https:\\\/\\\/fors.fr\\\/en\\\/\",\"logo\":{\"@type\":\"ImageObject\",\"inLanguage\":\"en-US\",\"@id\":\"https:\\\/\\\/fors.fr\\\/en\\\/#\\\/schema\\\/logo\\\/image\\\/\",\"url\":\"https:\\\/\\\/fors.fr\\\/medias\\\/favico_512.png\",\"contentUrl\":\"https:\\\/\\\/fors.fr\\\/medias\\\/favico_512.png\",\"width\":512,\"height\":512,\"caption\":\"Fors\"},\"image\":{\"@id\":\"https:\\\/\\\/fors.fr\\\/en\\\/#\\\/schema\\\/logo\\\/image\\\/\"},\"sameAs\":[\"https:\\\/\\\/www.facebook.com\\\/forsantitheft\\\/\",\"https:\\\/\\\/x.com\\\/fors_france\",\"https:\\\/\\\/www.linkedin.com\\\/company\\\/245351\\\/\",\"https:\\\/\\\/www.youtube.com\\\/user\\\/ForsFrance\\\/\",\"https:\\\/\\\/www.companeo.com\\\/portiques-de-securite\\\/annuaire\\\/fors-france\",\"https:\\\/\\\/www.europages.fr\\\/FORS-FRANCE\\\/FRA310174-000009382001.html\",\"https:\\\/\\\/www.pagesjaunes.fr\\\/pros\\\/07584984\"]}]}<\/script>\n<!-- \/ Yoast SEO plugin. -->","yoast_head_json":{"title":"Boitiers de s\u00e9curit\u00e9 - Boitiers de s\u00e9curit\u00e9 : Bo\u00eetier LAM01 | FORS France","description":"Bo\u00eetier LAM01","robots":{"index":"index","follow":"follow","max-snippet":"max-snippet:-1","max-image-preview":"max-image-preview:large","max-video-preview":"max-video-preview:-1"},"canonical":"https:\/\/fors.fr\/en\/safers\/coque-antivol-boitier-lam01\/","og_locale":"en_US","og_type":"article","og_title":"Boitiers de s\u00e9curit\u00e9 - Boitiers de s\u00e9curit\u00e9 : Bo\u00eetier LAM01 | FORS France","og_description":"Bo\u00eetier LAM01","og_url":"https:\/\/fors.fr\/en\/safers\/coque-antivol-boitier-lam01\/","og_site_name":"Fors Anti-Theft","article_publisher":"https:\/\/www.facebook.com\/forsantitheft\/","article_modified_time":"2024-10-17T09:09:55+00:00","og_image":[{"width":500,"height":500,"url":"https:\/\/fors.fr\/medias\/WooCommerce_Produits\/Boitiers_Antivol\/LAM01-F.png","type":"image\/png"}],"twitter_card":"summary_large_image","twitter_site":"@fors_france","twitter_misc":{"Est. reading time":"1 minute"},"schema":{"@context":"https:\/\/schema.org","@graph":[{"@type":"WebPage","@id":"https:\/\/fors.fr\/en\/safers\/coque-antivol-boitier-lam01\/","url":"https:\/\/fors.fr\/en\/safers\/coque-antivol-boitier-lam01\/","name":"Boitiers de s\u00e9curit\u00e9 - Boitiers de s\u00e9curit\u00e9 : Bo\u00eetier LAM01 | FORS France","isPartOf":{"@id":"https:\/\/fors.fr\/en\/#website"},"primaryImageOfPage":{"@id":"https:\/\/fors.fr\/en\/safers\/coque-antivol-boitier-lam01\/#primaryimage"},"image":{"@id":"https:\/\/fors.fr\/en\/safers\/coque-antivol-boitier-lam01\/#primaryimage"},"thumbnailUrl":"https:\/\/fors.fr\/medias\/WooCommerce_Produits\/Boitiers_Antivol\/LAM01-F.png","datePublished":"2019-12-05T15:26:37+00:00","dateModified":"2024-10-17T09:09:55+00:00","description":"Bo\u00eetier LAM01","breadcrumb":{"@id":"https:\/\/fors.fr\/en\/safers\/coque-antivol-boitier-lam01\/#breadcrumb"},"inLanguage":"en-US","potentialAction":[{"@type":"ReadAction","target":["https:\/\/fors.fr\/en\/safers\/coque-antivol-boitier-lam01\/"]}]},{"@type":"ImageObject","inLanguage":"en-US","@id":"https:\/\/fors.fr\/en\/safers\/coque-antivol-boitier-lam01\/#primaryimage","url":"https:\/\/fors.fr\/medias\/WooCommerce_Produits\/Boitiers_Antivol\/LAM01-F.png","contentUrl":"https:\/\/fors.fr\/medias\/WooCommerce_Produits\/Boitiers_Antivol\/LAM01-F.png","width":500,"height":500},{"@type":"BreadcrumbList","@id":"https:\/\/fors.fr\/en\/safers\/coque-antivol-boitier-lam01\/#breadcrumb","itemListElement":[{"@type":"ListItem","position":1,"name":"FORS","item":"https:\/\/fors.fr\/en\/"},{"@type":"ListItem","position":2,"name":"Shop","item":"https:\/\/fors.fr\/en\/shop\/"},{"@type":"ListItem","position":3,"name":"Bo\u00eetier LAM01"}]},{"@type":"WebSite","@id":"https:\/\/fors.fr\/en\/#website","url":"https:\/\/fors.fr\/en\/","name":"FORS Anti-Theft","description":"Anti-theft against shoplifting","publisher":{"@id":"https:\/\/fors.fr\/en\/#organization"},"alternateName":"Fors","potentialAction":[{"@type":"SearchAction","target":{"@type":"EntryPoint","urlTemplate":"https:\/\/fors.fr\/en\/?s={search_term_string}"},"query-input":{"@type":"PropertyValueSpecification","valueRequired":true,"valueName":"search_term_string"}}],"inLanguage":"en-US"},{"@type":"Organization","@id":"https:\/\/fors.fr\/en\/#organization","name":"Fors","alternateName":"Fors Anti-Theft","url":"https:\/\/fors.fr\/en\/","logo":{"@type":"ImageObject","inLanguage":"en-US","@id":"https:\/\/fors.fr\/en\/#\/schema\/logo\/image\/","url":"https:\/\/fors.fr\/medias\/favico_512.png","contentUrl":"https:\/\/fors.fr\/medias\/favico_512.png","width":512,"height":512,"caption":"Fors"},"image":{"@id":"https:\/\/fors.fr\/en\/#\/schema\/logo\/image\/"},"sameAs":["https:\/\/www.facebook.com\/forsantitheft\/","https:\/\/x.com\/fors_france","https:\/\/www.linkedin.com\/company\/245351\/","https:\/\/www.youtube.com\/user\/ForsFrance\/","https:\/\/www.companeo.com\/portiques-de-securite\/annuaire\/fors-france","https:\/\/www.europages.fr\/FORS-FRANCE\/FRA310174-000009382001.html","https:\/\/www.pagesjaunes.fr\/pros\/07584984"]}]}},"_links":{"self":[{"href":"https:\/\/fors.fr\/en\/wp-json\/wp\/v2\/product\/1851033","targetHints":{"allow":["GET"]}}],"collection":[{"href":"https:\/\/fors.fr\/en\/wp-json\/wp\/v2\/product"}],"about":[{"href":"https:\/\/fors.fr\/en\/wp-json\/wp\/v2\/types\/product"}],"wp:featuredmedia":[{"embeddable":true,"href":"https:\/\/fors.fr\/en\/wp-json\/wp\/v2\/media\/784895"}],"wp:attachment":[{"href":"https:\/\/fors.fr\/en\/wp-json\/wp\/v2\/media?parent=1851033"}],"wp:term":[{"taxonomy":"product_brand","embeddable":true,"href":"https:\/\/fors.fr\/en\/wp-json\/wp\/v2\/product_brand?post=1851033"},{"taxonomy":"product_cat","embeddable":true,"href":"https:\/\/fors.fr\/en\/wp-json\/wp\/v2\/product_cat?post=1851033"},{"taxonomy":"product_tag","embeddable":true,"href":"https:\/\/fors.fr\/en\/wp-json\/wp\/v2\/product_tag?post=1851033"}],"curies":[{"name":"wp","href":"https:\/\/api.w.org\/{rel}","templated":true}]}}