{"id":1851041,"date":"2019-12-05T16:23:59","date_gmt":"2019-12-05T15:23:59","guid":{"rendered":"https:\/\/fors.fr\/uncategorized\/coque-antivol-jeux-video-sony-psp\/"},"modified":"2024-08-08T09:52:38","modified_gmt":"2024-08-08T07:52:38","slug":"jeu-psp","status":"publish","type":"product","link":"https:\/\/fors.fr\/en\/safers\/jeu-psp\/","title":{"rendered":"Bo\u00eetier antivol Jeu PSP officiel"},"content":{"rendered":"<p><strong>Bo\u00eetier Officiel Jeu PSP 1<\/strong><\/p>\n<p class=\"description\">Ce bo\u00eetier officiel Sony, prot\u00e8ge tous vos jeux de PSP. Ainsi que tout autre produit s\u2019inscrivant \u00e0 l\u2019int\u00e9rieur :<\/p>\n<p><strong>Largeur<\/strong> : 105 mm.<\/p>\n<p><strong>Hauteur<\/strong> : 188 mm.<\/p>\n<p><strong>Profondeur<\/strong> : 18 mm.<\/p>\n<p>Fabriqu\u00e9 en polycarbonate Lexan, plastique ultra r\u00e9sistant et enti\u00e8rement transparent, ce boitier anti-vol assure la parfaite visibilit\u00e9 du produit.<\/p>\n<p>Il int\u00e8gre les technologies E.A.S du march\u00e9 (AM et\/ou RF) et peut \u00eatre\u00a0<strong>\u00e9quip\u00e9 d\u2019un \u00e0 trois point de protection.<\/strong><\/p>\n","protected":false},"excerpt":{"rendered":"<p>D\u00e9coration Blanche<br \/>\nBo\u00eetier transparent<\/p>\n<p>Mise en valeur des jeux PSP<\/p>\n","protected":false},"featured_media":13103507,"template":"","meta":{"_et_pb_use_builder":"","_et_pb_old_content":"","_et_gb_content_width":""},"product_brand":[],"product_cat":[1394],"product_tag":[1700],"class_list":{"0":"post-1851041","1":"product","2":"type-product","3":"status-publish","4":"has-post-thumbnail","6":"product_cat-safers","7":"product_tag-retrogaming-en","9":"first","10":"instock","11":"taxable","12":"shipping-taxable","13":"purchasable","14":"product-type-simple"},"yoast_head":"<!-- This site is optimized with the Yoast SEO plugin v27.3 - https:\/\/yoast.com\/product\/yoast-seo-wordpress\/ -->\n<title>Boitiers de s\u00e9curit\u00e9 : Bo\u00eetier Jeu PSP 1 | FORS France<\/title>\n<meta name=\"description\" content=\"Le bo\u00eetier PSP1 AC permet la protection d&#039;un jeu PSP. Muni d&#039;un crochet fixe, il permet d&#039;\u00eatre suspendu sur les broches simples comme double en lin\u00e9aire. Sa forme les couleurs utilis\u00e9es et le gravage de la marq\u0085\" \/>\n<meta name=\"robots\" content=\"index, follow, max-snippet:-1, max-image-preview:large, max-video-preview:-1\" \/>\n<link rel=\"canonical\" href=\"https:\/\/fors.fr\/en\/safers\/jeu-psp\/\" \/>\n<meta property=\"og:locale\" content=\"en_US\" \/>\n<meta property=\"og:type\" content=\"article\" \/>\n<meta property=\"og:title\" content=\"Boitiers de s\u00e9curit\u00e9 : Bo\u00eetier Jeu PSP 1 | FORS France\" \/>\n<meta property=\"og:description\" content=\"Le bo\u00eetier PSP1 AC permet la protection d&#039;un jeu PSP. Muni d&#039;un crochet fixe, il permet d&#039;\u00eatre suspendu sur les broches simples comme double en lin\u00e9aire. Sa forme les couleurs utilis\u00e9es et le gravage de la marq\u0085\" \/>\n<meta property=\"og:url\" content=\"https:\/\/fors.fr\/en\/safers\/jeu-psp\/\" \/>\n<meta property=\"og:site_name\" content=\"Fors Anti-Theft\" \/>\n<meta property=\"article:publisher\" content=\"https:\/\/www.facebook.com\/forsantitheft\/\" \/>\n<meta property=\"article:modified_time\" content=\"2024-08-08T07:52:38+00:00\" \/>\n<meta property=\"og:image\" content=\"https:\/\/fors.fr\/medias\/PSP1_web_1.jpg\" \/>\n\t<meta property=\"og:image:width\" content=\"625\" \/>\n\t<meta property=\"og:image:height\" content=\"625\" \/>\n\t<meta property=\"og:image:type\" content=\"image\/jpeg\" \/>\n<meta name=\"twitter:card\" content=\"summary_large_image\" \/>\n<meta name=\"twitter:site\" content=\"@fors_france\" \/>\n<script type=\"application\/ld+json\" class=\"yoast-schema-graph\">{\"@context\":\"https:\\\/\\\/schema.org\",\"@graph\":[{\"@type\":\"WebPage\",\"@id\":\"https:\\\/\\\/fors.fr\\\/en\\\/safers\\\/jeu-psp\\\/\",\"url\":\"https:\\\/\\\/fors.fr\\\/en\\\/safers\\\/jeu-psp\\\/\",\"name\":\"Boitiers de s\u00e9curit\u00e9 : Bo\u00eetier Jeu PSP 1 | FORS France\",\"isPartOf\":{\"@id\":\"https:\\\/\\\/fors.fr\\\/en\\\/#website\"},\"primaryImageOfPage\":{\"@id\":\"https:\\\/\\\/fors.fr\\\/en\\\/safers\\\/jeu-psp\\\/#primaryimage\"},\"image\":{\"@id\":\"https:\\\/\\\/fors.fr\\\/en\\\/safers\\\/jeu-psp\\\/#primaryimage\"},\"thumbnailUrl\":\"https:\\\/\\\/fors.fr\\\/medias\\\/PSP1_web_1.jpg\",\"datePublished\":\"2019-12-05T15:23:59+00:00\",\"dateModified\":\"2024-08-08T07:52:38+00:00\",\"description\":\"Le bo\u00eetier PSP1 AC permet la protection d'un jeu PSP. Muni d'un crochet fixe, il permet d'\u00eatre suspendu sur les broches simples comme double en lin\u00e9aire. Sa forme les couleurs utilis\u00e9es et le gravage de la marq\u0085\",\"breadcrumb\":{\"@id\":\"https:\\\/\\\/fors.fr\\\/en\\\/safers\\\/jeu-psp\\\/#breadcrumb\"},\"inLanguage\":\"en-US\",\"potentialAction\":[{\"@type\":\"ReadAction\",\"target\":[\"https:\\\/\\\/fors.fr\\\/en\\\/safers\\\/jeu-psp\\\/\"]}]},{\"@type\":\"ImageObject\",\"inLanguage\":\"en-US\",\"@id\":\"https:\\\/\\\/fors.fr\\\/en\\\/safers\\\/jeu-psp\\\/#primaryimage\",\"url\":\"https:\\\/\\\/fors.fr\\\/medias\\\/PSP1_web_1.jpg\",\"contentUrl\":\"https:\\\/\\\/fors.fr\\\/medias\\\/PSP1_web_1.jpg\",\"width\":625,\"height\":625},{\"@type\":\"BreadcrumbList\",\"@id\":\"https:\\\/\\\/fors.fr\\\/en\\\/safers\\\/jeu-psp\\\/#breadcrumb\",\"itemListElement\":[{\"@type\":\"ListItem\",\"position\":1,\"name\":\"FORS\",\"item\":\"https:\\\/\\\/fors.fr\\\/en\\\/\"},{\"@type\":\"ListItem\",\"position\":2,\"name\":\"Shop\",\"item\":\"https:\\\/\\\/fors.fr\\\/en\\\/shop\\\/\"},{\"@type\":\"ListItem\",\"position\":3,\"name\":\"Bo\u00eetier antivol Jeu PSP officiel\"}]},{\"@type\":\"WebSite\",\"@id\":\"https:\\\/\\\/fors.fr\\\/en\\\/#website\",\"url\":\"https:\\\/\\\/fors.fr\\\/en\\\/\",\"name\":\"FORS Anti-Theft\",\"description\":\"Anti-theft against shoplifting\",\"publisher\":{\"@id\":\"https:\\\/\\\/fors.fr\\\/en\\\/#organization\"},\"alternateName\":\"Fors\",\"potentialAction\":[{\"@type\":\"SearchAction\",\"target\":{\"@type\":\"EntryPoint\",\"urlTemplate\":\"https:\\\/\\\/fors.fr\\\/en\\\/?s={search_term_string}\"},\"query-input\":{\"@type\":\"PropertyValueSpecification\",\"valueRequired\":true,\"valueName\":\"search_term_string\"}}],\"inLanguage\":\"en-US\"},{\"@type\":\"Organization\",\"@id\":\"https:\\\/\\\/fors.fr\\\/en\\\/#organization\",\"name\":\"Fors\",\"alternateName\":\"Fors Anti-Theft\",\"url\":\"https:\\\/\\\/fors.fr\\\/en\\\/\",\"logo\":{\"@type\":\"ImageObject\",\"inLanguage\":\"en-US\",\"@id\":\"https:\\\/\\\/fors.fr\\\/en\\\/#\\\/schema\\\/logo\\\/image\\\/\",\"url\":\"https:\\\/\\\/fors.fr\\\/medias\\\/favico_512.png\",\"contentUrl\":\"https:\\\/\\\/fors.fr\\\/medias\\\/favico_512.png\",\"width\":512,\"height\":512,\"caption\":\"Fors\"},\"image\":{\"@id\":\"https:\\\/\\\/fors.fr\\\/en\\\/#\\\/schema\\\/logo\\\/image\\\/\"},\"sameAs\":[\"https:\\\/\\\/www.facebook.com\\\/forsantitheft\\\/\",\"https:\\\/\\\/x.com\\\/fors_france\",\"https:\\\/\\\/www.linkedin.com\\\/company\\\/245351\\\/\",\"https:\\\/\\\/www.youtube.com\\\/user\\\/ForsFrance\\\/\",\"https:\\\/\\\/www.companeo.com\\\/portiques-de-securite\\\/annuaire\\\/fors-france\",\"https:\\\/\\\/www.europages.fr\\\/FORS-FRANCE\\\/FRA310174-000009382001.html\",\"https:\\\/\\\/www.pagesjaunes.fr\\\/pros\\\/07584984\"]}]}<\/script>\n<!-- \/ Yoast SEO plugin. -->","yoast_head_json":{"title":"Boitiers de s\u00e9curit\u00e9 : Bo\u00eetier Jeu PSP 1 | FORS France","description":"Le bo\u00eetier PSP1 AC permet la protection d'un jeu PSP. Muni d'un crochet fixe, il permet d'\u00eatre suspendu sur les broches simples comme double en lin\u00e9aire. Sa forme les couleurs utilis\u00e9es et le gravage de la marq\u0085","robots":{"index":"index","follow":"follow","max-snippet":"max-snippet:-1","max-image-preview":"max-image-preview:large","max-video-preview":"max-video-preview:-1"},"canonical":"https:\/\/fors.fr\/en\/safers\/jeu-psp\/","og_locale":"en_US","og_type":"article","og_title":"Boitiers de s\u00e9curit\u00e9 : Bo\u00eetier Jeu PSP 1 | FORS France","og_description":"Le bo\u00eetier PSP1 AC permet la protection d'un jeu PSP. Muni d'un crochet fixe, il permet d'\u00eatre suspendu sur les broches simples comme double en lin\u00e9aire. Sa forme les couleurs utilis\u00e9es et le gravage de la marq\u0085","og_url":"https:\/\/fors.fr\/en\/safers\/jeu-psp\/","og_site_name":"Fors Anti-Theft","article_publisher":"https:\/\/www.facebook.com\/forsantitheft\/","article_modified_time":"2024-08-08T07:52:38+00:00","og_image":[{"width":625,"height":625,"url":"https:\/\/fors.fr\/medias\/PSP1_web_1.jpg","type":"image\/jpeg"}],"twitter_card":"summary_large_image","twitter_site":"@fors_france","schema":{"@context":"https:\/\/schema.org","@graph":[{"@type":"WebPage","@id":"https:\/\/fors.fr\/en\/safers\/jeu-psp\/","url":"https:\/\/fors.fr\/en\/safers\/jeu-psp\/","name":"Boitiers de s\u00e9curit\u00e9 : Bo\u00eetier Jeu PSP 1 | FORS France","isPartOf":{"@id":"https:\/\/fors.fr\/en\/#website"},"primaryImageOfPage":{"@id":"https:\/\/fors.fr\/en\/safers\/jeu-psp\/#primaryimage"},"image":{"@id":"https:\/\/fors.fr\/en\/safers\/jeu-psp\/#primaryimage"},"thumbnailUrl":"https:\/\/fors.fr\/medias\/PSP1_web_1.jpg","datePublished":"2019-12-05T15:23:59+00:00","dateModified":"2024-08-08T07:52:38+00:00","description":"Le bo\u00eetier PSP1 AC permet la protection d'un jeu PSP. Muni d'un crochet fixe, il permet d'\u00eatre suspendu sur les broches simples comme double en lin\u00e9aire. Sa forme les couleurs utilis\u00e9es et le gravage de la marq\u0085","breadcrumb":{"@id":"https:\/\/fors.fr\/en\/safers\/jeu-psp\/#breadcrumb"},"inLanguage":"en-US","potentialAction":[{"@type":"ReadAction","target":["https:\/\/fors.fr\/en\/safers\/jeu-psp\/"]}]},{"@type":"ImageObject","inLanguage":"en-US","@id":"https:\/\/fors.fr\/en\/safers\/jeu-psp\/#primaryimage","url":"https:\/\/fors.fr\/medias\/PSP1_web_1.jpg","contentUrl":"https:\/\/fors.fr\/medias\/PSP1_web_1.jpg","width":625,"height":625},{"@type":"BreadcrumbList","@id":"https:\/\/fors.fr\/en\/safers\/jeu-psp\/#breadcrumb","itemListElement":[{"@type":"ListItem","position":1,"name":"FORS","item":"https:\/\/fors.fr\/en\/"},{"@type":"ListItem","position":2,"name":"Shop","item":"https:\/\/fors.fr\/en\/shop\/"},{"@type":"ListItem","position":3,"name":"Bo\u00eetier antivol Jeu PSP officiel"}]},{"@type":"WebSite","@id":"https:\/\/fors.fr\/en\/#website","url":"https:\/\/fors.fr\/en\/","name":"FORS Anti-Theft","description":"Anti-theft against shoplifting","publisher":{"@id":"https:\/\/fors.fr\/en\/#organization"},"alternateName":"Fors","potentialAction":[{"@type":"SearchAction","target":{"@type":"EntryPoint","urlTemplate":"https:\/\/fors.fr\/en\/?s={search_term_string}"},"query-input":{"@type":"PropertyValueSpecification","valueRequired":true,"valueName":"search_term_string"}}],"inLanguage":"en-US"},{"@type":"Organization","@id":"https:\/\/fors.fr\/en\/#organization","name":"Fors","alternateName":"Fors Anti-Theft","url":"https:\/\/fors.fr\/en\/","logo":{"@type":"ImageObject","inLanguage":"en-US","@id":"https:\/\/fors.fr\/en\/#\/schema\/logo\/image\/","url":"https:\/\/fors.fr\/medias\/favico_512.png","contentUrl":"https:\/\/fors.fr\/medias\/favico_512.png","width":512,"height":512,"caption":"Fors"},"image":{"@id":"https:\/\/fors.fr\/en\/#\/schema\/logo\/image\/"},"sameAs":["https:\/\/www.facebook.com\/forsantitheft\/","https:\/\/x.com\/fors_france","https:\/\/www.linkedin.com\/company\/245351\/","https:\/\/www.youtube.com\/user\/ForsFrance\/","https:\/\/www.companeo.com\/portiques-de-securite\/annuaire\/fors-france","https:\/\/www.europages.fr\/FORS-FRANCE\/FRA310174-000009382001.html","https:\/\/www.pagesjaunes.fr\/pros\/07584984"]}]}},"_links":{"self":[{"href":"https:\/\/fors.fr\/en\/wp-json\/wp\/v2\/product\/1851041","targetHints":{"allow":["GET"]}}],"collection":[{"href":"https:\/\/fors.fr\/en\/wp-json\/wp\/v2\/product"}],"about":[{"href":"https:\/\/fors.fr\/en\/wp-json\/wp\/v2\/types\/product"}],"wp:featuredmedia":[{"embeddable":true,"href":"https:\/\/fors.fr\/en\/wp-json\/wp\/v2\/media\/13103507"}],"wp:attachment":[{"href":"https:\/\/fors.fr\/en\/wp-json\/wp\/v2\/media?parent=1851041"}],"wp:term":[{"taxonomy":"product_brand","embeddable":true,"href":"https:\/\/fors.fr\/en\/wp-json\/wp\/v2\/product_brand?post=1851041"},{"taxonomy":"product_cat","embeddable":true,"href":"https:\/\/fors.fr\/en\/wp-json\/wp\/v2\/product_cat?post=1851041"},{"taxonomy":"product_tag","embeddable":true,"href":"https:\/\/fors.fr\/en\/wp-json\/wp\/v2\/product_tag?post=1851041"}],"curies":[{"name":"wp","href":"https:\/\/api.w.org\/{rel}","templated":true}]}}