{"id":1851496,"date":"2013-12-23T18:00:30","date_gmt":"2013-12-23T17:00:30","guid":{"rendered":"https:\/\/fors.fr\/uncategorized\/coque-antivol-dvd-carte-memoire-dvd-light\/"},"modified":"2024-10-17T11:14:12","modified_gmt":"2024-10-17T09:14:12","slug":"coque-antivol-dvd-carte-memoire-dvd-light","status":"publish","type":"product","link":"https:\/\/fors.fr\/en\/safers\/coque-antivol-dvd-carte-memoire-dvd-light\/","title":{"rendered":"Bo\u00eetier DVD Light"},"content":{"rendered":"<p class=\"title\"><strong>Bo\u00eetier DVD Light avec crochet<\/strong><\/p>\n<p class=\"description\">Le bo\u00eetier DVD light s&#8217;attache \u00e0 prot\u00e9ger les DVD de format standard et certains jeux vid\u00e9o ayant les m\u00eames formats que les DVD. Ainsi que tout autre produit s\u2019inscrivant \u00e0 l\u2019int\u00e9rieur :<\/p>\n<p><strong>Largeur<\/strong> : 144 mm.<\/p>\n<p><strong>Hauteur<\/strong> : 194 mm.<\/p>\n<p><strong>Profondeur<\/strong> : 17 mm.<\/p>\n<p>Fabriqu\u00e9 en polycarbonate Lexan, plastique ultra r\u00e9sistant et enti\u00e8rement transparent, ce boitier anti-vol assure la parfaite visibilit\u00e9 du produit.<\/p>\n<p>Il int\u00e8gre les technologies E.A.S du march\u00e9 (AM et\/ou RF) et peut-\u00eatre \u00e9quip\u00e9 d\u2019un \u00e0 trois point de protection.<\/p>\n","protected":false},"excerpt":{"rendered":"<p>Protection 1 DVD<\/p>\n<p>Dimensions internes (mm) :<br \/>\nL 144 x H 194 x P 17<\/p>\n<p>Pack de 50 bo\u00eetiers<\/p>\n","protected":false},"featured_media":817694,"template":"","meta":{"_et_pb_use_builder":"","_et_pb_old_content":"","_et_gb_content_width":""},"product_brand":[],"product_cat":[1394],"product_tag":[],"class_list":{"0":"post-1851496","1":"product","2":"type-product","3":"status-publish","4":"has-post-thumbnail","6":"product_cat-safers","7":"pa_code-boitier-code-119-en","8":"pa_securite-boitiers-1p-en","9":"pa_securite-boitiers-3p-en","11":"first","12":"instock","13":"taxable","14":"shipping-taxable","15":"purchasable","16":"product-type-variable"},"yoast_head":"<!-- This site is optimized with the Yoast SEO plugin v27.4 - https:\/\/yoast.com\/product\/yoast-seo-wordpress\/ -->\n<title>Boitiers de s\u00e9curit\u00e9 - DVD &amp; Jeu vid\u00e9o : DVD Light AC | FORS France<\/title>\n<meta name=\"description\" content=\"&quot;Le bo\u00eetier DVD light s&#039;attache \u00e0 prot\u00e9ger les DVD de format standard et certains jeux video ayant les m\u00eames format que les DVD. Compl\u00e8tement ferm\u00e9, il est tr\u00e8s robuste et parfaitement transparent. Son syst\u00e8me \u0085\" \/>\n<meta name=\"robots\" content=\"index, follow, max-snippet:-1, max-image-preview:large, max-video-preview:-1\" \/>\n<link rel=\"canonical\" href=\"https:\/\/fors.fr\/en\/safers\/coque-antivol-dvd-carte-memoire-dvd-light\/\" \/>\n<meta property=\"og:locale\" content=\"en_US\" \/>\n<meta property=\"og:type\" content=\"article\" \/>\n<meta property=\"og:title\" content=\"Boitiers de s\u00e9curit\u00e9 - DVD &amp; Jeu vid\u00e9o : DVD Light AC | FORS France\" \/>\n<meta property=\"og:description\" content=\"&quot;Le bo\u00eetier DVD light s&#039;attache \u00e0 prot\u00e9ger les DVD de format standard et certains jeux video ayant les m\u00eames format que les DVD. Compl\u00e8tement ferm\u00e9, il est tr\u00e8s robuste et parfaitement transparent. Son syst\u00e8me \u0085\" \/>\n<meta property=\"og:url\" content=\"https:\/\/fors.fr\/en\/safers\/coque-antivol-dvd-carte-memoire-dvd-light\/\" \/>\n<meta property=\"og:site_name\" content=\"Fors Anti-Theft\" \/>\n<meta property=\"article:publisher\" content=\"https:\/\/www.facebook.com\/forsantitheft\/\" \/>\n<meta property=\"article:modified_time\" content=\"2024-10-17T09:14:12+00:00\" \/>\n<meta property=\"og:image\" content=\"https:\/\/fors.fr\/medias\/WooCommerce_Produits\/Boitiers_Antivol\/DVDL.jpg\" \/>\n\t<meta property=\"og:image:width\" content=\"600\" \/>\n\t<meta property=\"og:image:height\" content=\"600\" \/>\n\t<meta property=\"og:image:type\" content=\"image\/jpeg\" \/>\n<meta name=\"twitter:card\" content=\"summary_large_image\" \/>\n<meta name=\"twitter:site\" content=\"@fors_france\" \/>\n<script type=\"application\/ld+json\" class=\"yoast-schema-graph\">{\"@context\":\"https:\\\/\\\/schema.org\",\"@graph\":[{\"@type\":\"WebPage\",\"@id\":\"https:\\\/\\\/fors.fr\\\/en\\\/safers\\\/coque-antivol-dvd-carte-memoire-dvd-light\\\/\",\"url\":\"https:\\\/\\\/fors.fr\\\/en\\\/safers\\\/coque-antivol-dvd-carte-memoire-dvd-light\\\/\",\"name\":\"Boitiers de s\u00e9curit\u00e9 - DVD & Jeu vid\u00e9o : DVD Light AC | FORS France\",\"isPartOf\":{\"@id\":\"https:\\\/\\\/fors.fr\\\/en\\\/#website\"},\"primaryImageOfPage\":{\"@id\":\"https:\\\/\\\/fors.fr\\\/en\\\/safers\\\/coque-antivol-dvd-carte-memoire-dvd-light\\\/#primaryimage\"},\"image\":{\"@id\":\"https:\\\/\\\/fors.fr\\\/en\\\/safers\\\/coque-antivol-dvd-carte-memoire-dvd-light\\\/#primaryimage\"},\"thumbnailUrl\":\"https:\\\/\\\/fors.fr\\\/medias\\\/WooCommerce_Produits\\\/Boitiers_Antivol\\\/DVDL.jpg\",\"datePublished\":\"2013-12-23T17:00:30+00:00\",\"dateModified\":\"2024-10-17T09:14:12+00:00\",\"description\":\"\\\"Le bo\u00eetier DVD light s'attache \u00e0 prot\u00e9ger les DVD de format standard et certains jeux video ayant les m\u00eames format que les DVD. Compl\u00e8tement ferm\u00e9, il est tr\u00e8s robuste et parfaitement transparent. Son syst\u00e8me \u0085\",\"breadcrumb\":{\"@id\":\"https:\\\/\\\/fors.fr\\\/en\\\/safers\\\/coque-antivol-dvd-carte-memoire-dvd-light\\\/#breadcrumb\"},\"inLanguage\":\"en-US\",\"potentialAction\":[{\"@type\":\"ReadAction\",\"target\":[\"https:\\\/\\\/fors.fr\\\/en\\\/safers\\\/coque-antivol-dvd-carte-memoire-dvd-light\\\/\"]}]},{\"@type\":\"ImageObject\",\"inLanguage\":\"en-US\",\"@id\":\"https:\\\/\\\/fors.fr\\\/en\\\/safers\\\/coque-antivol-dvd-carte-memoire-dvd-light\\\/#primaryimage\",\"url\":\"https:\\\/\\\/fors.fr\\\/medias\\\/WooCommerce_Produits\\\/Boitiers_Antivol\\\/DVDL.jpg\",\"contentUrl\":\"https:\\\/\\\/fors.fr\\\/medias\\\/WooCommerce_Produits\\\/Boitiers_Antivol\\\/DVDL.jpg\",\"width\":600,\"height\":600},{\"@type\":\"BreadcrumbList\",\"@id\":\"https:\\\/\\\/fors.fr\\\/en\\\/safers\\\/coque-antivol-dvd-carte-memoire-dvd-light\\\/#breadcrumb\",\"itemListElement\":[{\"@type\":\"ListItem\",\"position\":1,\"name\":\"FORS\",\"item\":\"https:\\\/\\\/fors.fr\\\/en\\\/\"},{\"@type\":\"ListItem\",\"position\":2,\"name\":\"Shop\",\"item\":\"https:\\\/\\\/fors.fr\\\/en\\\/shop\\\/\"},{\"@type\":\"ListItem\",\"position\":3,\"name\":\"Bo\u00eetier DVD Light\"}]},{\"@type\":\"WebSite\",\"@id\":\"https:\\\/\\\/fors.fr\\\/en\\\/#website\",\"url\":\"https:\\\/\\\/fors.fr\\\/en\\\/\",\"name\":\"FORS Anti-Theft\",\"description\":\"Anti-theft against shoplifting\",\"publisher\":{\"@id\":\"https:\\\/\\\/fors.fr\\\/en\\\/#organization\"},\"alternateName\":\"Fors\",\"potentialAction\":[{\"@type\":\"SearchAction\",\"target\":{\"@type\":\"EntryPoint\",\"urlTemplate\":\"https:\\\/\\\/fors.fr\\\/en\\\/?s={search_term_string}\"},\"query-input\":{\"@type\":\"PropertyValueSpecification\",\"valueRequired\":true,\"valueName\":\"search_term_string\"}}],\"inLanguage\":\"en-US\"},{\"@type\":\"Organization\",\"@id\":\"https:\\\/\\\/fors.fr\\\/en\\\/#organization\",\"name\":\"Fors\",\"alternateName\":\"Fors Anti-Theft\",\"url\":\"https:\\\/\\\/fors.fr\\\/en\\\/\",\"logo\":{\"@type\":\"ImageObject\",\"inLanguage\":\"en-US\",\"@id\":\"https:\\\/\\\/fors.fr\\\/en\\\/#\\\/schema\\\/logo\\\/image\\\/\",\"url\":\"https:\\\/\\\/fors.fr\\\/medias\\\/favico_512.png\",\"contentUrl\":\"https:\\\/\\\/fors.fr\\\/medias\\\/favico_512.png\",\"width\":512,\"height\":512,\"caption\":\"Fors\"},\"image\":{\"@id\":\"https:\\\/\\\/fors.fr\\\/en\\\/#\\\/schema\\\/logo\\\/image\\\/\"},\"sameAs\":[\"https:\\\/\\\/www.facebook.com\\\/forsantitheft\\\/\",\"https:\\\/\\\/x.com\\\/fors_france\",\"https:\\\/\\\/www.linkedin.com\\\/company\\\/245351\\\/\",\"https:\\\/\\\/www.youtube.com\\\/user\\\/ForsFrance\\\/\",\"https:\\\/\\\/www.companeo.com\\\/portiques-de-securite\\\/annuaire\\\/fors-france\",\"https:\\\/\\\/www.europages.fr\\\/FORS-FRANCE\\\/FRA310174-000009382001.html\",\"https:\\\/\\\/www.pagesjaunes.fr\\\/pros\\\/07584984\"]}]}<\/script>\n<!-- \/ Yoast SEO plugin. -->","yoast_head_json":{"title":"Boitiers de s\u00e9curit\u00e9 - DVD & Jeu vid\u00e9o : DVD Light AC | FORS France","description":"\"Le bo\u00eetier DVD light s'attache \u00e0 prot\u00e9ger les DVD de format standard et certains jeux video ayant les m\u00eames format que les DVD. Compl\u00e8tement ferm\u00e9, il est tr\u00e8s robuste et parfaitement transparent. Son syst\u00e8me \u0085","robots":{"index":"index","follow":"follow","max-snippet":"max-snippet:-1","max-image-preview":"max-image-preview:large","max-video-preview":"max-video-preview:-1"},"canonical":"https:\/\/fors.fr\/en\/safers\/coque-antivol-dvd-carte-memoire-dvd-light\/","og_locale":"en_US","og_type":"article","og_title":"Boitiers de s\u00e9curit\u00e9 - DVD & Jeu vid\u00e9o : DVD Light AC | FORS France","og_description":"\"Le bo\u00eetier DVD light s'attache \u00e0 prot\u00e9ger les DVD de format standard et certains jeux video ayant les m\u00eames format que les DVD. Compl\u00e8tement ferm\u00e9, il est tr\u00e8s robuste et parfaitement transparent. Son syst\u00e8me \u0085","og_url":"https:\/\/fors.fr\/en\/safers\/coque-antivol-dvd-carte-memoire-dvd-light\/","og_site_name":"Fors Anti-Theft","article_publisher":"https:\/\/www.facebook.com\/forsantitheft\/","article_modified_time":"2024-10-17T09:14:12+00:00","og_image":[{"width":600,"height":600,"url":"https:\/\/fors.fr\/medias\/WooCommerce_Produits\/Boitiers_Antivol\/DVDL.jpg","type":"image\/jpeg"}],"twitter_card":"summary_large_image","twitter_site":"@fors_france","schema":{"@context":"https:\/\/schema.org","@graph":[{"@type":"WebPage","@id":"https:\/\/fors.fr\/en\/safers\/coque-antivol-dvd-carte-memoire-dvd-light\/","url":"https:\/\/fors.fr\/en\/safers\/coque-antivol-dvd-carte-memoire-dvd-light\/","name":"Boitiers de s\u00e9curit\u00e9 - DVD & Jeu vid\u00e9o : DVD Light AC | FORS France","isPartOf":{"@id":"https:\/\/fors.fr\/en\/#website"},"primaryImageOfPage":{"@id":"https:\/\/fors.fr\/en\/safers\/coque-antivol-dvd-carte-memoire-dvd-light\/#primaryimage"},"image":{"@id":"https:\/\/fors.fr\/en\/safers\/coque-antivol-dvd-carte-memoire-dvd-light\/#primaryimage"},"thumbnailUrl":"https:\/\/fors.fr\/medias\/WooCommerce_Produits\/Boitiers_Antivol\/DVDL.jpg","datePublished":"2013-12-23T17:00:30+00:00","dateModified":"2024-10-17T09:14:12+00:00","description":"\"Le bo\u00eetier DVD light s'attache \u00e0 prot\u00e9ger les DVD de format standard et certains jeux video ayant les m\u00eames format que les DVD. Compl\u00e8tement ferm\u00e9, il est tr\u00e8s robuste et parfaitement transparent. Son syst\u00e8me \u0085","breadcrumb":{"@id":"https:\/\/fors.fr\/en\/safers\/coque-antivol-dvd-carte-memoire-dvd-light\/#breadcrumb"},"inLanguage":"en-US","potentialAction":[{"@type":"ReadAction","target":["https:\/\/fors.fr\/en\/safers\/coque-antivol-dvd-carte-memoire-dvd-light\/"]}]},{"@type":"ImageObject","inLanguage":"en-US","@id":"https:\/\/fors.fr\/en\/safers\/coque-antivol-dvd-carte-memoire-dvd-light\/#primaryimage","url":"https:\/\/fors.fr\/medias\/WooCommerce_Produits\/Boitiers_Antivol\/DVDL.jpg","contentUrl":"https:\/\/fors.fr\/medias\/WooCommerce_Produits\/Boitiers_Antivol\/DVDL.jpg","width":600,"height":600},{"@type":"BreadcrumbList","@id":"https:\/\/fors.fr\/en\/safers\/coque-antivol-dvd-carte-memoire-dvd-light\/#breadcrumb","itemListElement":[{"@type":"ListItem","position":1,"name":"FORS","item":"https:\/\/fors.fr\/en\/"},{"@type":"ListItem","position":2,"name":"Shop","item":"https:\/\/fors.fr\/en\/shop\/"},{"@type":"ListItem","position":3,"name":"Bo\u00eetier DVD Light"}]},{"@type":"WebSite","@id":"https:\/\/fors.fr\/en\/#website","url":"https:\/\/fors.fr\/en\/","name":"FORS Anti-Theft","description":"Anti-theft against shoplifting","publisher":{"@id":"https:\/\/fors.fr\/en\/#organization"},"alternateName":"Fors","potentialAction":[{"@type":"SearchAction","target":{"@type":"EntryPoint","urlTemplate":"https:\/\/fors.fr\/en\/?s={search_term_string}"},"query-input":{"@type":"PropertyValueSpecification","valueRequired":true,"valueName":"search_term_string"}}],"inLanguage":"en-US"},{"@type":"Organization","@id":"https:\/\/fors.fr\/en\/#organization","name":"Fors","alternateName":"Fors Anti-Theft","url":"https:\/\/fors.fr\/en\/","logo":{"@type":"ImageObject","inLanguage":"en-US","@id":"https:\/\/fors.fr\/en\/#\/schema\/logo\/image\/","url":"https:\/\/fors.fr\/medias\/favico_512.png","contentUrl":"https:\/\/fors.fr\/medias\/favico_512.png","width":512,"height":512,"caption":"Fors"},"image":{"@id":"https:\/\/fors.fr\/en\/#\/schema\/logo\/image\/"},"sameAs":["https:\/\/www.facebook.com\/forsantitheft\/","https:\/\/x.com\/fors_france","https:\/\/www.linkedin.com\/company\/245351\/","https:\/\/www.youtube.com\/user\/ForsFrance\/","https:\/\/www.companeo.com\/portiques-de-securite\/annuaire\/fors-france","https:\/\/www.europages.fr\/FORS-FRANCE\/FRA310174-000009382001.html","https:\/\/www.pagesjaunes.fr\/pros\/07584984"]}]}},"_links":{"self":[{"href":"https:\/\/fors.fr\/en\/wp-json\/wp\/v2\/product\/1851496","targetHints":{"allow":["GET"]}}],"collection":[{"href":"https:\/\/fors.fr\/en\/wp-json\/wp\/v2\/product"}],"about":[{"href":"https:\/\/fors.fr\/en\/wp-json\/wp\/v2\/types\/product"}],"wp:featuredmedia":[{"embeddable":true,"href":"https:\/\/fors.fr\/en\/wp-json\/wp\/v2\/media\/817694"}],"wp:attachment":[{"href":"https:\/\/fors.fr\/en\/wp-json\/wp\/v2\/media?parent=1851496"}],"wp:term":[{"taxonomy":"product_brand","embeddable":true,"href":"https:\/\/fors.fr\/en\/wp-json\/wp\/v2\/product_brand?post=1851496"},{"taxonomy":"product_cat","embeddable":true,"href":"https:\/\/fors.fr\/en\/wp-json\/wp\/v2\/product_cat?post=1851496"},{"taxonomy":"product_tag","embeddable":true,"href":"https:\/\/fors.fr\/en\/wp-json\/wp\/v2\/product_tag?post=1851496"}],"curies":[{"name":"wp","href":"https:\/\/api.w.org\/{rel}","templated":true}]}}