{"id":1851565,"date":"2013-12-23T18:00:30","date_gmt":"2013-12-23T17:00:30","guid":{"rendered":"https:\/\/fors.fr\/uncategorized\/coque-antivol-boitier-jeu-wii-ac\/"},"modified":"2024-08-08T09:50:48","modified_gmt":"2024-08-08T07:50:48","slug":"jeu-wii","status":"publish","type":"product","link":"https:\/\/fors.fr\/en\/safers\/jeu-wii\/","title":{"rendered":"Bo\u00eetier antivol jeu WII officiel"},"content":{"rendered":"<p><strong><a href=\"https:\/\/fors.fr\/medias\/\/brands\/vectors\/Logo-Nintendo-Wii-Officiel-RGB.svg\"><img loading=\"lazy\" decoding=\"async\" class=\"alignnone wp-image-6909997\" role=\"img\" src=\"https:\/\/fors.fr\/medias\/\/brands\/vectors\/Logo-Nintendo-Wii-Officiel-RGB.svg\" alt=\"\" width=\"180\" height=\"78\" \/><\/a><\/strong><\/p>\n<p><strong>Bo\u00eetier Officiel Jeu Wii<\/strong><\/p>\n<p class=\"description\">Ce bo\u00eetier officiel Nintendo, prot\u00e8ge tous vos jeux de Wii. Ainsi que tout autre produit s\u2019inscrivant \u00e0 l\u2019int\u00e9rieur :<\/p>\n<p><strong>Largeur<\/strong> : 139 mm.<\/p>\n<p><strong>Hauteur<\/strong> : 192 mm.<\/p>\n<p><strong>Profondeur<\/strong> : 20 mm.<\/p>\n<p>Fabriqu\u00e9 en polycarbonate Lexan, plastique ultra r\u00e9sistant et enti\u00e8rement transparent, ce boitier anti-vol assure la parfaite visibilit\u00e9 du produit.<\/p>\n<p>Il int\u00e8gre les technologies E.A.S du march\u00e9 (AM et\/ou RF) et peut \u00eatre\u00a0<strong>\u00e9quip\u00e9 d\u2019un \u00e0 trois point de protection<\/strong><\/p>\n","protected":false},"excerpt":{"rendered":"<p>D\u00e9coration Blanche<br \/>\nBo\u00eetier transparent<\/p>\n<p>Mise en valeur des jeux WII<\/p>\n","protected":false},"featured_media":13104822,"template":"","meta":{"_et_pb_use_builder":"","_et_pb_old_content":"","_et_gb_content_width":""},"product_brand":[],"product_cat":[1394],"product_tag":[1700],"class_list":{"0":"post-1851565","1":"product","2":"type-product","3":"status-publish","4":"has-post-thumbnail","6":"product_cat-safers","7":"product_tag-retrogaming-en","8":"pa_code-boitier-code-332-en","10":"first","11":"instock","12":"taxable","13":"shipping-taxable","14":"purchasable","15":"product-type-simple"},"yoast_head":"<!-- This site is optimized with the Yoast SEO plugin v27.4 - https:\/\/yoast.com\/product\/yoast-seo-wordpress\/ -->\n<title>Boitiers de s\u00e9curit\u00e9 : Bo\u00eetier Jeu Wii AC | FORS France<\/title>\n<meta name=\"description\" content=\"Fors vous pr\u00e9sente le bo\u00eetier officiel pour prot\u00e9ger vos jeux Nintendo Wii.Vous pourrez pr\u00e9sentez vos jeux Wii dans une coque plastique \u00e9l\u00e9gante et s\u00e9curis\u00e9e.Le crochet de ce bo\u00eetier est int\u00e9gr\u00e9, ce qui perm\u0085\" \/>\n<meta name=\"robots\" content=\"index, follow, max-snippet:-1, max-image-preview:large, max-video-preview:-1\" \/>\n<link rel=\"canonical\" href=\"https:\/\/fors.fr\/en\/safers\/jeu-wii\/\" \/>\n<meta property=\"og:locale\" content=\"en_US\" \/>\n<meta property=\"og:type\" content=\"article\" \/>\n<meta property=\"og:title\" content=\"Boitiers de s\u00e9curit\u00e9 : Bo\u00eetier Jeu Wii AC | FORS France\" \/>\n<meta property=\"og:description\" content=\"Fors vous pr\u00e9sente le bo\u00eetier officiel pour prot\u00e9ger vos jeux Nintendo Wii.Vous pourrez pr\u00e9sentez vos jeux Wii dans une coque plastique \u00e9l\u00e9gante et s\u00e9curis\u00e9e.Le crochet de ce bo\u00eetier est int\u00e9gr\u00e9, ce qui perm\u0085\" \/>\n<meta property=\"og:url\" content=\"https:\/\/fors.fr\/en\/safers\/jeu-wii\/\" \/>\n<meta property=\"og:site_name\" content=\"Fors Anti-Theft\" \/>\n<meta property=\"article:publisher\" content=\"https:\/\/www.facebook.com\/forsantitheft\/\" \/>\n<meta property=\"article:modified_time\" content=\"2024-08-08T07:50:48+00:00\" \/>\n<meta property=\"og:image\" content=\"https:\/\/fors.fr\/medias\/WII_web_1.jpg\" \/>\n\t<meta property=\"og:image:width\" content=\"625\" \/>\n\t<meta property=\"og:image:height\" content=\"625\" \/>\n\t<meta property=\"og:image:type\" content=\"image\/jpeg\" \/>\n<meta name=\"twitter:card\" content=\"summary_large_image\" \/>\n<meta name=\"twitter:site\" content=\"@fors_france\" \/>\n<script type=\"application\/ld+json\" class=\"yoast-schema-graph\">{\"@context\":\"https:\\\/\\\/schema.org\",\"@graph\":[{\"@type\":\"WebPage\",\"@id\":\"https:\\\/\\\/fors.fr\\\/en\\\/safers\\\/jeu-wii\\\/\",\"url\":\"https:\\\/\\\/fors.fr\\\/en\\\/safers\\\/jeu-wii\\\/\",\"name\":\"Boitiers de s\u00e9curit\u00e9 : Bo\u00eetier Jeu Wii AC | FORS France\",\"isPartOf\":{\"@id\":\"https:\\\/\\\/fors.fr\\\/en\\\/#website\"},\"primaryImageOfPage\":{\"@id\":\"https:\\\/\\\/fors.fr\\\/en\\\/safers\\\/jeu-wii\\\/#primaryimage\"},\"image\":{\"@id\":\"https:\\\/\\\/fors.fr\\\/en\\\/safers\\\/jeu-wii\\\/#primaryimage\"},\"thumbnailUrl\":\"https:\\\/\\\/fors.fr\\\/medias\\\/WII_web_1.jpg\",\"datePublished\":\"2013-12-23T17:00:30+00:00\",\"dateModified\":\"2024-08-08T07:50:48+00:00\",\"description\":\"Fors vous pr\u00e9sente le bo\u00eetier officiel pour prot\u00e9ger vos jeux Nintendo Wii.Vous pourrez pr\u00e9sentez vos jeux Wii dans une coque plastique \u00e9l\u00e9gante et s\u00e9curis\u00e9e.Le crochet de ce bo\u00eetier est int\u00e9gr\u00e9, ce qui perm\u0085\",\"breadcrumb\":{\"@id\":\"https:\\\/\\\/fors.fr\\\/en\\\/safers\\\/jeu-wii\\\/#breadcrumb\"},\"inLanguage\":\"en-US\",\"potentialAction\":[{\"@type\":\"ReadAction\",\"target\":[\"https:\\\/\\\/fors.fr\\\/en\\\/safers\\\/jeu-wii\\\/\"]}]},{\"@type\":\"ImageObject\",\"inLanguage\":\"en-US\",\"@id\":\"https:\\\/\\\/fors.fr\\\/en\\\/safers\\\/jeu-wii\\\/#primaryimage\",\"url\":\"https:\\\/\\\/fors.fr\\\/medias\\\/WII_web_1.jpg\",\"contentUrl\":\"https:\\\/\\\/fors.fr\\\/medias\\\/WII_web_1.jpg\",\"width\":625,\"height\":625},{\"@type\":\"BreadcrumbList\",\"@id\":\"https:\\\/\\\/fors.fr\\\/en\\\/safers\\\/jeu-wii\\\/#breadcrumb\",\"itemListElement\":[{\"@type\":\"ListItem\",\"position\":1,\"name\":\"FORS\",\"item\":\"https:\\\/\\\/fors.fr\\\/en\\\/\"},{\"@type\":\"ListItem\",\"position\":2,\"name\":\"Shop\",\"item\":\"https:\\\/\\\/fors.fr\\\/en\\\/shop\\\/\"},{\"@type\":\"ListItem\",\"position\":3,\"name\":\"Bo\u00eetier antivol jeu WII officiel\"}]},{\"@type\":\"WebSite\",\"@id\":\"https:\\\/\\\/fors.fr\\\/en\\\/#website\",\"url\":\"https:\\\/\\\/fors.fr\\\/en\\\/\",\"name\":\"FORS Anti-Theft\",\"description\":\"Anti-theft against shoplifting\",\"publisher\":{\"@id\":\"https:\\\/\\\/fors.fr\\\/en\\\/#organization\"},\"alternateName\":\"Fors\",\"potentialAction\":[{\"@type\":\"SearchAction\",\"target\":{\"@type\":\"EntryPoint\",\"urlTemplate\":\"https:\\\/\\\/fors.fr\\\/en\\\/?s={search_term_string}\"},\"query-input\":{\"@type\":\"PropertyValueSpecification\",\"valueRequired\":true,\"valueName\":\"search_term_string\"}}],\"inLanguage\":\"en-US\"},{\"@type\":\"Organization\",\"@id\":\"https:\\\/\\\/fors.fr\\\/en\\\/#organization\",\"name\":\"Fors\",\"alternateName\":\"Fors Anti-Theft\",\"url\":\"https:\\\/\\\/fors.fr\\\/en\\\/\",\"logo\":{\"@type\":\"ImageObject\",\"inLanguage\":\"en-US\",\"@id\":\"https:\\\/\\\/fors.fr\\\/en\\\/#\\\/schema\\\/logo\\\/image\\\/\",\"url\":\"https:\\\/\\\/fors.fr\\\/medias\\\/favico_512.png\",\"contentUrl\":\"https:\\\/\\\/fors.fr\\\/medias\\\/favico_512.png\",\"width\":512,\"height\":512,\"caption\":\"Fors\"},\"image\":{\"@id\":\"https:\\\/\\\/fors.fr\\\/en\\\/#\\\/schema\\\/logo\\\/image\\\/\"},\"sameAs\":[\"https:\\\/\\\/www.facebook.com\\\/forsantitheft\\\/\",\"https:\\\/\\\/x.com\\\/fors_france\",\"https:\\\/\\\/www.linkedin.com\\\/company\\\/245351\\\/\",\"https:\\\/\\\/www.youtube.com\\\/user\\\/ForsFrance\\\/\",\"https:\\\/\\\/www.companeo.com\\\/portiques-de-securite\\\/annuaire\\\/fors-france\",\"https:\\\/\\\/www.europages.fr\\\/FORS-FRANCE\\\/FRA310174-000009382001.html\",\"https:\\\/\\\/www.pagesjaunes.fr\\\/pros\\\/07584984\"]}]}<\/script>\n<!-- \/ Yoast SEO plugin. -->","yoast_head_json":{"title":"Boitiers de s\u00e9curit\u00e9 : Bo\u00eetier Jeu Wii AC | FORS France","description":"Fors vous pr\u00e9sente le bo\u00eetier officiel pour prot\u00e9ger vos jeux Nintendo Wii.Vous pourrez pr\u00e9sentez vos jeux Wii dans une coque plastique \u00e9l\u00e9gante et s\u00e9curis\u00e9e.Le crochet de ce bo\u00eetier est int\u00e9gr\u00e9, ce qui perm\u0085","robots":{"index":"index","follow":"follow","max-snippet":"max-snippet:-1","max-image-preview":"max-image-preview:large","max-video-preview":"max-video-preview:-1"},"canonical":"https:\/\/fors.fr\/en\/safers\/jeu-wii\/","og_locale":"en_US","og_type":"article","og_title":"Boitiers de s\u00e9curit\u00e9 : Bo\u00eetier Jeu Wii AC | FORS France","og_description":"Fors vous pr\u00e9sente le bo\u00eetier officiel pour prot\u00e9ger vos jeux Nintendo Wii.Vous pourrez pr\u00e9sentez vos jeux Wii dans une coque plastique \u00e9l\u00e9gante et s\u00e9curis\u00e9e.Le crochet de ce bo\u00eetier est int\u00e9gr\u00e9, ce qui perm\u0085","og_url":"https:\/\/fors.fr\/en\/safers\/jeu-wii\/","og_site_name":"Fors Anti-Theft","article_publisher":"https:\/\/www.facebook.com\/forsantitheft\/","article_modified_time":"2024-08-08T07:50:48+00:00","og_image":[{"width":625,"height":625,"url":"https:\/\/fors.fr\/medias\/WII_web_1.jpg","type":"image\/jpeg"}],"twitter_card":"summary_large_image","twitter_site":"@fors_france","schema":{"@context":"https:\/\/schema.org","@graph":[{"@type":"WebPage","@id":"https:\/\/fors.fr\/en\/safers\/jeu-wii\/","url":"https:\/\/fors.fr\/en\/safers\/jeu-wii\/","name":"Boitiers de s\u00e9curit\u00e9 : Bo\u00eetier Jeu Wii AC | FORS France","isPartOf":{"@id":"https:\/\/fors.fr\/en\/#website"},"primaryImageOfPage":{"@id":"https:\/\/fors.fr\/en\/safers\/jeu-wii\/#primaryimage"},"image":{"@id":"https:\/\/fors.fr\/en\/safers\/jeu-wii\/#primaryimage"},"thumbnailUrl":"https:\/\/fors.fr\/medias\/WII_web_1.jpg","datePublished":"2013-12-23T17:00:30+00:00","dateModified":"2024-08-08T07:50:48+00:00","description":"Fors vous pr\u00e9sente le bo\u00eetier officiel pour prot\u00e9ger vos jeux Nintendo Wii.Vous pourrez pr\u00e9sentez vos jeux Wii dans une coque plastique \u00e9l\u00e9gante et s\u00e9curis\u00e9e.Le crochet de ce bo\u00eetier est int\u00e9gr\u00e9, ce qui perm\u0085","breadcrumb":{"@id":"https:\/\/fors.fr\/en\/safers\/jeu-wii\/#breadcrumb"},"inLanguage":"en-US","potentialAction":[{"@type":"ReadAction","target":["https:\/\/fors.fr\/en\/safers\/jeu-wii\/"]}]},{"@type":"ImageObject","inLanguage":"en-US","@id":"https:\/\/fors.fr\/en\/safers\/jeu-wii\/#primaryimage","url":"https:\/\/fors.fr\/medias\/WII_web_1.jpg","contentUrl":"https:\/\/fors.fr\/medias\/WII_web_1.jpg","width":625,"height":625},{"@type":"BreadcrumbList","@id":"https:\/\/fors.fr\/en\/safers\/jeu-wii\/#breadcrumb","itemListElement":[{"@type":"ListItem","position":1,"name":"FORS","item":"https:\/\/fors.fr\/en\/"},{"@type":"ListItem","position":2,"name":"Shop","item":"https:\/\/fors.fr\/en\/shop\/"},{"@type":"ListItem","position":3,"name":"Bo\u00eetier antivol jeu WII officiel"}]},{"@type":"WebSite","@id":"https:\/\/fors.fr\/en\/#website","url":"https:\/\/fors.fr\/en\/","name":"FORS Anti-Theft","description":"Anti-theft against shoplifting","publisher":{"@id":"https:\/\/fors.fr\/en\/#organization"},"alternateName":"Fors","potentialAction":[{"@type":"SearchAction","target":{"@type":"EntryPoint","urlTemplate":"https:\/\/fors.fr\/en\/?s={search_term_string}"},"query-input":{"@type":"PropertyValueSpecification","valueRequired":true,"valueName":"search_term_string"}}],"inLanguage":"en-US"},{"@type":"Organization","@id":"https:\/\/fors.fr\/en\/#organization","name":"Fors","alternateName":"Fors Anti-Theft","url":"https:\/\/fors.fr\/en\/","logo":{"@type":"ImageObject","inLanguage":"en-US","@id":"https:\/\/fors.fr\/en\/#\/schema\/logo\/image\/","url":"https:\/\/fors.fr\/medias\/favico_512.png","contentUrl":"https:\/\/fors.fr\/medias\/favico_512.png","width":512,"height":512,"caption":"Fors"},"image":{"@id":"https:\/\/fors.fr\/en\/#\/schema\/logo\/image\/"},"sameAs":["https:\/\/www.facebook.com\/forsantitheft\/","https:\/\/x.com\/fors_france","https:\/\/www.linkedin.com\/company\/245351\/","https:\/\/www.youtube.com\/user\/ForsFrance\/","https:\/\/www.companeo.com\/portiques-de-securite\/annuaire\/fors-france","https:\/\/www.europages.fr\/FORS-FRANCE\/FRA310174-000009382001.html","https:\/\/www.pagesjaunes.fr\/pros\/07584984"]}]}},"_links":{"self":[{"href":"https:\/\/fors.fr\/en\/wp-json\/wp\/v2\/product\/1851565","targetHints":{"allow":["GET"]}}],"collection":[{"href":"https:\/\/fors.fr\/en\/wp-json\/wp\/v2\/product"}],"about":[{"href":"https:\/\/fors.fr\/en\/wp-json\/wp\/v2\/types\/product"}],"wp:featuredmedia":[{"embeddable":true,"href":"https:\/\/fors.fr\/en\/wp-json\/wp\/v2\/media\/13104822"}],"wp:attachment":[{"href":"https:\/\/fors.fr\/en\/wp-json\/wp\/v2\/media?parent=1851565"}],"wp:term":[{"taxonomy":"product_brand","embeddable":true,"href":"https:\/\/fors.fr\/en\/wp-json\/wp\/v2\/product_brand?post=1851565"},{"taxonomy":"product_cat","embeddable":true,"href":"https:\/\/fors.fr\/en\/wp-json\/wp\/v2\/product_cat?post=1851565"},{"taxonomy":"product_tag","embeddable":true,"href":"https:\/\/fors.fr\/en\/wp-json\/wp\/v2\/product_tag?post=1851565"}],"curies":[{"name":"wp","href":"https:\/\/api.w.org\/{rel}","templated":true}]}}