{"id":1851917,"date":"2019-12-18T04:41:23","date_gmt":"2019-12-18T03:41:23","guid":{"rendered":"https:\/\/fors.fr\/uncategorized\/boitier-p09\/"},"modified":"2026-03-31T15:02:29","modified_gmt":"2026-03-31T13:02:29","slug":"boitier-antivol-p09","status":"publish","type":"product","link":"https:\/\/fors.fr\/en\/safers\/boitier-antivol-p09\/","title":{"rendered":"Bo\u00eetier P09"},"content":{"rendered":"<p><strong>Bo\u00eetier P09 :<\/strong><\/p>\n<p>Le Bo\u00eetier Fors <strong>P09<\/strong> est une solution de protection antivol de petite taille qui saura mettre \u00e0 l&#8217;abris tout produit s&#8217;inscrivant \u00e0 l&#8217;int\u00e9rieur :<br \/>\n<strong>Largeur<\/strong> : 100 mm.<br \/>\n<strong>Hauteur<\/strong> : 120 mm.<br \/>\n<strong>Profondeur<\/strong> : 60 mm.<\/p>\n<p>Il int\u00e8gre les technologies E.A.S du march\u00e9 et peut-\u00eatre \u00e9quip\u00e9 de diff\u00e9rents niveaux de protection.<\/p>\n<p>Alarme :<br \/>\nToute ouverture frauduleuse des bo\u00eetiers par le haut comme par le bas d\u00e9clenche instantan\u00e9ment l&#8217;alarme avertissant le personnel de l&#8217;effraction.<br \/>\nLa g\u00e2chette alarme dispose dune technologie d\u00e9tectant la pr\u00e9sence d&#8217;aimants. Si un aimant est approch\u00e9 trop pr\u00e8s de la g\u00e2chette, celle-ci se mettra \u00e0 sonner au bout de 3 secondes, pendant une dur\u00e9e de 10 secondes permettant davertir le personnel du magasin d&#8217;une \u00e9ventuelle tentative de vol.<br \/>\nLa temporisation pr\u00e9vue laisse le temps \u00e0 la caissi\u00e8re de d\u00e9verrouiller le bo\u00eetier sans d\u00e9clencher d&#8217;alarme intempestive.<\/p>\n<p>Fente blister :<br \/>\nIl est muni d&#8217;une fente permettant de laisser passer le blister couvrant ainsi une large gamme de tailles de packagings.<br \/>\nPour suspendre ce bo\u00eetier \u00e0 des broches ou des tiges de pr\u00e9sentation, il est possible d&#8217;utiliser la fente int\u00e9gr\u00e9e de la bo\u00eete ou bien celle de votre produit, car une fente laisse passer le blister.<\/p>\n","protected":false},"excerpt":{"rendered":"<p>Avec fente pour blister<br \/>\nDimensions internes (mm)\u00a0:<br \/>\nL 100 x H 120 x P 60<br \/>\n(Pack de 40 bo\u00eetiers)<\/p>\n","protected":false},"featured_media":21362687,"template":"","meta":{"_et_pb_use_builder":"","_et_pb_old_content":"","_et_gb_content_width":""},"product_brand":[],"product_cat":[1394],"product_tag":[1432],"class_list":{"0":"post-1851917","1":"product","2":"type-product","3":"status-publish","4":"has-post-thumbnail","6":"product_cat-safers","7":"product_tag-fente-pour-blister-en","9":"first","10":"instock","11":"taxable","12":"shipping-taxable","13":"purchasable","14":"product-type-variable"},"yoast_head":"<!-- This site is optimized with the Yoast SEO plugin v27.3 - https:\/\/yoast.com\/product\/yoast-seo-wordpress\/ -->\n<title>Bo\u00eetier P09 - Fors Anti-Theft<\/title>\n<meta name=\"robots\" content=\"index, follow, max-snippet:-1, max-image-preview:large, max-video-preview:-1\" \/>\n<link rel=\"canonical\" href=\"https:\/\/fors.fr\/en\/safers\/boitier-antivol-p09\/\" \/>\n<meta property=\"og:locale\" content=\"en_US\" \/>\n<meta property=\"og:type\" content=\"article\" \/>\n<meta property=\"og:title\" content=\"Bo\u00eetier P09 - Fors Anti-Theft\" \/>\n<meta property=\"og:description\" content=\"Avec fente pour blister Dimensions internes (mm)\u00a0: L 100 x H 120 x P 60 (Pack de 40 bo\u00eetiers)\" \/>\n<meta property=\"og:url\" content=\"https:\/\/fors.fr\/en\/safers\/boitier-antivol-p09\/\" \/>\n<meta property=\"og:site_name\" content=\"Fors Anti-Theft\" \/>\n<meta property=\"article:publisher\" content=\"https:\/\/www.facebook.com\/forsantitheft\/\" \/>\n<meta property=\"article:modified_time\" content=\"2026-03-31T13:02:29+00:00\" \/>\n<meta name=\"twitter:card\" content=\"summary_large_image\" \/>\n<meta name=\"twitter:site\" content=\"@fors_france\" \/>\n<meta name=\"twitter:label1\" content=\"Est. reading time\" \/>\n\t<meta name=\"twitter:data1\" content=\"1 minute\" \/>\n<script type=\"application\/ld+json\" class=\"yoast-schema-graph\">{\"@context\":\"https:\\\/\\\/schema.org\",\"@graph\":[{\"@type\":\"WebPage\",\"@id\":\"https:\\\/\\\/fors.fr\\\/en\\\/safers\\\/boitier-antivol-p09\\\/\",\"url\":\"https:\\\/\\\/fors.fr\\\/en\\\/safers\\\/boitier-antivol-p09\\\/\",\"name\":\"Bo\u00eetier P09 - Fors Anti-Theft\",\"isPartOf\":{\"@id\":\"https:\\\/\\\/fors.fr\\\/en\\\/#website\"},\"primaryImageOfPage\":{\"@id\":\"https:\\\/\\\/fors.fr\\\/en\\\/safers\\\/boitier-antivol-p09\\\/#primaryimage\"},\"image\":{\"@id\":\"https:\\\/\\\/fors.fr\\\/en\\\/safers\\\/boitier-antivol-p09\\\/#primaryimage\"},\"thumbnailUrl\":\"https:\\\/\\\/fors.fr\\\/medias\\\/P09.jpg\",\"datePublished\":\"2019-12-18T03:41:23+00:00\",\"dateModified\":\"2026-03-31T13:02:29+00:00\",\"breadcrumb\":{\"@id\":\"https:\\\/\\\/fors.fr\\\/en\\\/safers\\\/boitier-antivol-p09\\\/#breadcrumb\"},\"inLanguage\":\"en-US\",\"potentialAction\":[{\"@type\":\"ReadAction\",\"target\":[\"https:\\\/\\\/fors.fr\\\/en\\\/safers\\\/boitier-antivol-p09\\\/\"]}]},{\"@type\":\"ImageObject\",\"inLanguage\":\"en-US\",\"@id\":\"https:\\\/\\\/fors.fr\\\/en\\\/safers\\\/boitier-antivol-p09\\\/#primaryimage\",\"url\":\"https:\\\/\\\/fors.fr\\\/medias\\\/P09.jpg\",\"contentUrl\":\"https:\\\/\\\/fors.fr\\\/medias\\\/P09.jpg\",\"width\":600,\"height\":600,\"caption\":\"Bo\u00eetier Antivol FORS P09\"},{\"@type\":\"BreadcrumbList\",\"@id\":\"https:\\\/\\\/fors.fr\\\/en\\\/safers\\\/boitier-antivol-p09\\\/#breadcrumb\",\"itemListElement\":[{\"@type\":\"ListItem\",\"position\":1,\"name\":\"FORS\",\"item\":\"https:\\\/\\\/fors.fr\\\/en\\\/\"},{\"@type\":\"ListItem\",\"position\":2,\"name\":\"Shop\",\"item\":\"https:\\\/\\\/fors.fr\\\/en\\\/shop\\\/\"},{\"@type\":\"ListItem\",\"position\":3,\"name\":\"Bo\u00eetier P09\"}]},{\"@type\":\"WebSite\",\"@id\":\"https:\\\/\\\/fors.fr\\\/en\\\/#website\",\"url\":\"https:\\\/\\\/fors.fr\\\/en\\\/\",\"name\":\"FORS Anti-Theft\",\"description\":\"Anti-theft against shoplifting\",\"publisher\":{\"@id\":\"https:\\\/\\\/fors.fr\\\/en\\\/#organization\"},\"alternateName\":\"Fors\",\"potentialAction\":[{\"@type\":\"SearchAction\",\"target\":{\"@type\":\"EntryPoint\",\"urlTemplate\":\"https:\\\/\\\/fors.fr\\\/en\\\/?s={search_term_string}\"},\"query-input\":{\"@type\":\"PropertyValueSpecification\",\"valueRequired\":true,\"valueName\":\"search_term_string\"}}],\"inLanguage\":\"en-US\"},{\"@type\":\"Organization\",\"@id\":\"https:\\\/\\\/fors.fr\\\/en\\\/#organization\",\"name\":\"Fors\",\"alternateName\":\"Fors Anti-Theft\",\"url\":\"https:\\\/\\\/fors.fr\\\/en\\\/\",\"logo\":{\"@type\":\"ImageObject\",\"inLanguage\":\"en-US\",\"@id\":\"https:\\\/\\\/fors.fr\\\/en\\\/#\\\/schema\\\/logo\\\/image\\\/\",\"url\":\"https:\\\/\\\/fors.fr\\\/medias\\\/favico_512.png\",\"contentUrl\":\"https:\\\/\\\/fors.fr\\\/medias\\\/favico_512.png\",\"width\":512,\"height\":512,\"caption\":\"Fors\"},\"image\":{\"@id\":\"https:\\\/\\\/fors.fr\\\/en\\\/#\\\/schema\\\/logo\\\/image\\\/\"},\"sameAs\":[\"https:\\\/\\\/www.facebook.com\\\/forsantitheft\\\/\",\"https:\\\/\\\/x.com\\\/fors_france\",\"https:\\\/\\\/www.linkedin.com\\\/company\\\/245351\\\/\",\"https:\\\/\\\/www.youtube.com\\\/user\\\/ForsFrance\\\/\",\"https:\\\/\\\/www.companeo.com\\\/portiques-de-securite\\\/annuaire\\\/fors-france\",\"https:\\\/\\\/www.europages.fr\\\/FORS-FRANCE\\\/FRA310174-000009382001.html\",\"https:\\\/\\\/www.pagesjaunes.fr\\\/pros\\\/07584984\"]}]}<\/script>\n<!-- \/ Yoast SEO plugin. -->","yoast_head_json":{"title":"Bo\u00eetier P09 - Fors Anti-Theft","robots":{"index":"index","follow":"follow","max-snippet":"max-snippet:-1","max-image-preview":"max-image-preview:large","max-video-preview":"max-video-preview:-1"},"canonical":"https:\/\/fors.fr\/en\/safers\/boitier-antivol-p09\/","og_locale":"en_US","og_type":"article","og_title":"Bo\u00eetier P09 - Fors Anti-Theft","og_description":"Avec fente pour blister Dimensions internes (mm)\u00a0: L 100 x H 120 x P 60 (Pack de 40 bo\u00eetiers)","og_url":"https:\/\/fors.fr\/en\/safers\/boitier-antivol-p09\/","og_site_name":"Fors Anti-Theft","article_publisher":"https:\/\/www.facebook.com\/forsantitheft\/","article_modified_time":"2026-03-31T13:02:29+00:00","twitter_card":"summary_large_image","twitter_site":"@fors_france","twitter_misc":{"Est. reading time":"1 minute"},"schema":{"@context":"https:\/\/schema.org","@graph":[{"@type":"WebPage","@id":"https:\/\/fors.fr\/en\/safers\/boitier-antivol-p09\/","url":"https:\/\/fors.fr\/en\/safers\/boitier-antivol-p09\/","name":"Bo\u00eetier P09 - Fors Anti-Theft","isPartOf":{"@id":"https:\/\/fors.fr\/en\/#website"},"primaryImageOfPage":{"@id":"https:\/\/fors.fr\/en\/safers\/boitier-antivol-p09\/#primaryimage"},"image":{"@id":"https:\/\/fors.fr\/en\/safers\/boitier-antivol-p09\/#primaryimage"},"thumbnailUrl":"https:\/\/fors.fr\/medias\/P09.jpg","datePublished":"2019-12-18T03:41:23+00:00","dateModified":"2026-03-31T13:02:29+00:00","breadcrumb":{"@id":"https:\/\/fors.fr\/en\/safers\/boitier-antivol-p09\/#breadcrumb"},"inLanguage":"en-US","potentialAction":[{"@type":"ReadAction","target":["https:\/\/fors.fr\/en\/safers\/boitier-antivol-p09\/"]}]},{"@type":"ImageObject","inLanguage":"en-US","@id":"https:\/\/fors.fr\/en\/safers\/boitier-antivol-p09\/#primaryimage","url":"https:\/\/fors.fr\/medias\/P09.jpg","contentUrl":"https:\/\/fors.fr\/medias\/P09.jpg","width":600,"height":600,"caption":"Bo\u00eetier Antivol FORS P09"},{"@type":"BreadcrumbList","@id":"https:\/\/fors.fr\/en\/safers\/boitier-antivol-p09\/#breadcrumb","itemListElement":[{"@type":"ListItem","position":1,"name":"FORS","item":"https:\/\/fors.fr\/en\/"},{"@type":"ListItem","position":2,"name":"Shop","item":"https:\/\/fors.fr\/en\/shop\/"},{"@type":"ListItem","position":3,"name":"Bo\u00eetier P09"}]},{"@type":"WebSite","@id":"https:\/\/fors.fr\/en\/#website","url":"https:\/\/fors.fr\/en\/","name":"FORS Anti-Theft","description":"Anti-theft against shoplifting","publisher":{"@id":"https:\/\/fors.fr\/en\/#organization"},"alternateName":"Fors","potentialAction":[{"@type":"SearchAction","target":{"@type":"EntryPoint","urlTemplate":"https:\/\/fors.fr\/en\/?s={search_term_string}"},"query-input":{"@type":"PropertyValueSpecification","valueRequired":true,"valueName":"search_term_string"}}],"inLanguage":"en-US"},{"@type":"Organization","@id":"https:\/\/fors.fr\/en\/#organization","name":"Fors","alternateName":"Fors Anti-Theft","url":"https:\/\/fors.fr\/en\/","logo":{"@type":"ImageObject","inLanguage":"en-US","@id":"https:\/\/fors.fr\/en\/#\/schema\/logo\/image\/","url":"https:\/\/fors.fr\/medias\/favico_512.png","contentUrl":"https:\/\/fors.fr\/medias\/favico_512.png","width":512,"height":512,"caption":"Fors"},"image":{"@id":"https:\/\/fors.fr\/en\/#\/schema\/logo\/image\/"},"sameAs":["https:\/\/www.facebook.com\/forsantitheft\/","https:\/\/x.com\/fors_france","https:\/\/www.linkedin.com\/company\/245351\/","https:\/\/www.youtube.com\/user\/ForsFrance\/","https:\/\/www.companeo.com\/portiques-de-securite\/annuaire\/fors-france","https:\/\/www.europages.fr\/FORS-FRANCE\/FRA310174-000009382001.html","https:\/\/www.pagesjaunes.fr\/pros\/07584984"]}]}},"_links":{"self":[{"href":"https:\/\/fors.fr\/en\/wp-json\/wp\/v2\/product\/1851917","targetHints":{"allow":["GET"]}}],"collection":[{"href":"https:\/\/fors.fr\/en\/wp-json\/wp\/v2\/product"}],"about":[{"href":"https:\/\/fors.fr\/en\/wp-json\/wp\/v2\/types\/product"}],"wp:featuredmedia":[{"embeddable":true,"href":"https:\/\/fors.fr\/en\/wp-json\/wp\/v2\/media\/21362687"}],"wp:attachment":[{"href":"https:\/\/fors.fr\/en\/wp-json\/wp\/v2\/media?parent=1851917"}],"wp:term":[{"taxonomy":"product_brand","embeddable":true,"href":"https:\/\/fors.fr\/en\/wp-json\/wp\/v2\/product_brand?post=1851917"},{"taxonomy":"product_cat","embeddable":true,"href":"https:\/\/fors.fr\/en\/wp-json\/wp\/v2\/product_cat?post=1851917"},{"taxonomy":"product_tag","embeddable":true,"href":"https:\/\/fors.fr\/en\/wp-json\/wp\/v2\/product_tag?post=1851917"}],"curies":[{"name":"wp","href":"https:\/\/api.w.org\/{rel}","templated":true}]}}