{"id":209963,"date":"2019-11-13T01:03:47","date_gmt":"2019-11-12T23:03:47","guid":{"rendered":"https:\/\/fors.fr\/uncategorized\/antenne-rf-symphony-plus-aluminium\/"},"modified":"2026-03-05T09:24:42","modified_gmt":"2026-03-05T08:24:42","slug":"symphony-aluminium","status":"publish","type":"product","link":"https:\/\/fors.fr\/en\/eas-antennas\/symphony-aluminium\/","title":{"rendered":"Portiques Antivol EAS RF SYMPHONY Aluminium"},"content":{"rendered":"<p><strong style=\"color: #e30613;\">ANTENNE ANTIVOL RF FORS : SYMPHONY ALUMINIUM<\/strong><\/p>\n<p class=\"description\">Les antennes <strong style=\"color: #e30613;\">SYMPHONY ( RxTx &#8211; DUO )<\/strong> fonctionnent en<strong style=\"color: #e30613;\"> Radio-Fr\u00e9quence 8,2 Mhz<\/strong>, la fr\u00e9quence internationale pour \u00e9tiquettes dures et autocollantes ainsi que les tags antivols.<\/p>\n<p><strong style=\"color: #e30613;\">OPTION PROTECTION CHARIOT DISPONIBLE ( SYM-ALU-PC )<\/strong><\/p>\n<p><strong style=\"color: #e30613;\">POSSIBILIT\u00c9 D&#8217;INTERCALER PLUSIEURS ANTENNES POUR UNE ZONE DE COUVERTURE PLUS LARGE<\/strong><\/p>\n<p><strong style=\"color: #e30613;\">ATOUTS<\/strong><br \/>\n<span style=\"color: #e30613;\">\u2022 <\/span>Possibilit\u00e9 d&#8217;int\u00e9grer un panneau PLV<br \/>\n<span style=\"color: #e30613;\">\u2022 <\/span>DSP avec fonction SMARTPULSE pour une d\u00e9tection optimale<br \/>\n<span style=\"color: #e30613;\">\u2022 <\/span>Analyse automatique des interf\u00e9rences<br \/>\n<span style=\"color: #e30613;\">\u2022 <\/span>Antenne design, s\u2019adapte \u00e0 tout type de magasins.<br \/>\n<span style=\"color: #e30613;\">\u2022 <\/span>Excellente d\u00e9tection<br \/>\n<span style=\"color: #e30613;\">\u2022 <\/span>Stabilit\u00e9 des performances dans le temps<br \/>\n<span style=\"color: #e30613;\">\u2022 <\/span>Electronique et alimentation ind\u00e9pendante pour chaque antenne.<br \/>\n<span style=\"color: #e30613;\">\u2022 <\/span>Signal sonore et lumineux.<\/p>\n<p><strong style=\"color: #e30613;\">DONN\u00c9ES TECHNIQUES<\/strong><br \/>\n<span style=\"color: #e30613;\">\u2022 <\/span>Dimensions ( L x H x P ) : 360 x 1500 x 44 mm ( Sans protection chariot )<br \/>\n<span style=\"color: #e30613;\">\u2022 <\/span>Dimensions ( L x H x P ) : 470 x 1500 x 80 mm ( Avec protection chariot )<br \/>\n<span style=\"color: #e30613;\">\u2022 <\/span>Poids : 4kg ( Sans protection chariot )<br \/>\n<span style=\"color: #e30613;\">\u2022 <\/span>Poids : 7.5kg ( Avec protection chariot )<br \/>\n<span style=\"color: #e30613;\">\u2022 <\/span>Alimentation sur prise 230V standard.<br \/>\n<span style=\"color: #e30613;\">\u2022 <\/span>Volume sonore alarme : 90 dB<\/p>\n<div style=\"text-align: center;\"><a class=\"et_pb_button\" style=\"color: var(--couleur);\" href=\"\/solutions-eas\/antennes\/antenne-rf-symphony-plus-plexiglass\/\"><span>Version Plexiglass de l&#8217;antenne avec plus d&#8217;options disponibles<\/span><\/a><\/div>\n<p>&nbsp;<\/p>\n<div style=\"text-align: center;\"><a class=\"et_pb_button\" style=\"color: var(--couleur);\" href=\"https:\/\/fors.fr\/solutions-eas\/antennes\/antenne-rf-armony-plus-aluminium\/\"><span>Version MONO de l&#8217;antenne<\/span><\/a><\/div>\n<p>&nbsp;<\/p>\n<p><img loading=\"lazy\" decoding=\"async\" class=\"alignnone wp-image-7229143\" style=\"display: block; margin-left: auto; margin-right: auto;\" role=\"img\" src=\"https:\/\/fors.fr\/medias\/FORS-Design-Exclusif.svg\" alt=\"\" width=\"102\" height=\"97\" \/><\/p>\n","protected":false},"excerpt":{"rendered":"<p>Excellente d\u00e9tection<br \/>\nFonction SMARTPULSE<br \/>\nAntenne type DUO<br \/>\nRxTx<\/p>\n","protected":false},"featured_media":11372878,"template":"","meta":{"_et_pb_use_builder":"","_et_pb_old_content":"","_et_gb_content_width":""},"product_brand":[],"product_cat":[1399],"product_tag":[1427],"class_list":{"0":"post-209963","1":"product","2":"type-product","3":"status-publish","4":"has-post-thumbnail","6":"product_cat-eas-antennas","7":"product_tag-rf-en","8":"pa_protection-chariot-avec-protection-chariot-en","9":"pa_protection-chariot-sans-protection-chariot-en","10":"pa_technologie-rf-en-2","12":"first","13":"instock","14":"taxable","15":"shipping-taxable","16":"purchasable","17":"product-type-variable"},"yoast_head":"<!-- This site is optimized with the Yoast SEO plugin v27.3 - https:\/\/yoast.com\/product\/yoast-seo-wordpress\/ -->\n<title>Antenne Antivol Magasin - Symphony Alu - Antenne DUO - Fors Anti-Theft France<\/title>\n<meta name=\"description\" content=\"Les portiques DUO Radio-Fr\u00e9quence FORS sont adapt\u00e9s pour les boutiques de proximit\u00e9 (Retail...) et offrent un excellent taux de d\u00e9tection gr\u00e2ce au DSP int\u00e9gr\u00e9\" \/>\n<meta name=\"robots\" content=\"index, follow, max-snippet:-1, max-image-preview:large, max-video-preview:-1\" \/>\n<link rel=\"canonical\" href=\"https:\/\/fors.fr\/en\/eas-antennas\/symphony-aluminium\/\" \/>\n<meta property=\"og:locale\" content=\"en_US\" \/>\n<meta property=\"og:type\" content=\"article\" \/>\n<meta property=\"og:title\" content=\"Antenne Antivol Magasin - Symphony Alu - Antenne DUO - Fors Anti-Theft France\" \/>\n<meta property=\"og:description\" content=\"Les portiques DUO Radio-Fr\u00e9quence FORS sont adapt\u00e9s pour les boutiques de proximit\u00e9 (Retail...) et offrent un excellent taux de d\u00e9tection gr\u00e2ce au DSP int\u00e9gr\u00e9\" \/>\n<meta property=\"og:url\" content=\"https:\/\/fors.fr\/en\/eas-antennas\/symphony-aluminium\/\" \/>\n<meta property=\"og:site_name\" content=\"Fors Anti-Theft\" \/>\n<meta property=\"article:publisher\" content=\"https:\/\/www.facebook.com\/forsantitheft\/\" \/>\n<meta property=\"article:modified_time\" content=\"2026-03-05T08:24:42+00:00\" \/>\n<meta property=\"og:image\" content=\"https:\/\/fors.fr\/medias\/Photos-Site-fors-antennes-RF-1500x15004-2.jpg\" \/>\n\t<meta property=\"og:image:width\" content=\"1500\" \/>\n\t<meta property=\"og:image:height\" content=\"1500\" \/>\n\t<meta property=\"og:image:type\" content=\"image\/jpeg\" \/>\n<meta name=\"twitter:card\" content=\"summary_large_image\" \/>\n<meta name=\"twitter:site\" content=\"@fors_france\" \/>\n<meta name=\"twitter:label1\" content=\"Est. reading time\" \/>\n\t<meta name=\"twitter:data1\" content=\"1 minute\" \/>\n<script type=\"application\/ld+json\" class=\"yoast-schema-graph\">{\"@context\":\"https:\\\/\\\/schema.org\",\"@graph\":[{\"@type\":\"WebPage\",\"@id\":\"https:\\\/\\\/fors.fr\\\/en\\\/eas-antennas\\\/symphony-aluminium\\\/\",\"url\":\"https:\\\/\\\/fors.fr\\\/en\\\/eas-antennas\\\/symphony-aluminium\\\/\",\"name\":\"Antenne Antivol Magasin - Symphony Alu - Antenne DUO - Fors Anti-Theft France\",\"isPartOf\":{\"@id\":\"https:\\\/\\\/fors.fr\\\/en\\\/#website\"},\"primaryImageOfPage\":{\"@id\":\"https:\\\/\\\/fors.fr\\\/en\\\/eas-antennas\\\/symphony-aluminium\\\/#primaryimage\"},\"image\":{\"@id\":\"https:\\\/\\\/fors.fr\\\/en\\\/eas-antennas\\\/symphony-aluminium\\\/#primaryimage\"},\"thumbnailUrl\":\"https:\\\/\\\/fors.fr\\\/medias\\\/Photos-Site-fors-antennes-RF-1500x15004-2.jpg\",\"datePublished\":\"2019-11-12T23:03:47+00:00\",\"dateModified\":\"2026-03-05T08:24:42+00:00\",\"description\":\"Les portiques DUO Radio-Fr\u00e9quence FORS sont adapt\u00e9s pour les boutiques de proximit\u00e9 (Retail...) et offrent un excellent taux de d\u00e9tection gr\u00e2ce au DSP int\u00e9gr\u00e9\",\"breadcrumb\":{\"@id\":\"https:\\\/\\\/fors.fr\\\/en\\\/eas-antennas\\\/symphony-aluminium\\\/#breadcrumb\"},\"inLanguage\":\"en-US\",\"potentialAction\":[{\"@type\":\"ReadAction\",\"target\":[\"https:\\\/\\\/fors.fr\\\/en\\\/eas-antennas\\\/symphony-aluminium\\\/\"]}]},{\"@type\":\"ImageObject\",\"inLanguage\":\"en-US\",\"@id\":\"https:\\\/\\\/fors.fr\\\/en\\\/eas-antennas\\\/symphony-aluminium\\\/#primaryimage\",\"url\":\"https:\\\/\\\/fors.fr\\\/medias\\\/Photos-Site-fors-antennes-RF-1500x15004-2.jpg\",\"contentUrl\":\"https:\\\/\\\/fors.fr\\\/medias\\\/Photos-Site-fors-antennes-RF-1500x15004-2.jpg\",\"width\":1500,\"height\":1500},{\"@type\":\"BreadcrumbList\",\"@id\":\"https:\\\/\\\/fors.fr\\\/en\\\/eas-antennas\\\/symphony-aluminium\\\/#breadcrumb\",\"itemListElement\":[{\"@type\":\"ListItem\",\"position\":1,\"name\":\"FORS\",\"item\":\"https:\\\/\\\/fors.fr\\\/en\\\/\"},{\"@type\":\"ListItem\",\"position\":2,\"name\":\"Shop\",\"item\":\"https:\\\/\\\/fors.fr\\\/en\\\/shop\\\/\"},{\"@type\":\"ListItem\",\"position\":3,\"name\":\"Portiques Antivol EAS RF SYMPHONY Aluminium\"}]},{\"@type\":\"WebSite\",\"@id\":\"https:\\\/\\\/fors.fr\\\/en\\\/#website\",\"url\":\"https:\\\/\\\/fors.fr\\\/en\\\/\",\"name\":\"FORS Anti-Theft\",\"description\":\"Anti-theft against shoplifting\",\"publisher\":{\"@id\":\"https:\\\/\\\/fors.fr\\\/en\\\/#organization\"},\"alternateName\":\"Fors\",\"potentialAction\":[{\"@type\":\"SearchAction\",\"target\":{\"@type\":\"EntryPoint\",\"urlTemplate\":\"https:\\\/\\\/fors.fr\\\/en\\\/?s={search_term_string}\"},\"query-input\":{\"@type\":\"PropertyValueSpecification\",\"valueRequired\":true,\"valueName\":\"search_term_string\"}}],\"inLanguage\":\"en-US\"},{\"@type\":\"Organization\",\"@id\":\"https:\\\/\\\/fors.fr\\\/en\\\/#organization\",\"name\":\"Fors\",\"alternateName\":\"Fors Anti-Theft\",\"url\":\"https:\\\/\\\/fors.fr\\\/en\\\/\",\"logo\":{\"@type\":\"ImageObject\",\"inLanguage\":\"en-US\",\"@id\":\"https:\\\/\\\/fors.fr\\\/en\\\/#\\\/schema\\\/logo\\\/image\\\/\",\"url\":\"https:\\\/\\\/fors.fr\\\/medias\\\/favico_512.png\",\"contentUrl\":\"https:\\\/\\\/fors.fr\\\/medias\\\/favico_512.png\",\"width\":512,\"height\":512,\"caption\":\"Fors\"},\"image\":{\"@id\":\"https:\\\/\\\/fors.fr\\\/en\\\/#\\\/schema\\\/logo\\\/image\\\/\"},\"sameAs\":[\"https:\\\/\\\/www.facebook.com\\\/forsantitheft\\\/\",\"https:\\\/\\\/x.com\\\/fors_france\",\"https:\\\/\\\/www.linkedin.com\\\/company\\\/245351\\\/\",\"https:\\\/\\\/www.youtube.com\\\/user\\\/ForsFrance\\\/\",\"https:\\\/\\\/www.companeo.com\\\/portiques-de-securite\\\/annuaire\\\/fors-france\",\"https:\\\/\\\/www.europages.fr\\\/FORS-FRANCE\\\/FRA310174-000009382001.html\",\"https:\\\/\\\/www.pagesjaunes.fr\\\/pros\\\/07584984\"]}]}<\/script>\n<!-- \/ Yoast SEO plugin. -->","yoast_head_json":{"title":"Antenne Antivol Magasin - Symphony Alu - Antenne DUO - Fors Anti-Theft France","description":"Les portiques DUO Radio-Fr\u00e9quence FORS sont adapt\u00e9s pour les boutiques de proximit\u00e9 (Retail...) et offrent un excellent taux de d\u00e9tection gr\u00e2ce au DSP int\u00e9gr\u00e9","robots":{"index":"index","follow":"follow","max-snippet":"max-snippet:-1","max-image-preview":"max-image-preview:large","max-video-preview":"max-video-preview:-1"},"canonical":"https:\/\/fors.fr\/en\/eas-antennas\/symphony-aluminium\/","og_locale":"en_US","og_type":"article","og_title":"Antenne Antivol Magasin - Symphony Alu - Antenne DUO - Fors Anti-Theft France","og_description":"Les portiques DUO Radio-Fr\u00e9quence FORS sont adapt\u00e9s pour les boutiques de proximit\u00e9 (Retail...) et offrent un excellent taux de d\u00e9tection gr\u00e2ce au DSP int\u00e9gr\u00e9","og_url":"https:\/\/fors.fr\/en\/eas-antennas\/symphony-aluminium\/","og_site_name":"Fors Anti-Theft","article_publisher":"https:\/\/www.facebook.com\/forsantitheft\/","article_modified_time":"2026-03-05T08:24:42+00:00","og_image":[{"width":1500,"height":1500,"url":"https:\/\/fors.fr\/medias\/Photos-Site-fors-antennes-RF-1500x15004-2.jpg","type":"image\/jpeg"}],"twitter_card":"summary_large_image","twitter_site":"@fors_france","twitter_misc":{"Est. reading time":"1 minute"},"schema":{"@context":"https:\/\/schema.org","@graph":[{"@type":"WebPage","@id":"https:\/\/fors.fr\/en\/eas-antennas\/symphony-aluminium\/","url":"https:\/\/fors.fr\/en\/eas-antennas\/symphony-aluminium\/","name":"Antenne Antivol Magasin - Symphony Alu - Antenne DUO - Fors Anti-Theft France","isPartOf":{"@id":"https:\/\/fors.fr\/en\/#website"},"primaryImageOfPage":{"@id":"https:\/\/fors.fr\/en\/eas-antennas\/symphony-aluminium\/#primaryimage"},"image":{"@id":"https:\/\/fors.fr\/en\/eas-antennas\/symphony-aluminium\/#primaryimage"},"thumbnailUrl":"https:\/\/fors.fr\/medias\/Photos-Site-fors-antennes-RF-1500x15004-2.jpg","datePublished":"2019-11-12T23:03:47+00:00","dateModified":"2026-03-05T08:24:42+00:00","description":"Les portiques DUO Radio-Fr\u00e9quence FORS sont adapt\u00e9s pour les boutiques de proximit\u00e9 (Retail...) et offrent un excellent taux de d\u00e9tection gr\u00e2ce au DSP int\u00e9gr\u00e9","breadcrumb":{"@id":"https:\/\/fors.fr\/en\/eas-antennas\/symphony-aluminium\/#breadcrumb"},"inLanguage":"en-US","potentialAction":[{"@type":"ReadAction","target":["https:\/\/fors.fr\/en\/eas-antennas\/symphony-aluminium\/"]}]},{"@type":"ImageObject","inLanguage":"en-US","@id":"https:\/\/fors.fr\/en\/eas-antennas\/symphony-aluminium\/#primaryimage","url":"https:\/\/fors.fr\/medias\/Photos-Site-fors-antennes-RF-1500x15004-2.jpg","contentUrl":"https:\/\/fors.fr\/medias\/Photos-Site-fors-antennes-RF-1500x15004-2.jpg","width":1500,"height":1500},{"@type":"BreadcrumbList","@id":"https:\/\/fors.fr\/en\/eas-antennas\/symphony-aluminium\/#breadcrumb","itemListElement":[{"@type":"ListItem","position":1,"name":"FORS","item":"https:\/\/fors.fr\/en\/"},{"@type":"ListItem","position":2,"name":"Shop","item":"https:\/\/fors.fr\/en\/shop\/"},{"@type":"ListItem","position":3,"name":"Portiques Antivol EAS RF SYMPHONY Aluminium"}]},{"@type":"WebSite","@id":"https:\/\/fors.fr\/en\/#website","url":"https:\/\/fors.fr\/en\/","name":"FORS Anti-Theft","description":"Anti-theft against shoplifting","publisher":{"@id":"https:\/\/fors.fr\/en\/#organization"},"alternateName":"Fors","potentialAction":[{"@type":"SearchAction","target":{"@type":"EntryPoint","urlTemplate":"https:\/\/fors.fr\/en\/?s={search_term_string}"},"query-input":{"@type":"PropertyValueSpecification","valueRequired":true,"valueName":"search_term_string"}}],"inLanguage":"en-US"},{"@type":"Organization","@id":"https:\/\/fors.fr\/en\/#organization","name":"Fors","alternateName":"Fors Anti-Theft","url":"https:\/\/fors.fr\/en\/","logo":{"@type":"ImageObject","inLanguage":"en-US","@id":"https:\/\/fors.fr\/en\/#\/schema\/logo\/image\/","url":"https:\/\/fors.fr\/medias\/favico_512.png","contentUrl":"https:\/\/fors.fr\/medias\/favico_512.png","width":512,"height":512,"caption":"Fors"},"image":{"@id":"https:\/\/fors.fr\/en\/#\/schema\/logo\/image\/"},"sameAs":["https:\/\/www.facebook.com\/forsantitheft\/","https:\/\/x.com\/fors_france","https:\/\/www.linkedin.com\/company\/245351\/","https:\/\/www.youtube.com\/user\/ForsFrance\/","https:\/\/www.companeo.com\/portiques-de-securite\/annuaire\/fors-france","https:\/\/www.europages.fr\/FORS-FRANCE\/FRA310174-000009382001.html","https:\/\/www.pagesjaunes.fr\/pros\/07584984"]}]}},"_links":{"self":[{"href":"https:\/\/fors.fr\/en\/wp-json\/wp\/v2\/product\/209963","targetHints":{"allow":["GET"]}}],"collection":[{"href":"https:\/\/fors.fr\/en\/wp-json\/wp\/v2\/product"}],"about":[{"href":"https:\/\/fors.fr\/en\/wp-json\/wp\/v2\/types\/product"}],"wp:featuredmedia":[{"embeddable":true,"href":"https:\/\/fors.fr\/en\/wp-json\/wp\/v2\/media\/11372878"}],"wp:attachment":[{"href":"https:\/\/fors.fr\/en\/wp-json\/wp\/v2\/media?parent=209963"}],"wp:term":[{"taxonomy":"product_brand","embeddable":true,"href":"https:\/\/fors.fr\/en\/wp-json\/wp\/v2\/product_brand?post=209963"},{"taxonomy":"product_cat","embeddable":true,"href":"https:\/\/fors.fr\/en\/wp-json\/wp\/v2\/product_cat?post=209963"},{"taxonomy":"product_tag","embeddable":true,"href":"https:\/\/fors.fr\/en\/wp-json\/wp\/v2\/product_tag?post=209963"}],"curies":[{"name":"wp","href":"https:\/\/api.w.org\/{rel}","templated":true}]}}