{"id":209966,"date":"2019-11-13T00:42:35","date_gmt":"2019-11-12T22:42:35","guid":{"rendered":"https:\/\/fors.fr\/uncategorized\/antenne-am-tempo\/"},"modified":"2026-03-05T09:24:52","modified_gmt":"2026-03-05T08:24:52","slug":"portiques-antivol-am","status":"publish","type":"product","link":"https:\/\/fors.fr\/en\/eas-antennas\/portiques-antivol-am\/","title":{"rendered":"Portiques Antivol EAS AM 58\u00a0kHz"},"content":{"rendered":"<p>Les <strong style=\"color: #e30613;\">portiques antivol AM<\/strong> sont id\u00e9aux pour les boutiques de pr\u00eat-\u00e0-porter, les pharmacies, etc., nos portiques AM b\u00e9n\u00e9ficient d&#8217;une excellente d\u00e9tection et d&#8217;une parfaite r\u00e9sistance aux interf\u00e9rences.<\/p>\n<p>Cette technologie permet d\u2019atteindre une distance de d\u00e9tection de 2,20m entre deux portiques, permettant ainsi de lib\u00e9rer votre entr\u00e9e au maximum pour le passage de la client\u00e8le.<\/p>\n<p><strong style=\"color: var(--couleur);\">Nos portiques antivol AM (magn\u00e9to-acoustique) fonctionnent en 58 KHz<\/strong>, fr\u00e9quence internationale pour \u00e9tiquettes dures et autocollantes. Elles sont ainsi compatibles avec toutes les \u00e9tiquettes de cette technologie.<\/p>\n<p>Sp\u00e9cialement d\u00e9velopp\u00e9e pour les pharmacies et les magasins retail d\u00e9sireux de disposer de petites \u00e9tiquettes autocollantes, <strong style=\"color: var(--couleur);\">la gamme Tempo est d\u00e9j\u00e0 install\u00e9e dans plus de 150 magasins<\/strong>.<\/p>\n<p>Les 3 tailles de nos portiques sont destin\u00e9es \u00e0 r\u00e9pondre \u00e0 vos largeurs de d\u00e9tection et notre gamme d\u2019accessoires permettra de s\u00e9curiser l\u2019ensemble de vos produits.<\/p>\n<p><strong style=\"color: #e30613;\">ATOUTS<\/strong><br \/>\n<span style=\"color: #e30613;\">\u2022 <\/span>Design sobre et \u00e9pur\u00e9<br \/>\n<span style=\"color: #e30613;\">\u2022 <\/span>Excellente d\u00e9tection<br \/>\n<span style=\"color: #e30613;\">\u2022 <\/span>Int\u00e9gration de PLV<br \/>\n<span style=\"color: #e30613;\">\u2022 <\/span>Moins sensible au perturbations<br \/>\n<span style=\"color: #e30613;\">\u2022 <\/span>Basse fr\u00e9quence<br \/>\n<span style=\"color: #e30613;\">\u2022 <\/span>Haute sensibilit\u00e9<br \/>\n<span style=\"color: #e30613;\">\u2022 <\/span>R\u00e9glage et fonctionnement stable dans le temps<\/p>\n<p><strong style=\"color: #e30613;\">DONN\u00c9ES TECHNIQUES<\/strong><br \/>\n<span style=\"color: #e30613;\">\u2022 <\/span>Dimensions Portique G1 ( L x H x P ): 302 x 1530 x 60 mm<br \/>\n<span style=\"color: #e30613;\">\u2022 <\/span>Dimensions Portique G2 ( L x H x P ): 420 x 1530 x 60 mm<br \/>\n<span style=\"color: #e30613;\">\u2022 <\/span>Dimensions Portique G3 ( L x H x P ): 520 x 1530 x 60 mm<br \/>\n<span style=\"color: #e30613;\">\u2022 <\/span>Alimentation secteur 230V<\/p>\n<p><a style=\"text-decoration:underline;\" href=\"https:\/\/fors.fr\/options-accessoires\/table-de-desactivation-am\/\">D\u00e9sactivez les \u00e9tiquettes AM avec la table de d\u00e9sactivation AM<\/a><\/p>\n<p><img loading=\"lazy\" decoding=\"async\" class=\"alignnone size-medium wp-image-7264899\" style=\"display: block; margin-left: auto; margin-right: auto;\" role=\"img\" src=\"https:\/\/fors.fr\/medias\/Distances-detection-antennes-TEMPO-AM.svg\" alt=\"\" width=\"500\" height=\"500\" \/><\/p>\n","protected":false},"excerpt":{"rendered":"<p>Technologie Accousto-magnetique 58kHz<br \/>\nVersions RxTx ou Mono disponibles<br \/>\n3 largeurs disponibles<\/p>\n","protected":false},"featured_media":11347290,"template":"","meta":{"_et_pb_use_builder":"","_et_pb_old_content":"","_et_gb_content_width":""},"product_brand":[],"product_cat":[1399],"product_tag":[1415],"class_list":{"0":"post-209966","1":"product","2":"type-product","3":"status-publish","4":"has-post-thumbnail","6":"product_cat-eas-antennas","7":"product_tag-am-en","9":"first","10":"instock","11":"taxable","12":"shipping-taxable","13":"purchasable","14":"product-type-simple"},"yoast_head":"<!-- This site is optimized with the Yoast SEO plugin v27.4 - https:\/\/yoast.com\/product\/yoast-seo-wordpress\/ -->\n<title>Portiques Antivol AM 58kHz | FORS France<\/title>\n<meta name=\"description\" content=\"Pour les boutiques de pr\u00eat-\u00e0-porter et pharmacies, nos portiques antivol AM b\u00e9n\u00e9ficient d\u2019une excellente d\u00e9tection et d\u2019une r\u00e9sistance aux interf\u00e9rences.\" \/>\n<meta name=\"robots\" content=\"index, follow, max-snippet:-1, max-image-preview:large, max-video-preview:-1\" \/>\n<link rel=\"canonical\" href=\"https:\/\/fors.fr\/en\/eas-antennas\/portiques-antivol-am\/\" \/>\n<meta property=\"og:locale\" content=\"en_US\" \/>\n<meta property=\"og:type\" content=\"article\" \/>\n<meta property=\"og:title\" content=\"Portiques Antivol AM 58kHz | FORS France\" \/>\n<meta property=\"og:description\" content=\"Pour les boutiques de pr\u00eat-\u00e0-porter et pharmacies, nos portiques antivol AM b\u00e9n\u00e9ficient d\u2019une excellente d\u00e9tection et d\u2019une r\u00e9sistance aux interf\u00e9rences.\" \/>\n<meta property=\"og:url\" content=\"https:\/\/fors.fr\/en\/eas-antennas\/portiques-antivol-am\/\" \/>\n<meta property=\"og:site_name\" content=\"Fors Anti-Theft\" \/>\n<meta property=\"article:publisher\" content=\"https:\/\/www.facebook.com\/forsantitheft\/\" \/>\n<meta property=\"article:modified_time\" content=\"2026-03-05T08:24:52+00:00\" \/>\n<meta property=\"og:image\" content=\"https:\/\/fors.fr\/medias\/amalu-42-site-rxtx.jpg\" \/>\n\t<meta property=\"og:image:width\" content=\"1500\" \/>\n\t<meta property=\"og:image:height\" content=\"1500\" \/>\n\t<meta property=\"og:image:type\" content=\"image\/jpeg\" \/>\n<meta name=\"twitter:card\" content=\"summary_large_image\" \/>\n<meta name=\"twitter:site\" content=\"@fors_france\" \/>\n<meta name=\"twitter:label1\" content=\"Est. reading time\" \/>\n\t<meta name=\"twitter:data1\" content=\"1 minute\" \/>\n<script type=\"application\/ld+json\" class=\"yoast-schema-graph\">{\"@context\":\"https:\\\/\\\/schema.org\",\"@graph\":[{\"@type\":\"WebPage\",\"@id\":\"https:\\\/\\\/fors.fr\\\/en\\\/eas-antennas\\\/portiques-antivol-am\\\/\",\"url\":\"https:\\\/\\\/fors.fr\\\/en\\\/eas-antennas\\\/portiques-antivol-am\\\/\",\"name\":\"Portiques Antivol AM 58kHz | FORS France\",\"isPartOf\":{\"@id\":\"https:\\\/\\\/fors.fr\\\/en\\\/#website\"},\"primaryImageOfPage\":{\"@id\":\"https:\\\/\\\/fors.fr\\\/en\\\/eas-antennas\\\/portiques-antivol-am\\\/#primaryimage\"},\"image\":{\"@id\":\"https:\\\/\\\/fors.fr\\\/en\\\/eas-antennas\\\/portiques-antivol-am\\\/#primaryimage\"},\"thumbnailUrl\":\"https:\\\/\\\/fors.fr\\\/medias\\\/amalu-42-site-rxtx.jpg\",\"datePublished\":\"2019-11-12T22:42:35+00:00\",\"dateModified\":\"2026-03-05T08:24:52+00:00\",\"description\":\"Pour les boutiques de pr\u00eat-\u00e0-porter et pharmacies, nos portiques antivol AM b\u00e9n\u00e9ficient d\u2019une excellente d\u00e9tection et d\u2019une r\u00e9sistance aux interf\u00e9rences.\",\"breadcrumb\":{\"@id\":\"https:\\\/\\\/fors.fr\\\/en\\\/eas-antennas\\\/portiques-antivol-am\\\/#breadcrumb\"},\"inLanguage\":\"en-US\",\"potentialAction\":[{\"@type\":\"ReadAction\",\"target\":[\"https:\\\/\\\/fors.fr\\\/en\\\/eas-antennas\\\/portiques-antivol-am\\\/\"]}]},{\"@type\":\"ImageObject\",\"inLanguage\":\"en-US\",\"@id\":\"https:\\\/\\\/fors.fr\\\/en\\\/eas-antennas\\\/portiques-antivol-am\\\/#primaryimage\",\"url\":\"https:\\\/\\\/fors.fr\\\/medias\\\/amalu-42-site-rxtx.jpg\",\"contentUrl\":\"https:\\\/\\\/fors.fr\\\/medias\\\/amalu-42-site-rxtx.jpg\",\"width\":1500,\"height\":1500,\"caption\":\"Portiques Antivols AM 58kHz\"},{\"@type\":\"BreadcrumbList\",\"@id\":\"https:\\\/\\\/fors.fr\\\/en\\\/eas-antennas\\\/portiques-antivol-am\\\/#breadcrumb\",\"itemListElement\":[{\"@type\":\"ListItem\",\"position\":1,\"name\":\"FORS\",\"item\":\"https:\\\/\\\/fors.fr\\\/en\\\/\"},{\"@type\":\"ListItem\",\"position\":2,\"name\":\"Shop\",\"item\":\"https:\\\/\\\/fors.fr\\\/en\\\/shop\\\/\"},{\"@type\":\"ListItem\",\"position\":3,\"name\":\"Portiques Antivol EAS AM 58\u00a0kHz\"}]},{\"@type\":\"WebSite\",\"@id\":\"https:\\\/\\\/fors.fr\\\/en\\\/#website\",\"url\":\"https:\\\/\\\/fors.fr\\\/en\\\/\",\"name\":\"FORS Anti-Theft\",\"description\":\"Anti-theft against shoplifting\",\"publisher\":{\"@id\":\"https:\\\/\\\/fors.fr\\\/en\\\/#organization\"},\"alternateName\":\"Fors\",\"potentialAction\":[{\"@type\":\"SearchAction\",\"target\":{\"@type\":\"EntryPoint\",\"urlTemplate\":\"https:\\\/\\\/fors.fr\\\/en\\\/?s={search_term_string}\"},\"query-input\":{\"@type\":\"PropertyValueSpecification\",\"valueRequired\":true,\"valueName\":\"search_term_string\"}}],\"inLanguage\":\"en-US\"},{\"@type\":\"Organization\",\"@id\":\"https:\\\/\\\/fors.fr\\\/en\\\/#organization\",\"name\":\"Fors\",\"alternateName\":\"Fors Anti-Theft\",\"url\":\"https:\\\/\\\/fors.fr\\\/en\\\/\",\"logo\":{\"@type\":\"ImageObject\",\"inLanguage\":\"en-US\",\"@id\":\"https:\\\/\\\/fors.fr\\\/en\\\/#\\\/schema\\\/logo\\\/image\\\/\",\"url\":\"https:\\\/\\\/fors.fr\\\/medias\\\/favico_512.png\",\"contentUrl\":\"https:\\\/\\\/fors.fr\\\/medias\\\/favico_512.png\",\"width\":512,\"height\":512,\"caption\":\"Fors\"},\"image\":{\"@id\":\"https:\\\/\\\/fors.fr\\\/en\\\/#\\\/schema\\\/logo\\\/image\\\/\"},\"sameAs\":[\"https:\\\/\\\/www.facebook.com\\\/forsantitheft\\\/\",\"https:\\\/\\\/x.com\\\/fors_france\",\"https:\\\/\\\/www.linkedin.com\\\/company\\\/245351\\\/\",\"https:\\\/\\\/www.youtube.com\\\/user\\\/ForsFrance\\\/\",\"https:\\\/\\\/www.companeo.com\\\/portiques-de-securite\\\/annuaire\\\/fors-france\",\"https:\\\/\\\/www.europages.fr\\\/FORS-FRANCE\\\/FRA310174-000009382001.html\",\"https:\\\/\\\/www.pagesjaunes.fr\\\/pros\\\/07584984\"]}]}<\/script>\n<!-- \/ Yoast SEO plugin. -->","yoast_head_json":{"title":"Portiques Antivol AM 58kHz | FORS France","description":"Pour les boutiques de pr\u00eat-\u00e0-porter et pharmacies, nos portiques antivol AM b\u00e9n\u00e9ficient d\u2019une excellente d\u00e9tection et d\u2019une r\u00e9sistance aux interf\u00e9rences.","robots":{"index":"index","follow":"follow","max-snippet":"max-snippet:-1","max-image-preview":"max-image-preview:large","max-video-preview":"max-video-preview:-1"},"canonical":"https:\/\/fors.fr\/en\/eas-antennas\/portiques-antivol-am\/","og_locale":"en_US","og_type":"article","og_title":"Portiques Antivol AM 58kHz | FORS France","og_description":"Pour les boutiques de pr\u00eat-\u00e0-porter et pharmacies, nos portiques antivol AM b\u00e9n\u00e9ficient d\u2019une excellente d\u00e9tection et d\u2019une r\u00e9sistance aux interf\u00e9rences.","og_url":"https:\/\/fors.fr\/en\/eas-antennas\/portiques-antivol-am\/","og_site_name":"Fors Anti-Theft","article_publisher":"https:\/\/www.facebook.com\/forsantitheft\/","article_modified_time":"2026-03-05T08:24:52+00:00","og_image":[{"width":1500,"height":1500,"url":"https:\/\/fors.fr\/medias\/amalu-42-site-rxtx.jpg","type":"image\/jpeg"}],"twitter_card":"summary_large_image","twitter_site":"@fors_france","twitter_misc":{"Est. reading time":"1 minute"},"schema":{"@context":"https:\/\/schema.org","@graph":[{"@type":"WebPage","@id":"https:\/\/fors.fr\/en\/eas-antennas\/portiques-antivol-am\/","url":"https:\/\/fors.fr\/en\/eas-antennas\/portiques-antivol-am\/","name":"Portiques Antivol AM 58kHz | FORS France","isPartOf":{"@id":"https:\/\/fors.fr\/en\/#website"},"primaryImageOfPage":{"@id":"https:\/\/fors.fr\/en\/eas-antennas\/portiques-antivol-am\/#primaryimage"},"image":{"@id":"https:\/\/fors.fr\/en\/eas-antennas\/portiques-antivol-am\/#primaryimage"},"thumbnailUrl":"https:\/\/fors.fr\/medias\/amalu-42-site-rxtx.jpg","datePublished":"2019-11-12T22:42:35+00:00","dateModified":"2026-03-05T08:24:52+00:00","description":"Pour les boutiques de pr\u00eat-\u00e0-porter et pharmacies, nos portiques antivol AM b\u00e9n\u00e9ficient d\u2019une excellente d\u00e9tection et d\u2019une r\u00e9sistance aux interf\u00e9rences.","breadcrumb":{"@id":"https:\/\/fors.fr\/en\/eas-antennas\/portiques-antivol-am\/#breadcrumb"},"inLanguage":"en-US","potentialAction":[{"@type":"ReadAction","target":["https:\/\/fors.fr\/en\/eas-antennas\/portiques-antivol-am\/"]}]},{"@type":"ImageObject","inLanguage":"en-US","@id":"https:\/\/fors.fr\/en\/eas-antennas\/portiques-antivol-am\/#primaryimage","url":"https:\/\/fors.fr\/medias\/amalu-42-site-rxtx.jpg","contentUrl":"https:\/\/fors.fr\/medias\/amalu-42-site-rxtx.jpg","width":1500,"height":1500,"caption":"Portiques Antivols AM 58kHz"},{"@type":"BreadcrumbList","@id":"https:\/\/fors.fr\/en\/eas-antennas\/portiques-antivol-am\/#breadcrumb","itemListElement":[{"@type":"ListItem","position":1,"name":"FORS","item":"https:\/\/fors.fr\/en\/"},{"@type":"ListItem","position":2,"name":"Shop","item":"https:\/\/fors.fr\/en\/shop\/"},{"@type":"ListItem","position":3,"name":"Portiques Antivol EAS AM 58\u00a0kHz"}]},{"@type":"WebSite","@id":"https:\/\/fors.fr\/en\/#website","url":"https:\/\/fors.fr\/en\/","name":"FORS Anti-Theft","description":"Anti-theft against shoplifting","publisher":{"@id":"https:\/\/fors.fr\/en\/#organization"},"alternateName":"Fors","potentialAction":[{"@type":"SearchAction","target":{"@type":"EntryPoint","urlTemplate":"https:\/\/fors.fr\/en\/?s={search_term_string}"},"query-input":{"@type":"PropertyValueSpecification","valueRequired":true,"valueName":"search_term_string"}}],"inLanguage":"en-US"},{"@type":"Organization","@id":"https:\/\/fors.fr\/en\/#organization","name":"Fors","alternateName":"Fors Anti-Theft","url":"https:\/\/fors.fr\/en\/","logo":{"@type":"ImageObject","inLanguage":"en-US","@id":"https:\/\/fors.fr\/en\/#\/schema\/logo\/image\/","url":"https:\/\/fors.fr\/medias\/favico_512.png","contentUrl":"https:\/\/fors.fr\/medias\/favico_512.png","width":512,"height":512,"caption":"Fors"},"image":{"@id":"https:\/\/fors.fr\/en\/#\/schema\/logo\/image\/"},"sameAs":["https:\/\/www.facebook.com\/forsantitheft\/","https:\/\/x.com\/fors_france","https:\/\/www.linkedin.com\/company\/245351\/","https:\/\/www.youtube.com\/user\/ForsFrance\/","https:\/\/www.companeo.com\/portiques-de-securite\/annuaire\/fors-france","https:\/\/www.europages.fr\/FORS-FRANCE\/FRA310174-000009382001.html","https:\/\/www.pagesjaunes.fr\/pros\/07584984"]}]}},"_links":{"self":[{"href":"https:\/\/fors.fr\/en\/wp-json\/wp\/v2\/product\/209966","targetHints":{"allow":["GET"]}}],"collection":[{"href":"https:\/\/fors.fr\/en\/wp-json\/wp\/v2\/product"}],"about":[{"href":"https:\/\/fors.fr\/en\/wp-json\/wp\/v2\/types\/product"}],"wp:featuredmedia":[{"embeddable":true,"href":"https:\/\/fors.fr\/en\/wp-json\/wp\/v2\/media\/11347290"}],"wp:attachment":[{"href":"https:\/\/fors.fr\/en\/wp-json\/wp\/v2\/media?parent=209966"}],"wp:term":[{"taxonomy":"product_brand","embeddable":true,"href":"https:\/\/fors.fr\/en\/wp-json\/wp\/v2\/product_brand?post=209966"},{"taxonomy":"product_cat","embeddable":true,"href":"https:\/\/fors.fr\/en\/wp-json\/wp\/v2\/product_cat?post=209966"},{"taxonomy":"product_tag","embeddable":true,"href":"https:\/\/fors.fr\/en\/wp-json\/wp\/v2\/product_tag?post=209966"}],"curies":[{"name":"wp","href":"https:\/\/api.w.org\/{rel}","templated":true}]}}