{"id":209975,"date":"2019-11-13T00:22:25","date_gmt":"2019-11-12T23:22:25","guid":{"rendered":"https:\/\/fors.fr\/uncategorized\/antenne-rf-armony-plus-aluminium\/"},"modified":"2025-07-23T09:14:16","modified_gmt":"2025-07-23T07:14:16","slug":"armony-aluminium","status":"publish","type":"product","link":"https:\/\/fors.fr\/en\/eas-antennas\/armony-aluminium\/","title":{"rendered":"Portique Antivol RF ARMONY Aluminium"},"content":{"rendered":"<p><strong style=\"color: #e30613;\">ANTENNE ANTIVOL RF FORS : ARMONY ALUMINIUM<\/strong><\/p>\n<p class=\"description\">Nous avons con\u00e7u cette antenne Radio-Fr\u00e9quence sp\u00e9cialement pour s\u2019adapter aux environnements les plus d\u00e9licats. Gr\u00e2ce \u00e0 la <strong style=\"color: #e30613;\">technologie SmartPulse<\/strong>, l\u2019antenne analyse et d\u00e9tecte les \u00e9l\u00e9ments perturbants tout en optimisant la d\u00e9tection. Cette technologie nous permet d\u2019atteindre une <strong style=\"color: #e30613;\">distance de 2m20 entre deux antennes<\/strong> (avec <a style=\"color: #00a1be;\" href=\"https:\/\/fors.fr\/accessoires-eas\/macarons-antivol\/forstag-round\/\"><strong>FORSTAG ROUND<\/strong><\/a>).<\/p>\n<p class=\"description\">Une fois install\u00e9e, elle s\u2019adapte seule \u00e0 son environnement et en limitant ainsi les co\u00fbts de maintenance. Elle s\u2019adaptera parfaitement dans les supermarch\u00e9s\/hypermarch\u00e9s, magasins de bricolage, boutiques de proximit\u00e9 ou en centres commerciaux\u2026<\/p>\n<p><strong style=\"color: #e30613;\">Plus de 300 magasins sont install\u00e9s de ce syst\u00e8me<\/strong> aujourd&#8217;hui en France et dans le monde.<\/p>\n<p class=\"description\">L\u2019antenne ARMONY fonctionne en<strong style=\"color: #e30613;\"> Radio-Fr\u00e9quence 8,2 Mhz<\/strong>, la fr\u00e9quence internationale pour \u00e9tiquettes dures et autocollantes ainsi que les tags antivols.<\/p>\n<p><strong style=\"color: #e30613;\">OPTION PROTECTION CHARIOT DISPONIBLE (ARM-ALU-G3-PC)<\/strong><\/p>\n<p><strong style=\"color: #e30613;\">ATOUTS<\/strong><br \/>\n<span style=\"color: #e30613;\">\u2022 <\/span>DSP avec fonction SMARTPULSE pour une d\u00e9tection optimale<br \/>\n<span style=\"color: #e30613;\">\u2022 <\/span>Analyse automatique des interf\u00e9rences<br \/>\n<span style=\"color: #e30613;\">\u2022 <\/span>Antenne design, s\u2019adapte \u00e0 tout type de magasins.<br \/>\n<span style=\"color: #e30613;\">\u2022 <\/span>Excellente d\u00e9tection<br \/>\n<span style=\"color: #e30613;\">\u2022 <\/span>Stabilit\u00e9 des performances dans le temps<br \/>\n<span style=\"color: #e30613;\">\u2022 <\/span>Electronique et alimentation ind\u00e9pendante pour chaque antenne.<br \/>\n<span style=\"color: #e30613;\">\u2022 <\/span>Syst\u00e8me Plug and Play. Ne n\u00e9cessite pas de synchronisation<br \/>\n<span style=\"color: #e30613;\">\u2022 <\/span>Signal sonore et lumineux.<\/p>\n<p><strong style=\"color: #e30613;\">DONN\u00c9ES TECHNIQUES<\/strong><br \/>\n<span style=\"color: #e30613;\">\u2022 <\/span>Dimensions ( L x H x P ): 360 x 1500 x 44 mm ( Sans protection chariot )<br \/>\n<span style=\"color: #e30613;\">\u2022 <\/span>Dimensions ( L x H x P ): 470 x 1500 x 80 mm ( Avec protection chariot )<br \/>\n<span style=\"color: #e30613;\">\u2022 <\/span>Poids : 4kg ( Sans protection chariot )<br \/>\n<span style=\"color: #e30613;\">\u2022 <\/span>Poids : 7.5kg ( Avec protection chariot )<br \/>\n<span style=\"color: #e30613;\">\u2022 <\/span>Alimentation sur prise 230V standard.<br \/>\n<span style=\"color: #e30613;\">\u2022 <\/span>Volume sonore alarme : 90 dB<\/p>\n<p><a class=\"et_pb_button\" style=\"color: #e30613;\" href=\"\/documents\/antennes\/FORS.%20Fiche%20Technique.%20Antennes%20-%20ARMONY%20Alu.pdf\">Fiche PDF de l&#8217;antenne<\/a><\/p>\n<p>&nbsp;<\/p>\n<div style=\"text-align: center;\"><a class=\"et_pb_button\" href=\"\/solutions-eas\/antennes\/armony-plexiglass\/\" style=\"color:var(--couleur)\">Version Plexiglass de l&#8217;antenne, avec plus d&#8217;options disponibles<\/a><\/div>\n<p>&nbsp;<\/p>\n<div style=\"text-align: center;\"><a class=\"et_pb_button\" href=\"\/solutions-eas\/antennes\/symphony-aluminium\/\" style=\"color:var(--couleur)\">Version DUO (RxTx) de l&#8217;antenne<\/a><\/div>\n<p>&nbsp;<\/p>\n<p><img loading=\"lazy\" decoding=\"async\" class=\"alignnone size-medium wp-image-7257707\" style=\"margin-bottom: 2em; display: block; margin-left: auto; margin-right: auto;\" role=\"img\" src=\"https:\/\/fors.fr\/medias\/ANTENNES-MONO-RF-DISTANCE-DETECTION.svg\" alt=\"\" width=\"400\" height=\"400\" \/><\/p>\n<p><img loading=\"lazy\" decoding=\"async\" class=\"alignnone wp-image-7229143\" style=\"display: block; margin-left: auto; margin-right: auto;\" role=\"img\" src=\"https:\/\/fors.fr\/medias\/FORS-Design-Exclusif.svg\" alt=\"\" width=\"102\" height=\"97\" \/><\/p>\n","protected":false},"excerpt":{"rendered":"<p>Excellente d\u00e9tection<br \/>\nFonction SMARTPULSE<br \/>\nPlus l\u00e9g\u00e8re et \u00e9conomique que la version Plexiglass<\/p>\n","protected":false},"featured_media":11372875,"template":"","meta":{"_et_pb_use_builder":"","_et_pb_old_content":"","_et_gb_content_width":""},"product_brand":[],"product_cat":[1399],"product_tag":[1427],"class_list":{"0":"post-209975","1":"product","2":"type-product","3":"status-publish","4":"has-post-thumbnail","6":"product_cat-eas-antennas","7":"product_tag-rf-en","8":"pa_protection-chariot-avec-protection-chariot-en","9":"pa_protection-chariot-sans-protection-chariot-en","10":"pa_technologie-rf-en-2","12":"first","13":"instock","14":"taxable","15":"shipping-taxable","16":"purchasable","17":"product-type-variable"},"yoast_head":"<!-- This site is optimized with the Yoast SEO plugin v27.4 - https:\/\/yoast.com\/product\/yoast-seo-wordpress\/ -->\n<title>Antenne Antivol Magasin : Armony Aluminium | FORS France<\/title>\n<meta name=\"description\" content=\"Prot\u00e9gez votre magasin contre le vol gr\u00e2ce aux antennes et accessoires antivols FORS.\" \/>\n<meta name=\"robots\" content=\"index, follow, max-snippet:-1, max-image-preview:large, max-video-preview:-1\" \/>\n<link rel=\"canonical\" href=\"https:\/\/fors.fr\/en\/eas-antennas\/armony-aluminium\/\" \/>\n<meta property=\"og:locale\" content=\"en_US\" \/>\n<meta property=\"og:type\" content=\"article\" \/>\n<meta property=\"og:title\" content=\"Antenne Antivol Magasin : Armony Aluminium | FORS France\" \/>\n<meta property=\"og:description\" content=\"Prot\u00e9gez votre magasin contre le vol gr\u00e2ce aux antennes et accessoires antivols FORS.\" \/>\n<meta property=\"og:url\" content=\"https:\/\/fors.fr\/en\/eas-antennas\/armony-aluminium\/\" \/>\n<meta property=\"og:site_name\" content=\"Fors Anti-Theft\" \/>\n<meta property=\"article:publisher\" content=\"https:\/\/www.facebook.com\/forsantitheft\/\" \/>\n<meta property=\"article:modified_time\" content=\"2025-07-23T07:14:16+00:00\" \/>\n<meta property=\"og:image\" content=\"https:\/\/fors.fr\/medias\/Photos-Site-fors-antennes-RF-1500x15002-2.jpg\" \/>\n\t<meta property=\"og:image:width\" content=\"1500\" \/>\n\t<meta property=\"og:image:height\" content=\"1500\" \/>\n\t<meta property=\"og:image:type\" content=\"image\/jpeg\" \/>\n<meta name=\"twitter:card\" content=\"summary_large_image\" \/>\n<meta name=\"twitter:site\" content=\"@fors_france\" \/>\n<meta name=\"twitter:label1\" content=\"Est. reading time\" \/>\n\t<meta name=\"twitter:data1\" content=\"1 minute\" \/>\n<script type=\"application\/ld+json\" class=\"yoast-schema-graph\">{\"@context\":\"https:\\\/\\\/schema.org\",\"@graph\":[{\"@type\":\"WebPage\",\"@id\":\"https:\\\/\\\/fors.fr\\\/en\\\/eas-antennas\\\/armony-aluminium\\\/\",\"url\":\"https:\\\/\\\/fors.fr\\\/en\\\/eas-antennas\\\/armony-aluminium\\\/\",\"name\":\"Antenne Antivol Magasin : Armony Aluminium | FORS France\",\"isPartOf\":{\"@id\":\"https:\\\/\\\/fors.fr\\\/en\\\/#website\"},\"primaryImageOfPage\":{\"@id\":\"https:\\\/\\\/fors.fr\\\/en\\\/eas-antennas\\\/armony-aluminium\\\/#primaryimage\"},\"image\":{\"@id\":\"https:\\\/\\\/fors.fr\\\/en\\\/eas-antennas\\\/armony-aluminium\\\/#primaryimage\"},\"thumbnailUrl\":\"https:\\\/\\\/fors.fr\\\/medias\\\/Photos-Site-fors-antennes-RF-1500x15002-2.jpg\",\"datePublished\":\"2019-11-12T23:22:25+00:00\",\"dateModified\":\"2025-07-23T07:14:16+00:00\",\"description\":\"Prot\u00e9gez votre magasin contre le vol gr\u00e2ce aux antennes et accessoires antivols FORS.\",\"breadcrumb\":{\"@id\":\"https:\\\/\\\/fors.fr\\\/en\\\/eas-antennas\\\/armony-aluminium\\\/#breadcrumb\"},\"inLanguage\":\"en-US\",\"potentialAction\":[{\"@type\":\"ReadAction\",\"target\":[\"https:\\\/\\\/fors.fr\\\/en\\\/eas-antennas\\\/armony-aluminium\\\/\"]}]},{\"@type\":\"ImageObject\",\"inLanguage\":\"en-US\",\"@id\":\"https:\\\/\\\/fors.fr\\\/en\\\/eas-antennas\\\/armony-aluminium\\\/#primaryimage\",\"url\":\"https:\\\/\\\/fors.fr\\\/medias\\\/Photos-Site-fors-antennes-RF-1500x15002-2.jpg\",\"contentUrl\":\"https:\\\/\\\/fors.fr\\\/medias\\\/Photos-Site-fors-antennes-RF-1500x15002-2.jpg\",\"width\":1500,\"height\":1500},{\"@type\":\"BreadcrumbList\",\"@id\":\"https:\\\/\\\/fors.fr\\\/en\\\/eas-antennas\\\/armony-aluminium\\\/#breadcrumb\",\"itemListElement\":[{\"@type\":\"ListItem\",\"position\":1,\"name\":\"FORS\",\"item\":\"https:\\\/\\\/fors.fr\\\/en\\\/\"},{\"@type\":\"ListItem\",\"position\":2,\"name\":\"Shop\",\"item\":\"https:\\\/\\\/fors.fr\\\/en\\\/shop\\\/\"},{\"@type\":\"ListItem\",\"position\":3,\"name\":\"Portique Antivol RF ARMONY Aluminium\"}]},{\"@type\":\"WebSite\",\"@id\":\"https:\\\/\\\/fors.fr\\\/en\\\/#website\",\"url\":\"https:\\\/\\\/fors.fr\\\/en\\\/\",\"name\":\"FORS Anti-Theft\",\"description\":\"Anti-theft against shoplifting\",\"publisher\":{\"@id\":\"https:\\\/\\\/fors.fr\\\/en\\\/#organization\"},\"alternateName\":\"Fors\",\"potentialAction\":[{\"@type\":\"SearchAction\",\"target\":{\"@type\":\"EntryPoint\",\"urlTemplate\":\"https:\\\/\\\/fors.fr\\\/en\\\/?s={search_term_string}\"},\"query-input\":{\"@type\":\"PropertyValueSpecification\",\"valueRequired\":true,\"valueName\":\"search_term_string\"}}],\"inLanguage\":\"en-US\"},{\"@type\":\"Organization\",\"@id\":\"https:\\\/\\\/fors.fr\\\/en\\\/#organization\",\"name\":\"Fors\",\"alternateName\":\"Fors Anti-Theft\",\"url\":\"https:\\\/\\\/fors.fr\\\/en\\\/\",\"logo\":{\"@type\":\"ImageObject\",\"inLanguage\":\"en-US\",\"@id\":\"https:\\\/\\\/fors.fr\\\/en\\\/#\\\/schema\\\/logo\\\/image\\\/\",\"url\":\"https:\\\/\\\/fors.fr\\\/medias\\\/favico_512.png\",\"contentUrl\":\"https:\\\/\\\/fors.fr\\\/medias\\\/favico_512.png\",\"width\":512,\"height\":512,\"caption\":\"Fors\"},\"image\":{\"@id\":\"https:\\\/\\\/fors.fr\\\/en\\\/#\\\/schema\\\/logo\\\/image\\\/\"},\"sameAs\":[\"https:\\\/\\\/www.facebook.com\\\/forsantitheft\\\/\",\"https:\\\/\\\/x.com\\\/fors_france\",\"https:\\\/\\\/www.linkedin.com\\\/company\\\/245351\\\/\",\"https:\\\/\\\/www.youtube.com\\\/user\\\/ForsFrance\\\/\",\"https:\\\/\\\/www.companeo.com\\\/portiques-de-securite\\\/annuaire\\\/fors-france\",\"https:\\\/\\\/www.europages.fr\\\/FORS-FRANCE\\\/FRA310174-000009382001.html\",\"https:\\\/\\\/www.pagesjaunes.fr\\\/pros\\\/07584984\"]}]}<\/script>\n<!-- \/ Yoast SEO plugin. -->","yoast_head_json":{"title":"Antenne Antivol Magasin : Armony Aluminium | FORS France","description":"Prot\u00e9gez votre magasin contre le vol gr\u00e2ce aux antennes et accessoires antivols FORS.","robots":{"index":"index","follow":"follow","max-snippet":"max-snippet:-1","max-image-preview":"max-image-preview:large","max-video-preview":"max-video-preview:-1"},"canonical":"https:\/\/fors.fr\/en\/eas-antennas\/armony-aluminium\/","og_locale":"en_US","og_type":"article","og_title":"Antenne Antivol Magasin : Armony Aluminium | FORS France","og_description":"Prot\u00e9gez votre magasin contre le vol gr\u00e2ce aux antennes et accessoires antivols FORS.","og_url":"https:\/\/fors.fr\/en\/eas-antennas\/armony-aluminium\/","og_site_name":"Fors Anti-Theft","article_publisher":"https:\/\/www.facebook.com\/forsantitheft\/","article_modified_time":"2025-07-23T07:14:16+00:00","og_image":[{"width":1500,"height":1500,"url":"https:\/\/fors.fr\/medias\/Photos-Site-fors-antennes-RF-1500x15002-2.jpg","type":"image\/jpeg"}],"twitter_card":"summary_large_image","twitter_site":"@fors_france","twitter_misc":{"Est. reading time":"1 minute"},"schema":{"@context":"https:\/\/schema.org","@graph":[{"@type":"WebPage","@id":"https:\/\/fors.fr\/en\/eas-antennas\/armony-aluminium\/","url":"https:\/\/fors.fr\/en\/eas-antennas\/armony-aluminium\/","name":"Antenne Antivol Magasin : Armony Aluminium | FORS France","isPartOf":{"@id":"https:\/\/fors.fr\/en\/#website"},"primaryImageOfPage":{"@id":"https:\/\/fors.fr\/en\/eas-antennas\/armony-aluminium\/#primaryimage"},"image":{"@id":"https:\/\/fors.fr\/en\/eas-antennas\/armony-aluminium\/#primaryimage"},"thumbnailUrl":"https:\/\/fors.fr\/medias\/Photos-Site-fors-antennes-RF-1500x15002-2.jpg","datePublished":"2019-11-12T23:22:25+00:00","dateModified":"2025-07-23T07:14:16+00:00","description":"Prot\u00e9gez votre magasin contre le vol gr\u00e2ce aux antennes et accessoires antivols FORS.","breadcrumb":{"@id":"https:\/\/fors.fr\/en\/eas-antennas\/armony-aluminium\/#breadcrumb"},"inLanguage":"en-US","potentialAction":[{"@type":"ReadAction","target":["https:\/\/fors.fr\/en\/eas-antennas\/armony-aluminium\/"]}]},{"@type":"ImageObject","inLanguage":"en-US","@id":"https:\/\/fors.fr\/en\/eas-antennas\/armony-aluminium\/#primaryimage","url":"https:\/\/fors.fr\/medias\/Photos-Site-fors-antennes-RF-1500x15002-2.jpg","contentUrl":"https:\/\/fors.fr\/medias\/Photos-Site-fors-antennes-RF-1500x15002-2.jpg","width":1500,"height":1500},{"@type":"BreadcrumbList","@id":"https:\/\/fors.fr\/en\/eas-antennas\/armony-aluminium\/#breadcrumb","itemListElement":[{"@type":"ListItem","position":1,"name":"FORS","item":"https:\/\/fors.fr\/en\/"},{"@type":"ListItem","position":2,"name":"Shop","item":"https:\/\/fors.fr\/en\/shop\/"},{"@type":"ListItem","position":3,"name":"Portique Antivol RF ARMONY Aluminium"}]},{"@type":"WebSite","@id":"https:\/\/fors.fr\/en\/#website","url":"https:\/\/fors.fr\/en\/","name":"FORS Anti-Theft","description":"Anti-theft against shoplifting","publisher":{"@id":"https:\/\/fors.fr\/en\/#organization"},"alternateName":"Fors","potentialAction":[{"@type":"SearchAction","target":{"@type":"EntryPoint","urlTemplate":"https:\/\/fors.fr\/en\/?s={search_term_string}"},"query-input":{"@type":"PropertyValueSpecification","valueRequired":true,"valueName":"search_term_string"}}],"inLanguage":"en-US"},{"@type":"Organization","@id":"https:\/\/fors.fr\/en\/#organization","name":"Fors","alternateName":"Fors Anti-Theft","url":"https:\/\/fors.fr\/en\/","logo":{"@type":"ImageObject","inLanguage":"en-US","@id":"https:\/\/fors.fr\/en\/#\/schema\/logo\/image\/","url":"https:\/\/fors.fr\/medias\/favico_512.png","contentUrl":"https:\/\/fors.fr\/medias\/favico_512.png","width":512,"height":512,"caption":"Fors"},"image":{"@id":"https:\/\/fors.fr\/en\/#\/schema\/logo\/image\/"},"sameAs":["https:\/\/www.facebook.com\/forsantitheft\/","https:\/\/x.com\/fors_france","https:\/\/www.linkedin.com\/company\/245351\/","https:\/\/www.youtube.com\/user\/ForsFrance\/","https:\/\/www.companeo.com\/portiques-de-securite\/annuaire\/fors-france","https:\/\/www.europages.fr\/FORS-FRANCE\/FRA310174-000009382001.html","https:\/\/www.pagesjaunes.fr\/pros\/07584984"]}]}},"_links":{"self":[{"href":"https:\/\/fors.fr\/en\/wp-json\/wp\/v2\/product\/209975","targetHints":{"allow":["GET"]}}],"collection":[{"href":"https:\/\/fors.fr\/en\/wp-json\/wp\/v2\/product"}],"about":[{"href":"https:\/\/fors.fr\/en\/wp-json\/wp\/v2\/types\/product"}],"wp:featuredmedia":[{"embeddable":true,"href":"https:\/\/fors.fr\/en\/wp-json\/wp\/v2\/media\/11372875"}],"wp:attachment":[{"href":"https:\/\/fors.fr\/en\/wp-json\/wp\/v2\/media?parent=209975"}],"wp:term":[{"taxonomy":"product_brand","embeddable":true,"href":"https:\/\/fors.fr\/en\/wp-json\/wp\/v2\/product_brand?post=209975"},{"taxonomy":"product_cat","embeddable":true,"href":"https:\/\/fors.fr\/en\/wp-json\/wp\/v2\/product_cat?post=209975"},{"taxonomy":"product_tag","embeddable":true,"href":"https:\/\/fors.fr\/en\/wp-json\/wp\/v2\/product_tag?post=209975"}],"curies":[{"name":"wp","href":"https:\/\/api.w.org\/{rel}","templated":true}]}}