{"id":209979,"date":"2019-08-21T02:59:48","date_gmt":"2019-08-21T00:59:48","guid":{"rendered":"https:\/\/fors.fr\/uncategorized\/antenne-metalguard\/"},"modified":"2025-04-09T14:26:01","modified_gmt":"2025-04-09T12:26:01","slug":"detection-boosterbags","status":"publish","type":"product","link":"https:\/\/fors.fr\/en\/eas-antennas\/detection-boosterbags\/","title":{"rendered":"MetalGuard \/ HyperGuard d\u00e9tection des sacs blind\u00e9s"},"content":{"rendered":"<p><strong style=\"color: #e30613;\">ANTENNES METALGUARD et HYPERGUARD : D\u00c9TECTION DE M\u00c9TAUX<br \/>\n<\/strong>Cette gamme d\u2019antennes est la solution compl\u00e9mentaire aux portiques antivols permettant de lutter efficacement contre les sacs \u00e0 blindage m\u00e9tallique (dit boosterbags).<\/p>\n<p><strong style=\"color: #e30613;\">CARACT\u00c9RISTIQUES<\/strong><br \/>\n<span style=\"color: #e30613;\">\u2022<\/span> D\u00e9tection des m\u00e9taux : MetalGuard d\u00e9tecte tous les sacs d&#8217;appoint, les sacs \u00e0 dos, les vestes, les poches et les poussettes.<br \/>\n<span style=\"color: #e30613;\">\u2022<\/span> Filtre de porte : Le filtre de porte permet des installations \u00e0 partir de 70 cm de la porte en mouvement. Cela permet d&#8217;\u00e9liminer les fausses alarmes dues aux portes en mouvement.<\/p>\n<p><strong style=\"color: #e30613;\">AVANTAGES<\/strong><br \/>\n<span style=\"color: #e30613;\">\u2022<\/span> D\u00e9tection des sacs d&#8217;appoint \u00e0 l&#8217;entr\u00e9e, avant que le sac d&#8217;appoint ne soit utilis\u00e9 pour le vol.<br \/>\n<span style=\"color: #e30613;\">\u2022<\/span> Dissuasion et \u00e9vitement des bandes organis\u00e9es de la criminalit\u00e9 de d\u00e9tail (ORC) dans l&#8217;environnement de la vente au d\u00e9tail.<br \/>\n<span style=\"color: #e30613;\">\u2022<\/span> \u00c9viter les confrontations des employ\u00e9s avec les bandes organis\u00e9es du commerce de d\u00e9tail.<\/p>\n<p>Les boosterbags sont utilis\u00e9s par tous les gangs du crime organis\u00e9 pour le vol \u00e0 l&#8217;\u00e9talage. Ils les utilisent afin de passer outre la d\u00e9tection des \u00e9tiquettes, tag, etc, et ainsi ne pas activer l&#8217;alarme des portiques antivols traditionnels lorsqu&#8217;ils quittent le magasin avec des marchandises vol\u00e9es.<\/p>\n<p>Selon l\u2019environnement, nous opterons pour la s\u00e9rie MetalGuard qui d\u00e9tecte tous les boosterbags, sous forme de sacs, de vestes, de poches et de poussettes ou la s\u00e9rie HyperGuard qui filtre en compl\u00e9ment les chariots m\u00e9talliques.<\/p>\n<p>Le retour sur investissement pour les d\u00e9taillants est g\u00e9n\u00e9ralement inf\u00e9rieur \u00e0 12 mois.<br \/>\nMoins de 5 appr\u00e9hensions de boosterbags correspondent au co\u00fbt d&#8217;une installation Metalguard.<\/p>\n<p>Les sacs d&#8217;appoint, le meilleur moyen de voler \u00e0 l&#8217;\u00e9talage:<br \/>\nBien que les sacs d&#8217;appoint soient l&#8217;outil le plus couramment utilis\u00e9, la plupart des d\u00e9taillants ne sont pas conscients du probl\u00e8me. En effet, les boosterbags sont fabriqu\u00e9s par des voleurs \u00e0 l&#8217;\u00e9talage professionnels et le vol proprement dit ne laisse aucune trace : Pas d&#8217;\u00e9tiquettes ouvertes, pas d&#8217;\u00e9pingles coup\u00e9es &#8211; seulement des \u00e9tag\u00e8res et des cintres vides.<\/p>\n<p>L&#8217;avantage d&#8217;utiliser un boosterbag pour voler \u00e0 l&#8217;\u00e9talage, c&#8217;est que le vol \u00e0 l&#8217;\u00e9talage prend moins de 30 secondes. En outre, aucun syst\u00e8me EAS n&#8217;est capable de d\u00e9tecter une \u00e9tiquette de s\u00e9curit\u00e9 \u00e0 l&#8217;int\u00e9rieur d&#8217;un boosterbag professionnel et il ne faut que quelques secondes pour remplir le sac de marchandises co\u00fbteuses et sortir du magasin sans se faire rep\u00e9rer. Les boosterbags professionnels ressemblent \u00e0 n&#8217;importe quel autre sac de vente au d\u00e9tail, par exemple Prada ou Louis Vuitton. Pour identifier ces sacs, vous avez besoin d&#8217;un d\u00e9tecteur de m\u00e9taux.<\/p>\n<p><strong style=\"color: #e30613;\">DISTANCE DE D\u00c9TECTION MAXIMALE ENTRE 2 ANTENNES<\/strong><br \/>\n<span style=\"color: #e30613;\">\u2022<\/span> Antenne 12 cm : 200 cm<br \/>\n<span style=\"color: #e30613;\">\u2022<\/span> Antenne 18 cm : 240 cm<br \/>\n<span style=\"color: #e30613;\">\u2022<\/span> Antenne 24 cm : 300 cm<\/p>\n<p><span style=\"color: #e30613;\"><b>ALARME PAR BUZZER<br \/>\nPAGER EN OPTION<\/b><\/span><\/p>\n<p><strong style=\"color: #e30613;\">CONTR\u00d4LEUR ASSOCI\u00c9<\/strong><br \/>\n<span style=\"color: #e30613;\">\u2022<\/span> Les antennes MetalGuard sont reli\u00e9es en s\u00e9rie \u00e0 un contr\u00f4leur.<br \/>\n<span style=\"color: #e30613;\">\u2022<\/span> Jusqu&#8217;\u00e0 12 antennes Metal\/HyperGuard et ApparelGuard pour un contr\u00f4leur<br \/>\n<span style=\"color: #e30613;\">\u2022<\/span> La t\u00e9l\u00e9maintenance est possible avec une connexion filaire en RJ45.<\/p>\n<p><img decoding=\"async\" class=\"\" src=\"\/medias\/WooCommerce_Produits\/Solutions_EAS\/Contr\u00f4leur-300x300.jpg\" alt=\"Contr\u00f4leur AlertSystems\" \/><\/p>\n","protected":false},"excerpt":{"rendered":"<p>D\u00e9tection des <span style=\"color:var(--couleur)\">boosterbags<\/span> et autres blindage m\u00e9tallique utilis\u00e9s pour le vol.<br \/>\n3 largeurs disponibles<\/p>\n","protected":false},"featured_media":11346233,"template":"","meta":{"_et_pb_use_builder":"","_et_pb_old_content":"","_et_gb_content_width":""},"product_brand":[],"product_cat":[1399],"product_tag":[1423],"class_list":{"0":"post-209979","1":"product","2":"type-product","3":"status-publish","4":"has-post-thumbnail","6":"product_cat-eas-antennas","7":"product_tag-metal-detection","8":"pa_largeur-antenne-12cm-en","9":"pa_largeur-antenne-18cm-en","10":"pa_largeur-antenne-24cm-en","12":"first","13":"instock","14":"taxable","15":"shipping-taxable","16":"purchasable","17":"product-type-simple"},"yoast_head":"<!-- This site is optimized with the Yoast SEO plugin v27.5 - https:\/\/yoast.com\/product\/yoast-seo-wordpress\/ -->\n<title>MetalGuard - D\u00e9tection sacs blind\u00e9s boosterbags- Fors Anti-Theft France<\/title>\n<meta name=\"description\" content=\"Cette gamme d\u2019antennes est la solution compl\u00e9mentaire aux portiques antivols permettant de lutter efficacement contre les sacs \u00e0 blindage m\u00e9tallique\" \/>\n<meta name=\"robots\" content=\"index, follow, max-snippet:-1, max-image-preview:large, max-video-preview:-1\" \/>\n<link rel=\"canonical\" href=\"https:\/\/fors.fr\/en\/eas-antennas\/detection-boosterbags\/\" \/>\n<meta property=\"og:locale\" content=\"en_US\" \/>\n<meta property=\"og:type\" content=\"article\" \/>\n<meta property=\"og:title\" content=\"MetalGuard - D\u00e9tection sacs blind\u00e9s boosterbags- Fors Anti-Theft France\" \/>\n<meta property=\"og:description\" content=\"Cette gamme d\u2019antennes est la solution compl\u00e9mentaire aux portiques antivols permettant de lutter efficacement contre les sacs \u00e0 blindage m\u00e9tallique\" \/>\n<meta property=\"og:url\" content=\"https:\/\/fors.fr\/en\/eas-antennas\/detection-boosterbags\/\" \/>\n<meta property=\"og:site_name\" content=\"Fors Anti-Theft\" \/>\n<meta property=\"article:publisher\" content=\"https:\/\/www.facebook.com\/forsantitheft\/\" \/>\n<meta property=\"article:modified_time\" content=\"2025-04-09T12:26:01+00:00\" \/>\n<meta property=\"og:image\" content=\"https:\/\/fors.fr\/medias\/MetalGuard-3-width.jpg\" \/>\n\t<meta property=\"og:image:width\" content=\"1500\" \/>\n\t<meta property=\"og:image:height\" content=\"1500\" \/>\n\t<meta property=\"og:image:type\" content=\"image\/jpeg\" \/>\n<meta name=\"twitter:card\" content=\"summary_large_image\" \/>\n<meta name=\"twitter:site\" content=\"@fors_france\" \/>\n<meta name=\"twitter:label1\" content=\"Est. reading time\" \/>\n\t<meta name=\"twitter:data1\" content=\"2 minutes\" \/>\n<script type=\"application\/ld+json\" class=\"yoast-schema-graph\">{\"@context\":\"https:\\\/\\\/schema.org\",\"@graph\":[{\"@type\":\"WebPage\",\"@id\":\"https:\\\/\\\/fors.fr\\\/en\\\/eas-antennas\\\/detection-boosterbags\\\/\",\"url\":\"https:\\\/\\\/fors.fr\\\/en\\\/eas-antennas\\\/detection-boosterbags\\\/\",\"name\":\"MetalGuard - D\u00e9tection sacs blind\u00e9s boosterbags- Fors Anti-Theft France\",\"isPartOf\":{\"@id\":\"https:\\\/\\\/fors.fr\\\/en\\\/#website\"},\"primaryImageOfPage\":{\"@id\":\"https:\\\/\\\/fors.fr\\\/en\\\/eas-antennas\\\/detection-boosterbags\\\/#primaryimage\"},\"image\":{\"@id\":\"https:\\\/\\\/fors.fr\\\/en\\\/eas-antennas\\\/detection-boosterbags\\\/#primaryimage\"},\"thumbnailUrl\":\"https:\\\/\\\/fors.fr\\\/medias\\\/MetalGuard-3-width.jpg\",\"datePublished\":\"2019-08-21T00:59:48+00:00\",\"dateModified\":\"2025-04-09T12:26:01+00:00\",\"description\":\"Cette gamme d\u2019antennes est la solution compl\u00e9mentaire aux portiques antivols permettant de lutter efficacement contre les sacs \u00e0 blindage m\u00e9tallique\",\"breadcrumb\":{\"@id\":\"https:\\\/\\\/fors.fr\\\/en\\\/eas-antennas\\\/detection-boosterbags\\\/#breadcrumb\"},\"inLanguage\":\"en-US\",\"potentialAction\":[{\"@type\":\"ReadAction\",\"target\":[\"https:\\\/\\\/fors.fr\\\/en\\\/eas-antennas\\\/detection-boosterbags\\\/\"]}]},{\"@type\":\"ImageObject\",\"inLanguage\":\"en-US\",\"@id\":\"https:\\\/\\\/fors.fr\\\/en\\\/eas-antennas\\\/detection-boosterbags\\\/#primaryimage\",\"url\":\"https:\\\/\\\/fors.fr\\\/medias\\\/MetalGuard-3-width.jpg\",\"contentUrl\":\"https:\\\/\\\/fors.fr\\\/medias\\\/MetalGuard-3-width.jpg\",\"width\":1500,\"height\":1500},{\"@type\":\"BreadcrumbList\",\"@id\":\"https:\\\/\\\/fors.fr\\\/en\\\/eas-antennas\\\/detection-boosterbags\\\/#breadcrumb\",\"itemListElement\":[{\"@type\":\"ListItem\",\"position\":1,\"name\":\"FORS\",\"item\":\"https:\\\/\\\/fors.fr\\\/en\\\/\"},{\"@type\":\"ListItem\",\"position\":2,\"name\":\"Shop\",\"item\":\"https:\\\/\\\/fors.fr\\\/en\\\/shop\\\/\"},{\"@type\":\"ListItem\",\"position\":3,\"name\":\"MetalGuard \\\/ HyperGuard d\u00e9tection des sacs blind\u00e9s\"}]},{\"@type\":\"WebSite\",\"@id\":\"https:\\\/\\\/fors.fr\\\/en\\\/#website\",\"url\":\"https:\\\/\\\/fors.fr\\\/en\\\/\",\"name\":\"FORS Anti-Theft\",\"description\":\"Anti-theft against shoplifting\",\"publisher\":{\"@id\":\"https:\\\/\\\/fors.fr\\\/en\\\/#organization\"},\"alternateName\":\"Fors\",\"potentialAction\":[{\"@type\":\"SearchAction\",\"target\":{\"@type\":\"EntryPoint\",\"urlTemplate\":\"https:\\\/\\\/fors.fr\\\/en\\\/?s={search_term_string}\"},\"query-input\":{\"@type\":\"PropertyValueSpecification\",\"valueRequired\":true,\"valueName\":\"search_term_string\"}}],\"inLanguage\":\"en-US\"},{\"@type\":\"Organization\",\"@id\":\"https:\\\/\\\/fors.fr\\\/en\\\/#organization\",\"name\":\"Fors\",\"alternateName\":\"Fors Anti-Theft\",\"url\":\"https:\\\/\\\/fors.fr\\\/en\\\/\",\"logo\":{\"@type\":\"ImageObject\",\"inLanguage\":\"en-US\",\"@id\":\"https:\\\/\\\/fors.fr\\\/en\\\/#\\\/schema\\\/logo\\\/image\\\/\",\"url\":\"https:\\\/\\\/fors.fr\\\/medias\\\/favico_512.png\",\"contentUrl\":\"https:\\\/\\\/fors.fr\\\/medias\\\/favico_512.png\",\"width\":512,\"height\":512,\"caption\":\"Fors\"},\"image\":{\"@id\":\"https:\\\/\\\/fors.fr\\\/en\\\/#\\\/schema\\\/logo\\\/image\\\/\"},\"sameAs\":[\"https:\\\/\\\/www.facebook.com\\\/forsantitheft\\\/\",\"https:\\\/\\\/x.com\\\/fors_france\",\"https:\\\/\\\/www.linkedin.com\\\/company\\\/245351\\\/\",\"https:\\\/\\\/www.youtube.com\\\/user\\\/ForsFrance\\\/\",\"https:\\\/\\\/www.companeo.com\\\/portiques-de-securite\\\/annuaire\\\/fors-france\",\"https:\\\/\\\/www.europages.fr\\\/FORS-FRANCE\\\/FRA310174-000009382001.html\",\"https:\\\/\\\/www.pagesjaunes.fr\\\/pros\\\/07584984\"]}]}<\/script>\n<!-- \/ Yoast SEO plugin. -->","yoast_head_json":{"title":"MetalGuard - D\u00e9tection sacs blind\u00e9s boosterbags- Fors Anti-Theft France","description":"Cette gamme d\u2019antennes est la solution compl\u00e9mentaire aux portiques antivols permettant de lutter efficacement contre les sacs \u00e0 blindage m\u00e9tallique","robots":{"index":"index","follow":"follow","max-snippet":"max-snippet:-1","max-image-preview":"max-image-preview:large","max-video-preview":"max-video-preview:-1"},"canonical":"https:\/\/fors.fr\/en\/eas-antennas\/detection-boosterbags\/","og_locale":"en_US","og_type":"article","og_title":"MetalGuard - D\u00e9tection sacs blind\u00e9s boosterbags- Fors Anti-Theft France","og_description":"Cette gamme d\u2019antennes est la solution compl\u00e9mentaire aux portiques antivols permettant de lutter efficacement contre les sacs \u00e0 blindage m\u00e9tallique","og_url":"https:\/\/fors.fr\/en\/eas-antennas\/detection-boosterbags\/","og_site_name":"Fors Anti-Theft","article_publisher":"https:\/\/www.facebook.com\/forsantitheft\/","article_modified_time":"2025-04-09T12:26:01+00:00","og_image":[{"width":1500,"height":1500,"url":"https:\/\/fors.fr\/medias\/MetalGuard-3-width.jpg","type":"image\/jpeg"}],"twitter_card":"summary_large_image","twitter_site":"@fors_france","twitter_misc":{"Est. reading time":"2 minutes"},"schema":{"@context":"https:\/\/schema.org","@graph":[{"@type":"WebPage","@id":"https:\/\/fors.fr\/en\/eas-antennas\/detection-boosterbags\/","url":"https:\/\/fors.fr\/en\/eas-antennas\/detection-boosterbags\/","name":"MetalGuard - D\u00e9tection sacs blind\u00e9s boosterbags- Fors Anti-Theft France","isPartOf":{"@id":"https:\/\/fors.fr\/en\/#website"},"primaryImageOfPage":{"@id":"https:\/\/fors.fr\/en\/eas-antennas\/detection-boosterbags\/#primaryimage"},"image":{"@id":"https:\/\/fors.fr\/en\/eas-antennas\/detection-boosterbags\/#primaryimage"},"thumbnailUrl":"https:\/\/fors.fr\/medias\/MetalGuard-3-width.jpg","datePublished":"2019-08-21T00:59:48+00:00","dateModified":"2025-04-09T12:26:01+00:00","description":"Cette gamme d\u2019antennes est la solution compl\u00e9mentaire aux portiques antivols permettant de lutter efficacement contre les sacs \u00e0 blindage m\u00e9tallique","breadcrumb":{"@id":"https:\/\/fors.fr\/en\/eas-antennas\/detection-boosterbags\/#breadcrumb"},"inLanguage":"en-US","potentialAction":[{"@type":"ReadAction","target":["https:\/\/fors.fr\/en\/eas-antennas\/detection-boosterbags\/"]}]},{"@type":"ImageObject","inLanguage":"en-US","@id":"https:\/\/fors.fr\/en\/eas-antennas\/detection-boosterbags\/#primaryimage","url":"https:\/\/fors.fr\/medias\/MetalGuard-3-width.jpg","contentUrl":"https:\/\/fors.fr\/medias\/MetalGuard-3-width.jpg","width":1500,"height":1500},{"@type":"BreadcrumbList","@id":"https:\/\/fors.fr\/en\/eas-antennas\/detection-boosterbags\/#breadcrumb","itemListElement":[{"@type":"ListItem","position":1,"name":"FORS","item":"https:\/\/fors.fr\/en\/"},{"@type":"ListItem","position":2,"name":"Shop","item":"https:\/\/fors.fr\/en\/shop\/"},{"@type":"ListItem","position":3,"name":"MetalGuard \/ HyperGuard d\u00e9tection des sacs blind\u00e9s"}]},{"@type":"WebSite","@id":"https:\/\/fors.fr\/en\/#website","url":"https:\/\/fors.fr\/en\/","name":"FORS Anti-Theft","description":"Anti-theft against shoplifting","publisher":{"@id":"https:\/\/fors.fr\/en\/#organization"},"alternateName":"Fors","potentialAction":[{"@type":"SearchAction","target":{"@type":"EntryPoint","urlTemplate":"https:\/\/fors.fr\/en\/?s={search_term_string}"},"query-input":{"@type":"PropertyValueSpecification","valueRequired":true,"valueName":"search_term_string"}}],"inLanguage":"en-US"},{"@type":"Organization","@id":"https:\/\/fors.fr\/en\/#organization","name":"Fors","alternateName":"Fors Anti-Theft","url":"https:\/\/fors.fr\/en\/","logo":{"@type":"ImageObject","inLanguage":"en-US","@id":"https:\/\/fors.fr\/en\/#\/schema\/logo\/image\/","url":"https:\/\/fors.fr\/medias\/favico_512.png","contentUrl":"https:\/\/fors.fr\/medias\/favico_512.png","width":512,"height":512,"caption":"Fors"},"image":{"@id":"https:\/\/fors.fr\/en\/#\/schema\/logo\/image\/"},"sameAs":["https:\/\/www.facebook.com\/forsantitheft\/","https:\/\/x.com\/fors_france","https:\/\/www.linkedin.com\/company\/245351\/","https:\/\/www.youtube.com\/user\/ForsFrance\/","https:\/\/www.companeo.com\/portiques-de-securite\/annuaire\/fors-france","https:\/\/www.europages.fr\/FORS-FRANCE\/FRA310174-000009382001.html","https:\/\/www.pagesjaunes.fr\/pros\/07584984"]}]}},"_links":{"self":[{"href":"https:\/\/fors.fr\/en\/wp-json\/wp\/v2\/product\/209979","targetHints":{"allow":["GET"]}}],"collection":[{"href":"https:\/\/fors.fr\/en\/wp-json\/wp\/v2\/product"}],"about":[{"href":"https:\/\/fors.fr\/en\/wp-json\/wp\/v2\/types\/product"}],"wp:featuredmedia":[{"embeddable":true,"href":"https:\/\/fors.fr\/en\/wp-json\/wp\/v2\/media\/11346233"}],"wp:attachment":[{"href":"https:\/\/fors.fr\/en\/wp-json\/wp\/v2\/media?parent=209979"}],"wp:term":[{"taxonomy":"product_brand","embeddable":true,"href":"https:\/\/fors.fr\/en\/wp-json\/wp\/v2\/product_brand?post=209979"},{"taxonomy":"product_cat","embeddable":true,"href":"https:\/\/fors.fr\/en\/wp-json\/wp\/v2\/product_cat?post=209979"},{"taxonomy":"product_tag","embeddable":true,"href":"https:\/\/fors.fr\/en\/wp-json\/wp\/v2\/product_tag?post=209979"}],"curies":[{"name":"wp","href":"https:\/\/api.w.org\/{rel}","templated":true}]}}