{"id":209983,"date":"2013-12-23T18:00:30","date_gmt":"2013-12-23T17:00:30","guid":{"rendered":"https:\/\/fors.fr\/uncategorized\/antenne-factice\/"},"modified":"2025-07-24T17:16:06","modified_gmt":"2025-07-24T15:16:06","slug":"portique-factice","status":"publish","type":"product","link":"https:\/\/fors.fr\/en\/eas-antennas\/portique-factice\/","title":{"rendered":"Portique Antivol Factice"},"content":{"rendered":"<p>\nLe <strong>portique antivol factice <\/strong> est con\u00e7u pour offrir une <strong>pr\u00e9sence dissuasive<\/strong> \u00e0 l\u2019entr\u00e9e de votre magasin, sans n\u00e9cessiter d\u2019\u00e9lectronique. <br \/>Il imite parfaitement les mod\u00e8les actifs, cr\u00e9ant un <strong>effet psychologique puissant<\/strong> sur les voleurs potentiels.\n<\/p>\n<p>\n<strong>Avantages<\/strong><br \/>\n\u2022 <strong>Dissuasion imm\u00e9diate<\/strong> gr\u00e2ce \u00e0 son apparence r\u00e9aliste<br \/>\n\u2022 <strong>Int\u00e9gration possible de PLV.<\/strong><br \/>\n\u2022 <strong>\u00c9conomique<\/strong> : pas de co\u00fbts d\u2019installation ou d\u2019entretien<br \/>\n\u2022 <strong>Polyvalent<\/strong> : adapt\u00e9 \u00e0 tous types de commerces<br \/>\n\u2022 <strong>Compl\u00e9ment id\u00e9al<\/strong> \u00e0 un syst\u00e8me de s\u00e9curit\u00e9 existant<br \/>\n\u2022 <strong>Structure :<\/strong> aluminium robuste et l\u00e9g\u00e8re.<br \/>\n\u2022 <strong>Sans \u00e9lectronique :<\/strong> aucun branchement requis.\n<\/p>\n<p>\n<strong>Caract\u00e9ristiques techniques :<\/strong><br \/>\n\u2022 <strong>Poids :<\/strong> 6 kg<br \/>\n\u2022 <strong>Dimensions :<\/strong> 403 x 1628 x 45 mm.<\/p>\n","protected":false},"excerpt":{"rendered":"<p>Sans \u00e9lectronique<\/p>\n","protected":false},"featured_media":7696839,"template":"","meta":{"_et_pb_use_builder":"","_et_pb_old_content":"","_et_gb_content_width":""},"product_brand":[],"product_cat":[1399],"product_tag":[],"class_list":{"0":"post-209983","1":"product","2":"type-product","3":"status-publish","4":"has-post-thumbnail","6":"product_cat-eas-antennas","8":"first","9":"instock","10":"taxable","11":"shipping-taxable","12":"purchasable","13":"product-type-simple"},"yoast_head":"<!-- This site is optimized with the Yoast SEO plugin v27.4 - https:\/\/yoast.com\/product\/yoast-seo-wordpress\/ -->\n<title>Portique Antivol Factice pour Magasins | FORS France<\/title>\n<meta name=\"description\" content=\"Portique Antivol Factice pour effet de dissuasion contre le vol en magasin. Directement achetable depuis notre site internet.\" \/>\n<meta name=\"robots\" content=\"index, follow, max-snippet:-1, max-image-preview:large, max-video-preview:-1\" \/>\n<link rel=\"canonical\" href=\"https:\/\/fors.fr\/en\/eas-antennas\/portique-factice\/\" \/>\n<meta property=\"og:locale\" content=\"en_US\" \/>\n<meta property=\"og:type\" content=\"article\" \/>\n<meta property=\"og:title\" content=\"Portique Antivol Factice pour Magasins | FORS France\" \/>\n<meta property=\"og:description\" content=\"Portique Antivol Factice pour effet de dissuasion contre le vol en magasin. Directement achetable depuis notre site internet.\" \/>\n<meta property=\"og:url\" content=\"https:\/\/fors.fr\/en\/eas-antennas\/portique-factice\/\" \/>\n<meta property=\"og:site_name\" content=\"Fors Anti-Theft\" \/>\n<meta property=\"article:publisher\" content=\"https:\/\/www.facebook.com\/forsantitheft\/\" \/>\n<meta property=\"article:modified_time\" content=\"2025-07-24T15:16:06+00:00\" \/>\n<meta property=\"og:image\" content=\"https:\/\/fors.fr\/medias\/produits\/antennes\/eas-factice\/Antenne-Factice-easfactice.jpg\" \/>\n\t<meta property=\"og:image:width\" content=\"2560\" \/>\n\t<meta property=\"og:image:height\" content=\"2560\" \/>\n\t<meta property=\"og:image:type\" content=\"image\/jpeg\" \/>\n<meta name=\"twitter:card\" content=\"summary_large_image\" \/>\n<meta name=\"twitter:site\" content=\"@fors_france\" \/>\n<meta name=\"twitter:label1\" content=\"Est. reading time\" \/>\n\t<meta name=\"twitter:data1\" content=\"1 minute\" \/>\n<script type=\"application\/ld+json\" class=\"yoast-schema-graph\">{\"@context\":\"https:\\\/\\\/schema.org\",\"@graph\":[{\"@type\":\"WebPage\",\"@id\":\"https:\\\/\\\/fors.fr\\\/en\\\/eas-antennas\\\/portique-factice\\\/\",\"url\":\"https:\\\/\\\/fors.fr\\\/en\\\/eas-antennas\\\/portique-factice\\\/\",\"name\":\"Portique Antivol Factice pour Magasins | FORS France\",\"isPartOf\":{\"@id\":\"https:\\\/\\\/fors.fr\\\/en\\\/#website\"},\"primaryImageOfPage\":{\"@id\":\"https:\\\/\\\/fors.fr\\\/en\\\/eas-antennas\\\/portique-factice\\\/#primaryimage\"},\"image\":{\"@id\":\"https:\\\/\\\/fors.fr\\\/en\\\/eas-antennas\\\/portique-factice\\\/#primaryimage\"},\"thumbnailUrl\":\"https:\\\/\\\/fors.fr\\\/medias\\\/produits\\\/antennes\\\/eas-factice\\\/Antenne-Factice-easfactice.jpg\",\"datePublished\":\"2013-12-23T17:00:30+00:00\",\"dateModified\":\"2025-07-24T15:16:06+00:00\",\"description\":\"Portique Antivol Factice pour effet de dissuasion contre le vol en magasin. Directement achetable depuis notre site internet.\",\"breadcrumb\":{\"@id\":\"https:\\\/\\\/fors.fr\\\/en\\\/eas-antennas\\\/portique-factice\\\/#breadcrumb\"},\"inLanguage\":\"en-US\",\"potentialAction\":[{\"@type\":\"ReadAction\",\"target\":[\"https:\\\/\\\/fors.fr\\\/en\\\/eas-antennas\\\/portique-factice\\\/\"]}]},{\"@type\":\"ImageObject\",\"inLanguage\":\"en-US\",\"@id\":\"https:\\\/\\\/fors.fr\\\/en\\\/eas-antennas\\\/portique-factice\\\/#primaryimage\",\"url\":\"https:\\\/\\\/fors.fr\\\/medias\\\/produits\\\/antennes\\\/eas-factice\\\/Antenne-Factice-easfactice.jpg\",\"contentUrl\":\"https:\\\/\\\/fors.fr\\\/medias\\\/produits\\\/antennes\\\/eas-factice\\\/Antenne-Factice-easfactice.jpg\",\"width\":2560,\"height\":2560,\"caption\":\"Portique Antivol Factice\"},{\"@type\":\"BreadcrumbList\",\"@id\":\"https:\\\/\\\/fors.fr\\\/en\\\/eas-antennas\\\/portique-factice\\\/#breadcrumb\",\"itemListElement\":[{\"@type\":\"ListItem\",\"position\":1,\"name\":\"FORS\",\"item\":\"https:\\\/\\\/fors.fr\\\/en\\\/\"},{\"@type\":\"ListItem\",\"position\":2,\"name\":\"Shop\",\"item\":\"https:\\\/\\\/fors.fr\\\/en\\\/shop\\\/\"},{\"@type\":\"ListItem\",\"position\":3,\"name\":\"Portique Antivol Factice\"}]},{\"@type\":\"WebSite\",\"@id\":\"https:\\\/\\\/fors.fr\\\/en\\\/#website\",\"url\":\"https:\\\/\\\/fors.fr\\\/en\\\/\",\"name\":\"FORS Anti-Theft\",\"description\":\"Anti-theft against shoplifting\",\"publisher\":{\"@id\":\"https:\\\/\\\/fors.fr\\\/en\\\/#organization\"},\"alternateName\":\"Fors\",\"potentialAction\":[{\"@type\":\"SearchAction\",\"target\":{\"@type\":\"EntryPoint\",\"urlTemplate\":\"https:\\\/\\\/fors.fr\\\/en\\\/?s={search_term_string}\"},\"query-input\":{\"@type\":\"PropertyValueSpecification\",\"valueRequired\":true,\"valueName\":\"search_term_string\"}}],\"inLanguage\":\"en-US\"},{\"@type\":\"Organization\",\"@id\":\"https:\\\/\\\/fors.fr\\\/en\\\/#organization\",\"name\":\"Fors\",\"alternateName\":\"Fors Anti-Theft\",\"url\":\"https:\\\/\\\/fors.fr\\\/en\\\/\",\"logo\":{\"@type\":\"ImageObject\",\"inLanguage\":\"en-US\",\"@id\":\"https:\\\/\\\/fors.fr\\\/en\\\/#\\\/schema\\\/logo\\\/image\\\/\",\"url\":\"https:\\\/\\\/fors.fr\\\/medias\\\/favico_512.png\",\"contentUrl\":\"https:\\\/\\\/fors.fr\\\/medias\\\/favico_512.png\",\"width\":512,\"height\":512,\"caption\":\"Fors\"},\"image\":{\"@id\":\"https:\\\/\\\/fors.fr\\\/en\\\/#\\\/schema\\\/logo\\\/image\\\/\"},\"sameAs\":[\"https:\\\/\\\/www.facebook.com\\\/forsantitheft\\\/\",\"https:\\\/\\\/x.com\\\/fors_france\",\"https:\\\/\\\/www.linkedin.com\\\/company\\\/245351\\\/\",\"https:\\\/\\\/www.youtube.com\\\/user\\\/ForsFrance\\\/\",\"https:\\\/\\\/www.companeo.com\\\/portiques-de-securite\\\/annuaire\\\/fors-france\",\"https:\\\/\\\/www.europages.fr\\\/FORS-FRANCE\\\/FRA310174-000009382001.html\",\"https:\\\/\\\/www.pagesjaunes.fr\\\/pros\\\/07584984\"]}]}<\/script>\n<!-- \/ Yoast SEO plugin. -->","yoast_head_json":{"title":"Portique Antivol Factice pour Magasins | FORS France","description":"Portique Antivol Factice pour effet de dissuasion contre le vol en magasin. Directement achetable depuis notre site internet.","robots":{"index":"index","follow":"follow","max-snippet":"max-snippet:-1","max-image-preview":"max-image-preview:large","max-video-preview":"max-video-preview:-1"},"canonical":"https:\/\/fors.fr\/en\/eas-antennas\/portique-factice\/","og_locale":"en_US","og_type":"article","og_title":"Portique Antivol Factice pour Magasins | FORS France","og_description":"Portique Antivol Factice pour effet de dissuasion contre le vol en magasin. Directement achetable depuis notre site internet.","og_url":"https:\/\/fors.fr\/en\/eas-antennas\/portique-factice\/","og_site_name":"Fors Anti-Theft","article_publisher":"https:\/\/www.facebook.com\/forsantitheft\/","article_modified_time":"2025-07-24T15:16:06+00:00","og_image":[{"width":2560,"height":2560,"url":"https:\/\/fors.fr\/medias\/produits\/antennes\/eas-factice\/Antenne-Factice-easfactice.jpg","type":"image\/jpeg"}],"twitter_card":"summary_large_image","twitter_site":"@fors_france","twitter_misc":{"Est. reading time":"1 minute"},"schema":{"@context":"https:\/\/schema.org","@graph":[{"@type":"WebPage","@id":"https:\/\/fors.fr\/en\/eas-antennas\/portique-factice\/","url":"https:\/\/fors.fr\/en\/eas-antennas\/portique-factice\/","name":"Portique Antivol Factice pour Magasins | FORS France","isPartOf":{"@id":"https:\/\/fors.fr\/en\/#website"},"primaryImageOfPage":{"@id":"https:\/\/fors.fr\/en\/eas-antennas\/portique-factice\/#primaryimage"},"image":{"@id":"https:\/\/fors.fr\/en\/eas-antennas\/portique-factice\/#primaryimage"},"thumbnailUrl":"https:\/\/fors.fr\/medias\/produits\/antennes\/eas-factice\/Antenne-Factice-easfactice.jpg","datePublished":"2013-12-23T17:00:30+00:00","dateModified":"2025-07-24T15:16:06+00:00","description":"Portique Antivol Factice pour effet de dissuasion contre le vol en magasin. Directement achetable depuis notre site internet.","breadcrumb":{"@id":"https:\/\/fors.fr\/en\/eas-antennas\/portique-factice\/#breadcrumb"},"inLanguage":"en-US","potentialAction":[{"@type":"ReadAction","target":["https:\/\/fors.fr\/en\/eas-antennas\/portique-factice\/"]}]},{"@type":"ImageObject","inLanguage":"en-US","@id":"https:\/\/fors.fr\/en\/eas-antennas\/portique-factice\/#primaryimage","url":"https:\/\/fors.fr\/medias\/produits\/antennes\/eas-factice\/Antenne-Factice-easfactice.jpg","contentUrl":"https:\/\/fors.fr\/medias\/produits\/antennes\/eas-factice\/Antenne-Factice-easfactice.jpg","width":2560,"height":2560,"caption":"Portique Antivol Factice"},{"@type":"BreadcrumbList","@id":"https:\/\/fors.fr\/en\/eas-antennas\/portique-factice\/#breadcrumb","itemListElement":[{"@type":"ListItem","position":1,"name":"FORS","item":"https:\/\/fors.fr\/en\/"},{"@type":"ListItem","position":2,"name":"Shop","item":"https:\/\/fors.fr\/en\/shop\/"},{"@type":"ListItem","position":3,"name":"Portique Antivol Factice"}]},{"@type":"WebSite","@id":"https:\/\/fors.fr\/en\/#website","url":"https:\/\/fors.fr\/en\/","name":"FORS Anti-Theft","description":"Anti-theft against shoplifting","publisher":{"@id":"https:\/\/fors.fr\/en\/#organization"},"alternateName":"Fors","potentialAction":[{"@type":"SearchAction","target":{"@type":"EntryPoint","urlTemplate":"https:\/\/fors.fr\/en\/?s={search_term_string}"},"query-input":{"@type":"PropertyValueSpecification","valueRequired":true,"valueName":"search_term_string"}}],"inLanguage":"en-US"},{"@type":"Organization","@id":"https:\/\/fors.fr\/en\/#organization","name":"Fors","alternateName":"Fors Anti-Theft","url":"https:\/\/fors.fr\/en\/","logo":{"@type":"ImageObject","inLanguage":"en-US","@id":"https:\/\/fors.fr\/en\/#\/schema\/logo\/image\/","url":"https:\/\/fors.fr\/medias\/favico_512.png","contentUrl":"https:\/\/fors.fr\/medias\/favico_512.png","width":512,"height":512,"caption":"Fors"},"image":{"@id":"https:\/\/fors.fr\/en\/#\/schema\/logo\/image\/"},"sameAs":["https:\/\/www.facebook.com\/forsantitheft\/","https:\/\/x.com\/fors_france","https:\/\/www.linkedin.com\/company\/245351\/","https:\/\/www.youtube.com\/user\/ForsFrance\/","https:\/\/www.companeo.com\/portiques-de-securite\/annuaire\/fors-france","https:\/\/www.europages.fr\/FORS-FRANCE\/FRA310174-000009382001.html","https:\/\/www.pagesjaunes.fr\/pros\/07584984"]}]}},"_links":{"self":[{"href":"https:\/\/fors.fr\/en\/wp-json\/wp\/v2\/product\/209983","targetHints":{"allow":["GET"]}}],"collection":[{"href":"https:\/\/fors.fr\/en\/wp-json\/wp\/v2\/product"}],"about":[{"href":"https:\/\/fors.fr\/en\/wp-json\/wp\/v2\/types\/product"}],"wp:featuredmedia":[{"embeddable":true,"href":"https:\/\/fors.fr\/en\/wp-json\/wp\/v2\/media\/7696839"}],"wp:attachment":[{"href":"https:\/\/fors.fr\/en\/wp-json\/wp\/v2\/media?parent=209983"}],"wp:term":[{"taxonomy":"product_brand","embeddable":true,"href":"https:\/\/fors.fr\/en\/wp-json\/wp\/v2\/product_brand?post=209983"},{"taxonomy":"product_cat","embeddable":true,"href":"https:\/\/fors.fr\/en\/wp-json\/wp\/v2\/product_cat?post=209983"},{"taxonomy":"product_tag","embeddable":true,"href":"https:\/\/fors.fr\/en\/wp-json\/wp\/v2\/product_tag?post=209983"}],"curies":[{"name":"wp","href":"https:\/\/api.w.org\/{rel}","templated":true}]}}