{"id":210046,"date":"2019-11-23T20:49:17","date_gmt":"2019-11-23T19:49:17","guid":{"rendered":"https:\/\/fors.fr\/uncategorized\/poteau-extremite\/"},"modified":"2024-05-24T09:23:37","modified_gmt":"2024-05-24T07:23:37","slug":"poteau-extremite","status":"publish","type":"product","link":"https:\/\/fors.fr\/en\/gates-and-guidance\/poteau-extremite\/","title":{"rendered":"Poteau d&#8217;extr\u00e9mit\u00e9"},"content":{"rendered":"<p>Poteau d&#8217;extr\u00e9mit\u00e9 pour barres de guidage.<\/p>\n","protected":false},"excerpt":{"rendered":"<p>Pour barres de guidage<\/p>\n","protected":false},"featured_media":54999,"template":"","meta":{"_et_pb_use_builder":"","_et_pb_old_content":"","_et_gb_content_width":""},"product_brand":[],"product_cat":[1400],"product_tag":[],"class_list":{"0":"post-210046","1":"product","2":"type-product","3":"status-publish","4":"has-post-thumbnail","6":"product_cat-gates-and-guidance","8":"first","9":"instock","10":"taxable","11":"shipping-taxable","12":"purchasable","13":"product-type-simple"},"yoast_head":"<!-- This site is optimized with the Yoast SEO plugin v27.3 - https:\/\/yoast.com\/product\/yoast-seo-wordpress\/ -->\n<title>Am\u00e9nagement Magasin : Poteau d&#039;extr\u00e9mit\u00e9 - Fors Anti-Theft<\/title>\n<meta name=\"robots\" content=\"index, follow, max-snippet:-1, max-image-preview:large, max-video-preview:-1\" \/>\n<link rel=\"canonical\" href=\"https:\/\/fors.fr\/en\/gates-and-guidance\/poteau-extremite\/\" \/>\n<meta property=\"og:locale\" content=\"en_US\" \/>\n<meta property=\"og:type\" content=\"article\" \/>\n<meta property=\"og:title\" content=\"Am\u00e9nagement Magasin : Poteau d&#039;extr\u00e9mit\u00e9 - Fors Anti-Theft\" \/>\n<meta property=\"og:description\" content=\"Pour barres de guidage\" \/>\n<meta property=\"og:url\" content=\"https:\/\/fors.fr\/en\/gates-and-guidance\/poteau-extremite\/\" \/>\n<meta property=\"og:site_name\" content=\"Fors Anti-Theft\" \/>\n<meta property=\"article:publisher\" content=\"https:\/\/www.facebook.com\/forsantitheft\/\" \/>\n<meta property=\"article:modified_time\" content=\"2024-05-24T07:23:37+00:00\" \/>\n<meta property=\"og:image\" content=\"https:\/\/fors.fr\/medias\/WooCommerce_Produits\/Solutions_EAS\/Poteau-extr\u00e9mit\u00e9.jpg\" \/>\n\t<meta property=\"og:image:width\" content=\"753\" \/>\n\t<meta property=\"og:image:height\" content=\"753\" \/>\n\t<meta property=\"og:image:type\" content=\"image\/jpeg\" \/>\n<meta name=\"twitter:card\" content=\"summary_large_image\" \/>\n<meta name=\"twitter:site\" content=\"@fors_france\" \/>\n<script type=\"application\/ld+json\" class=\"yoast-schema-graph\">{\"@context\":\"https:\\\/\\\/schema.org\",\"@graph\":[{\"@type\":\"WebPage\",\"@id\":\"https:\\\/\\\/fors.fr\\\/en\\\/gates-and-guidance\\\/poteau-extremite\\\/\",\"url\":\"https:\\\/\\\/fors.fr\\\/en\\\/gates-and-guidance\\\/poteau-extremite\\\/\",\"name\":\"Am\u00e9nagement Magasin : Poteau d'extr\u00e9mit\u00e9 - Fors Anti-Theft\",\"isPartOf\":{\"@id\":\"https:\\\/\\\/fors.fr\\\/en\\\/#website\"},\"primaryImageOfPage\":{\"@id\":\"https:\\\/\\\/fors.fr\\\/en\\\/gates-and-guidance\\\/poteau-extremite\\\/#primaryimage\"},\"image\":{\"@id\":\"https:\\\/\\\/fors.fr\\\/en\\\/gates-and-guidance\\\/poteau-extremite\\\/#primaryimage\"},\"thumbnailUrl\":\"https:\\\/\\\/fors.fr\\\/medias\\\/WooCommerce_Produits\\\/Solutions_EAS\\\/Poteau-extr\u00e9mit\u00e9.jpg\",\"datePublished\":\"2019-11-23T19:49:17+00:00\",\"dateModified\":\"2024-05-24T07:23:37+00:00\",\"breadcrumb\":{\"@id\":\"https:\\\/\\\/fors.fr\\\/en\\\/gates-and-guidance\\\/poteau-extremite\\\/#breadcrumb\"},\"inLanguage\":\"en-US\",\"potentialAction\":[{\"@type\":\"ReadAction\",\"target\":[\"https:\\\/\\\/fors.fr\\\/en\\\/gates-and-guidance\\\/poteau-extremite\\\/\"]}]},{\"@type\":\"ImageObject\",\"inLanguage\":\"en-US\",\"@id\":\"https:\\\/\\\/fors.fr\\\/en\\\/gates-and-guidance\\\/poteau-extremite\\\/#primaryimage\",\"url\":\"https:\\\/\\\/fors.fr\\\/medias\\\/WooCommerce_Produits\\\/Solutions_EAS\\\/Poteau-extr\u00e9mit\u00e9.jpg\",\"contentUrl\":\"https:\\\/\\\/fors.fr\\\/medias\\\/WooCommerce_Produits\\\/Solutions_EAS\\\/Poteau-extr\u00e9mit\u00e9.jpg\",\"width\":753,\"height\":753},{\"@type\":\"BreadcrumbList\",\"@id\":\"https:\\\/\\\/fors.fr\\\/en\\\/gates-and-guidance\\\/poteau-extremite\\\/#breadcrumb\",\"itemListElement\":[{\"@type\":\"ListItem\",\"position\":1,\"name\":\"FORS\",\"item\":\"https:\\\/\\\/fors.fr\\\/en\\\/\"},{\"@type\":\"ListItem\",\"position\":2,\"name\":\"Shop\",\"item\":\"https:\\\/\\\/fors.fr\\\/en\\\/shop\\\/\"},{\"@type\":\"ListItem\",\"position\":3,\"name\":\"Poteau d&#8217;extr\u00e9mit\u00e9\"}]},{\"@type\":\"WebSite\",\"@id\":\"https:\\\/\\\/fors.fr\\\/en\\\/#website\",\"url\":\"https:\\\/\\\/fors.fr\\\/en\\\/\",\"name\":\"FORS Anti-Theft\",\"description\":\"Anti-theft against shoplifting\",\"publisher\":{\"@id\":\"https:\\\/\\\/fors.fr\\\/en\\\/#organization\"},\"alternateName\":\"Fors\",\"potentialAction\":[{\"@type\":\"SearchAction\",\"target\":{\"@type\":\"EntryPoint\",\"urlTemplate\":\"https:\\\/\\\/fors.fr\\\/en\\\/?s={search_term_string}\"},\"query-input\":{\"@type\":\"PropertyValueSpecification\",\"valueRequired\":true,\"valueName\":\"search_term_string\"}}],\"inLanguage\":\"en-US\"},{\"@type\":\"Organization\",\"@id\":\"https:\\\/\\\/fors.fr\\\/en\\\/#organization\",\"name\":\"Fors\",\"alternateName\":\"Fors Anti-Theft\",\"url\":\"https:\\\/\\\/fors.fr\\\/en\\\/\",\"logo\":{\"@type\":\"ImageObject\",\"inLanguage\":\"en-US\",\"@id\":\"https:\\\/\\\/fors.fr\\\/en\\\/#\\\/schema\\\/logo\\\/image\\\/\",\"url\":\"https:\\\/\\\/fors.fr\\\/medias\\\/favico_512.png\",\"contentUrl\":\"https:\\\/\\\/fors.fr\\\/medias\\\/favico_512.png\",\"width\":512,\"height\":512,\"caption\":\"Fors\"},\"image\":{\"@id\":\"https:\\\/\\\/fors.fr\\\/en\\\/#\\\/schema\\\/logo\\\/image\\\/\"},\"sameAs\":[\"https:\\\/\\\/www.facebook.com\\\/forsantitheft\\\/\",\"https:\\\/\\\/x.com\\\/fors_france\",\"https:\\\/\\\/www.linkedin.com\\\/company\\\/245351\\\/\",\"https:\\\/\\\/www.youtube.com\\\/user\\\/ForsFrance\\\/\",\"https:\\\/\\\/www.companeo.com\\\/portiques-de-securite\\\/annuaire\\\/fors-france\",\"https:\\\/\\\/www.europages.fr\\\/FORS-FRANCE\\\/FRA310174-000009382001.html\",\"https:\\\/\\\/www.pagesjaunes.fr\\\/pros\\\/07584984\"]}]}<\/script>\n<!-- \/ Yoast SEO plugin. -->","yoast_head_json":{"title":"Am\u00e9nagement Magasin : Poteau d'extr\u00e9mit\u00e9 - Fors Anti-Theft","robots":{"index":"index","follow":"follow","max-snippet":"max-snippet:-1","max-image-preview":"max-image-preview:large","max-video-preview":"max-video-preview:-1"},"canonical":"https:\/\/fors.fr\/en\/gates-and-guidance\/poteau-extremite\/","og_locale":"en_US","og_type":"article","og_title":"Am\u00e9nagement Magasin : Poteau d'extr\u00e9mit\u00e9 - Fors Anti-Theft","og_description":"Pour barres de guidage","og_url":"https:\/\/fors.fr\/en\/gates-and-guidance\/poteau-extremite\/","og_site_name":"Fors Anti-Theft","article_publisher":"https:\/\/www.facebook.com\/forsantitheft\/","article_modified_time":"2024-05-24T07:23:37+00:00","og_image":[{"width":753,"height":753,"url":"https:\/\/fors.fr\/medias\/WooCommerce_Produits\/Solutions_EAS\/Poteau-extr\u00e9mit\u00e9.jpg","type":"image\/jpeg"}],"twitter_card":"summary_large_image","twitter_site":"@fors_france","schema":{"@context":"https:\/\/schema.org","@graph":[{"@type":"WebPage","@id":"https:\/\/fors.fr\/en\/gates-and-guidance\/poteau-extremite\/","url":"https:\/\/fors.fr\/en\/gates-and-guidance\/poteau-extremite\/","name":"Am\u00e9nagement Magasin : Poteau d'extr\u00e9mit\u00e9 - Fors Anti-Theft","isPartOf":{"@id":"https:\/\/fors.fr\/en\/#website"},"primaryImageOfPage":{"@id":"https:\/\/fors.fr\/en\/gates-and-guidance\/poteau-extremite\/#primaryimage"},"image":{"@id":"https:\/\/fors.fr\/en\/gates-and-guidance\/poteau-extremite\/#primaryimage"},"thumbnailUrl":"https:\/\/fors.fr\/medias\/WooCommerce_Produits\/Solutions_EAS\/Poteau-extr\u00e9mit\u00e9.jpg","datePublished":"2019-11-23T19:49:17+00:00","dateModified":"2024-05-24T07:23:37+00:00","breadcrumb":{"@id":"https:\/\/fors.fr\/en\/gates-and-guidance\/poteau-extremite\/#breadcrumb"},"inLanguage":"en-US","potentialAction":[{"@type":"ReadAction","target":["https:\/\/fors.fr\/en\/gates-and-guidance\/poteau-extremite\/"]}]},{"@type":"ImageObject","inLanguage":"en-US","@id":"https:\/\/fors.fr\/en\/gates-and-guidance\/poteau-extremite\/#primaryimage","url":"https:\/\/fors.fr\/medias\/WooCommerce_Produits\/Solutions_EAS\/Poteau-extr\u00e9mit\u00e9.jpg","contentUrl":"https:\/\/fors.fr\/medias\/WooCommerce_Produits\/Solutions_EAS\/Poteau-extr\u00e9mit\u00e9.jpg","width":753,"height":753},{"@type":"BreadcrumbList","@id":"https:\/\/fors.fr\/en\/gates-and-guidance\/poteau-extremite\/#breadcrumb","itemListElement":[{"@type":"ListItem","position":1,"name":"FORS","item":"https:\/\/fors.fr\/en\/"},{"@type":"ListItem","position":2,"name":"Shop","item":"https:\/\/fors.fr\/en\/shop\/"},{"@type":"ListItem","position":3,"name":"Poteau d&#8217;extr\u00e9mit\u00e9"}]},{"@type":"WebSite","@id":"https:\/\/fors.fr\/en\/#website","url":"https:\/\/fors.fr\/en\/","name":"FORS Anti-Theft","description":"Anti-theft against shoplifting","publisher":{"@id":"https:\/\/fors.fr\/en\/#organization"},"alternateName":"Fors","potentialAction":[{"@type":"SearchAction","target":{"@type":"EntryPoint","urlTemplate":"https:\/\/fors.fr\/en\/?s={search_term_string}"},"query-input":{"@type":"PropertyValueSpecification","valueRequired":true,"valueName":"search_term_string"}}],"inLanguage":"en-US"},{"@type":"Organization","@id":"https:\/\/fors.fr\/en\/#organization","name":"Fors","alternateName":"Fors Anti-Theft","url":"https:\/\/fors.fr\/en\/","logo":{"@type":"ImageObject","inLanguage":"en-US","@id":"https:\/\/fors.fr\/en\/#\/schema\/logo\/image\/","url":"https:\/\/fors.fr\/medias\/favico_512.png","contentUrl":"https:\/\/fors.fr\/medias\/favico_512.png","width":512,"height":512,"caption":"Fors"},"image":{"@id":"https:\/\/fors.fr\/en\/#\/schema\/logo\/image\/"},"sameAs":["https:\/\/www.facebook.com\/forsantitheft\/","https:\/\/x.com\/fors_france","https:\/\/www.linkedin.com\/company\/245351\/","https:\/\/www.youtube.com\/user\/ForsFrance\/","https:\/\/www.companeo.com\/portiques-de-securite\/annuaire\/fors-france","https:\/\/www.europages.fr\/FORS-FRANCE\/FRA310174-000009382001.html","https:\/\/www.pagesjaunes.fr\/pros\/07584984"]}]}},"_links":{"self":[{"href":"https:\/\/fors.fr\/en\/wp-json\/wp\/v2\/product\/210046","targetHints":{"allow":["GET"]}}],"collection":[{"href":"https:\/\/fors.fr\/en\/wp-json\/wp\/v2\/product"}],"about":[{"href":"https:\/\/fors.fr\/en\/wp-json\/wp\/v2\/types\/product"}],"wp:featuredmedia":[{"embeddable":true,"href":"https:\/\/fors.fr\/en\/wp-json\/wp\/v2\/media\/54999"}],"wp:attachment":[{"href":"https:\/\/fors.fr\/en\/wp-json\/wp\/v2\/media?parent=210046"}],"wp:term":[{"taxonomy":"product_brand","embeddable":true,"href":"https:\/\/fors.fr\/en\/wp-json\/wp\/v2\/product_brand?post=210046"},{"taxonomy":"product_cat","embeddable":true,"href":"https:\/\/fors.fr\/en\/wp-json\/wp\/v2\/product_cat?post=210046"},{"taxonomy":"product_tag","embeddable":true,"href":"https:\/\/fors.fr\/en\/wp-json\/wp\/v2\/product_tag?post=210046"}],"curies":[{"name":"wp","href":"https:\/\/api.w.org\/{rel}","templated":true}]}}