{"id":210047,"date":"2019-11-23T20:37:55","date_gmt":"2019-11-23T19:37:55","guid":{"rendered":"https:\/\/fors.fr\/uncategorized\/portillon-automatique\/"},"modified":"2026-02-18T15:44:11","modified_gmt":"2026-02-18T14:44:11","slug":"portillon-automatique-magasin","status":"publish","type":"product","link":"https:\/\/fors.fr\/en\/gates-and-guidance\/portillon-automatique-magasin\/","title":{"rendered":"Portillon Automatique"},"content":{"rendered":"<p><strong style=\"color: var(--couleur); text-transform: uppercase;\">Portillons automatiques :<\/strong><\/p>\n<p>Le portillon automatique constitue la solution \u00e9conomique id\u00e9ale pour s\u00e9curiser l\u2019entr\u00e9e de votre magasin.<br \/>\nIl d\u00e9clenche automatiquement l\u2019ouverture lorsqu\u2019un client s\u2019approche.<br \/>\nSi une personne passe le portillon \u00e0 l&#8217;envers, une alarme se d\u00e9clenche.<\/p>\n<p>Ce nouveau mod\u00e8le EasyGate NG b\u00e9n\u00e9ficie des derni\u00e8res innovations FORS :<\/p>\n<p>Elle correspond \u00e0 notre gamme de derni\u00e8re g\u00e9n\u00e9ration encore plus pratique et robuste b\u00e9n\u00e9ficiant d\u2019un design moderne.<br \/>\nLe nouveau EasyGate NG combine le meilleur de la gamme Easygate standard et Flexigate tout en b\u00e9n\u00e9ficiant de la technologie et des composants les plus r\u00e9cents du march\u00e9.<br \/>\nSon format compact permet une implantation facile quelle que soit la configuration de votre magasin.<br \/>\nL\u2019EasyGate NG a \u00e9t\u00e9 con\u00e7u dans l\u2019objectif de cr\u00e9er une harmonie parfaite entre les diff\u00e9rents \u00e9l\u00e9ments de la gamme (bras, montants, barres de guidage&#8230;).<\/p>\n<p>Ce portillon automatique dispose d\u2019une fonction anti-panique et d\u2019une alarme sonore qui retentit si le bras de porte est pouss\u00e9 dans le mode anti-panique.<\/p>\n<p><strong style=\"color: var(--couleur); text-transform: uppercase;\">SP\u00c9CIFICIT\u00c9S :<\/strong><br \/>\n<span style=\"color: var(--couleur);\">\u2022 Ouverture du bras \u00e0 90\u00b0<\/span><br \/>\n<span style=\"color: var(--couleur);\">\u2022 <\/span>Liaison et synchronisation de plusieurs portillons (par GateCom)<br \/>\n<span style=\"color: var(--couleur);\">\u2022 <\/span>Fonction antipanique r\u00e9glable permettant un d\u00e9verrouillage invers\u00e9 du portillon<\/p>\n<p><strong style=\"color: var(--couleur); text-transform: uppercase;\">DONN\u00c9ES TECHNIQUES :<\/strong><br \/>\n<span style=\"color: var(--couleur);\">\u2022 <\/span>Temps d&#8217;ouverture : 1,5 s<br \/>\n<span style=\"color: var(--couleur);\">\u2022 <\/span>Temps de fermeture : 2,5 s<br \/>\n<span style=\"color: var(--couleur);\">\u2022 <\/span>Puissance anti-panique : 40 \u00e0 75 Nm<br \/>\n<span style=\"color: var(--couleur);\">\u2022 <\/span>Type de signal : NPN, 12 VDC<br \/>\n<span style=\"color: var(--couleur);\">\u2022 <\/span>R\u00e9glages : Puissance anti-panique, temps d&#8217;ouverture et fermeture du portillon<br \/>\n<span style=\"color: var(--couleur);\">\u2022 <\/span>Alimentation Moteur : 12 VDC<br \/>\n<span style=\"color: var(--couleur);\">\u2022 <\/span>Alimentation : 230 V<\/p>\n","protected":false},"excerpt":{"rendered":"<p>Portillon automatique<\/p>\n<p>Gauche et\/ou Droite<\/p>\n","protected":false},"featured_media":18753907,"template":"","meta":{"_et_pb_use_builder":"","_et_pb_old_content":"","_et_gb_content_width":""},"product_brand":[],"product_cat":[1400],"product_tag":[],"class_list":{"0":"post-210047","1":"product","2":"type-product","3":"status-publish","4":"has-post-thumbnail","6":"product_cat-gates-and-guidance","8":"first","9":"instock","10":"taxable","11":"shipping-taxable","12":"purchasable","13":"product-type-variable"},"yoast_head":"<!-- This site is optimized with the Yoast SEO plugin v27.3 - https:\/\/yoast.com\/product\/yoast-seo-wordpress\/ -->\n<title>Portillon Automatique pour Magasin - Fors Anti-Theft<\/title>\n<meta name=\"description\" content=\"Portillon automatique : solution moderne, compacte et s\u00e9curis\u00e9e pour contr\u00f4ler l\u2019acc\u00e8s \u00e0 votre magasin. D\u00e9tection automatique, alarme et antipanique.\" \/>\n<meta name=\"robots\" content=\"index, follow, max-snippet:-1, max-image-preview:large, max-video-preview:-1\" \/>\n<link rel=\"canonical\" href=\"https:\/\/fors.fr\/en\/gates-and-guidance\/portillon-automatique-magasin\/\" \/>\n<meta property=\"og:locale\" content=\"en_US\" \/>\n<meta property=\"og:type\" content=\"article\" \/>\n<meta property=\"og:title\" content=\"Portillon Automatique pour Magasin - Fors Anti-Theft\" \/>\n<meta property=\"og:description\" content=\"Portillon automatique : solution moderne, compacte et s\u00e9curis\u00e9e pour contr\u00f4ler l\u2019acc\u00e8s \u00e0 votre magasin. D\u00e9tection automatique, alarme et antipanique.\" \/>\n<meta property=\"og:url\" content=\"https:\/\/fors.fr\/en\/gates-and-guidance\/portillon-automatique-magasin\/\" \/>\n<meta property=\"og:site_name\" content=\"Fors Anti-Theft\" \/>\n<meta property=\"article:publisher\" content=\"https:\/\/www.facebook.com\/forsantitheft\/\" \/>\n<meta property=\"article:modified_time\" content=\"2026-02-18T14:44:11+00:00\" \/>\n<meta property=\"og:image\" content=\"https:\/\/fors.fr\/medias\/portillon-automatique-fors-2025-2.jpg\" \/>\n\t<meta property=\"og:image:width\" content=\"950\" \/>\n\t<meta property=\"og:image:height\" content=\"950\" \/>\n\t<meta property=\"og:image:type\" content=\"image\/jpeg\" \/>\n<meta name=\"twitter:card\" content=\"summary_large_image\" \/>\n<meta name=\"twitter:site\" content=\"@fors_france\" \/>\n<meta name=\"twitter:label1\" content=\"Est. reading time\" \/>\n\t<meta name=\"twitter:data1\" content=\"1 minute\" \/>\n<script type=\"application\/ld+json\" class=\"yoast-schema-graph\">{\"@context\":\"https:\\\/\\\/schema.org\",\"@graph\":[{\"@type\":\"WebPage\",\"@id\":\"https:\\\/\\\/fors.fr\\\/en\\\/gates-and-guidance\\\/portillon-automatique-magasin\\\/\",\"url\":\"https:\\\/\\\/fors.fr\\\/en\\\/gates-and-guidance\\\/portillon-automatique-magasin\\\/\",\"name\":\"Portillon Automatique pour Magasin - Fors Anti-Theft\",\"isPartOf\":{\"@id\":\"https:\\\/\\\/fors.fr\\\/en\\\/#website\"},\"primaryImageOfPage\":{\"@id\":\"https:\\\/\\\/fors.fr\\\/en\\\/gates-and-guidance\\\/portillon-automatique-magasin\\\/#primaryimage\"},\"image\":{\"@id\":\"https:\\\/\\\/fors.fr\\\/en\\\/gates-and-guidance\\\/portillon-automatique-magasin\\\/#primaryimage\"},\"thumbnailUrl\":\"https:\\\/\\\/fors.fr\\\/medias\\\/portillon-automatique-fors-2025-2.jpg\",\"datePublished\":\"2019-11-23T19:37:55+00:00\",\"dateModified\":\"2026-02-18T14:44:11+00:00\",\"description\":\"Portillon automatique : solution moderne, compacte et s\u00e9curis\u00e9e pour contr\u00f4ler l\u2019acc\u00e8s \u00e0 votre magasin. D\u00e9tection automatique, alarme et antipanique.\",\"breadcrumb\":{\"@id\":\"https:\\\/\\\/fors.fr\\\/en\\\/gates-and-guidance\\\/portillon-automatique-magasin\\\/#breadcrumb\"},\"inLanguage\":\"en-US\",\"potentialAction\":[{\"@type\":\"ReadAction\",\"target\":[\"https:\\\/\\\/fors.fr\\\/en\\\/gates-and-guidance\\\/portillon-automatique-magasin\\\/\"]}]},{\"@type\":\"ImageObject\",\"inLanguage\":\"en-US\",\"@id\":\"https:\\\/\\\/fors.fr\\\/en\\\/gates-and-guidance\\\/portillon-automatique-magasin\\\/#primaryimage\",\"url\":\"https:\\\/\\\/fors.fr\\\/medias\\\/portillon-automatique-fors-2025-2.jpg\",\"contentUrl\":\"https:\\\/\\\/fors.fr\\\/medias\\\/portillon-automatique-fors-2025-2.jpg\",\"width\":950,\"height\":950,\"caption\":\"Portillon Automatique FORS\"},{\"@type\":\"BreadcrumbList\",\"@id\":\"https:\\\/\\\/fors.fr\\\/en\\\/gates-and-guidance\\\/portillon-automatique-magasin\\\/#breadcrumb\",\"itemListElement\":[{\"@type\":\"ListItem\",\"position\":1,\"name\":\"FORS\",\"item\":\"https:\\\/\\\/fors.fr\\\/en\\\/\"},{\"@type\":\"ListItem\",\"position\":2,\"name\":\"Shop\",\"item\":\"https:\\\/\\\/fors.fr\\\/en\\\/shop\\\/\"},{\"@type\":\"ListItem\",\"position\":3,\"name\":\"Portillon Automatique\"}]},{\"@type\":\"WebSite\",\"@id\":\"https:\\\/\\\/fors.fr\\\/en\\\/#website\",\"url\":\"https:\\\/\\\/fors.fr\\\/en\\\/\",\"name\":\"FORS Anti-Theft\",\"description\":\"Anti-theft against shoplifting\",\"publisher\":{\"@id\":\"https:\\\/\\\/fors.fr\\\/en\\\/#organization\"},\"alternateName\":\"Fors\",\"potentialAction\":[{\"@type\":\"SearchAction\",\"target\":{\"@type\":\"EntryPoint\",\"urlTemplate\":\"https:\\\/\\\/fors.fr\\\/en\\\/?s={search_term_string}\"},\"query-input\":{\"@type\":\"PropertyValueSpecification\",\"valueRequired\":true,\"valueName\":\"search_term_string\"}}],\"inLanguage\":\"en-US\"},{\"@type\":\"Organization\",\"@id\":\"https:\\\/\\\/fors.fr\\\/en\\\/#organization\",\"name\":\"Fors\",\"alternateName\":\"Fors Anti-Theft\",\"url\":\"https:\\\/\\\/fors.fr\\\/en\\\/\",\"logo\":{\"@type\":\"ImageObject\",\"inLanguage\":\"en-US\",\"@id\":\"https:\\\/\\\/fors.fr\\\/en\\\/#\\\/schema\\\/logo\\\/image\\\/\",\"url\":\"https:\\\/\\\/fors.fr\\\/medias\\\/favico_512.png\",\"contentUrl\":\"https:\\\/\\\/fors.fr\\\/medias\\\/favico_512.png\",\"width\":512,\"height\":512,\"caption\":\"Fors\"},\"image\":{\"@id\":\"https:\\\/\\\/fors.fr\\\/en\\\/#\\\/schema\\\/logo\\\/image\\\/\"},\"sameAs\":[\"https:\\\/\\\/www.facebook.com\\\/forsantitheft\\\/\",\"https:\\\/\\\/x.com\\\/fors_france\",\"https:\\\/\\\/www.linkedin.com\\\/company\\\/245351\\\/\",\"https:\\\/\\\/www.youtube.com\\\/user\\\/ForsFrance\\\/\",\"https:\\\/\\\/www.companeo.com\\\/portiques-de-securite\\\/annuaire\\\/fors-france\",\"https:\\\/\\\/www.europages.fr\\\/FORS-FRANCE\\\/FRA310174-000009382001.html\",\"https:\\\/\\\/www.pagesjaunes.fr\\\/pros\\\/07584984\"]}]}<\/script>\n<!-- \/ Yoast SEO plugin. -->","yoast_head_json":{"title":"Portillon Automatique pour Magasin - Fors Anti-Theft","description":"Portillon automatique : solution moderne, compacte et s\u00e9curis\u00e9e pour contr\u00f4ler l\u2019acc\u00e8s \u00e0 votre magasin. D\u00e9tection automatique, alarme et antipanique.","robots":{"index":"index","follow":"follow","max-snippet":"max-snippet:-1","max-image-preview":"max-image-preview:large","max-video-preview":"max-video-preview:-1"},"canonical":"https:\/\/fors.fr\/en\/gates-and-guidance\/portillon-automatique-magasin\/","og_locale":"en_US","og_type":"article","og_title":"Portillon Automatique pour Magasin - Fors Anti-Theft","og_description":"Portillon automatique : solution moderne, compacte et s\u00e9curis\u00e9e pour contr\u00f4ler l\u2019acc\u00e8s \u00e0 votre magasin. D\u00e9tection automatique, alarme et antipanique.","og_url":"https:\/\/fors.fr\/en\/gates-and-guidance\/portillon-automatique-magasin\/","og_site_name":"Fors Anti-Theft","article_publisher":"https:\/\/www.facebook.com\/forsantitheft\/","article_modified_time":"2026-02-18T14:44:11+00:00","og_image":[{"width":950,"height":950,"url":"https:\/\/fors.fr\/medias\/portillon-automatique-fors-2025-2.jpg","type":"image\/jpeg"}],"twitter_card":"summary_large_image","twitter_site":"@fors_france","twitter_misc":{"Est. reading time":"1 minute"},"schema":{"@context":"https:\/\/schema.org","@graph":[{"@type":"WebPage","@id":"https:\/\/fors.fr\/en\/gates-and-guidance\/portillon-automatique-magasin\/","url":"https:\/\/fors.fr\/en\/gates-and-guidance\/portillon-automatique-magasin\/","name":"Portillon Automatique pour Magasin - Fors Anti-Theft","isPartOf":{"@id":"https:\/\/fors.fr\/en\/#website"},"primaryImageOfPage":{"@id":"https:\/\/fors.fr\/en\/gates-and-guidance\/portillon-automatique-magasin\/#primaryimage"},"image":{"@id":"https:\/\/fors.fr\/en\/gates-and-guidance\/portillon-automatique-magasin\/#primaryimage"},"thumbnailUrl":"https:\/\/fors.fr\/medias\/portillon-automatique-fors-2025-2.jpg","datePublished":"2019-11-23T19:37:55+00:00","dateModified":"2026-02-18T14:44:11+00:00","description":"Portillon automatique : solution moderne, compacte et s\u00e9curis\u00e9e pour contr\u00f4ler l\u2019acc\u00e8s \u00e0 votre magasin. D\u00e9tection automatique, alarme et antipanique.","breadcrumb":{"@id":"https:\/\/fors.fr\/en\/gates-and-guidance\/portillon-automatique-magasin\/#breadcrumb"},"inLanguage":"en-US","potentialAction":[{"@type":"ReadAction","target":["https:\/\/fors.fr\/en\/gates-and-guidance\/portillon-automatique-magasin\/"]}]},{"@type":"ImageObject","inLanguage":"en-US","@id":"https:\/\/fors.fr\/en\/gates-and-guidance\/portillon-automatique-magasin\/#primaryimage","url":"https:\/\/fors.fr\/medias\/portillon-automatique-fors-2025-2.jpg","contentUrl":"https:\/\/fors.fr\/medias\/portillon-automatique-fors-2025-2.jpg","width":950,"height":950,"caption":"Portillon Automatique FORS"},{"@type":"BreadcrumbList","@id":"https:\/\/fors.fr\/en\/gates-and-guidance\/portillon-automatique-magasin\/#breadcrumb","itemListElement":[{"@type":"ListItem","position":1,"name":"FORS","item":"https:\/\/fors.fr\/en\/"},{"@type":"ListItem","position":2,"name":"Shop","item":"https:\/\/fors.fr\/en\/shop\/"},{"@type":"ListItem","position":3,"name":"Portillon Automatique"}]},{"@type":"WebSite","@id":"https:\/\/fors.fr\/en\/#website","url":"https:\/\/fors.fr\/en\/","name":"FORS Anti-Theft","description":"Anti-theft against shoplifting","publisher":{"@id":"https:\/\/fors.fr\/en\/#organization"},"alternateName":"Fors","potentialAction":[{"@type":"SearchAction","target":{"@type":"EntryPoint","urlTemplate":"https:\/\/fors.fr\/en\/?s={search_term_string}"},"query-input":{"@type":"PropertyValueSpecification","valueRequired":true,"valueName":"search_term_string"}}],"inLanguage":"en-US"},{"@type":"Organization","@id":"https:\/\/fors.fr\/en\/#organization","name":"Fors","alternateName":"Fors Anti-Theft","url":"https:\/\/fors.fr\/en\/","logo":{"@type":"ImageObject","inLanguage":"en-US","@id":"https:\/\/fors.fr\/en\/#\/schema\/logo\/image\/","url":"https:\/\/fors.fr\/medias\/favico_512.png","contentUrl":"https:\/\/fors.fr\/medias\/favico_512.png","width":512,"height":512,"caption":"Fors"},"image":{"@id":"https:\/\/fors.fr\/en\/#\/schema\/logo\/image\/"},"sameAs":["https:\/\/www.facebook.com\/forsantitheft\/","https:\/\/x.com\/fors_france","https:\/\/www.linkedin.com\/company\/245351\/","https:\/\/www.youtube.com\/user\/ForsFrance\/","https:\/\/www.companeo.com\/portiques-de-securite\/annuaire\/fors-france","https:\/\/www.europages.fr\/FORS-FRANCE\/FRA310174-000009382001.html","https:\/\/www.pagesjaunes.fr\/pros\/07584984"]}]}},"_links":{"self":[{"href":"https:\/\/fors.fr\/en\/wp-json\/wp\/v2\/product\/210047","targetHints":{"allow":["GET"]}}],"collection":[{"href":"https:\/\/fors.fr\/en\/wp-json\/wp\/v2\/product"}],"about":[{"href":"https:\/\/fors.fr\/en\/wp-json\/wp\/v2\/types\/product"}],"wp:featuredmedia":[{"embeddable":true,"href":"https:\/\/fors.fr\/en\/wp-json\/wp\/v2\/media\/18753907"}],"wp:attachment":[{"href":"https:\/\/fors.fr\/en\/wp-json\/wp\/v2\/media?parent=210047"}],"wp:term":[{"taxonomy":"product_brand","embeddable":true,"href":"https:\/\/fors.fr\/en\/wp-json\/wp\/v2\/product_brand?post=210047"},{"taxonomy":"product_cat","embeddable":true,"href":"https:\/\/fors.fr\/en\/wp-json\/wp\/v2\/product_cat?post=210047"},{"taxonomy":"product_tag","embeddable":true,"href":"https:\/\/fors.fr\/en\/wp-json\/wp\/v2\/product_tag?post=210047"}],"curies":[{"name":"wp","href":"https:\/\/api.w.org\/{rel}","templated":true}]}}