{"id":210103,"date":"2019-12-01T17:40:11","date_gmt":"2019-12-01T16:40:11","guid":{"rendered":"https:\/\/fors.fr\/uncategorized\/scanner-personnes\/"},"modified":"2026-03-13T12:00:43","modified_gmt":"2026-03-13T11:00:43","slug":"scanner-personnes","status":"publish","type":"product","link":"https:\/\/fors.fr\/en\/options-and-accessories\/scanner-personnes\/","title":{"rendered":"D\u00e9tecteur de M\u00e9tal portable"},"content":{"rendered":"<p><strong>Scanner de personnes :<\/strong><\/p>\n<p>Le d\u00e9tecteur de m\u00e9tal manuel est con\u00e7u pour r\u00e9pondre aux besoins pr\u00e9cis du secteur de la s\u00e9curit\u00e9 des personnes.<\/p>\n<p>Il \u00e0 \u00e9t\u00e9 sp\u00e9cialement d\u00e9velopp\u00e9 pour la recherche des armes offensives dans les univers suivants :<br \/>\n\u2022 S\u00e9curit\u00e9 frontali\u00e8re<br \/>\n\u2022 Tri postal pour la v\u00e9rification des colis<br \/>\n\u2022 Centres commerciaux, mairies, \u00e9coles et lieux publics, salles de spectacle et parcs d\u2019attraction, etc.<\/p>\n<p>Sp\u00e9cifications :<br \/>\nTension : Pile 9V (6F22)<br \/>\nFr\u00e9quence : 25KHz<br \/>\nPoids : 400g (sans la pile)<br \/>\nDimensions : 41 (L) \u00d7 8 (l) x 4,2 cm (H)<br \/>\nTemp\u00e9rature de fonctionnement : -15\u00b0C \u00e0 55\u00b0C<\/p>\n<p>Il dispose d\u2019un indicateur de batterie faible.<br \/>\nLa sensibilit\u00e9 du d\u00e9tecteur est d\u00e9termin\u00e9e principalement par la taille, la forme et la composition de l\u2019objet \u00e0 d\u00e9tecter.<br \/>\nLes donn\u00e9es des performances typiques sont indiqu\u00e9es ci-dessous :<\/p>\n<p>SENSIBILIT\u00c9<br \/>\n\u00c9pingle 30 &#8211; 60 mm<br \/>\nMonnaie 75 &#8211; 100 mm<br \/>\nCouteau de 15 cm :160 &#8211; 180 mm<br \/>\nPistolet : 180 &#8211; 195 mm<\/p>\n<p>Proc\u00e9dure de balayage d\u2019une personne :<\/p>\n<p><img loading=\"lazy\" decoding=\"async\" class=\"alignnone wp-image-55335 size-large\" src=\"https:\/\/fors.fr\/medias\/WooCommerce_Produits\/Solutions_EAS\/Proc\u00e9dure-scanner-724x1024.jpg\" alt=\"Proc\u00e9dure scanner\" width=\"724\" height=\"1024\" srcset=\"https:\/\/fors.fr\/medias\/WooCommerce_Produits\/Solutions_EAS\/Proc\u00e9dure-scanner-724x1024.jpg 724w, https:\/\/fors.fr\/medias\/WooCommerce_Produits\/Solutions_EAS\/Proc\u00e9dure-scanner-600x849.jpg 600w, https:\/\/fors.fr\/medias\/WooCommerce_Produits\/Solutions_EAS\/Proc\u00e9dure-scanner-212x300.jpg 212w, https:\/\/fors.fr\/medias\/WooCommerce_Produits\/Solutions_EAS\/Proc\u00e9dure-scanner-768x1087.jpg 768w, https:\/\/fors.fr\/medias\/WooCommerce_Produits\/Solutions_EAS\/Proc\u00e9dure-scanner-283x400.jpg 283w, https:\/\/fors.fr\/medias\/WooCommerce_Produits\/Solutions_EAS\/Proc\u00e9dure-scanner-763x1080.jpg 763w, https:\/\/fors.fr\/medias\/WooCommerce_Produits\/Solutions_EAS\/Proc\u00e9dure-scanner-980x1387.jpg 980w, https:\/\/fors.fr\/medias\/WooCommerce_Produits\/Solutions_EAS\/Proc\u00e9dure-scanner-480x679.jpg 480w, https:\/\/fors.fr\/medias\/WooCommerce_Produits\/Solutions_EAS\/Proc\u00e9dure-scanner.jpg 1060w\" sizes=\"(max-width: 724px) 100vw, 724px\" \/><\/p>\n","protected":false},"excerpt":{"rendered":"<p>Scanner pour contr\u00f4le de s\u00e9curit\u00e9<br \/>\nSyst\u00e8me Portable<br \/>\nVendu \u00e0 l&#8217;unit\u00e9<\/p>\n","protected":false},"featured_media":55318,"template":"","meta":{"_et_pb_use_builder":"","_et_pb_old_content":"","_et_gb_content_width":""},"product_brand":[],"product_cat":[1401],"product_tag":[1423],"class_list":{"0":"post-210103","1":"product","2":"type-product","3":"status-publish","4":"has-post-thumbnail","6":"product_cat-options-and-accessories","7":"product_tag-metal-detection","9":"first","10":"instock","11":"taxable","12":"shipping-taxable","13":"purchasable","14":"product-type-simple"},"yoast_head":"<!-- This site is optimized with the Yoast SEO plugin v27.3 - https:\/\/yoast.com\/product\/yoast-seo-wordpress\/ -->\n<title>D\u00e9tecteur de M\u00e9tal portable - Fors Anti-Theft<\/title>\n<meta name=\"robots\" content=\"index, follow, max-snippet:-1, max-image-preview:large, max-video-preview:-1\" \/>\n<link rel=\"canonical\" href=\"https:\/\/fors.fr\/en\/options-and-accessories\/scanner-personnes\/\" \/>\n<meta property=\"og:locale\" content=\"en_US\" \/>\n<meta property=\"og:type\" content=\"article\" \/>\n<meta property=\"og:title\" content=\"D\u00e9tecteur de M\u00e9tal portable - Fors Anti-Theft\" \/>\n<meta property=\"og:description\" content=\"Scanner pour contr\u00f4le de s\u00e9curit\u00e9 Syst\u00e8me Portable Vendu \u00e0 l&#039;unit\u00e9\" \/>\n<meta property=\"og:url\" content=\"https:\/\/fors.fr\/en\/options-and-accessories\/scanner-personnes\/\" \/>\n<meta property=\"og:site_name\" content=\"Fors Anti-Theft\" \/>\n<meta property=\"article:publisher\" content=\"https:\/\/www.facebook.com\/forsantitheft\/\" \/>\n<meta property=\"article:modified_time\" content=\"2026-03-13T11:00:43+00:00\" \/>\n<meta property=\"og:image\" content=\"https:\/\/fors.fr\/medias\/WooCommerce_Produits\/Solutions_EAS\/Detecteur-metal.jpg\" \/>\n\t<meta property=\"og:image:width\" content=\"1500\" \/>\n\t<meta property=\"og:image:height\" content=\"1500\" \/>\n\t<meta property=\"og:image:type\" content=\"image\/jpeg\" \/>\n<meta name=\"twitter:card\" content=\"summary_large_image\" \/>\n<meta name=\"twitter:site\" content=\"@fors_france\" \/>\n<meta name=\"twitter:label1\" content=\"Est. reading time\" \/>\n\t<meta name=\"twitter:data1\" content=\"1 minute\" \/>\n<script type=\"application\/ld+json\" class=\"yoast-schema-graph\">{\"@context\":\"https:\\\/\\\/schema.org\",\"@graph\":[{\"@type\":\"WebPage\",\"@id\":\"https:\\\/\\\/fors.fr\\\/en\\\/options-and-accessories\\\/scanner-personnes\\\/\",\"url\":\"https:\\\/\\\/fors.fr\\\/en\\\/options-and-accessories\\\/scanner-personnes\\\/\",\"name\":\"D\u00e9tecteur de M\u00e9tal portable - Fors Anti-Theft\",\"isPartOf\":{\"@id\":\"https:\\\/\\\/fors.fr\\\/en\\\/#website\"},\"primaryImageOfPage\":{\"@id\":\"https:\\\/\\\/fors.fr\\\/en\\\/options-and-accessories\\\/scanner-personnes\\\/#primaryimage\"},\"image\":{\"@id\":\"https:\\\/\\\/fors.fr\\\/en\\\/options-and-accessories\\\/scanner-personnes\\\/#primaryimage\"},\"thumbnailUrl\":\"https:\\\/\\\/fors.fr\\\/medias\\\/WooCommerce_Produits\\\/Solutions_EAS\\\/Detecteur-metal.jpg\",\"datePublished\":\"2019-12-01T16:40:11+00:00\",\"dateModified\":\"2026-03-13T11:00:43+00:00\",\"breadcrumb\":{\"@id\":\"https:\\\/\\\/fors.fr\\\/en\\\/options-and-accessories\\\/scanner-personnes\\\/#breadcrumb\"},\"inLanguage\":\"en-US\",\"potentialAction\":[{\"@type\":\"ReadAction\",\"target\":[\"https:\\\/\\\/fors.fr\\\/en\\\/options-and-accessories\\\/scanner-personnes\\\/\"]}]},{\"@type\":\"ImageObject\",\"inLanguage\":\"en-US\",\"@id\":\"https:\\\/\\\/fors.fr\\\/en\\\/options-and-accessories\\\/scanner-personnes\\\/#primaryimage\",\"url\":\"https:\\\/\\\/fors.fr\\\/medias\\\/WooCommerce_Produits\\\/Solutions_EAS\\\/Detecteur-metal.jpg\",\"contentUrl\":\"https:\\\/\\\/fors.fr\\\/medias\\\/WooCommerce_Produits\\\/Solutions_EAS\\\/Detecteur-metal.jpg\",\"width\":1500,\"height\":1500},{\"@type\":\"BreadcrumbList\",\"@id\":\"https:\\\/\\\/fors.fr\\\/en\\\/options-and-accessories\\\/scanner-personnes\\\/#breadcrumb\",\"itemListElement\":[{\"@type\":\"ListItem\",\"position\":1,\"name\":\"FORS\",\"item\":\"https:\\\/\\\/fors.fr\\\/en\\\/\"},{\"@type\":\"ListItem\",\"position\":2,\"name\":\"Shop\",\"item\":\"https:\\\/\\\/fors.fr\\\/en\\\/shop\\\/\"},{\"@type\":\"ListItem\",\"position\":3,\"name\":\"D\u00e9tecteur de M\u00e9tal portable\"}]},{\"@type\":\"WebSite\",\"@id\":\"https:\\\/\\\/fors.fr\\\/en\\\/#website\",\"url\":\"https:\\\/\\\/fors.fr\\\/en\\\/\",\"name\":\"FORS Anti-Theft\",\"description\":\"Anti-theft against shoplifting\",\"publisher\":{\"@id\":\"https:\\\/\\\/fors.fr\\\/en\\\/#organization\"},\"alternateName\":\"Fors\",\"potentialAction\":[{\"@type\":\"SearchAction\",\"target\":{\"@type\":\"EntryPoint\",\"urlTemplate\":\"https:\\\/\\\/fors.fr\\\/en\\\/?s={search_term_string}\"},\"query-input\":{\"@type\":\"PropertyValueSpecification\",\"valueRequired\":true,\"valueName\":\"search_term_string\"}}],\"inLanguage\":\"en-US\"},{\"@type\":\"Organization\",\"@id\":\"https:\\\/\\\/fors.fr\\\/en\\\/#organization\",\"name\":\"Fors\",\"alternateName\":\"Fors Anti-Theft\",\"url\":\"https:\\\/\\\/fors.fr\\\/en\\\/\",\"logo\":{\"@type\":\"ImageObject\",\"inLanguage\":\"en-US\",\"@id\":\"https:\\\/\\\/fors.fr\\\/en\\\/#\\\/schema\\\/logo\\\/image\\\/\",\"url\":\"https:\\\/\\\/fors.fr\\\/medias\\\/favico_512.png\",\"contentUrl\":\"https:\\\/\\\/fors.fr\\\/medias\\\/favico_512.png\",\"width\":512,\"height\":512,\"caption\":\"Fors\"},\"image\":{\"@id\":\"https:\\\/\\\/fors.fr\\\/en\\\/#\\\/schema\\\/logo\\\/image\\\/\"},\"sameAs\":[\"https:\\\/\\\/www.facebook.com\\\/forsantitheft\\\/\",\"https:\\\/\\\/x.com\\\/fors_france\",\"https:\\\/\\\/www.linkedin.com\\\/company\\\/245351\\\/\",\"https:\\\/\\\/www.youtube.com\\\/user\\\/ForsFrance\\\/\",\"https:\\\/\\\/www.companeo.com\\\/portiques-de-securite\\\/annuaire\\\/fors-france\",\"https:\\\/\\\/www.europages.fr\\\/FORS-FRANCE\\\/FRA310174-000009382001.html\",\"https:\\\/\\\/www.pagesjaunes.fr\\\/pros\\\/07584984\"]}]}<\/script>\n<!-- \/ Yoast SEO plugin. -->","yoast_head_json":{"title":"D\u00e9tecteur de M\u00e9tal portable - Fors Anti-Theft","robots":{"index":"index","follow":"follow","max-snippet":"max-snippet:-1","max-image-preview":"max-image-preview:large","max-video-preview":"max-video-preview:-1"},"canonical":"https:\/\/fors.fr\/en\/options-and-accessories\/scanner-personnes\/","og_locale":"en_US","og_type":"article","og_title":"D\u00e9tecteur de M\u00e9tal portable - Fors Anti-Theft","og_description":"Scanner pour contr\u00f4le de s\u00e9curit\u00e9 Syst\u00e8me Portable Vendu \u00e0 l'unit\u00e9","og_url":"https:\/\/fors.fr\/en\/options-and-accessories\/scanner-personnes\/","og_site_name":"Fors Anti-Theft","article_publisher":"https:\/\/www.facebook.com\/forsantitheft\/","article_modified_time":"2026-03-13T11:00:43+00:00","og_image":[{"width":1500,"height":1500,"url":"https:\/\/fors.fr\/medias\/WooCommerce_Produits\/Solutions_EAS\/Detecteur-metal.jpg","type":"image\/jpeg"}],"twitter_card":"summary_large_image","twitter_site":"@fors_france","twitter_misc":{"Est. reading time":"1 minute"},"schema":{"@context":"https:\/\/schema.org","@graph":[{"@type":"WebPage","@id":"https:\/\/fors.fr\/en\/options-and-accessories\/scanner-personnes\/","url":"https:\/\/fors.fr\/en\/options-and-accessories\/scanner-personnes\/","name":"D\u00e9tecteur de M\u00e9tal portable - Fors Anti-Theft","isPartOf":{"@id":"https:\/\/fors.fr\/en\/#website"},"primaryImageOfPage":{"@id":"https:\/\/fors.fr\/en\/options-and-accessories\/scanner-personnes\/#primaryimage"},"image":{"@id":"https:\/\/fors.fr\/en\/options-and-accessories\/scanner-personnes\/#primaryimage"},"thumbnailUrl":"https:\/\/fors.fr\/medias\/WooCommerce_Produits\/Solutions_EAS\/Detecteur-metal.jpg","datePublished":"2019-12-01T16:40:11+00:00","dateModified":"2026-03-13T11:00:43+00:00","breadcrumb":{"@id":"https:\/\/fors.fr\/en\/options-and-accessories\/scanner-personnes\/#breadcrumb"},"inLanguage":"en-US","potentialAction":[{"@type":"ReadAction","target":["https:\/\/fors.fr\/en\/options-and-accessories\/scanner-personnes\/"]}]},{"@type":"ImageObject","inLanguage":"en-US","@id":"https:\/\/fors.fr\/en\/options-and-accessories\/scanner-personnes\/#primaryimage","url":"https:\/\/fors.fr\/medias\/WooCommerce_Produits\/Solutions_EAS\/Detecteur-metal.jpg","contentUrl":"https:\/\/fors.fr\/medias\/WooCommerce_Produits\/Solutions_EAS\/Detecteur-metal.jpg","width":1500,"height":1500},{"@type":"BreadcrumbList","@id":"https:\/\/fors.fr\/en\/options-and-accessories\/scanner-personnes\/#breadcrumb","itemListElement":[{"@type":"ListItem","position":1,"name":"FORS","item":"https:\/\/fors.fr\/en\/"},{"@type":"ListItem","position":2,"name":"Shop","item":"https:\/\/fors.fr\/en\/shop\/"},{"@type":"ListItem","position":3,"name":"D\u00e9tecteur de M\u00e9tal portable"}]},{"@type":"WebSite","@id":"https:\/\/fors.fr\/en\/#website","url":"https:\/\/fors.fr\/en\/","name":"FORS Anti-Theft","description":"Anti-theft against shoplifting","publisher":{"@id":"https:\/\/fors.fr\/en\/#organization"},"alternateName":"Fors","potentialAction":[{"@type":"SearchAction","target":{"@type":"EntryPoint","urlTemplate":"https:\/\/fors.fr\/en\/?s={search_term_string}"},"query-input":{"@type":"PropertyValueSpecification","valueRequired":true,"valueName":"search_term_string"}}],"inLanguage":"en-US"},{"@type":"Organization","@id":"https:\/\/fors.fr\/en\/#organization","name":"Fors","alternateName":"Fors Anti-Theft","url":"https:\/\/fors.fr\/en\/","logo":{"@type":"ImageObject","inLanguage":"en-US","@id":"https:\/\/fors.fr\/en\/#\/schema\/logo\/image\/","url":"https:\/\/fors.fr\/medias\/favico_512.png","contentUrl":"https:\/\/fors.fr\/medias\/favico_512.png","width":512,"height":512,"caption":"Fors"},"image":{"@id":"https:\/\/fors.fr\/en\/#\/schema\/logo\/image\/"},"sameAs":["https:\/\/www.facebook.com\/forsantitheft\/","https:\/\/x.com\/fors_france","https:\/\/www.linkedin.com\/company\/245351\/","https:\/\/www.youtube.com\/user\/ForsFrance\/","https:\/\/www.companeo.com\/portiques-de-securite\/annuaire\/fors-france","https:\/\/www.europages.fr\/FORS-FRANCE\/FRA310174-000009382001.html","https:\/\/www.pagesjaunes.fr\/pros\/07584984"]}]}},"_links":{"self":[{"href":"https:\/\/fors.fr\/en\/wp-json\/wp\/v2\/product\/210103","targetHints":{"allow":["GET"]}}],"collection":[{"href":"https:\/\/fors.fr\/en\/wp-json\/wp\/v2\/product"}],"about":[{"href":"https:\/\/fors.fr\/en\/wp-json\/wp\/v2\/types\/product"}],"wp:featuredmedia":[{"embeddable":true,"href":"https:\/\/fors.fr\/en\/wp-json\/wp\/v2\/media\/55318"}],"wp:attachment":[{"href":"https:\/\/fors.fr\/en\/wp-json\/wp\/v2\/media?parent=210103"}],"wp:term":[{"taxonomy":"product_brand","embeddable":true,"href":"https:\/\/fors.fr\/en\/wp-json\/wp\/v2\/product_brand?post=210103"},{"taxonomy":"product_cat","embeddable":true,"href":"https:\/\/fors.fr\/en\/wp-json\/wp\/v2\/product_cat?post=210103"},{"taxonomy":"product_tag","embeddable":true,"href":"https:\/\/fors.fr\/en\/wp-json\/wp\/v2\/product_tag?post=210103"}],"curies":[{"name":"wp","href":"https:\/\/api.w.org\/{rel}","templated":true}]}}