{"id":210104,"date":"2019-12-01T17:28:22","date_gmt":"2019-12-01T16:28:22","guid":{"rendered":"https:\/\/fors.fr\/uncategorized\/ensemble-rotation\/"},"modified":"2021-12-22T11:47:54","modified_gmt":"2021-12-22T10:47:54","slug":"ensemble-rotation","status":"publish","type":"product","link":"https:\/\/fors.fr\/en\/options-and-accessories\/ensemble-rotation\/","title":{"rendered":"Ensemble de rotation"},"content":{"rendered":"<p><strong>Ensemble de rotation :<\/strong><\/p>\n<p>Ce syst\u00e8me,<strong> adapt\u00e9 sp\u00e9cifiquement \u00e0 nos gammes Fors<\/strong>, permet de d\u00e9placer l\u2019antenne facilement sur un axe de rotation afin d\u2019obtenir 2 unit\u00e9s de passage pour les issues de secours (obligation l\u00e9gale).<br \/>\nCette technologie facilite \u00e9galement le passage de palettes. La longueur du bras <strong>varie de 40 \u00e0 100cm.<\/strong><\/p>\n<p>Utilisable uniquement avec les <strong>antennes FORS radio-fr\u00e9quence<\/strong> (RF) <strong>ARMONY &amp; SYMPHONY en Plexiglass.<\/strong><\/p>\n","protected":false},"excerpt":{"rendered":"<p>Permet de modifier le nombre d&#8217;UP d&#8217;un passage.<br \/>\nVendu \u00e0 l&#8217;unit\u00e9<\/p>\n","protected":false},"featured_media":9090107,"template":"","meta":{"_et_pb_use_builder":"","_et_pb_old_content":"","_et_gb_content_width":""},"product_brand":[],"product_cat":[1401],"product_tag":[],"class_list":{"0":"post-210104","1":"product","2":"type-product","3":"status-publish","4":"has-post-thumbnail","6":"product_cat-options-and-accessories","8":"first","9":"instock","10":"taxable","11":"shipping-taxable","12":"purchasable","13":"product-type-simple"},"yoast_head":"<!-- This site is optimized with the Yoast SEO plugin v27.4 - https:\/\/yoast.com\/product\/yoast-seo-wordpress\/ -->\n<title>Portique Antivol Radio-Fr\u00e9quence : Ensemble de rotation - Fors Anti-Theft<\/title>\n<meta name=\"robots\" content=\"index, follow, max-snippet:-1, max-image-preview:large, max-video-preview:-1\" \/>\n<link rel=\"canonical\" href=\"https:\/\/fors.fr\/en\/options-and-accessories\/ensemble-rotation\/\" \/>\n<meta property=\"og:locale\" content=\"en_US\" \/>\n<meta property=\"og:type\" content=\"article\" \/>\n<meta property=\"og:title\" content=\"Portique Antivol Radio-Fr\u00e9quence : Ensemble de rotation - Fors Anti-Theft\" \/>\n<meta property=\"og:description\" content=\"Permet de modifier le nombre d&#039;UP d&#039;un passage. Vendu \u00e0 l&#039;unit\u00e9\" \/>\n<meta property=\"og:url\" content=\"https:\/\/fors.fr\/en\/options-and-accessories\/ensemble-rotation\/\" \/>\n<meta property=\"og:site_name\" content=\"Fors Anti-Theft\" \/>\n<meta property=\"article:publisher\" content=\"https:\/\/www.facebook.com\/forsantitheft\/\" \/>\n<meta property=\"article:modified_time\" content=\"2021-12-22T10:47:54+00:00\" \/>\n<meta property=\"og:image\" content=\"https:\/\/fors.fr\/medias\/WooCommerce_Produits\/Solutions_EAS\/ARM-PIVOT.jpg\" \/>\n\t<meta property=\"og:image:width\" content=\"600\" \/>\n\t<meta property=\"og:image:height\" content=\"600\" \/>\n\t<meta property=\"og:image:type\" content=\"image\/jpeg\" \/>\n<meta name=\"twitter:card\" content=\"summary_large_image\" \/>\n<meta name=\"twitter:site\" content=\"@fors_france\" \/>\n<script type=\"application\/ld+json\" class=\"yoast-schema-graph\">{\"@context\":\"https:\\\/\\\/schema.org\",\"@graph\":[{\"@type\":\"WebPage\",\"@id\":\"https:\\\/\\\/fors.fr\\\/en\\\/options-and-accessories\\\/ensemble-rotation\\\/\",\"url\":\"https:\\\/\\\/fors.fr\\\/en\\\/options-and-accessories\\\/ensemble-rotation\\\/\",\"name\":\"Portique Antivol Radio-Fr\u00e9quence : Ensemble de rotation - Fors Anti-Theft\",\"isPartOf\":{\"@id\":\"https:\\\/\\\/fors.fr\\\/en\\\/#website\"},\"primaryImageOfPage\":{\"@id\":\"https:\\\/\\\/fors.fr\\\/en\\\/options-and-accessories\\\/ensemble-rotation\\\/#primaryimage\"},\"image\":{\"@id\":\"https:\\\/\\\/fors.fr\\\/en\\\/options-and-accessories\\\/ensemble-rotation\\\/#primaryimage\"},\"thumbnailUrl\":\"https:\\\/\\\/fors.fr\\\/medias\\\/produits\\\/antennes\\\/rf-plexi\\\/Antenne-RF-Plexi-Pivot-Gate.webp\",\"datePublished\":\"2019-12-01T16:28:22+00:00\",\"dateModified\":\"2021-12-22T10:47:54+00:00\",\"breadcrumb\":{\"@id\":\"https:\\\/\\\/fors.fr\\\/en\\\/options-and-accessories\\\/ensemble-rotation\\\/#breadcrumb\"},\"inLanguage\":\"en-US\",\"potentialAction\":[{\"@type\":\"ReadAction\",\"target\":[\"https:\\\/\\\/fors.fr\\\/en\\\/options-and-accessories\\\/ensemble-rotation\\\/\"]}]},{\"@type\":\"ImageObject\",\"inLanguage\":\"en-US\",\"@id\":\"https:\\\/\\\/fors.fr\\\/en\\\/options-and-accessories\\\/ensemble-rotation\\\/#primaryimage\",\"url\":\"https:\\\/\\\/fors.fr\\\/medias\\\/produits\\\/antennes\\\/rf-plexi\\\/Antenne-RF-Plexi-Pivot-Gate.webp\",\"contentUrl\":\"https:\\\/\\\/fors.fr\\\/medias\\\/produits\\\/antennes\\\/rf-plexi\\\/Antenne-RF-Plexi-Pivot-Gate.webp\",\"width\":2341,\"height\":2341},{\"@type\":\"BreadcrumbList\",\"@id\":\"https:\\\/\\\/fors.fr\\\/en\\\/options-and-accessories\\\/ensemble-rotation\\\/#breadcrumb\",\"itemListElement\":[{\"@type\":\"ListItem\",\"position\":1,\"name\":\"FORS\",\"item\":\"https:\\\/\\\/fors.fr\\\/en\\\/\"},{\"@type\":\"ListItem\",\"position\":2,\"name\":\"Shop\",\"item\":\"https:\\\/\\\/fors.fr\\\/en\\\/shop\\\/\"},{\"@type\":\"ListItem\",\"position\":3,\"name\":\"Ensemble de rotation\"}]},{\"@type\":\"WebSite\",\"@id\":\"https:\\\/\\\/fors.fr\\\/en\\\/#website\",\"url\":\"https:\\\/\\\/fors.fr\\\/en\\\/\",\"name\":\"FORS Anti-Theft\",\"description\":\"Anti-theft against shoplifting\",\"publisher\":{\"@id\":\"https:\\\/\\\/fors.fr\\\/en\\\/#organization\"},\"alternateName\":\"Fors\",\"potentialAction\":[{\"@type\":\"SearchAction\",\"target\":{\"@type\":\"EntryPoint\",\"urlTemplate\":\"https:\\\/\\\/fors.fr\\\/en\\\/?s={search_term_string}\"},\"query-input\":{\"@type\":\"PropertyValueSpecification\",\"valueRequired\":true,\"valueName\":\"search_term_string\"}}],\"inLanguage\":\"en-US\"},{\"@type\":\"Organization\",\"@id\":\"https:\\\/\\\/fors.fr\\\/en\\\/#organization\",\"name\":\"Fors\",\"alternateName\":\"Fors Anti-Theft\",\"url\":\"https:\\\/\\\/fors.fr\\\/en\\\/\",\"logo\":{\"@type\":\"ImageObject\",\"inLanguage\":\"en-US\",\"@id\":\"https:\\\/\\\/fors.fr\\\/en\\\/#\\\/schema\\\/logo\\\/image\\\/\",\"url\":\"https:\\\/\\\/fors.fr\\\/medias\\\/favico_512.png\",\"contentUrl\":\"https:\\\/\\\/fors.fr\\\/medias\\\/favico_512.png\",\"width\":512,\"height\":512,\"caption\":\"Fors\"},\"image\":{\"@id\":\"https:\\\/\\\/fors.fr\\\/en\\\/#\\\/schema\\\/logo\\\/image\\\/\"},\"sameAs\":[\"https:\\\/\\\/www.facebook.com\\\/forsantitheft\\\/\",\"https:\\\/\\\/x.com\\\/fors_france\",\"https:\\\/\\\/www.linkedin.com\\\/company\\\/245351\\\/\",\"https:\\\/\\\/www.youtube.com\\\/user\\\/ForsFrance\\\/\",\"https:\\\/\\\/www.companeo.com\\\/portiques-de-securite\\\/annuaire\\\/fors-france\",\"https:\\\/\\\/www.europages.fr\\\/FORS-FRANCE\\\/FRA310174-000009382001.html\",\"https:\\\/\\\/www.pagesjaunes.fr\\\/pros\\\/07584984\"]}]}<\/script>\n<!-- \/ Yoast SEO plugin. -->","yoast_head_json":{"title":"Portique Antivol Radio-Fr\u00e9quence : Ensemble de rotation - Fors Anti-Theft","robots":{"index":"index","follow":"follow","max-snippet":"max-snippet:-1","max-image-preview":"max-image-preview:large","max-video-preview":"max-video-preview:-1"},"canonical":"https:\/\/fors.fr\/en\/options-and-accessories\/ensemble-rotation\/","og_locale":"en_US","og_type":"article","og_title":"Portique Antivol Radio-Fr\u00e9quence : Ensemble de rotation - Fors Anti-Theft","og_description":"Permet de modifier le nombre d'UP d'un passage. Vendu \u00e0 l'unit\u00e9","og_url":"https:\/\/fors.fr\/en\/options-and-accessories\/ensemble-rotation\/","og_site_name":"Fors Anti-Theft","article_publisher":"https:\/\/www.facebook.com\/forsantitheft\/","article_modified_time":"2021-12-22T10:47:54+00:00","og_image":[{"width":600,"height":600,"url":"https:\/\/fors.fr\/medias\/WooCommerce_Produits\/Solutions_EAS\/ARM-PIVOT.jpg","type":"image\/jpeg"}],"twitter_card":"summary_large_image","twitter_site":"@fors_france","schema":{"@context":"https:\/\/schema.org","@graph":[{"@type":"WebPage","@id":"https:\/\/fors.fr\/en\/options-and-accessories\/ensemble-rotation\/","url":"https:\/\/fors.fr\/en\/options-and-accessories\/ensemble-rotation\/","name":"Portique Antivol Radio-Fr\u00e9quence : Ensemble de rotation - Fors Anti-Theft","isPartOf":{"@id":"https:\/\/fors.fr\/en\/#website"},"primaryImageOfPage":{"@id":"https:\/\/fors.fr\/en\/options-and-accessories\/ensemble-rotation\/#primaryimage"},"image":{"@id":"https:\/\/fors.fr\/en\/options-and-accessories\/ensemble-rotation\/#primaryimage"},"thumbnailUrl":"https:\/\/fors.fr\/medias\/produits\/antennes\/rf-plexi\/Antenne-RF-Plexi-Pivot-Gate.webp","datePublished":"2019-12-01T16:28:22+00:00","dateModified":"2021-12-22T10:47:54+00:00","breadcrumb":{"@id":"https:\/\/fors.fr\/en\/options-and-accessories\/ensemble-rotation\/#breadcrumb"},"inLanguage":"en-US","potentialAction":[{"@type":"ReadAction","target":["https:\/\/fors.fr\/en\/options-and-accessories\/ensemble-rotation\/"]}]},{"@type":"ImageObject","inLanguage":"en-US","@id":"https:\/\/fors.fr\/en\/options-and-accessories\/ensemble-rotation\/#primaryimage","url":"https:\/\/fors.fr\/medias\/produits\/antennes\/rf-plexi\/Antenne-RF-Plexi-Pivot-Gate.webp","contentUrl":"https:\/\/fors.fr\/medias\/produits\/antennes\/rf-plexi\/Antenne-RF-Plexi-Pivot-Gate.webp","width":2341,"height":2341},{"@type":"BreadcrumbList","@id":"https:\/\/fors.fr\/en\/options-and-accessories\/ensemble-rotation\/#breadcrumb","itemListElement":[{"@type":"ListItem","position":1,"name":"FORS","item":"https:\/\/fors.fr\/en\/"},{"@type":"ListItem","position":2,"name":"Shop","item":"https:\/\/fors.fr\/en\/shop\/"},{"@type":"ListItem","position":3,"name":"Ensemble de rotation"}]},{"@type":"WebSite","@id":"https:\/\/fors.fr\/en\/#website","url":"https:\/\/fors.fr\/en\/","name":"FORS Anti-Theft","description":"Anti-theft against shoplifting","publisher":{"@id":"https:\/\/fors.fr\/en\/#organization"},"alternateName":"Fors","potentialAction":[{"@type":"SearchAction","target":{"@type":"EntryPoint","urlTemplate":"https:\/\/fors.fr\/en\/?s={search_term_string}"},"query-input":{"@type":"PropertyValueSpecification","valueRequired":true,"valueName":"search_term_string"}}],"inLanguage":"en-US"},{"@type":"Organization","@id":"https:\/\/fors.fr\/en\/#organization","name":"Fors","alternateName":"Fors Anti-Theft","url":"https:\/\/fors.fr\/en\/","logo":{"@type":"ImageObject","inLanguage":"en-US","@id":"https:\/\/fors.fr\/en\/#\/schema\/logo\/image\/","url":"https:\/\/fors.fr\/medias\/favico_512.png","contentUrl":"https:\/\/fors.fr\/medias\/favico_512.png","width":512,"height":512,"caption":"Fors"},"image":{"@id":"https:\/\/fors.fr\/en\/#\/schema\/logo\/image\/"},"sameAs":["https:\/\/www.facebook.com\/forsantitheft\/","https:\/\/x.com\/fors_france","https:\/\/www.linkedin.com\/company\/245351\/","https:\/\/www.youtube.com\/user\/ForsFrance\/","https:\/\/www.companeo.com\/portiques-de-securite\/annuaire\/fors-france","https:\/\/www.europages.fr\/FORS-FRANCE\/FRA310174-000009382001.html","https:\/\/www.pagesjaunes.fr\/pros\/07584984"]}]}},"_links":{"self":[{"href":"https:\/\/fors.fr\/en\/wp-json\/wp\/v2\/product\/210104","targetHints":{"allow":["GET"]}}],"collection":[{"href":"https:\/\/fors.fr\/en\/wp-json\/wp\/v2\/product"}],"about":[{"href":"https:\/\/fors.fr\/en\/wp-json\/wp\/v2\/types\/product"}],"wp:featuredmedia":[{"embeddable":true,"href":"https:\/\/fors.fr\/en\/wp-json\/wp\/v2\/media\/9090107"}],"wp:attachment":[{"href":"https:\/\/fors.fr\/en\/wp-json\/wp\/v2\/media?parent=210104"}],"wp:term":[{"taxonomy":"product_brand","embeddable":true,"href":"https:\/\/fors.fr\/en\/wp-json\/wp\/v2\/product_brand?post=210104"},{"taxonomy":"product_cat","embeddable":true,"href":"https:\/\/fors.fr\/en\/wp-json\/wp\/v2\/product_cat?post=210104"},{"taxonomy":"product_tag","embeddable":true,"href":"https:\/\/fors.fr\/en\/wp-json\/wp\/v2\/product_tag?post=210104"}],"curies":[{"name":"wp","href":"https:\/\/api.w.org\/{rel}","templated":true}]}}