{"id":210109,"date":"2019-12-01T16:42:10","date_gmt":"2019-12-01T15:42:10","guid":{"rendered":"https:\/\/fors.fr\/uncategorized\/boitier-desactivateur-rf\/"},"modified":"2026-03-13T12:00:16","modified_gmt":"2026-03-13T11:00:16","slug":"boitier-desactivateur-rf","status":"publish","type":"product","link":"https:\/\/fors.fr\/en\/options-and-accessories\/boitier-desactivateur-rf\/","title":{"rendered":"D\u00e9sactivateurs d&#8217;\u00e9tiquettes RF"},"content":{"rendered":"<p>Bo\u00eetier d\u00e9sactivateur d\u2019\u00e9tiquettes Radio-Fr\u00e9quence Fors :<\/p>\n<p>Le bo\u00eetier de d\u00e9sactivation se couple \u00e0 un pad pour la\u00a0d\u00e9sactivation des \u00e9tiquettes RF.<\/p>\n<p>Il se fixe sous la caisse ou se relie directement avec le syst\u00e8me scan de votre caisse.<\/p>\n<p>Lors de la d\u00e9sactivation de l\u2019\u00e9tiquette ou du tag RF, l\u2019h\u00f4tesse de caisse est alert\u00e9e par un signal sonore (volume r\u00e9glable).<\/p>\n<p>Ce bo\u00eetier dispose de 2 sorties, vous permettant de piloter 2 pads de d\u00e9sactivation simultan\u00e9ment.<\/p>\n","protected":false},"excerpt":{"rendered":"<p>Ce bo\u00eetier, install\u00e9 en caisse, permet de d\u00e9sactiver les \u00e9tiquettes RF lors du paiement.<br \/>\nVendu \u00e0 l&#8217;unit\u00e9<\/p>\n","protected":false},"featured_media":55341,"template":"","meta":{"_et_pb_use_builder":"","_et_pb_old_content":"","_et_gb_content_width":""},"product_brand":[],"product_cat":[1401],"product_tag":[1690,1427],"class_list":{"0":"post-210109","1":"product","2":"type-product","3":"status-publish","4":"has-post-thumbnail","6":"product_cat-options-and-accessories","7":"product_tag-deactivator","8":"product_tag-rf-en","9":"pa_technologie-rf-en-2","11":"first","12":"instock","13":"taxable","14":"shipping-taxable","15":"purchasable","16":"product-type-simple"},"yoast_head":"<!-- This site is optimized with the Yoast SEO plugin v27.4 - https:\/\/yoast.com\/product\/yoast-seo-wordpress\/ -->\n<title>Etiquettes Antivol RF : Bo\u00eetier d\u00e9sactivateur | FORS France<\/title>\n<meta name=\"description\" content=\"Bo\u00eete d\u00e9sactivateur RF 2 sorties\" \/>\n<meta name=\"robots\" content=\"index, follow, max-snippet:-1, max-image-preview:large, max-video-preview:-1\" \/>\n<link rel=\"canonical\" href=\"https:\/\/fors.fr\/en\/options-and-accessories\/boitier-desactivateur-rf\/\" \/>\n<meta property=\"og:locale\" content=\"en_US\" \/>\n<meta property=\"og:type\" content=\"article\" \/>\n<meta property=\"og:title\" content=\"Etiquettes Antivol RF : Bo\u00eetier d\u00e9sactivateur | FORS France\" \/>\n<meta property=\"og:description\" content=\"Bo\u00eete d\u00e9sactivateur RF 2 sorties\" \/>\n<meta property=\"og:url\" content=\"https:\/\/fors.fr\/en\/options-and-accessories\/boitier-desactivateur-rf\/\" \/>\n<meta property=\"og:site_name\" content=\"Fors Anti-Theft\" \/>\n<meta property=\"article:publisher\" content=\"https:\/\/www.facebook.com\/forsantitheft\/\" \/>\n<meta property=\"article:modified_time\" content=\"2026-03-13T11:00:16+00:00\" \/>\n<meta property=\"og:image\" content=\"https:\/\/fors.fr\/medias\/WooCommerce_Produits\/Solutions_EAS\/RF-d\u00e9sactivateur.jpg\" \/>\n\t<meta property=\"og:image:width\" content=\"600\" \/>\n\t<meta property=\"og:image:height\" content=\"600\" \/>\n\t<meta property=\"og:image:type\" content=\"image\/jpeg\" \/>\n<meta name=\"twitter:card\" content=\"summary_large_image\" \/>\n<meta name=\"twitter:site\" content=\"@fors_france\" \/>\n<script type=\"application\/ld+json\" class=\"yoast-schema-graph\">{\"@context\":\"https:\\\/\\\/schema.org\",\"@graph\":[{\"@type\":\"WebPage\",\"@id\":\"https:\\\/\\\/fors.fr\\\/en\\\/options-and-accessories\\\/boitier-desactivateur-rf\\\/\",\"url\":\"https:\\\/\\\/fors.fr\\\/en\\\/options-and-accessories\\\/boitier-desactivateur-rf\\\/\",\"name\":\"Etiquettes Antivol RF : Bo\u00eetier d\u00e9sactivateur | FORS France\",\"isPartOf\":{\"@id\":\"https:\\\/\\\/fors.fr\\\/en\\\/#website\"},\"primaryImageOfPage\":{\"@id\":\"https:\\\/\\\/fors.fr\\\/en\\\/options-and-accessories\\\/boitier-desactivateur-rf\\\/#primaryimage\"},\"image\":{\"@id\":\"https:\\\/\\\/fors.fr\\\/en\\\/options-and-accessories\\\/boitier-desactivateur-rf\\\/#primaryimage\"},\"thumbnailUrl\":\"https:\\\/\\\/fors.fr\\\/medias\\\/WooCommerce_Produits\\\/Solutions_EAS\\\/RF-d\u00e9sactivateur.jpg\",\"datePublished\":\"2019-12-01T15:42:10+00:00\",\"dateModified\":\"2026-03-13T11:00:16+00:00\",\"description\":\"Bo\u00eete d\u00e9sactivateur RF 2 sorties\",\"breadcrumb\":{\"@id\":\"https:\\\/\\\/fors.fr\\\/en\\\/options-and-accessories\\\/boitier-desactivateur-rf\\\/#breadcrumb\"},\"inLanguage\":\"en-US\",\"potentialAction\":[{\"@type\":\"ReadAction\",\"target\":[\"https:\\\/\\\/fors.fr\\\/en\\\/options-and-accessories\\\/boitier-desactivateur-rf\\\/\"]}]},{\"@type\":\"ImageObject\",\"inLanguage\":\"en-US\",\"@id\":\"https:\\\/\\\/fors.fr\\\/en\\\/options-and-accessories\\\/boitier-desactivateur-rf\\\/#primaryimage\",\"url\":\"https:\\\/\\\/fors.fr\\\/medias\\\/WooCommerce_Produits\\\/Solutions_EAS\\\/RF-d\u00e9sactivateur.jpg\",\"contentUrl\":\"https:\\\/\\\/fors.fr\\\/medias\\\/WooCommerce_Produits\\\/Solutions_EAS\\\/RF-d\u00e9sactivateur.jpg\",\"width\":600,\"height\":600},{\"@type\":\"BreadcrumbList\",\"@id\":\"https:\\\/\\\/fors.fr\\\/en\\\/options-and-accessories\\\/boitier-desactivateur-rf\\\/#breadcrumb\",\"itemListElement\":[{\"@type\":\"ListItem\",\"position\":1,\"name\":\"FORS\",\"item\":\"https:\\\/\\\/fors.fr\\\/en\\\/\"},{\"@type\":\"ListItem\",\"position\":2,\"name\":\"Shop\",\"item\":\"https:\\\/\\\/fors.fr\\\/en\\\/shop\\\/\"},{\"@type\":\"ListItem\",\"position\":3,\"name\":\"D\u00e9sactivateurs d&#8217;\u00e9tiquettes RF\"}]},{\"@type\":\"WebSite\",\"@id\":\"https:\\\/\\\/fors.fr\\\/en\\\/#website\",\"url\":\"https:\\\/\\\/fors.fr\\\/en\\\/\",\"name\":\"FORS Anti-Theft\",\"description\":\"Anti-theft against shoplifting\",\"publisher\":{\"@id\":\"https:\\\/\\\/fors.fr\\\/en\\\/#organization\"},\"alternateName\":\"Fors\",\"potentialAction\":[{\"@type\":\"SearchAction\",\"target\":{\"@type\":\"EntryPoint\",\"urlTemplate\":\"https:\\\/\\\/fors.fr\\\/en\\\/?s={search_term_string}\"},\"query-input\":{\"@type\":\"PropertyValueSpecification\",\"valueRequired\":true,\"valueName\":\"search_term_string\"}}],\"inLanguage\":\"en-US\"},{\"@type\":\"Organization\",\"@id\":\"https:\\\/\\\/fors.fr\\\/en\\\/#organization\",\"name\":\"Fors\",\"alternateName\":\"Fors Anti-Theft\",\"url\":\"https:\\\/\\\/fors.fr\\\/en\\\/\",\"logo\":{\"@type\":\"ImageObject\",\"inLanguage\":\"en-US\",\"@id\":\"https:\\\/\\\/fors.fr\\\/en\\\/#\\\/schema\\\/logo\\\/image\\\/\",\"url\":\"https:\\\/\\\/fors.fr\\\/medias\\\/favico_512.png\",\"contentUrl\":\"https:\\\/\\\/fors.fr\\\/medias\\\/favico_512.png\",\"width\":512,\"height\":512,\"caption\":\"Fors\"},\"image\":{\"@id\":\"https:\\\/\\\/fors.fr\\\/en\\\/#\\\/schema\\\/logo\\\/image\\\/\"},\"sameAs\":[\"https:\\\/\\\/www.facebook.com\\\/forsantitheft\\\/\",\"https:\\\/\\\/x.com\\\/fors_france\",\"https:\\\/\\\/www.linkedin.com\\\/company\\\/245351\\\/\",\"https:\\\/\\\/www.youtube.com\\\/user\\\/ForsFrance\\\/\",\"https:\\\/\\\/www.companeo.com\\\/portiques-de-securite\\\/annuaire\\\/fors-france\",\"https:\\\/\\\/www.europages.fr\\\/FORS-FRANCE\\\/FRA310174-000009382001.html\",\"https:\\\/\\\/www.pagesjaunes.fr\\\/pros\\\/07584984\"]}]}<\/script>\n<!-- \/ Yoast SEO plugin. -->","yoast_head_json":{"title":"Etiquettes Antivol RF : Bo\u00eetier d\u00e9sactivateur | FORS France","description":"Bo\u00eete d\u00e9sactivateur RF 2 sorties","robots":{"index":"index","follow":"follow","max-snippet":"max-snippet:-1","max-image-preview":"max-image-preview:large","max-video-preview":"max-video-preview:-1"},"canonical":"https:\/\/fors.fr\/en\/options-and-accessories\/boitier-desactivateur-rf\/","og_locale":"en_US","og_type":"article","og_title":"Etiquettes Antivol RF : Bo\u00eetier d\u00e9sactivateur | FORS France","og_description":"Bo\u00eete d\u00e9sactivateur RF 2 sorties","og_url":"https:\/\/fors.fr\/en\/options-and-accessories\/boitier-desactivateur-rf\/","og_site_name":"Fors Anti-Theft","article_publisher":"https:\/\/www.facebook.com\/forsantitheft\/","article_modified_time":"2026-03-13T11:00:16+00:00","og_image":[{"width":600,"height":600,"url":"https:\/\/fors.fr\/medias\/WooCommerce_Produits\/Solutions_EAS\/RF-d\u00e9sactivateur.jpg","type":"image\/jpeg"}],"twitter_card":"summary_large_image","twitter_site":"@fors_france","schema":{"@context":"https:\/\/schema.org","@graph":[{"@type":"WebPage","@id":"https:\/\/fors.fr\/en\/options-and-accessories\/boitier-desactivateur-rf\/","url":"https:\/\/fors.fr\/en\/options-and-accessories\/boitier-desactivateur-rf\/","name":"Etiquettes Antivol RF : Bo\u00eetier d\u00e9sactivateur | FORS France","isPartOf":{"@id":"https:\/\/fors.fr\/en\/#website"},"primaryImageOfPage":{"@id":"https:\/\/fors.fr\/en\/options-and-accessories\/boitier-desactivateur-rf\/#primaryimage"},"image":{"@id":"https:\/\/fors.fr\/en\/options-and-accessories\/boitier-desactivateur-rf\/#primaryimage"},"thumbnailUrl":"https:\/\/fors.fr\/medias\/WooCommerce_Produits\/Solutions_EAS\/RF-d\u00e9sactivateur.jpg","datePublished":"2019-12-01T15:42:10+00:00","dateModified":"2026-03-13T11:00:16+00:00","description":"Bo\u00eete d\u00e9sactivateur RF 2 sorties","breadcrumb":{"@id":"https:\/\/fors.fr\/en\/options-and-accessories\/boitier-desactivateur-rf\/#breadcrumb"},"inLanguage":"en-US","potentialAction":[{"@type":"ReadAction","target":["https:\/\/fors.fr\/en\/options-and-accessories\/boitier-desactivateur-rf\/"]}]},{"@type":"ImageObject","inLanguage":"en-US","@id":"https:\/\/fors.fr\/en\/options-and-accessories\/boitier-desactivateur-rf\/#primaryimage","url":"https:\/\/fors.fr\/medias\/WooCommerce_Produits\/Solutions_EAS\/RF-d\u00e9sactivateur.jpg","contentUrl":"https:\/\/fors.fr\/medias\/WooCommerce_Produits\/Solutions_EAS\/RF-d\u00e9sactivateur.jpg","width":600,"height":600},{"@type":"BreadcrumbList","@id":"https:\/\/fors.fr\/en\/options-and-accessories\/boitier-desactivateur-rf\/#breadcrumb","itemListElement":[{"@type":"ListItem","position":1,"name":"FORS","item":"https:\/\/fors.fr\/en\/"},{"@type":"ListItem","position":2,"name":"Shop","item":"https:\/\/fors.fr\/en\/shop\/"},{"@type":"ListItem","position":3,"name":"D\u00e9sactivateurs d&#8217;\u00e9tiquettes RF"}]},{"@type":"WebSite","@id":"https:\/\/fors.fr\/en\/#website","url":"https:\/\/fors.fr\/en\/","name":"FORS Anti-Theft","description":"Anti-theft against shoplifting","publisher":{"@id":"https:\/\/fors.fr\/en\/#organization"},"alternateName":"Fors","potentialAction":[{"@type":"SearchAction","target":{"@type":"EntryPoint","urlTemplate":"https:\/\/fors.fr\/en\/?s={search_term_string}"},"query-input":{"@type":"PropertyValueSpecification","valueRequired":true,"valueName":"search_term_string"}}],"inLanguage":"en-US"},{"@type":"Organization","@id":"https:\/\/fors.fr\/en\/#organization","name":"Fors","alternateName":"Fors Anti-Theft","url":"https:\/\/fors.fr\/en\/","logo":{"@type":"ImageObject","inLanguage":"en-US","@id":"https:\/\/fors.fr\/en\/#\/schema\/logo\/image\/","url":"https:\/\/fors.fr\/medias\/favico_512.png","contentUrl":"https:\/\/fors.fr\/medias\/favico_512.png","width":512,"height":512,"caption":"Fors"},"image":{"@id":"https:\/\/fors.fr\/en\/#\/schema\/logo\/image\/"},"sameAs":["https:\/\/www.facebook.com\/forsantitheft\/","https:\/\/x.com\/fors_france","https:\/\/www.linkedin.com\/company\/245351\/","https:\/\/www.youtube.com\/user\/ForsFrance\/","https:\/\/www.companeo.com\/portiques-de-securite\/annuaire\/fors-france","https:\/\/www.europages.fr\/FORS-FRANCE\/FRA310174-000009382001.html","https:\/\/www.pagesjaunes.fr\/pros\/07584984"]}]}},"_links":{"self":[{"href":"https:\/\/fors.fr\/en\/wp-json\/wp\/v2\/product\/210109","targetHints":{"allow":["GET"]}}],"collection":[{"href":"https:\/\/fors.fr\/en\/wp-json\/wp\/v2\/product"}],"about":[{"href":"https:\/\/fors.fr\/en\/wp-json\/wp\/v2\/types\/product"}],"wp:featuredmedia":[{"embeddable":true,"href":"https:\/\/fors.fr\/en\/wp-json\/wp\/v2\/media\/55341"}],"wp:attachment":[{"href":"https:\/\/fors.fr\/en\/wp-json\/wp\/v2\/media?parent=210109"}],"wp:term":[{"taxonomy":"product_brand","embeddable":true,"href":"https:\/\/fors.fr\/en\/wp-json\/wp\/v2\/product_brand?post=210109"},{"taxonomy":"product_cat","embeddable":true,"href":"https:\/\/fors.fr\/en\/wp-json\/wp\/v2\/product_cat?post=210109"},{"taxonomy":"product_tag","embeddable":true,"href":"https:\/\/fors.fr\/en\/wp-json\/wp\/v2\/product_tag?post=210109"}],"curies":[{"name":"wp","href":"https:\/\/api.w.org\/{rel}","templated":true}]}}