{"id":210189,"date":"2013-12-23T18:00:30","date_gmt":"2013-12-23T17:00:30","guid":{"rendered":"https:\/\/fors.fr\/uncategorized\/borne-d-ecoute-a-la-demande\/"},"modified":"2025-10-15T09:13:47","modified_gmt":"2025-10-15T07:13:47","slug":"a-la-demande","status":"publish","type":"product","link":"https:\/\/fors.fr\/en\/listening-stations\/a-la-demande\/","title":{"rendered":"On-Demand Listening Station"},"content":{"rendered":"<p><strong style=\"color: #009870;\">ON-DEMAND LISTENING STATION<\/strong><\/p>\n<p><span style=\"color: #009870;\">\u2022 <\/span>CD Player is hidden on the seller&#8217;s side.<br \/>\n<span style=\"color: #009870;\">\u2022 <\/span>The customer can change tracks and adjust the volume.<br \/>\n<span style=\"color: #009870;\">\u2022 <\/span>This type of listening point does not have a display.<br \/>\n<span style=\"color: #009870;\">\u2022 <\/span>Anti-corrosion paint.<br \/>\n<span style=\"color: #009870;\">\u2022 <\/span>Anti-vandal buttons and sleeves.<br \/>\n<span style=\"color: #009870;\">\u2022 <\/span>Standard delivery includes FORS Prestige Anti-vandal Headset (option to replace with a listening parabola \u2013 contact us).<br \/>\n<span style=\"color: #009870;\">\u2022 <\/span>Listening point mounted with screws (not included) directly on the wall. Can also be mounted on its own elevated stand (contact us for a quote).<\/p>\n<p><strong style=\"color: #009870;\">Reference: BEA<\/strong><br \/>\n<strong style=\"color: #009870;\">Sold individually<\/strong><\/p>\n","protected":false},"excerpt":{"rendered":"<p>A complete listening experience of your catalog<\/p>\n","protected":false},"featured_media":7661774,"template":"","meta":{"_et_pb_use_builder":"","_et_pb_old_content":"","_et_gb_content_width":""},"product_brand":[],"product_cat":[1393],"product_tag":[],"class_list":{"0":"post-210189","1":"product","2":"type-product","3":"status-publish","4":"has-post-thumbnail","6":"product_cat-listening-stations","8":"first","9":"instock","10":"taxable","11":"shipping-taxable","12":"purchasable","13":"product-type-simple"},"yoast_head":"<!-- This site is optimized with the Yoast SEO plugin v27.3 - https:\/\/yoast.com\/product\/yoast-seo-wordpress\/ -->\n<title>Borne Multim\u00e9dia - Points d&#039;\u00e9coute traditionnels : Borne d&#039;\u00e9coute \u00e0 la demande | FORS France<\/title>\n<meta name=\"description\" content=\"Point d&#039;\u00e9coute \u00e0 la demande. Lecteur d\u00e9port\u00e9 cot\u00e9 vendeur.Le client a la possibilit\u00e9 de changer de plage et r\u00e9gler le volume. Il n&#039;y a pas d&#039;afficheur sur ce type de point d&#039;\u00e9coute- Peinture anticorrosion\" \/>\n<meta name=\"robots\" content=\"index, follow, max-snippet:-1, max-image-preview:large, max-video-preview:-1\" \/>\n<link rel=\"canonical\" href=\"https:\/\/fors.fr\/en\/listening-stations\/a-la-demande\/\" \/>\n<meta property=\"og:locale\" content=\"en_US\" \/>\n<meta property=\"og:type\" content=\"article\" \/>\n<meta property=\"og:title\" content=\"Borne Multim\u00e9dia - Points d&#039;\u00e9coute traditionnels : Borne d&#039;\u00e9coute \u00e0 la demande | FORS France\" \/>\n<meta property=\"og:description\" content=\"Point d&#039;\u00e9coute \u00e0 la demande. Lecteur d\u00e9port\u00e9 cot\u00e9 vendeur.Le client a la possibilit\u00e9 de changer de plage et r\u00e9gler le volume. Il n&#039;y a pas d&#039;afficheur sur ce type de point d&#039;\u00e9coute- Peinture anticorrosion\" \/>\n<meta property=\"og:url\" content=\"https:\/\/fors.fr\/en\/listening-stations\/a-la-demande\/\" \/>\n<meta property=\"og:site_name\" content=\"Fors Anti-Theft\" \/>\n<meta property=\"article:publisher\" content=\"https:\/\/www.facebook.com\/forsantitheft\/\" \/>\n<meta property=\"article:modified_time\" content=\"2025-10-15T07:13:47+00:00\" \/>\n<meta property=\"og:image\" content=\"https:\/\/fors.fr\/medias\/produits\/bornes-ecoute\/borne-demande\/Borne-a-la-demande.jpg\" \/>\n\t<meta property=\"og:image:width\" content=\"700\" \/>\n\t<meta property=\"og:image:height\" content=\"700\" \/>\n\t<meta property=\"og:image:type\" content=\"image\/jpeg\" \/>\n<meta name=\"twitter:card\" content=\"summary_large_image\" \/>\n<meta name=\"twitter:site\" content=\"@fors_france\" \/>\n<script type=\"application\/ld+json\" class=\"yoast-schema-graph\">{\"@context\":\"https:\\\/\\\/schema.org\",\"@graph\":[{\"@type\":\"WebPage\",\"@id\":\"https:\\\/\\\/fors.fr\\\/en\\\/listening-stations\\\/a-la-demande\\\/\",\"url\":\"https:\\\/\\\/fors.fr\\\/en\\\/listening-stations\\\/a-la-demande\\\/\",\"name\":\"Borne Multim\u00e9dia - Points d'\u00e9coute traditionnels : Borne d'\u00e9coute \u00e0 la demande | FORS France\",\"isPartOf\":{\"@id\":\"https:\\\/\\\/fors.fr\\\/en\\\/#website\"},\"primaryImageOfPage\":{\"@id\":\"https:\\\/\\\/fors.fr\\\/en\\\/listening-stations\\\/a-la-demande\\\/#primaryimage\"},\"image\":{\"@id\":\"https:\\\/\\\/fors.fr\\\/en\\\/listening-stations\\\/a-la-demande\\\/#primaryimage\"},\"thumbnailUrl\":\"https:\\\/\\\/fors.fr\\\/medias\\\/produits\\\/bornes-ecoute\\\/borne-demande\\\/Borne-a-la-demande.jpg\",\"datePublished\":\"2013-12-23T17:00:30+00:00\",\"dateModified\":\"2025-10-15T07:13:47+00:00\",\"description\":\"Point d'\u00e9coute \u00e0 la demande. Lecteur d\u00e9port\u00e9 cot\u00e9 vendeur.Le client a la possibilit\u00e9 de changer de plage et r\u00e9gler le volume. Il n'y a pas d'afficheur sur ce type de point d'\u00e9coute- Peinture anticorrosion\",\"breadcrumb\":{\"@id\":\"https:\\\/\\\/fors.fr\\\/en\\\/listening-stations\\\/a-la-demande\\\/#breadcrumb\"},\"inLanguage\":\"en-US\",\"potentialAction\":[{\"@type\":\"ReadAction\",\"target\":[\"https:\\\/\\\/fors.fr\\\/en\\\/listening-stations\\\/a-la-demande\\\/\"]}]},{\"@type\":\"ImageObject\",\"inLanguage\":\"en-US\",\"@id\":\"https:\\\/\\\/fors.fr\\\/en\\\/listening-stations\\\/a-la-demande\\\/#primaryimage\",\"url\":\"https:\\\/\\\/fors.fr\\\/medias\\\/produits\\\/bornes-ecoute\\\/borne-demande\\\/Borne-a-la-demande.jpg\",\"contentUrl\":\"https:\\\/\\\/fors.fr\\\/medias\\\/produits\\\/bornes-ecoute\\\/borne-demande\\\/Borne-a-la-demande.jpg\",\"width\":700,\"height\":700},{\"@type\":\"BreadcrumbList\",\"@id\":\"https:\\\/\\\/fors.fr\\\/en\\\/listening-stations\\\/a-la-demande\\\/#breadcrumb\",\"itemListElement\":[{\"@type\":\"ListItem\",\"position\":1,\"name\":\"FORS\",\"item\":\"https:\\\/\\\/fors.fr\\\/en\\\/\"},{\"@type\":\"ListItem\",\"position\":2,\"name\":\"Shop\",\"item\":\"https:\\\/\\\/fors.fr\\\/en\\\/shop\\\/\"},{\"@type\":\"ListItem\",\"position\":3,\"name\":\"On-Demand Listening Station\"}]},{\"@type\":\"WebSite\",\"@id\":\"https:\\\/\\\/fors.fr\\\/en\\\/#website\",\"url\":\"https:\\\/\\\/fors.fr\\\/en\\\/\",\"name\":\"FORS Anti-Theft\",\"description\":\"Anti-theft against shoplifting\",\"publisher\":{\"@id\":\"https:\\\/\\\/fors.fr\\\/en\\\/#organization\"},\"alternateName\":\"Fors\",\"potentialAction\":[{\"@type\":\"SearchAction\",\"target\":{\"@type\":\"EntryPoint\",\"urlTemplate\":\"https:\\\/\\\/fors.fr\\\/en\\\/?s={search_term_string}\"},\"query-input\":{\"@type\":\"PropertyValueSpecification\",\"valueRequired\":true,\"valueName\":\"search_term_string\"}}],\"inLanguage\":\"en-US\"},{\"@type\":\"Organization\",\"@id\":\"https:\\\/\\\/fors.fr\\\/en\\\/#organization\",\"name\":\"Fors\",\"alternateName\":\"Fors Anti-Theft\",\"url\":\"https:\\\/\\\/fors.fr\\\/en\\\/\",\"logo\":{\"@type\":\"ImageObject\",\"inLanguage\":\"en-US\",\"@id\":\"https:\\\/\\\/fors.fr\\\/en\\\/#\\\/schema\\\/logo\\\/image\\\/\",\"url\":\"https:\\\/\\\/fors.fr\\\/medias\\\/favico_512.png\",\"contentUrl\":\"https:\\\/\\\/fors.fr\\\/medias\\\/favico_512.png\",\"width\":512,\"height\":512,\"caption\":\"Fors\"},\"image\":{\"@id\":\"https:\\\/\\\/fors.fr\\\/en\\\/#\\\/schema\\\/logo\\\/image\\\/\"},\"sameAs\":[\"https:\\\/\\\/www.facebook.com\\\/forsantitheft\\\/\",\"https:\\\/\\\/x.com\\\/fors_france\",\"https:\\\/\\\/www.linkedin.com\\\/company\\\/245351\\\/\",\"https:\\\/\\\/www.youtube.com\\\/user\\\/ForsFrance\\\/\",\"https:\\\/\\\/www.companeo.com\\\/portiques-de-securite\\\/annuaire\\\/fors-france\",\"https:\\\/\\\/www.europages.fr\\\/FORS-FRANCE\\\/FRA310174-000009382001.html\",\"https:\\\/\\\/www.pagesjaunes.fr\\\/pros\\\/07584984\"]}]}<\/script>\n<!-- \/ Yoast SEO plugin. -->","yoast_head_json":{"title":"Borne Multim\u00e9dia - Points d'\u00e9coute traditionnels : Borne d'\u00e9coute \u00e0 la demande | FORS France","description":"Point d'\u00e9coute \u00e0 la demande. Lecteur d\u00e9port\u00e9 cot\u00e9 vendeur.Le client a la possibilit\u00e9 de changer de plage et r\u00e9gler le volume. Il n'y a pas d'afficheur sur ce type de point d'\u00e9coute- Peinture anticorrosion","robots":{"index":"index","follow":"follow","max-snippet":"max-snippet:-1","max-image-preview":"max-image-preview:large","max-video-preview":"max-video-preview:-1"},"canonical":"https:\/\/fors.fr\/en\/listening-stations\/a-la-demande\/","og_locale":"en_US","og_type":"article","og_title":"Borne Multim\u00e9dia - Points d'\u00e9coute traditionnels : Borne d'\u00e9coute \u00e0 la demande | FORS France","og_description":"Point d'\u00e9coute \u00e0 la demande. Lecteur d\u00e9port\u00e9 cot\u00e9 vendeur.Le client a la possibilit\u00e9 de changer de plage et r\u00e9gler le volume. Il n'y a pas d'afficheur sur ce type de point d'\u00e9coute- Peinture anticorrosion","og_url":"https:\/\/fors.fr\/en\/listening-stations\/a-la-demande\/","og_site_name":"Fors Anti-Theft","article_publisher":"https:\/\/www.facebook.com\/forsantitheft\/","article_modified_time":"2025-10-15T07:13:47+00:00","og_image":[{"width":700,"height":700,"url":"https:\/\/fors.fr\/medias\/produits\/bornes-ecoute\/borne-demande\/Borne-a-la-demande.jpg","type":"image\/jpeg"}],"twitter_card":"summary_large_image","twitter_site":"@fors_france","schema":{"@context":"https:\/\/schema.org","@graph":[{"@type":"WebPage","@id":"https:\/\/fors.fr\/en\/listening-stations\/a-la-demande\/","url":"https:\/\/fors.fr\/en\/listening-stations\/a-la-demande\/","name":"Borne Multim\u00e9dia - Points d'\u00e9coute traditionnels : Borne d'\u00e9coute \u00e0 la demande | FORS France","isPartOf":{"@id":"https:\/\/fors.fr\/en\/#website"},"primaryImageOfPage":{"@id":"https:\/\/fors.fr\/en\/listening-stations\/a-la-demande\/#primaryimage"},"image":{"@id":"https:\/\/fors.fr\/en\/listening-stations\/a-la-demande\/#primaryimage"},"thumbnailUrl":"https:\/\/fors.fr\/medias\/produits\/bornes-ecoute\/borne-demande\/Borne-a-la-demande.jpg","datePublished":"2013-12-23T17:00:30+00:00","dateModified":"2025-10-15T07:13:47+00:00","description":"Point d'\u00e9coute \u00e0 la demande. Lecteur d\u00e9port\u00e9 cot\u00e9 vendeur.Le client a la possibilit\u00e9 de changer de plage et r\u00e9gler le volume. Il n'y a pas d'afficheur sur ce type de point d'\u00e9coute- Peinture anticorrosion","breadcrumb":{"@id":"https:\/\/fors.fr\/en\/listening-stations\/a-la-demande\/#breadcrumb"},"inLanguage":"en-US","potentialAction":[{"@type":"ReadAction","target":["https:\/\/fors.fr\/en\/listening-stations\/a-la-demande\/"]}]},{"@type":"ImageObject","inLanguage":"en-US","@id":"https:\/\/fors.fr\/en\/listening-stations\/a-la-demande\/#primaryimage","url":"https:\/\/fors.fr\/medias\/produits\/bornes-ecoute\/borne-demande\/Borne-a-la-demande.jpg","contentUrl":"https:\/\/fors.fr\/medias\/produits\/bornes-ecoute\/borne-demande\/Borne-a-la-demande.jpg","width":700,"height":700},{"@type":"BreadcrumbList","@id":"https:\/\/fors.fr\/en\/listening-stations\/a-la-demande\/#breadcrumb","itemListElement":[{"@type":"ListItem","position":1,"name":"FORS","item":"https:\/\/fors.fr\/en\/"},{"@type":"ListItem","position":2,"name":"Shop","item":"https:\/\/fors.fr\/en\/shop\/"},{"@type":"ListItem","position":3,"name":"On-Demand Listening Station"}]},{"@type":"WebSite","@id":"https:\/\/fors.fr\/en\/#website","url":"https:\/\/fors.fr\/en\/","name":"FORS Anti-Theft","description":"Anti-theft against shoplifting","publisher":{"@id":"https:\/\/fors.fr\/en\/#organization"},"alternateName":"Fors","potentialAction":[{"@type":"SearchAction","target":{"@type":"EntryPoint","urlTemplate":"https:\/\/fors.fr\/en\/?s={search_term_string}"},"query-input":{"@type":"PropertyValueSpecification","valueRequired":true,"valueName":"search_term_string"}}],"inLanguage":"en-US"},{"@type":"Organization","@id":"https:\/\/fors.fr\/en\/#organization","name":"Fors","alternateName":"Fors Anti-Theft","url":"https:\/\/fors.fr\/en\/","logo":{"@type":"ImageObject","inLanguage":"en-US","@id":"https:\/\/fors.fr\/en\/#\/schema\/logo\/image\/","url":"https:\/\/fors.fr\/medias\/favico_512.png","contentUrl":"https:\/\/fors.fr\/medias\/favico_512.png","width":512,"height":512,"caption":"Fors"},"image":{"@id":"https:\/\/fors.fr\/en\/#\/schema\/logo\/image\/"},"sameAs":["https:\/\/www.facebook.com\/forsantitheft\/","https:\/\/x.com\/fors_france","https:\/\/www.linkedin.com\/company\/245351\/","https:\/\/www.youtube.com\/user\/ForsFrance\/","https:\/\/www.companeo.com\/portiques-de-securite\/annuaire\/fors-france","https:\/\/www.europages.fr\/FORS-FRANCE\/FRA310174-000009382001.html","https:\/\/www.pagesjaunes.fr\/pros\/07584984"]}]}},"_links":{"self":[{"href":"https:\/\/fors.fr\/en\/wp-json\/wp\/v2\/product\/210189","targetHints":{"allow":["GET"]}}],"collection":[{"href":"https:\/\/fors.fr\/en\/wp-json\/wp\/v2\/product"}],"about":[{"href":"https:\/\/fors.fr\/en\/wp-json\/wp\/v2\/types\/product"}],"wp:featuredmedia":[{"embeddable":true,"href":"https:\/\/fors.fr\/en\/wp-json\/wp\/v2\/media\/7661774"}],"wp:attachment":[{"href":"https:\/\/fors.fr\/en\/wp-json\/wp\/v2\/media?parent=210189"}],"wp:term":[{"taxonomy":"product_brand","embeddable":true,"href":"https:\/\/fors.fr\/en\/wp-json\/wp\/v2\/product_brand?post=210189"},{"taxonomy":"product_cat","embeddable":true,"href":"https:\/\/fors.fr\/en\/wp-json\/wp\/v2\/product_cat?post=210189"},{"taxonomy":"product_tag","embeddable":true,"href":"https:\/\/fors.fr\/en\/wp-json\/wp\/v2\/product_tag?post=210189"}],"curies":[{"name":"wp","href":"https:\/\/api.w.org\/{rel}","templated":true}]}}