{"id":210215,"date":"2013-12-23T18:00:30","date_gmt":"2013-12-23T17:00:30","guid":{"rendered":"https:\/\/fors.fr\/uncategorized\/casque-antivandal-lieu-public-musee-bibliotheque\/"},"modified":"2026-03-04T10:04:31","modified_gmt":"2026-03-04T09:04:31","slug":"casque-prestige-anti-vandale","status":"publish","type":"product","link":"https:\/\/fors.fr\/en\/listening-stations\/casque-prestige-anti-vandale\/","title":{"rendered":"Prestige Headset"},"content":{"rendered":"<p><strong style=\"color: var(--couleur);\">FORS PRESTIGE ANTI-VANDAL HEADSET<\/strong><br \/>\n<strong style=\"color: var(--couleur);\">The ideal audio headset for high-traffic environments<\/strong><br \/>\nThe FORS Prestige Headset is an ultra-resistant, secure anti-vandal audio headset. <br \/>It is designed to withstand intensive use in public spaces: libraries, media libraries, museums, points of sale, etc.<\/p>\n<p>Its robust construction features a stainless steel cable housing and an adjustable headband, ensuring exceptional durability against repeated handling and vandalism attempts. The replaceable foam ear pads guarantee optimal comfort for the user and easy hygiene management for site managers. Ideal for broadcasting audio content, interviews, music or information, this secure audio headset minimises maintenance costs thanks to its longevity.<\/p>\n<p><strong style=\"color: var(--couleur);\">INDOOR USE<\/strong><br \/>\n<span style=\"color: var(--couleur);\">\u2022 <\/span>Stainless steel cable housing<br \/>\n<span style=\"color: var(--couleur);\">\u2022 <\/span>Standard length 1m<br \/>\n<span style=\"color: var(--couleur);\">\u2022 <\/span>Adjustable headband on the Prestige headset<br \/>\n<span style=\"color: var(--couleur);\">\u2022 <\/span>Black headset fitted <a style=\"color: var(--couleur); text-decoration:underline;\" href=\"https:\/\/fors.fr\/bornes-ecoute\/casque-prestige-coussinets\/\" target=\"_blank\" rel=\"noopener\">with replaceable foam ear pads<\/a><br \/>\n<strong style=\"color: var(--couleur);\">SPECIFICATIONS<\/strong><br \/>\n<span style=\"color: var(--couleur);\">\u2022 <\/span>Impedance: 32\u03a9 \u00b1 15%<br \/>\n<span style=\"color: var(--couleur);\">\u2022 <\/span>Resonance Frequency: 150Hz \u00b1 20%<br \/>\n<span style=\"color: var(--couleur);\">\u2022 <\/span>Frequency Response: 150-20000Hz 10dB<br \/>\n<span style=\"color: var(--couleur);\">\u2022 <\/span>Sound Pressure Level: 84dB (0.1W \/ 0.5M)<br \/>\n<span style=\"color: var(--couleur);\">\u2022 <\/span>Nominal Power: 50mW<br \/>\n<span style=\"color: var(--couleur);\">\u2022 <\/span>Max Power: 100mW<br \/>\n<strong style=\"color: var(--couleur);\">Recommended Applications<\/strong><br \/>\n<span style=\"color: var(--couleur);\">\u2022 <\/span>Museums &amp; interactive exhibitions<br \/>\n<span style=\"color: var(--couleur);\">\u2022 <\/span>Listening stations in Libraries &amp; Media Libraries<br \/>\n<span style=\"color: var(--couleur);\">\u2022 <\/span>Public spaces (train stations, town halls, tourist offices)<br \/>\n<span style=\"color: var(--couleur);\">\u2022 <\/span>Listening stations at Points of Sale (Fnac, concept stores\u2026)<\/p>\n","protected":false},"excerpt":{"rendered":"<p>Anti-vandal headset<br \/>\n(sold individually)<\/p>\n","protected":false},"featured_media":7661920,"template":"","meta":{"_et_pb_use_builder":"","_et_pb_old_content":"","_et_gb_content_width":""},"product_brand":[],"product_cat":[1393],"product_tag":[],"class_list":{"0":"post-210215","1":"product","2":"type-product","3":"status-publish","4":"has-post-thumbnail","6":"product_cat-listening-stations","8":"first","9":"instock","10":"taxable","11":"shipping-taxable","12":"purchasable","13":"product-type-simple"},"yoast_head":"<!-- This site is optimized with the Yoast SEO plugin v27.3 - https:\/\/yoast.com\/product\/yoast-seo-wordpress\/ -->\n<title>Casque s\u00e9curis\u00e9 anti vandale pour lieux publics - FORS France<\/title>\n<meta name=\"description\" content=\"Casque anti vandale s\u00e9curis\u00e9 ultra-r\u00e9sistant. Ce casque est con\u00e7u pour r\u00e9sister \u00e0 une utilisation intensive dans les lieux publics.\" \/>\n<meta name=\"robots\" content=\"index, follow, max-snippet:-1, max-image-preview:large, max-video-preview:-1\" \/>\n<link rel=\"canonical\" href=\"https:\/\/fors.fr\/en\/listening-stations\/casque-prestige-anti-vandale\/\" \/>\n<meta property=\"og:locale\" content=\"en_US\" \/>\n<meta property=\"og:type\" content=\"article\" \/>\n<meta property=\"og:title\" content=\"Casque s\u00e9curis\u00e9 anti vandale pour lieux publics - FORS France\" \/>\n<meta property=\"og:description\" content=\"Casque anti vandale s\u00e9curis\u00e9 ultra-r\u00e9sistant. Ce casque est con\u00e7u pour r\u00e9sister \u00e0 une utilisation intensive dans les lieux publics.\" \/>\n<meta property=\"og:url\" content=\"https:\/\/fors.fr\/en\/listening-stations\/casque-prestige-anti-vandale\/\" \/>\n<meta property=\"og:site_name\" content=\"Fors Anti-Theft\" \/>\n<meta property=\"article:publisher\" content=\"https:\/\/www.facebook.com\/forsantitheft\/\" \/>\n<meta property=\"article:modified_time\" content=\"2026-03-04T09:04:31+00:00\" \/>\n<meta property=\"og:image\" content=\"https:\/\/fors.fr\/medias\/produits\/bornes-ecoute\/casque-prestige\/Casque-prestige.jpg\" \/>\n\t<meta property=\"og:image:width\" content=\"700\" \/>\n\t<meta property=\"og:image:height\" content=\"700\" \/>\n\t<meta property=\"og:image:type\" content=\"image\/jpeg\" \/>\n<meta name=\"twitter:card\" content=\"summary_large_image\" \/>\n<meta name=\"twitter:site\" content=\"@fors_france\" \/>\n<meta name=\"twitter:label1\" content=\"Est. reading time\" \/>\n\t<meta name=\"twitter:data1\" content=\"2 minutes\" \/>\n<script type=\"application\/ld+json\" class=\"yoast-schema-graph\">{\"@context\":\"https:\\\/\\\/schema.org\",\"@graph\":[{\"@type\":\"WebPage\",\"@id\":\"https:\\\/\\\/fors.fr\\\/en\\\/listening-stations\\\/casque-prestige-anti-vandale\\\/\",\"url\":\"https:\\\/\\\/fors.fr\\\/en\\\/listening-stations\\\/casque-prestige-anti-vandale\\\/\",\"name\":\"Casque s\u00e9curis\u00e9 anti vandale pour lieux publics - FORS France\",\"isPartOf\":{\"@id\":\"https:\\\/\\\/fors.fr\\\/en\\\/#website\"},\"primaryImageOfPage\":{\"@id\":\"https:\\\/\\\/fors.fr\\\/en\\\/listening-stations\\\/casque-prestige-anti-vandale\\\/#primaryimage\"},\"image\":{\"@id\":\"https:\\\/\\\/fors.fr\\\/en\\\/listening-stations\\\/casque-prestige-anti-vandale\\\/#primaryimage\"},\"thumbnailUrl\":\"https:\\\/\\\/fors.fr\\\/medias\\\/produits\\\/bornes-ecoute\\\/casque-prestige\\\/Casque-prestige.jpg\",\"datePublished\":\"2013-12-23T17:00:30+00:00\",\"dateModified\":\"2026-03-04T09:04:31+00:00\",\"description\":\"Casque anti vandale s\u00e9curis\u00e9 ultra-r\u00e9sistant. Ce casque est con\u00e7u pour r\u00e9sister \u00e0 une utilisation intensive dans les lieux publics.\",\"breadcrumb\":{\"@id\":\"https:\\\/\\\/fors.fr\\\/en\\\/listening-stations\\\/casque-prestige-anti-vandale\\\/#breadcrumb\"},\"inLanguage\":\"en-US\",\"potentialAction\":[{\"@type\":\"ReadAction\",\"target\":[\"https:\\\/\\\/fors.fr\\\/en\\\/listening-stations\\\/casque-prestige-anti-vandale\\\/\"]}]},{\"@type\":\"ImageObject\",\"inLanguage\":\"en-US\",\"@id\":\"https:\\\/\\\/fors.fr\\\/en\\\/listening-stations\\\/casque-prestige-anti-vandale\\\/#primaryimage\",\"url\":\"https:\\\/\\\/fors.fr\\\/medias\\\/produits\\\/bornes-ecoute\\\/casque-prestige\\\/Casque-prestige.jpg\",\"contentUrl\":\"https:\\\/\\\/fors.fr\\\/medias\\\/produits\\\/bornes-ecoute\\\/casque-prestige\\\/Casque-prestige.jpg\",\"width\":700,\"height\":700,\"caption\":\"Casque anti vandale s\u00e9curis\u00e9\"},{\"@type\":\"BreadcrumbList\",\"@id\":\"https:\\\/\\\/fors.fr\\\/en\\\/listening-stations\\\/casque-prestige-anti-vandale\\\/#breadcrumb\",\"itemListElement\":[{\"@type\":\"ListItem\",\"position\":1,\"name\":\"FORS\",\"item\":\"https:\\\/\\\/fors.fr\\\/en\\\/\"},{\"@type\":\"ListItem\",\"position\":2,\"name\":\"Shop\",\"item\":\"https:\\\/\\\/fors.fr\\\/en\\\/shop\\\/\"},{\"@type\":\"ListItem\",\"position\":3,\"name\":\"Prestige Headset\"}]},{\"@type\":\"WebSite\",\"@id\":\"https:\\\/\\\/fors.fr\\\/en\\\/#website\",\"url\":\"https:\\\/\\\/fors.fr\\\/en\\\/\",\"name\":\"FORS Anti-Theft\",\"description\":\"Anti-theft against shoplifting\",\"publisher\":{\"@id\":\"https:\\\/\\\/fors.fr\\\/en\\\/#organization\"},\"alternateName\":\"Fors\",\"potentialAction\":[{\"@type\":\"SearchAction\",\"target\":{\"@type\":\"EntryPoint\",\"urlTemplate\":\"https:\\\/\\\/fors.fr\\\/en\\\/?s={search_term_string}\"},\"query-input\":{\"@type\":\"PropertyValueSpecification\",\"valueRequired\":true,\"valueName\":\"search_term_string\"}}],\"inLanguage\":\"en-US\"},{\"@type\":\"Organization\",\"@id\":\"https:\\\/\\\/fors.fr\\\/en\\\/#organization\",\"name\":\"Fors\",\"alternateName\":\"Fors Anti-Theft\",\"url\":\"https:\\\/\\\/fors.fr\\\/en\\\/\",\"logo\":{\"@type\":\"ImageObject\",\"inLanguage\":\"en-US\",\"@id\":\"https:\\\/\\\/fors.fr\\\/en\\\/#\\\/schema\\\/logo\\\/image\\\/\",\"url\":\"https:\\\/\\\/fors.fr\\\/medias\\\/favico_512.png\",\"contentUrl\":\"https:\\\/\\\/fors.fr\\\/medias\\\/favico_512.png\",\"width\":512,\"height\":512,\"caption\":\"Fors\"},\"image\":{\"@id\":\"https:\\\/\\\/fors.fr\\\/en\\\/#\\\/schema\\\/logo\\\/image\\\/\"},\"sameAs\":[\"https:\\\/\\\/www.facebook.com\\\/forsantitheft\\\/\",\"https:\\\/\\\/x.com\\\/fors_france\",\"https:\\\/\\\/www.linkedin.com\\\/company\\\/245351\\\/\",\"https:\\\/\\\/www.youtube.com\\\/user\\\/ForsFrance\\\/\",\"https:\\\/\\\/www.companeo.com\\\/portiques-de-securite\\\/annuaire\\\/fors-france\",\"https:\\\/\\\/www.europages.fr\\\/FORS-FRANCE\\\/FRA310174-000009382001.html\",\"https:\\\/\\\/www.pagesjaunes.fr\\\/pros\\\/07584984\"]}]}<\/script>\n<!-- \/ Yoast SEO plugin. -->","yoast_head_json":{"title":"Casque s\u00e9curis\u00e9 anti vandale pour lieux publics - FORS France","description":"Casque anti vandale s\u00e9curis\u00e9 ultra-r\u00e9sistant. Ce casque est con\u00e7u pour r\u00e9sister \u00e0 une utilisation intensive dans les lieux publics.","robots":{"index":"index","follow":"follow","max-snippet":"max-snippet:-1","max-image-preview":"max-image-preview:large","max-video-preview":"max-video-preview:-1"},"canonical":"https:\/\/fors.fr\/en\/listening-stations\/casque-prestige-anti-vandale\/","og_locale":"en_US","og_type":"article","og_title":"Casque s\u00e9curis\u00e9 anti vandale pour lieux publics - FORS France","og_description":"Casque anti vandale s\u00e9curis\u00e9 ultra-r\u00e9sistant. Ce casque est con\u00e7u pour r\u00e9sister \u00e0 une utilisation intensive dans les lieux publics.","og_url":"https:\/\/fors.fr\/en\/listening-stations\/casque-prestige-anti-vandale\/","og_site_name":"Fors Anti-Theft","article_publisher":"https:\/\/www.facebook.com\/forsantitheft\/","article_modified_time":"2026-03-04T09:04:31+00:00","og_image":[{"width":700,"height":700,"url":"https:\/\/fors.fr\/medias\/produits\/bornes-ecoute\/casque-prestige\/Casque-prestige.jpg","type":"image\/jpeg"}],"twitter_card":"summary_large_image","twitter_site":"@fors_france","twitter_misc":{"Est. reading time":"2 minutes"},"schema":{"@context":"https:\/\/schema.org","@graph":[{"@type":"WebPage","@id":"https:\/\/fors.fr\/en\/listening-stations\/casque-prestige-anti-vandale\/","url":"https:\/\/fors.fr\/en\/listening-stations\/casque-prestige-anti-vandale\/","name":"Casque s\u00e9curis\u00e9 anti vandale pour lieux publics - FORS France","isPartOf":{"@id":"https:\/\/fors.fr\/en\/#website"},"primaryImageOfPage":{"@id":"https:\/\/fors.fr\/en\/listening-stations\/casque-prestige-anti-vandale\/#primaryimage"},"image":{"@id":"https:\/\/fors.fr\/en\/listening-stations\/casque-prestige-anti-vandale\/#primaryimage"},"thumbnailUrl":"https:\/\/fors.fr\/medias\/produits\/bornes-ecoute\/casque-prestige\/Casque-prestige.jpg","datePublished":"2013-12-23T17:00:30+00:00","dateModified":"2026-03-04T09:04:31+00:00","description":"Casque anti vandale s\u00e9curis\u00e9 ultra-r\u00e9sistant. Ce casque est con\u00e7u pour r\u00e9sister \u00e0 une utilisation intensive dans les lieux publics.","breadcrumb":{"@id":"https:\/\/fors.fr\/en\/listening-stations\/casque-prestige-anti-vandale\/#breadcrumb"},"inLanguage":"en-US","potentialAction":[{"@type":"ReadAction","target":["https:\/\/fors.fr\/en\/listening-stations\/casque-prestige-anti-vandale\/"]}]},{"@type":"ImageObject","inLanguage":"en-US","@id":"https:\/\/fors.fr\/en\/listening-stations\/casque-prestige-anti-vandale\/#primaryimage","url":"https:\/\/fors.fr\/medias\/produits\/bornes-ecoute\/casque-prestige\/Casque-prestige.jpg","contentUrl":"https:\/\/fors.fr\/medias\/produits\/bornes-ecoute\/casque-prestige\/Casque-prestige.jpg","width":700,"height":700,"caption":"Casque anti vandale s\u00e9curis\u00e9"},{"@type":"BreadcrumbList","@id":"https:\/\/fors.fr\/en\/listening-stations\/casque-prestige-anti-vandale\/#breadcrumb","itemListElement":[{"@type":"ListItem","position":1,"name":"FORS","item":"https:\/\/fors.fr\/en\/"},{"@type":"ListItem","position":2,"name":"Shop","item":"https:\/\/fors.fr\/en\/shop\/"},{"@type":"ListItem","position":3,"name":"Prestige Headset"}]},{"@type":"WebSite","@id":"https:\/\/fors.fr\/en\/#website","url":"https:\/\/fors.fr\/en\/","name":"FORS Anti-Theft","description":"Anti-theft against shoplifting","publisher":{"@id":"https:\/\/fors.fr\/en\/#organization"},"alternateName":"Fors","potentialAction":[{"@type":"SearchAction","target":{"@type":"EntryPoint","urlTemplate":"https:\/\/fors.fr\/en\/?s={search_term_string}"},"query-input":{"@type":"PropertyValueSpecification","valueRequired":true,"valueName":"search_term_string"}}],"inLanguage":"en-US"},{"@type":"Organization","@id":"https:\/\/fors.fr\/en\/#organization","name":"Fors","alternateName":"Fors Anti-Theft","url":"https:\/\/fors.fr\/en\/","logo":{"@type":"ImageObject","inLanguage":"en-US","@id":"https:\/\/fors.fr\/en\/#\/schema\/logo\/image\/","url":"https:\/\/fors.fr\/medias\/favico_512.png","contentUrl":"https:\/\/fors.fr\/medias\/favico_512.png","width":512,"height":512,"caption":"Fors"},"image":{"@id":"https:\/\/fors.fr\/en\/#\/schema\/logo\/image\/"},"sameAs":["https:\/\/www.facebook.com\/forsantitheft\/","https:\/\/x.com\/fors_france","https:\/\/www.linkedin.com\/company\/245351\/","https:\/\/www.youtube.com\/user\/ForsFrance\/","https:\/\/www.companeo.com\/portiques-de-securite\/annuaire\/fors-france","https:\/\/www.europages.fr\/FORS-FRANCE\/FRA310174-000009382001.html","https:\/\/www.pagesjaunes.fr\/pros\/07584984"]}]}},"_links":{"self":[{"href":"https:\/\/fors.fr\/en\/wp-json\/wp\/v2\/product\/210215","targetHints":{"allow":["GET"]}}],"collection":[{"href":"https:\/\/fors.fr\/en\/wp-json\/wp\/v2\/product"}],"about":[{"href":"https:\/\/fors.fr\/en\/wp-json\/wp\/v2\/types\/product"}],"wp:featuredmedia":[{"embeddable":true,"href":"https:\/\/fors.fr\/en\/wp-json\/wp\/v2\/media\/7661920"}],"wp:attachment":[{"href":"https:\/\/fors.fr\/en\/wp-json\/wp\/v2\/media?parent=210215"}],"wp:term":[{"taxonomy":"product_brand","embeddable":true,"href":"https:\/\/fors.fr\/en\/wp-json\/wp\/v2\/product_brand?post=210215"},{"taxonomy":"product_cat","embeddable":true,"href":"https:\/\/fors.fr\/en\/wp-json\/wp\/v2\/product_cat?post=210215"},{"taxonomy":"product_tag","embeddable":true,"href":"https:\/\/fors.fr\/en\/wp-json\/wp\/v2\/product_tag?post=210215"}],"curies":[{"name":"wp","href":"https:\/\/api.w.org\/{rel}","templated":true}]}}