{"id":212411,"date":"2019-12-14T21:25:50","date_gmt":"2019-12-14T20:25:50","guid":{"rendered":"https:\/\/fors.fr\/uncategorized\/boitier-t03\/"},"modified":"2025-06-24T14:13:44","modified_gmt":"2025-06-24T12:13:44","slug":"t03","status":"publish","type":"product","link":"https:\/\/fors.fr\/en\/safers\/t03\/","title":{"rendered":"Bo\u00eetier Antivol T03"},"content":{"rendered":"<p><strong style=\"color: var(--couleur);\">FORS BO\u00ceTIER ANTIVOL T03<\/strong><\/p>\n<p>Le bo\u00eetier Fors <strong style=\"color: var(--couleur);\">T03<\/strong> est une solution de protection antivol de petite taille qui saura mettre \u00e0 l&#8217;abris tout produit s&#8217;inscrivant \u00e0 l&#8217;int\u00e9rieur :<br \/>\n<span style=\"color: var(--couleur);\">\u2022 <\/span>T\u00e9l\u00e9phone portable<br \/>\n<span style=\"color: var(--couleur);\">\u2022 <\/span>Enceinte<br \/>\n<span style=\"color: var(--couleur);\">\u2022 <\/span>Cam\u00e9ra<br \/>\n<span style=\"color: var(--couleur);\">\u2022 <\/span>Appareil photo<br \/>\n<span style=\"color: var(--couleur);\">\u2022 <\/span>Et bien plus\u2026<\/p>\n<p>Il int\u00e8gre les technologies E.A.S du march\u00e9 et peut-\u00eatre \u00e9quip\u00e9 de diff\u00e9rents niveaux de protection.<\/p>\n<p><strong style=\"color: var(--couleur);\">R\u00e9f\u00e9rence : T03<\/strong><br \/>\n<strong style=\"color: var(--couleur);\">Dimensions internes ( L x H x P ) : <\/strong>150 x 222 x 85 mm<br \/>\n<strong style=\"color: var(--couleur);\">Dimensions externes ( L x H x P ) : <\/strong>154 x 256 x 90 mm<br \/>\n<strong style=\"color: var(--couleur);\">Colisage : <\/strong>14<br \/>\n<strong style=\"color: var(--couleur);\">Code grav\u00e9 : 348<\/strong><\/p>\n","protected":false},"excerpt":{"rendered":"<p>Petit bo\u00eetier haut et fin<\/p>\n<p>Dimensions internes (mm)\u00a0:<br \/>\nL 150 x H 222 x P 85<\/p>\n<p>Pack de 14 bo\u00eetiers<\/p>\n","protected":false},"featured_media":11392385,"template":"","meta":{"_et_pb_use_builder":"","_et_pb_old_content":"","_et_gb_content_width":""},"product_brand":[],"product_cat":[1394],"product_tag":[],"class_list":{"0":"post-212411","1":"product","2":"type-product","3":"status-publish","4":"has-post-thumbnail","6":"product_cat-safers","7":"pa_code-boitier-code-348-en","8":"pa_hauteur-interne-boitier-222-mm-en","9":"pa_largeur-interne-boitier-150-mm-en","10":"pa_securite-boitiers-1p-en","11":"pa_securite-boitiers-3p-en","12":"pa_securite-boitiers-4p-en","13":"pa_volume-interne-boitier-2-831-cm3","15":"first","16":"instock","17":"taxable","18":"shipping-taxable","19":"purchasable","20":"product-type-variable"},"yoast_head":"<!-- This site is optimized with the Yoast SEO plugin v27.4 - https:\/\/yoast.com\/product\/yoast-seo-wordpress\/ -->\n<title>Bo\u00eetier Antivol T03 | FORS France<\/title>\n<meta name=\"description\" content=\"Le bo\u00eetier antivol T03 de FORS prot\u00e8ge vos produits \u00e9lectroniques gr\u00e2ce \u00e0 son format compact, sa compatibilit\u00e9 EAS et ses options de s\u00e9curit\u00e9 modulables.\" \/>\n<meta name=\"robots\" content=\"index, follow, max-snippet:-1, max-image-preview:large, max-video-preview:-1\" \/>\n<link rel=\"canonical\" href=\"https:\/\/fors.fr\/en\/safers\/t03\/\" \/>\n<meta property=\"og:locale\" content=\"en_US\" \/>\n<meta property=\"og:type\" content=\"article\" \/>\n<meta property=\"og:title\" content=\"Bo\u00eetier Antivol T03 | FORS France\" \/>\n<meta property=\"og:description\" content=\"Le bo\u00eetier antivol T03 de FORS prot\u00e8ge vos produits \u00e9lectroniques gr\u00e2ce \u00e0 son format compact, sa compatibilit\u00e9 EAS et ses options de s\u00e9curit\u00e9 modulables.\" \/>\n<meta property=\"og:url\" content=\"https:\/\/fors.fr\/en\/safers\/t03\/\" \/>\n<meta property=\"og:site_name\" content=\"Fors Anti-Theft\" \/>\n<meta property=\"article:publisher\" content=\"https:\/\/www.facebook.com\/forsantitheft\/\" \/>\n<meta property=\"article:modified_time\" content=\"2025-06-24T12:13:44+00:00\" \/>\n<meta property=\"og:image\" content=\"https:\/\/fors.fr\/medias\/T03-site-1.webp\" \/>\n\t<meta property=\"og:image:width\" content=\"1500\" \/>\n\t<meta property=\"og:image:height\" content=\"1500\" \/>\n\t<meta property=\"og:image:type\" content=\"image\/webp\" \/>\n<meta name=\"twitter:card\" content=\"summary_large_image\" \/>\n<meta name=\"twitter:site\" content=\"@fors_france\" \/>\n<script type=\"application\/ld+json\" class=\"yoast-schema-graph\">{\"@context\":\"https:\\\/\\\/schema.org\",\"@graph\":[{\"@type\":\"WebPage\",\"@id\":\"https:\\\/\\\/fors.fr\\\/en\\\/safers\\\/t03\\\/\",\"url\":\"https:\\\/\\\/fors.fr\\\/en\\\/safers\\\/t03\\\/\",\"name\":\"Bo\u00eetier Antivol T03 | FORS France\",\"isPartOf\":{\"@id\":\"https:\\\/\\\/fors.fr\\\/en\\\/#website\"},\"primaryImageOfPage\":{\"@id\":\"https:\\\/\\\/fors.fr\\\/en\\\/safers\\\/t03\\\/#primaryimage\"},\"image\":{\"@id\":\"https:\\\/\\\/fors.fr\\\/en\\\/safers\\\/t03\\\/#primaryimage\"},\"thumbnailUrl\":\"https:\\\/\\\/fors.fr\\\/medias\\\/T03-site-1.webp\",\"datePublished\":\"2019-12-14T20:25:50+00:00\",\"dateModified\":\"2025-06-24T12:13:44+00:00\",\"description\":\"Le bo\u00eetier antivol T03 de FORS prot\u00e8ge vos produits \u00e9lectroniques gr\u00e2ce \u00e0 son format compact, sa compatibilit\u00e9 EAS et ses options de s\u00e9curit\u00e9 modulables.\",\"breadcrumb\":{\"@id\":\"https:\\\/\\\/fors.fr\\\/en\\\/safers\\\/t03\\\/#breadcrumb\"},\"inLanguage\":\"en-US\",\"potentialAction\":[{\"@type\":\"ReadAction\",\"target\":[\"https:\\\/\\\/fors.fr\\\/en\\\/safers\\\/t03\\\/\"]}]},{\"@type\":\"ImageObject\",\"inLanguage\":\"en-US\",\"@id\":\"https:\\\/\\\/fors.fr\\\/en\\\/safers\\\/t03\\\/#primaryimage\",\"url\":\"https:\\\/\\\/fors.fr\\\/medias\\\/T03-site-1.webp\",\"contentUrl\":\"https:\\\/\\\/fors.fr\\\/medias\\\/T03-site-1.webp\",\"width\":1500,\"height\":1500,\"caption\":\"Bo\u00eetier antivol T03\"},{\"@type\":\"BreadcrumbList\",\"@id\":\"https:\\\/\\\/fors.fr\\\/en\\\/safers\\\/t03\\\/#breadcrumb\",\"itemListElement\":[{\"@type\":\"ListItem\",\"position\":1,\"name\":\"FORS\",\"item\":\"https:\\\/\\\/fors.fr\\\/en\\\/\"},{\"@type\":\"ListItem\",\"position\":2,\"name\":\"Shop\",\"item\":\"https:\\\/\\\/fors.fr\\\/en\\\/shop\\\/\"},{\"@type\":\"ListItem\",\"position\":3,\"name\":\"Bo\u00eetier Antivol T03\"}]},{\"@type\":\"WebSite\",\"@id\":\"https:\\\/\\\/fors.fr\\\/en\\\/#website\",\"url\":\"https:\\\/\\\/fors.fr\\\/en\\\/\",\"name\":\"FORS Anti-Theft\",\"description\":\"Anti-theft against shoplifting\",\"publisher\":{\"@id\":\"https:\\\/\\\/fors.fr\\\/en\\\/#organization\"},\"alternateName\":\"Fors\",\"potentialAction\":[{\"@type\":\"SearchAction\",\"target\":{\"@type\":\"EntryPoint\",\"urlTemplate\":\"https:\\\/\\\/fors.fr\\\/en\\\/?s={search_term_string}\"},\"query-input\":{\"@type\":\"PropertyValueSpecification\",\"valueRequired\":true,\"valueName\":\"search_term_string\"}}],\"inLanguage\":\"en-US\"},{\"@type\":\"Organization\",\"@id\":\"https:\\\/\\\/fors.fr\\\/en\\\/#organization\",\"name\":\"Fors\",\"alternateName\":\"Fors Anti-Theft\",\"url\":\"https:\\\/\\\/fors.fr\\\/en\\\/\",\"logo\":{\"@type\":\"ImageObject\",\"inLanguage\":\"en-US\",\"@id\":\"https:\\\/\\\/fors.fr\\\/en\\\/#\\\/schema\\\/logo\\\/image\\\/\",\"url\":\"https:\\\/\\\/fors.fr\\\/medias\\\/favico_512.png\",\"contentUrl\":\"https:\\\/\\\/fors.fr\\\/medias\\\/favico_512.png\",\"width\":512,\"height\":512,\"caption\":\"Fors\"},\"image\":{\"@id\":\"https:\\\/\\\/fors.fr\\\/en\\\/#\\\/schema\\\/logo\\\/image\\\/\"},\"sameAs\":[\"https:\\\/\\\/www.facebook.com\\\/forsantitheft\\\/\",\"https:\\\/\\\/x.com\\\/fors_france\",\"https:\\\/\\\/www.linkedin.com\\\/company\\\/245351\\\/\",\"https:\\\/\\\/www.youtube.com\\\/user\\\/ForsFrance\\\/\",\"https:\\\/\\\/www.companeo.com\\\/portiques-de-securite\\\/annuaire\\\/fors-france\",\"https:\\\/\\\/www.europages.fr\\\/FORS-FRANCE\\\/FRA310174-000009382001.html\",\"https:\\\/\\\/www.pagesjaunes.fr\\\/pros\\\/07584984\"]}]}<\/script>\n<!-- \/ Yoast SEO plugin. -->","yoast_head_json":{"title":"Bo\u00eetier Antivol T03 | FORS France","description":"Le bo\u00eetier antivol T03 de FORS prot\u00e8ge vos produits \u00e9lectroniques gr\u00e2ce \u00e0 son format compact, sa compatibilit\u00e9 EAS et ses options de s\u00e9curit\u00e9 modulables.","robots":{"index":"index","follow":"follow","max-snippet":"max-snippet:-1","max-image-preview":"max-image-preview:large","max-video-preview":"max-video-preview:-1"},"canonical":"https:\/\/fors.fr\/en\/safers\/t03\/","og_locale":"en_US","og_type":"article","og_title":"Bo\u00eetier Antivol T03 | FORS France","og_description":"Le bo\u00eetier antivol T03 de FORS prot\u00e8ge vos produits \u00e9lectroniques gr\u00e2ce \u00e0 son format compact, sa compatibilit\u00e9 EAS et ses options de s\u00e9curit\u00e9 modulables.","og_url":"https:\/\/fors.fr\/en\/safers\/t03\/","og_site_name":"Fors Anti-Theft","article_publisher":"https:\/\/www.facebook.com\/forsantitheft\/","article_modified_time":"2025-06-24T12:13:44+00:00","og_image":[{"width":1500,"height":1500,"url":"https:\/\/fors.fr\/medias\/T03-site-1.webp","type":"image\/webp"}],"twitter_card":"summary_large_image","twitter_site":"@fors_france","schema":{"@context":"https:\/\/schema.org","@graph":[{"@type":"WebPage","@id":"https:\/\/fors.fr\/en\/safers\/t03\/","url":"https:\/\/fors.fr\/en\/safers\/t03\/","name":"Bo\u00eetier Antivol T03 | FORS France","isPartOf":{"@id":"https:\/\/fors.fr\/en\/#website"},"primaryImageOfPage":{"@id":"https:\/\/fors.fr\/en\/safers\/t03\/#primaryimage"},"image":{"@id":"https:\/\/fors.fr\/en\/safers\/t03\/#primaryimage"},"thumbnailUrl":"https:\/\/fors.fr\/medias\/T03-site-1.webp","datePublished":"2019-12-14T20:25:50+00:00","dateModified":"2025-06-24T12:13:44+00:00","description":"Le bo\u00eetier antivol T03 de FORS prot\u00e8ge vos produits \u00e9lectroniques gr\u00e2ce \u00e0 son format compact, sa compatibilit\u00e9 EAS et ses options de s\u00e9curit\u00e9 modulables.","breadcrumb":{"@id":"https:\/\/fors.fr\/en\/safers\/t03\/#breadcrumb"},"inLanguage":"en-US","potentialAction":[{"@type":"ReadAction","target":["https:\/\/fors.fr\/en\/safers\/t03\/"]}]},{"@type":"ImageObject","inLanguage":"en-US","@id":"https:\/\/fors.fr\/en\/safers\/t03\/#primaryimage","url":"https:\/\/fors.fr\/medias\/T03-site-1.webp","contentUrl":"https:\/\/fors.fr\/medias\/T03-site-1.webp","width":1500,"height":1500,"caption":"Bo\u00eetier antivol T03"},{"@type":"BreadcrumbList","@id":"https:\/\/fors.fr\/en\/safers\/t03\/#breadcrumb","itemListElement":[{"@type":"ListItem","position":1,"name":"FORS","item":"https:\/\/fors.fr\/en\/"},{"@type":"ListItem","position":2,"name":"Shop","item":"https:\/\/fors.fr\/en\/shop\/"},{"@type":"ListItem","position":3,"name":"Bo\u00eetier Antivol T03"}]},{"@type":"WebSite","@id":"https:\/\/fors.fr\/en\/#website","url":"https:\/\/fors.fr\/en\/","name":"FORS Anti-Theft","description":"Anti-theft against shoplifting","publisher":{"@id":"https:\/\/fors.fr\/en\/#organization"},"alternateName":"Fors","potentialAction":[{"@type":"SearchAction","target":{"@type":"EntryPoint","urlTemplate":"https:\/\/fors.fr\/en\/?s={search_term_string}"},"query-input":{"@type":"PropertyValueSpecification","valueRequired":true,"valueName":"search_term_string"}}],"inLanguage":"en-US"},{"@type":"Organization","@id":"https:\/\/fors.fr\/en\/#organization","name":"Fors","alternateName":"Fors Anti-Theft","url":"https:\/\/fors.fr\/en\/","logo":{"@type":"ImageObject","inLanguage":"en-US","@id":"https:\/\/fors.fr\/en\/#\/schema\/logo\/image\/","url":"https:\/\/fors.fr\/medias\/favico_512.png","contentUrl":"https:\/\/fors.fr\/medias\/favico_512.png","width":512,"height":512,"caption":"Fors"},"image":{"@id":"https:\/\/fors.fr\/en\/#\/schema\/logo\/image\/"},"sameAs":["https:\/\/www.facebook.com\/forsantitheft\/","https:\/\/x.com\/fors_france","https:\/\/www.linkedin.com\/company\/245351\/","https:\/\/www.youtube.com\/user\/ForsFrance\/","https:\/\/www.companeo.com\/portiques-de-securite\/annuaire\/fors-france","https:\/\/www.europages.fr\/FORS-FRANCE\/FRA310174-000009382001.html","https:\/\/www.pagesjaunes.fr\/pros\/07584984"]}]}},"_links":{"self":[{"href":"https:\/\/fors.fr\/en\/wp-json\/wp\/v2\/product\/212411","targetHints":{"allow":["GET"]}}],"collection":[{"href":"https:\/\/fors.fr\/en\/wp-json\/wp\/v2\/product"}],"about":[{"href":"https:\/\/fors.fr\/en\/wp-json\/wp\/v2\/types\/product"}],"wp:featuredmedia":[{"embeddable":true,"href":"https:\/\/fors.fr\/en\/wp-json\/wp\/v2\/media\/11392385"}],"wp:attachment":[{"href":"https:\/\/fors.fr\/en\/wp-json\/wp\/v2\/media?parent=212411"}],"wp:term":[{"taxonomy":"product_brand","embeddable":true,"href":"https:\/\/fors.fr\/en\/wp-json\/wp\/v2\/product_brand?post=212411"},{"taxonomy":"product_cat","embeddable":true,"href":"https:\/\/fors.fr\/en\/wp-json\/wp\/v2\/product_cat?post=212411"},{"taxonomy":"product_tag","embeddable":true,"href":"https:\/\/fors.fr\/en\/wp-json\/wp\/v2\/product_tag?post=212411"}],"curies":[{"name":"wp","href":"https:\/\/api.w.org\/{rel}","templated":true}]}}