{"id":212427,"date":"2019-12-13T17:51:52","date_gmt":"2019-12-13T16:51:52","guid":{"rendered":"https:\/\/fors.fr\/uncategorized\/boitier-p26\/"},"modified":"2021-07-15T08:03:46","modified_gmt":"2021-07-15T07:03:46","slug":"boitier-p26","status":"publish","type":"product","link":"https:\/\/fors.fr\/en\/safers\/boitier-p26\/","title":{"rendered":"Bo\u00eetier P26"},"content":{"rendered":"<p><strong style=\"color:var(--couleur); text-transform:uppercase\">Bo\u00eetier P26<\/strong><\/p>\n<p>Le bo\u00eetier Fors <strong style=\"color:var(--couleur)\">P26<\/strong> est une solution de protection antivol grand format qui saura mettre \u00e0 l&#8217;abris tout produit s&#8217;inscrivant \u00e0 l&#8217;int\u00e9rieur.<\/p>\n<p>Le bo\u00eetier P26 fait partie de la famille des gros bo\u00eetiers adapt\u00e9s aux produits \u00e0 forte valeur ajout\u00e9e qui n\u00e9cessite un niveau de protection maximum Muni de pattes lui permettant de tenir debout il est \u00e9galement pourvu de picots anti-rayures. D\u00e9pourvu d&#8217;axe m\u00e9tallique, son verrou de s\u00e9curit\u00e9 peut-\u00eatre renforc\u00e9 par un syst\u00e8me d&#8217;alarme se d\u00e9clenchant \u00e0 la moindre tentative d&#8217;ouverture frauduleuse du bo\u00eetier.<\/p>\n<p><strong style=\"color:var(--couleur)\">R\u00e9f\u00e9rence : P26<\/strong><br \/>\n<strong style=\"color:var(--couleur)\">Dimensions internes : <\/strong>200 x 260 x 50 mm<br \/>\n<strong style=\"color:var(--couleur)\">Dimensions externes : <\/strong>221 x 298 x 78 mm<br \/>\n<strong style=\"color:var(--couleur)\">Code grav\u00e9 : 326<\/strong><\/p>\n","protected":false},"excerpt":{"rendered":"<p>Grand bo\u00eetier avec option alarme<\/p>\n<p>Dimensions internes (mm)\u00a0:<br \/>\nL 200 x H 259 x P 70<\/p>\n<p>Pack de 10 bo\u00eetiers<\/p>\n","protected":false},"featured_media":7191548,"template":"","meta":{"_et_pb_use_builder":"","_et_pb_old_content":"","_et_gb_content_width":""},"product_brand":[],"product_cat":[1394],"product_tag":[1417],"class_list":{"0":"post-212427","1":"product","2":"type-product","3":"status-publish","4":"has-post-thumbnail","6":"product_cat-safers","7":"product_tag-alarm","8":"pa_code-boitier-code-326-en","9":"pa_hauteur-interne-boitier-259-mm-en","10":"pa_largeur-interne-boitier-200-mm-en","11":"pa_profondeur-interne-boitier-70-mm-en","12":"pa_securite-boitiers-1p-en","13":"pa_securite-boitiers-3p-en","14":"pa_securite-boitiers-4p-en","15":"pa_volume-interne-boitier-3626-cm3","17":"first","18":"instock","19":"taxable","20":"shipping-taxable","21":"purchasable","22":"product-type-variable"},"yoast_head":"<!-- This site is optimized with the Yoast SEO plugin v27.4 - https:\/\/yoast.com\/product\/yoast-seo-wordpress\/ -->\n<title>Boitiers de s\u00e9curit\u00e9 - Boitiers de s\u00e9curit\u00e9 : Bo\u00eetier P26 | FORS France<\/title>\n<meta name=\"description\" content=\"Bo\u00eetier P26\" \/>\n<meta name=\"robots\" content=\"index, follow, max-snippet:-1, max-image-preview:large, max-video-preview:-1\" \/>\n<link rel=\"canonical\" href=\"https:\/\/fors.fr\/en\/safers\/boitier-p26\/\" \/>\n<meta property=\"og:locale\" content=\"en_US\" \/>\n<meta property=\"og:type\" content=\"article\" \/>\n<meta property=\"og:title\" content=\"Boitiers de s\u00e9curit\u00e9 - Boitiers de s\u00e9curit\u00e9 : Bo\u00eetier P26 | FORS France\" \/>\n<meta property=\"og:description\" content=\"Bo\u00eetier P26\" \/>\n<meta property=\"og:url\" content=\"https:\/\/fors.fr\/en\/safers\/boitier-p26\/\" \/>\n<meta property=\"og:site_name\" content=\"Fors Anti-Theft\" \/>\n<meta property=\"article:publisher\" content=\"https:\/\/www.facebook.com\/forsantitheft\/\" \/>\n<meta property=\"article:modified_time\" content=\"2021-07-15T07:03:46+00:00\" \/>\n<meta property=\"og:image\" content=\"https:\/\/fors.fr\/medias\/BOITIER-P26-A-Nintendo-scaled.jpg\" \/>\n\t<meta property=\"og:image:width\" content=\"2560\" \/>\n\t<meta property=\"og:image:height\" content=\"2560\" \/>\n\t<meta property=\"og:image:type\" content=\"image\/jpeg\" \/>\n<meta name=\"twitter:card\" content=\"summary_large_image\" \/>\n<meta name=\"twitter:site\" content=\"@fors_france\" \/>\n<meta name=\"twitter:label1\" content=\"Est. reading time\" \/>\n\t<meta name=\"twitter:data1\" content=\"1 minute\" \/>\n<script type=\"application\/ld+json\" class=\"yoast-schema-graph\">{\"@context\":\"https:\\\/\\\/schema.org\",\"@graph\":[{\"@type\":\"WebPage\",\"@id\":\"https:\\\/\\\/fors.fr\\\/en\\\/safers\\\/boitier-p26\\\/\",\"url\":\"https:\\\/\\\/fors.fr\\\/en\\\/safers\\\/boitier-p26\\\/\",\"name\":\"Boitiers de s\u00e9curit\u00e9 - Boitiers de s\u00e9curit\u00e9 : Bo\u00eetier P26 | FORS France\",\"isPartOf\":{\"@id\":\"https:\\\/\\\/fors.fr\\\/en\\\/#website\"},\"primaryImageOfPage\":{\"@id\":\"https:\\\/\\\/fors.fr\\\/en\\\/safers\\\/boitier-p26\\\/#primaryimage\"},\"image\":{\"@id\":\"https:\\\/\\\/fors.fr\\\/en\\\/safers\\\/boitier-p26\\\/#primaryimage\"},\"thumbnailUrl\":\"https:\\\/\\\/fors.fr\\\/medias\\\/BOITIER-P26-A-Nintendo-scaled.jpg\",\"datePublished\":\"2019-12-13T16:51:52+00:00\",\"dateModified\":\"2021-07-15T07:03:46+00:00\",\"description\":\"Bo\u00eetier P26\",\"breadcrumb\":{\"@id\":\"https:\\\/\\\/fors.fr\\\/en\\\/safers\\\/boitier-p26\\\/#breadcrumb\"},\"inLanguage\":\"en-US\",\"potentialAction\":[{\"@type\":\"ReadAction\",\"target\":[\"https:\\\/\\\/fors.fr\\\/en\\\/safers\\\/boitier-p26\\\/\"]}]},{\"@type\":\"ImageObject\",\"inLanguage\":\"en-US\",\"@id\":\"https:\\\/\\\/fors.fr\\\/en\\\/safers\\\/boitier-p26\\\/#primaryimage\",\"url\":\"https:\\\/\\\/fors.fr\\\/medias\\\/BOITIER-P26-A-Nintendo-scaled.jpg\",\"contentUrl\":\"https:\\\/\\\/fors.fr\\\/medias\\\/BOITIER-P26-A-Nintendo-scaled.jpg\",\"width\":2560,\"height\":2560},{\"@type\":\"BreadcrumbList\",\"@id\":\"https:\\\/\\\/fors.fr\\\/en\\\/safers\\\/boitier-p26\\\/#breadcrumb\",\"itemListElement\":[{\"@type\":\"ListItem\",\"position\":1,\"name\":\"FORS\",\"item\":\"https:\\\/\\\/fors.fr\\\/en\\\/\"},{\"@type\":\"ListItem\",\"position\":2,\"name\":\"Shop\",\"item\":\"https:\\\/\\\/fors.fr\\\/en\\\/shop\\\/\"},{\"@type\":\"ListItem\",\"position\":3,\"name\":\"Bo\u00eetier P26\"}]},{\"@type\":\"WebSite\",\"@id\":\"https:\\\/\\\/fors.fr\\\/en\\\/#website\",\"url\":\"https:\\\/\\\/fors.fr\\\/en\\\/\",\"name\":\"FORS Anti-Theft\",\"description\":\"Anti-theft against shoplifting\",\"publisher\":{\"@id\":\"https:\\\/\\\/fors.fr\\\/en\\\/#organization\"},\"alternateName\":\"Fors\",\"potentialAction\":[{\"@type\":\"SearchAction\",\"target\":{\"@type\":\"EntryPoint\",\"urlTemplate\":\"https:\\\/\\\/fors.fr\\\/en\\\/?s={search_term_string}\"},\"query-input\":{\"@type\":\"PropertyValueSpecification\",\"valueRequired\":true,\"valueName\":\"search_term_string\"}}],\"inLanguage\":\"en-US\"},{\"@type\":\"Organization\",\"@id\":\"https:\\\/\\\/fors.fr\\\/en\\\/#organization\",\"name\":\"Fors\",\"alternateName\":\"Fors Anti-Theft\",\"url\":\"https:\\\/\\\/fors.fr\\\/en\\\/\",\"logo\":{\"@type\":\"ImageObject\",\"inLanguage\":\"en-US\",\"@id\":\"https:\\\/\\\/fors.fr\\\/en\\\/#\\\/schema\\\/logo\\\/image\\\/\",\"url\":\"https:\\\/\\\/fors.fr\\\/medias\\\/favico_512.png\",\"contentUrl\":\"https:\\\/\\\/fors.fr\\\/medias\\\/favico_512.png\",\"width\":512,\"height\":512,\"caption\":\"Fors\"},\"image\":{\"@id\":\"https:\\\/\\\/fors.fr\\\/en\\\/#\\\/schema\\\/logo\\\/image\\\/\"},\"sameAs\":[\"https:\\\/\\\/www.facebook.com\\\/forsantitheft\\\/\",\"https:\\\/\\\/x.com\\\/fors_france\",\"https:\\\/\\\/www.linkedin.com\\\/company\\\/245351\\\/\",\"https:\\\/\\\/www.youtube.com\\\/user\\\/ForsFrance\\\/\",\"https:\\\/\\\/www.companeo.com\\\/portiques-de-securite\\\/annuaire\\\/fors-france\",\"https:\\\/\\\/www.europages.fr\\\/FORS-FRANCE\\\/FRA310174-000009382001.html\",\"https:\\\/\\\/www.pagesjaunes.fr\\\/pros\\\/07584984\"]}]}<\/script>\n<!-- \/ Yoast SEO plugin. -->","yoast_head_json":{"title":"Boitiers de s\u00e9curit\u00e9 - Boitiers de s\u00e9curit\u00e9 : Bo\u00eetier P26 | FORS France","description":"Bo\u00eetier P26","robots":{"index":"index","follow":"follow","max-snippet":"max-snippet:-1","max-image-preview":"max-image-preview:large","max-video-preview":"max-video-preview:-1"},"canonical":"https:\/\/fors.fr\/en\/safers\/boitier-p26\/","og_locale":"en_US","og_type":"article","og_title":"Boitiers de s\u00e9curit\u00e9 - Boitiers de s\u00e9curit\u00e9 : Bo\u00eetier P26 | FORS France","og_description":"Bo\u00eetier P26","og_url":"https:\/\/fors.fr\/en\/safers\/boitier-p26\/","og_site_name":"Fors Anti-Theft","article_publisher":"https:\/\/www.facebook.com\/forsantitheft\/","article_modified_time":"2021-07-15T07:03:46+00:00","og_image":[{"width":2560,"height":2560,"url":"https:\/\/fors.fr\/medias\/BOITIER-P26-A-Nintendo-scaled.jpg","type":"image\/jpeg"}],"twitter_card":"summary_large_image","twitter_site":"@fors_france","twitter_misc":{"Est. reading time":"1 minute"},"schema":{"@context":"https:\/\/schema.org","@graph":[{"@type":"WebPage","@id":"https:\/\/fors.fr\/en\/safers\/boitier-p26\/","url":"https:\/\/fors.fr\/en\/safers\/boitier-p26\/","name":"Boitiers de s\u00e9curit\u00e9 - Boitiers de s\u00e9curit\u00e9 : Bo\u00eetier P26 | FORS France","isPartOf":{"@id":"https:\/\/fors.fr\/en\/#website"},"primaryImageOfPage":{"@id":"https:\/\/fors.fr\/en\/safers\/boitier-p26\/#primaryimage"},"image":{"@id":"https:\/\/fors.fr\/en\/safers\/boitier-p26\/#primaryimage"},"thumbnailUrl":"https:\/\/fors.fr\/medias\/BOITIER-P26-A-Nintendo-scaled.jpg","datePublished":"2019-12-13T16:51:52+00:00","dateModified":"2021-07-15T07:03:46+00:00","description":"Bo\u00eetier P26","breadcrumb":{"@id":"https:\/\/fors.fr\/en\/safers\/boitier-p26\/#breadcrumb"},"inLanguage":"en-US","potentialAction":[{"@type":"ReadAction","target":["https:\/\/fors.fr\/en\/safers\/boitier-p26\/"]}]},{"@type":"ImageObject","inLanguage":"en-US","@id":"https:\/\/fors.fr\/en\/safers\/boitier-p26\/#primaryimage","url":"https:\/\/fors.fr\/medias\/BOITIER-P26-A-Nintendo-scaled.jpg","contentUrl":"https:\/\/fors.fr\/medias\/BOITIER-P26-A-Nintendo-scaled.jpg","width":2560,"height":2560},{"@type":"BreadcrumbList","@id":"https:\/\/fors.fr\/en\/safers\/boitier-p26\/#breadcrumb","itemListElement":[{"@type":"ListItem","position":1,"name":"FORS","item":"https:\/\/fors.fr\/en\/"},{"@type":"ListItem","position":2,"name":"Shop","item":"https:\/\/fors.fr\/en\/shop\/"},{"@type":"ListItem","position":3,"name":"Bo\u00eetier P26"}]},{"@type":"WebSite","@id":"https:\/\/fors.fr\/en\/#website","url":"https:\/\/fors.fr\/en\/","name":"FORS Anti-Theft","description":"Anti-theft against shoplifting","publisher":{"@id":"https:\/\/fors.fr\/en\/#organization"},"alternateName":"Fors","potentialAction":[{"@type":"SearchAction","target":{"@type":"EntryPoint","urlTemplate":"https:\/\/fors.fr\/en\/?s={search_term_string}"},"query-input":{"@type":"PropertyValueSpecification","valueRequired":true,"valueName":"search_term_string"}}],"inLanguage":"en-US"},{"@type":"Organization","@id":"https:\/\/fors.fr\/en\/#organization","name":"Fors","alternateName":"Fors Anti-Theft","url":"https:\/\/fors.fr\/en\/","logo":{"@type":"ImageObject","inLanguage":"en-US","@id":"https:\/\/fors.fr\/en\/#\/schema\/logo\/image\/","url":"https:\/\/fors.fr\/medias\/favico_512.png","contentUrl":"https:\/\/fors.fr\/medias\/favico_512.png","width":512,"height":512,"caption":"Fors"},"image":{"@id":"https:\/\/fors.fr\/en\/#\/schema\/logo\/image\/"},"sameAs":["https:\/\/www.facebook.com\/forsantitheft\/","https:\/\/x.com\/fors_france","https:\/\/www.linkedin.com\/company\/245351\/","https:\/\/www.youtube.com\/user\/ForsFrance\/","https:\/\/www.companeo.com\/portiques-de-securite\/annuaire\/fors-france","https:\/\/www.europages.fr\/FORS-FRANCE\/FRA310174-000009382001.html","https:\/\/www.pagesjaunes.fr\/pros\/07584984"]}]}},"_links":{"self":[{"href":"https:\/\/fors.fr\/en\/wp-json\/wp\/v2\/product\/212427","targetHints":{"allow":["GET"]}}],"collection":[{"href":"https:\/\/fors.fr\/en\/wp-json\/wp\/v2\/product"}],"about":[{"href":"https:\/\/fors.fr\/en\/wp-json\/wp\/v2\/types\/product"}],"wp:featuredmedia":[{"embeddable":true,"href":"https:\/\/fors.fr\/en\/wp-json\/wp\/v2\/media\/7191548"}],"wp:attachment":[{"href":"https:\/\/fors.fr\/en\/wp-json\/wp\/v2\/media?parent=212427"}],"wp:term":[{"taxonomy":"product_brand","embeddable":true,"href":"https:\/\/fors.fr\/en\/wp-json\/wp\/v2\/product_brand?post=212427"},{"taxonomy":"product_cat","embeddable":true,"href":"https:\/\/fors.fr\/en\/wp-json\/wp\/v2\/product_cat?post=212427"},{"taxonomy":"product_tag","embeddable":true,"href":"https:\/\/fors.fr\/en\/wp-json\/wp\/v2\/product_tag?post=212427"}],"curies":[{"name":"wp","href":"https:\/\/api.w.org\/{rel}","templated":true}]}}