{"id":212487,"date":"2019-12-12T18:13:01","date_gmt":"2019-12-12T17:13:01","guid":{"rendered":"https:\/\/fors.fr\/uncategorized\/boitier-p14-double\/"},"modified":"2020-06-02T13:55:23","modified_gmt":"2020-06-02T12:55:23","slug":"boitier-p14-double","status":"publish","type":"product","link":"https:\/\/fors.fr\/en\/safers\/boitier-p14-double\/","title":{"rendered":"Bo\u00eetier P14 Double"},"content":{"rendered":"<p><strong>Bo\u00eetier P14 Double :<\/strong><\/p>\n<p>Le bo\u00eetier Fors <strong>P14 Double<\/strong> est une solution de protection grand format qui saura mettre \u00e0 l&#8217;abris tout produit s&#8217;inscrivant \u00e0 l&#8217;int\u00e9rieur :<br \/>\n<strong>Largeur<\/strong> : 227 mm.<br \/>\n<strong>Hauteur<\/strong> : 292 mm.<br \/>\n<strong>Profondeur<\/strong> : 208 mm.<\/p>\n<p>Le bo\u00eetier P14 Double appartient \u00e0 la famille des gros bo\u00eetiers. Il est particuli\u00e8rement adapt\u00e9 \u00e0 la protection des produits \u00e0 forte valeur ajout\u00e9e. Muni de pieds, il tient en position verticale sur les tablettes. Son verrou de s\u00e9curit\u00e9 peut-\u00eatre renforc\u00e9 par un syst\u00e8me d&#8217;alarme se d\u00e9clenchant \u00e0 la moindre tentative d&#8217;ouverture frauduleuse du bo\u00eetier en plus de l&#8217;incorporation des syst\u00e8mes E.A.S incorpor\u00e9s dans le syst\u00e8me de fermeture.<\/p>\n<p>Il int\u00e8gre les technologies E.A.S du march\u00e9 et peut-\u00eatre \u00e9quip\u00e9 de diff\u00e9rents niveaux de protection.<\/p>\n","protected":false},"excerpt":{"rendered":"<p>Grand bo\u00eetier avec option alarme<\/p>\n<p>Dimensions internes (mm)\u00a0:<br \/>\nL 227 x H 292 x P 208<\/p>\n<p>Pack de 2 bo\u00eetiers<\/p>\n","protected":false},"featured_media":809869,"template":"","meta":{"_et_pb_use_builder":"","_et_pb_old_content":"","_et_gb_content_width":""},"product_brand":[],"product_cat":[1394],"product_tag":[1417],"class_list":{"0":"post-212487","1":"product","2":"type-product","3":"status-publish","4":"has-post-thumbnail","6":"product_cat-safers","7":"product_tag-alarm","8":"pa_code-boitier-code-334-en","9":"pa_hauteur-interne-boitier-292-mm-en","10":"pa_largeur-interne-boitier-227-mm-en","11":"pa_profondeur-interne-boitier-208-mm-en","12":"pa_securite-boitiers-1p-en","13":"pa_securite-boitiers-3p-en","14":"pa_securite-boitiers-4p-en","15":"pa_volume-interne-boitier-13787-cm3","17":"first","18":"instock","19":"taxable","20":"shipping-taxable","21":"purchasable","22":"product-type-variable"},"yoast_head":"<!-- This site is optimized with the Yoast SEO plugin v27.4 - https:\/\/yoast.com\/product\/yoast-seo-wordpress\/ -->\n<title>Boitiers de s\u00e9curit\u00e9 - Boitiers de s\u00e9curit\u00e9 : Bo\u00eetier P14D | FORS France<\/title>\n<meta name=\"description\" content=\"Bo\u00eetier P14D\" \/>\n<meta name=\"robots\" content=\"index, follow, max-snippet:-1, max-image-preview:large, max-video-preview:-1\" \/>\n<link rel=\"canonical\" href=\"https:\/\/fors.fr\/en\/safers\/boitier-p14-double\/\" \/>\n<meta property=\"og:locale\" content=\"en_US\" \/>\n<meta property=\"og:type\" content=\"article\" \/>\n<meta property=\"og:title\" content=\"Boitiers de s\u00e9curit\u00e9 - Boitiers de s\u00e9curit\u00e9 : Bo\u00eetier P14D | FORS France\" \/>\n<meta property=\"og:description\" content=\"Bo\u00eetier P14D\" \/>\n<meta property=\"og:url\" content=\"https:\/\/fors.fr\/en\/safers\/boitier-p14-double\/\" \/>\n<meta property=\"og:site_name\" content=\"Fors Anti-Theft\" \/>\n<meta property=\"article:publisher\" content=\"https:\/\/www.facebook.com\/forsantitheft\/\" \/>\n<meta property=\"article:modified_time\" content=\"2020-06-02T12:55:23+00:00\" \/>\n<meta property=\"og:image\" content=\"https:\/\/fors.fr\/medias\/WooCommerce_Produits\/Boitiers_Antivol\/P14D.jpg\" \/>\n\t<meta property=\"og:image:width\" content=\"600\" \/>\n\t<meta property=\"og:image:height\" content=\"600\" \/>\n\t<meta property=\"og:image:type\" content=\"image\/jpeg\" \/>\n<meta name=\"twitter:card\" content=\"summary_large_image\" \/>\n<meta name=\"twitter:site\" content=\"@fors_france\" \/>\n<meta name=\"twitter:label1\" content=\"Est. reading time\" \/>\n\t<meta name=\"twitter:data1\" content=\"1 minute\" \/>\n<script type=\"application\/ld+json\" class=\"yoast-schema-graph\">{\"@context\":\"https:\\\/\\\/schema.org\",\"@graph\":[{\"@type\":\"WebPage\",\"@id\":\"https:\\\/\\\/fors.fr\\\/en\\\/safers\\\/boitier-p14-double\\\/\",\"url\":\"https:\\\/\\\/fors.fr\\\/en\\\/safers\\\/boitier-p14-double\\\/\",\"name\":\"Boitiers de s\u00e9curit\u00e9 - Boitiers de s\u00e9curit\u00e9 : Bo\u00eetier P14D | FORS France\",\"isPartOf\":{\"@id\":\"https:\\\/\\\/fors.fr\\\/en\\\/#website\"},\"primaryImageOfPage\":{\"@id\":\"https:\\\/\\\/fors.fr\\\/en\\\/safers\\\/boitier-p14-double\\\/#primaryimage\"},\"image\":{\"@id\":\"https:\\\/\\\/fors.fr\\\/en\\\/safers\\\/boitier-p14-double\\\/#primaryimage\"},\"thumbnailUrl\":\"https:\\\/\\\/fors.fr\\\/medias\\\/WooCommerce_Produits\\\/Boitiers_Antivol\\\/P14D.jpg\",\"datePublished\":\"2019-12-12T17:13:01+00:00\",\"dateModified\":\"2020-06-02T12:55:23+00:00\",\"description\":\"Bo\u00eetier P14D\",\"breadcrumb\":{\"@id\":\"https:\\\/\\\/fors.fr\\\/en\\\/safers\\\/boitier-p14-double\\\/#breadcrumb\"},\"inLanguage\":\"en-US\",\"potentialAction\":[{\"@type\":\"ReadAction\",\"target\":[\"https:\\\/\\\/fors.fr\\\/en\\\/safers\\\/boitier-p14-double\\\/\"]}]},{\"@type\":\"ImageObject\",\"inLanguage\":\"en-US\",\"@id\":\"https:\\\/\\\/fors.fr\\\/en\\\/safers\\\/boitier-p14-double\\\/#primaryimage\",\"url\":\"https:\\\/\\\/fors.fr\\\/medias\\\/WooCommerce_Produits\\\/Boitiers_Antivol\\\/P14D.jpg\",\"contentUrl\":\"https:\\\/\\\/fors.fr\\\/medias\\\/WooCommerce_Produits\\\/Boitiers_Antivol\\\/P14D.jpg\",\"width\":600,\"height\":600},{\"@type\":\"BreadcrumbList\",\"@id\":\"https:\\\/\\\/fors.fr\\\/en\\\/safers\\\/boitier-p14-double\\\/#breadcrumb\",\"itemListElement\":[{\"@type\":\"ListItem\",\"position\":1,\"name\":\"FORS\",\"item\":\"https:\\\/\\\/fors.fr\\\/en\\\/\"},{\"@type\":\"ListItem\",\"position\":2,\"name\":\"Shop\",\"item\":\"https:\\\/\\\/fors.fr\\\/en\\\/shop\\\/\"},{\"@type\":\"ListItem\",\"position\":3,\"name\":\"Bo\u00eetier P14 Double\"}]},{\"@type\":\"WebSite\",\"@id\":\"https:\\\/\\\/fors.fr\\\/en\\\/#website\",\"url\":\"https:\\\/\\\/fors.fr\\\/en\\\/\",\"name\":\"FORS Anti-Theft\",\"description\":\"Anti-theft against shoplifting\",\"publisher\":{\"@id\":\"https:\\\/\\\/fors.fr\\\/en\\\/#organization\"},\"alternateName\":\"Fors\",\"potentialAction\":[{\"@type\":\"SearchAction\",\"target\":{\"@type\":\"EntryPoint\",\"urlTemplate\":\"https:\\\/\\\/fors.fr\\\/en\\\/?s={search_term_string}\"},\"query-input\":{\"@type\":\"PropertyValueSpecification\",\"valueRequired\":true,\"valueName\":\"search_term_string\"}}],\"inLanguage\":\"en-US\"},{\"@type\":\"Organization\",\"@id\":\"https:\\\/\\\/fors.fr\\\/en\\\/#organization\",\"name\":\"Fors\",\"alternateName\":\"Fors Anti-Theft\",\"url\":\"https:\\\/\\\/fors.fr\\\/en\\\/\",\"logo\":{\"@type\":\"ImageObject\",\"inLanguage\":\"en-US\",\"@id\":\"https:\\\/\\\/fors.fr\\\/en\\\/#\\\/schema\\\/logo\\\/image\\\/\",\"url\":\"https:\\\/\\\/fors.fr\\\/medias\\\/favico_512.png\",\"contentUrl\":\"https:\\\/\\\/fors.fr\\\/medias\\\/favico_512.png\",\"width\":512,\"height\":512,\"caption\":\"Fors\"},\"image\":{\"@id\":\"https:\\\/\\\/fors.fr\\\/en\\\/#\\\/schema\\\/logo\\\/image\\\/\"},\"sameAs\":[\"https:\\\/\\\/www.facebook.com\\\/forsantitheft\\\/\",\"https:\\\/\\\/x.com\\\/fors_france\",\"https:\\\/\\\/www.linkedin.com\\\/company\\\/245351\\\/\",\"https:\\\/\\\/www.youtube.com\\\/user\\\/ForsFrance\\\/\",\"https:\\\/\\\/www.companeo.com\\\/portiques-de-securite\\\/annuaire\\\/fors-france\",\"https:\\\/\\\/www.europages.fr\\\/FORS-FRANCE\\\/FRA310174-000009382001.html\",\"https:\\\/\\\/www.pagesjaunes.fr\\\/pros\\\/07584984\"]}]}<\/script>\n<!-- \/ Yoast SEO plugin. -->","yoast_head_json":{"title":"Boitiers de s\u00e9curit\u00e9 - Boitiers de s\u00e9curit\u00e9 : Bo\u00eetier P14D | FORS France","description":"Bo\u00eetier P14D","robots":{"index":"index","follow":"follow","max-snippet":"max-snippet:-1","max-image-preview":"max-image-preview:large","max-video-preview":"max-video-preview:-1"},"canonical":"https:\/\/fors.fr\/en\/safers\/boitier-p14-double\/","og_locale":"en_US","og_type":"article","og_title":"Boitiers de s\u00e9curit\u00e9 - Boitiers de s\u00e9curit\u00e9 : Bo\u00eetier P14D | FORS France","og_description":"Bo\u00eetier P14D","og_url":"https:\/\/fors.fr\/en\/safers\/boitier-p14-double\/","og_site_name":"Fors Anti-Theft","article_publisher":"https:\/\/www.facebook.com\/forsantitheft\/","article_modified_time":"2020-06-02T12:55:23+00:00","og_image":[{"width":600,"height":600,"url":"https:\/\/fors.fr\/medias\/WooCommerce_Produits\/Boitiers_Antivol\/P14D.jpg","type":"image\/jpeg"}],"twitter_card":"summary_large_image","twitter_site":"@fors_france","twitter_misc":{"Est. reading time":"1 minute"},"schema":{"@context":"https:\/\/schema.org","@graph":[{"@type":"WebPage","@id":"https:\/\/fors.fr\/en\/safers\/boitier-p14-double\/","url":"https:\/\/fors.fr\/en\/safers\/boitier-p14-double\/","name":"Boitiers de s\u00e9curit\u00e9 - Boitiers de s\u00e9curit\u00e9 : Bo\u00eetier P14D | FORS France","isPartOf":{"@id":"https:\/\/fors.fr\/en\/#website"},"primaryImageOfPage":{"@id":"https:\/\/fors.fr\/en\/safers\/boitier-p14-double\/#primaryimage"},"image":{"@id":"https:\/\/fors.fr\/en\/safers\/boitier-p14-double\/#primaryimage"},"thumbnailUrl":"https:\/\/fors.fr\/medias\/WooCommerce_Produits\/Boitiers_Antivol\/P14D.jpg","datePublished":"2019-12-12T17:13:01+00:00","dateModified":"2020-06-02T12:55:23+00:00","description":"Bo\u00eetier P14D","breadcrumb":{"@id":"https:\/\/fors.fr\/en\/safers\/boitier-p14-double\/#breadcrumb"},"inLanguage":"en-US","potentialAction":[{"@type":"ReadAction","target":["https:\/\/fors.fr\/en\/safers\/boitier-p14-double\/"]}]},{"@type":"ImageObject","inLanguage":"en-US","@id":"https:\/\/fors.fr\/en\/safers\/boitier-p14-double\/#primaryimage","url":"https:\/\/fors.fr\/medias\/WooCommerce_Produits\/Boitiers_Antivol\/P14D.jpg","contentUrl":"https:\/\/fors.fr\/medias\/WooCommerce_Produits\/Boitiers_Antivol\/P14D.jpg","width":600,"height":600},{"@type":"BreadcrumbList","@id":"https:\/\/fors.fr\/en\/safers\/boitier-p14-double\/#breadcrumb","itemListElement":[{"@type":"ListItem","position":1,"name":"FORS","item":"https:\/\/fors.fr\/en\/"},{"@type":"ListItem","position":2,"name":"Shop","item":"https:\/\/fors.fr\/en\/shop\/"},{"@type":"ListItem","position":3,"name":"Bo\u00eetier P14 Double"}]},{"@type":"WebSite","@id":"https:\/\/fors.fr\/en\/#website","url":"https:\/\/fors.fr\/en\/","name":"FORS Anti-Theft","description":"Anti-theft against shoplifting","publisher":{"@id":"https:\/\/fors.fr\/en\/#organization"},"alternateName":"Fors","potentialAction":[{"@type":"SearchAction","target":{"@type":"EntryPoint","urlTemplate":"https:\/\/fors.fr\/en\/?s={search_term_string}"},"query-input":{"@type":"PropertyValueSpecification","valueRequired":true,"valueName":"search_term_string"}}],"inLanguage":"en-US"},{"@type":"Organization","@id":"https:\/\/fors.fr\/en\/#organization","name":"Fors","alternateName":"Fors Anti-Theft","url":"https:\/\/fors.fr\/en\/","logo":{"@type":"ImageObject","inLanguage":"en-US","@id":"https:\/\/fors.fr\/en\/#\/schema\/logo\/image\/","url":"https:\/\/fors.fr\/medias\/favico_512.png","contentUrl":"https:\/\/fors.fr\/medias\/favico_512.png","width":512,"height":512,"caption":"Fors"},"image":{"@id":"https:\/\/fors.fr\/en\/#\/schema\/logo\/image\/"},"sameAs":["https:\/\/www.facebook.com\/forsantitheft\/","https:\/\/x.com\/fors_france","https:\/\/www.linkedin.com\/company\/245351\/","https:\/\/www.youtube.com\/user\/ForsFrance\/","https:\/\/www.companeo.com\/portiques-de-securite\/annuaire\/fors-france","https:\/\/www.europages.fr\/FORS-FRANCE\/FRA310174-000009382001.html","https:\/\/www.pagesjaunes.fr\/pros\/07584984"]}]}},"_links":{"self":[{"href":"https:\/\/fors.fr\/en\/wp-json\/wp\/v2\/product\/212487","targetHints":{"allow":["GET"]}}],"collection":[{"href":"https:\/\/fors.fr\/en\/wp-json\/wp\/v2\/product"}],"about":[{"href":"https:\/\/fors.fr\/en\/wp-json\/wp\/v2\/types\/product"}],"wp:featuredmedia":[{"embeddable":true,"href":"https:\/\/fors.fr\/en\/wp-json\/wp\/v2\/media\/809869"}],"wp:attachment":[{"href":"https:\/\/fors.fr\/en\/wp-json\/wp\/v2\/media?parent=212487"}],"wp:term":[{"taxonomy":"product_brand","embeddable":true,"href":"https:\/\/fors.fr\/en\/wp-json\/wp\/v2\/product_brand?post=212487"},{"taxonomy":"product_cat","embeddable":true,"href":"https:\/\/fors.fr\/en\/wp-json\/wp\/v2\/product_cat?post=212487"},{"taxonomy":"product_tag","embeddable":true,"href":"https:\/\/fors.fr\/en\/wp-json\/wp\/v2\/product_tag?post=212487"}],"curies":[{"name":"wp","href":"https:\/\/api.w.org\/{rel}","templated":true}]}}