{"id":212809,"date":"2019-12-12T18:02:05","date_gmt":"2019-12-12T17:02:05","guid":{"rendered":"https:\/\/fors.fr\/uncategorized\/boitier-p14\/"},"modified":"2025-07-23T11:00:36","modified_gmt":"2025-07-23T09:00:36","slug":"boitier-antivol-p14","status":"publish","type":"product","link":"https:\/\/fors.fr\/en\/safers\/boitier-antivol-p14\/","title":{"rendered":"Bo\u00eetier Antivol P14"},"content":{"rendered":"<p><strong style=\"text-transform: uppercase;\">Bo\u00eetier Antivol P14 :<\/strong><br \/>\n<strong style=\"text-transform: uppercase;\">Bo\u00eetier Antivol adapt\u00e9 \u00e0 la console Nintendo Switch 2.<\/strong><\/p>\n<p>Le bo\u00eetier antivol Fors <strong>P14<\/strong> est une solution de protection efficace et discr\u00e8te, con\u00e7ue pour s\u00e9curiser une large gamme de produits en libre acc\u00e8s. Gr\u00e2ce \u00e0 sa conception robuste et \u00e0 son syst\u00e8me de verrouillage fiable, il permet de lutter efficacement contre le vol \u00e0 l\u2019\u00e9talage tout en conservant une pr\u00e9sentation soign\u00e9e des articles en rayon :<br \/>\n<strong>Largeur<\/strong> : 230 mm.<br \/>\n<strong>Hauteur<\/strong> : 296 mm.<br \/>\n<strong>Profondeur<\/strong> : 108 mm.<\/p>\n<p>Fabriqu\u00e9 \u00e0 partir de mat\u00e9riaux r\u00e9sistants, le bo\u00eetier P14 offre une excellente durabilit\u00e9, m\u00eame dans les environnements commerciaux les plus exigeants. Il est particuli\u00e8rement adapt\u00e9 aux produits de taille moyenne tels que les appareils \u00e9lectroniques, les accessoires multim\u00e9dia, les cosm\u00e9tiques haut de gamme ou encore les articles de sant\u00e9 et de bien-\u00eatre. Son design transparent permet une visibilit\u00e9 optimale du produit, tout en emp\u00eachant toute tentative d\u2019ouverture non autoris\u00e9e.<\/p>\n<p>Le bo\u00eetier P14 appartient \u00e0 la famille des gros bo\u00eetiers. Il est particuli\u00e8rement adapt\u00e9 \u00e0 la protection des produits \u00e0 forte valeur ajout\u00e9e. Muni de pieds, il tient en position verticale sur les tablettes. Son verrou de s\u00e9curit\u00e9 peut-\u00eatre renforc\u00e9 par un syst\u00e8me d&#8217;alarme se d\u00e9clenchant \u00e0 la moindre tentative d&#8217;ouverture frauduleuse du bo\u00eetier en plus de l&#8217;incorporation des syst\u00e8mes E.A.S incorpor\u00e9s dans le syst\u00e8me de fermeture.<\/p>\n<p>Il int\u00e8gre les technologies EAS du march\u00e9 et peut-\u00eatre \u00e9quip\u00e9 de diff\u00e9rents niveaux de protection.<\/p>\n<p><a style=\"text-decoration:underline;\" target=\"_blank\" href=\"https:\/\/fors.fr\/boitiers-antivol\/boitier-antivol-jeu-switch-2-officiel\/\">Prot\u00e9gez les jeux Nintendo Switch 2 avec notre bo\u00eetier officiel.<\/a><\/p>\n","protected":false},"excerpt":{"rendered":"<p>Grand bo\u00eetier avec option alarme<\/p>\n<p>Dimensions internes (mm)\u00a0:<br \/>\nL 230 x H 296 x P 108<\/p>\n<p>Pack de 5 bo\u00eetiers<\/p>\n","protected":false},"featured_media":17793777,"template":"","meta":{"_et_pb_use_builder":"","_et_pb_old_content":"","_et_gb_content_width":""},"product_brand":[],"product_cat":[1394],"product_tag":[1417],"class_list":{"0":"post-212809","1":"product","2":"type-product","3":"status-publish","4":"has-post-thumbnail","6":"product_cat-safers","7":"product_tag-alarm","8":"pa_code-boitier-code-314-en","9":"pa_hauteur-interne-boitier-296-mm-en","10":"pa_largeur-interne-boitier-230-mm-en","11":"pa_profondeur-interne-boitier-108-mm-en","12":"pa_securite-boitiers-1p-en","13":"pa_securite-boitiers-3p-en","14":"pa_securite-boitiers-4p-en","15":"pa_volume-interne-boitier-7353-cm3","17":"first","18":"instock","19":"taxable","20":"shipping-taxable","21":"purchasable","22":"product-type-variable"},"yoast_head":"<!-- This site is optimized with the Yoast SEO plugin v27.4 - https:\/\/yoast.com\/product\/yoast-seo-wordpress\/ -->\n<title>Bo\u00eetier Antivol P14 Adapt\u00e9 \u00e0 la console Nintendo SWITCH 2 - Fors Anti-Theft<\/title>\n<meta name=\"description\" content=\"Le bo\u00eetier antivol P14 de FORS en polycarbonate renforc\u00e9 saura prot\u00e9ger la console Nintendo SWITCH 2 et tout autre produit s&#039;inscrivant \u00e0 l&#039;int\u00e9rieur.\" \/>\n<meta name=\"robots\" content=\"index, follow, max-snippet:-1, max-image-preview:large, max-video-preview:-1\" \/>\n<link rel=\"canonical\" href=\"https:\/\/fors.fr\/en\/safers\/boitier-antivol-p14\/\" \/>\n<meta property=\"og:locale\" content=\"en_US\" \/>\n<meta property=\"og:type\" content=\"article\" \/>\n<meta property=\"og:title\" content=\"Bo\u00eetier Antivol P14 Adapt\u00e9 \u00e0 la console Nintendo SWITCH 2 - Fors Anti-Theft\" \/>\n<meta property=\"og:description\" content=\"Le bo\u00eetier antivol P14 de FORS en polycarbonate renforc\u00e9 saura prot\u00e9ger la console Nintendo SWITCH 2 et tout autre produit s&#039;inscrivant \u00e0 l&#039;int\u00e9rieur.\" \/>\n<meta property=\"og:url\" content=\"https:\/\/fors.fr\/en\/safers\/boitier-antivol-p14\/\" \/>\n<meta property=\"og:site_name\" content=\"Fors Anti-Theft\" \/>\n<meta property=\"article:publisher\" content=\"https:\/\/www.facebook.com\/forsantitheft\/\" \/>\n<meta property=\"article:modified_time\" content=\"2025-07-23T09:00:36+00:00\" \/>\n<meta property=\"og:image\" content=\"https:\/\/fors.fr\/medias\/P14-Console-Switch-2-Font-1.jpg\" \/>\n\t<meta property=\"og:image:width\" content=\"1080\" \/>\n\t<meta property=\"og:image:height\" content=\"1080\" \/>\n\t<meta property=\"og:image:type\" content=\"image\/jpeg\" \/>\n<meta name=\"twitter:card\" content=\"summary_large_image\" \/>\n<meta name=\"twitter:site\" content=\"@fors_france\" \/>\n<meta name=\"twitter:label1\" content=\"Est. reading time\" \/>\n\t<meta name=\"twitter:data1\" content=\"1 minute\" \/>\n<script type=\"application\/ld+json\" class=\"yoast-schema-graph\">{\"@context\":\"https:\\\/\\\/schema.org\",\"@graph\":[{\"@type\":\"WebPage\",\"@id\":\"https:\\\/\\\/fors.fr\\\/en\\\/safers\\\/boitier-antivol-p14\\\/\",\"url\":\"https:\\\/\\\/fors.fr\\\/en\\\/safers\\\/boitier-antivol-p14\\\/\",\"name\":\"Bo\u00eetier Antivol P14 Adapt\u00e9 \u00e0 la console Nintendo SWITCH 2 - Fors Anti-Theft\",\"isPartOf\":{\"@id\":\"https:\\\/\\\/fors.fr\\\/en\\\/#website\"},\"primaryImageOfPage\":{\"@id\":\"https:\\\/\\\/fors.fr\\\/en\\\/safers\\\/boitier-antivol-p14\\\/#primaryimage\"},\"image\":{\"@id\":\"https:\\\/\\\/fors.fr\\\/en\\\/safers\\\/boitier-antivol-p14\\\/#primaryimage\"},\"thumbnailUrl\":\"https:\\\/\\\/fors.fr\\\/medias\\\/P14-Console-Switch-2-Font-1.jpg\",\"datePublished\":\"2019-12-12T17:02:05+00:00\",\"dateModified\":\"2025-07-23T09:00:36+00:00\",\"description\":\"Le bo\u00eetier antivol P14 de FORS en polycarbonate renforc\u00e9 saura prot\u00e9ger la console Nintendo SWITCH 2 et tout autre produit s'inscrivant \u00e0 l'int\u00e9rieur.\",\"breadcrumb\":{\"@id\":\"https:\\\/\\\/fors.fr\\\/en\\\/safers\\\/boitier-antivol-p14\\\/#breadcrumb\"},\"inLanguage\":\"en-US\",\"potentialAction\":[{\"@type\":\"ReadAction\",\"target\":[\"https:\\\/\\\/fors.fr\\\/en\\\/safers\\\/boitier-antivol-p14\\\/\"]}]},{\"@type\":\"ImageObject\",\"inLanguage\":\"en-US\",\"@id\":\"https:\\\/\\\/fors.fr\\\/en\\\/safers\\\/boitier-antivol-p14\\\/#primaryimage\",\"url\":\"https:\\\/\\\/fors.fr\\\/medias\\\/P14-Console-Switch-2-Font-1.jpg\",\"contentUrl\":\"https:\\\/\\\/fors.fr\\\/medias\\\/P14-Console-Switch-2-Font-1.jpg\",\"width\":1080,\"height\":1080,\"caption\":\"Bo\u00eetier antivol P14 avec Console Nintendo Switch 2\"},{\"@type\":\"BreadcrumbList\",\"@id\":\"https:\\\/\\\/fors.fr\\\/en\\\/safers\\\/boitier-antivol-p14\\\/#breadcrumb\",\"itemListElement\":[{\"@type\":\"ListItem\",\"position\":1,\"name\":\"FORS\",\"item\":\"https:\\\/\\\/fors.fr\\\/en\\\/\"},{\"@type\":\"ListItem\",\"position\":2,\"name\":\"Shop\",\"item\":\"https:\\\/\\\/fors.fr\\\/en\\\/shop\\\/\"},{\"@type\":\"ListItem\",\"position\":3,\"name\":\"Bo\u00eetier Antivol P14\"}]},{\"@type\":\"WebSite\",\"@id\":\"https:\\\/\\\/fors.fr\\\/en\\\/#website\",\"url\":\"https:\\\/\\\/fors.fr\\\/en\\\/\",\"name\":\"FORS Anti-Theft\",\"description\":\"Anti-theft against shoplifting\",\"publisher\":{\"@id\":\"https:\\\/\\\/fors.fr\\\/en\\\/#organization\"},\"alternateName\":\"Fors\",\"potentialAction\":[{\"@type\":\"SearchAction\",\"target\":{\"@type\":\"EntryPoint\",\"urlTemplate\":\"https:\\\/\\\/fors.fr\\\/en\\\/?s={search_term_string}\"},\"query-input\":{\"@type\":\"PropertyValueSpecification\",\"valueRequired\":true,\"valueName\":\"search_term_string\"}}],\"inLanguage\":\"en-US\"},{\"@type\":\"Organization\",\"@id\":\"https:\\\/\\\/fors.fr\\\/en\\\/#organization\",\"name\":\"Fors\",\"alternateName\":\"Fors Anti-Theft\",\"url\":\"https:\\\/\\\/fors.fr\\\/en\\\/\",\"logo\":{\"@type\":\"ImageObject\",\"inLanguage\":\"en-US\",\"@id\":\"https:\\\/\\\/fors.fr\\\/en\\\/#\\\/schema\\\/logo\\\/image\\\/\",\"url\":\"https:\\\/\\\/fors.fr\\\/medias\\\/favico_512.png\",\"contentUrl\":\"https:\\\/\\\/fors.fr\\\/medias\\\/favico_512.png\",\"width\":512,\"height\":512,\"caption\":\"Fors\"},\"image\":{\"@id\":\"https:\\\/\\\/fors.fr\\\/en\\\/#\\\/schema\\\/logo\\\/image\\\/\"},\"sameAs\":[\"https:\\\/\\\/www.facebook.com\\\/forsantitheft\\\/\",\"https:\\\/\\\/x.com\\\/fors_france\",\"https:\\\/\\\/www.linkedin.com\\\/company\\\/245351\\\/\",\"https:\\\/\\\/www.youtube.com\\\/user\\\/ForsFrance\\\/\",\"https:\\\/\\\/www.companeo.com\\\/portiques-de-securite\\\/annuaire\\\/fors-france\",\"https:\\\/\\\/www.europages.fr\\\/FORS-FRANCE\\\/FRA310174-000009382001.html\",\"https:\\\/\\\/www.pagesjaunes.fr\\\/pros\\\/07584984\"]}]}<\/script>\n<!-- \/ Yoast SEO plugin. -->","yoast_head_json":{"title":"Bo\u00eetier Antivol P14 Adapt\u00e9 \u00e0 la console Nintendo SWITCH 2 - Fors Anti-Theft","description":"Le bo\u00eetier antivol P14 de FORS en polycarbonate renforc\u00e9 saura prot\u00e9ger la console Nintendo SWITCH 2 et tout autre produit s'inscrivant \u00e0 l'int\u00e9rieur.","robots":{"index":"index","follow":"follow","max-snippet":"max-snippet:-1","max-image-preview":"max-image-preview:large","max-video-preview":"max-video-preview:-1"},"canonical":"https:\/\/fors.fr\/en\/safers\/boitier-antivol-p14\/","og_locale":"en_US","og_type":"article","og_title":"Bo\u00eetier Antivol P14 Adapt\u00e9 \u00e0 la console Nintendo SWITCH 2 - Fors Anti-Theft","og_description":"Le bo\u00eetier antivol P14 de FORS en polycarbonate renforc\u00e9 saura prot\u00e9ger la console Nintendo SWITCH 2 et tout autre produit s'inscrivant \u00e0 l'int\u00e9rieur.","og_url":"https:\/\/fors.fr\/en\/safers\/boitier-antivol-p14\/","og_site_name":"Fors Anti-Theft","article_publisher":"https:\/\/www.facebook.com\/forsantitheft\/","article_modified_time":"2025-07-23T09:00:36+00:00","og_image":[{"width":1080,"height":1080,"url":"https:\/\/fors.fr\/medias\/P14-Console-Switch-2-Font-1.jpg","type":"image\/jpeg"}],"twitter_card":"summary_large_image","twitter_site":"@fors_france","twitter_misc":{"Est. reading time":"1 minute"},"schema":{"@context":"https:\/\/schema.org","@graph":[{"@type":"WebPage","@id":"https:\/\/fors.fr\/en\/safers\/boitier-antivol-p14\/","url":"https:\/\/fors.fr\/en\/safers\/boitier-antivol-p14\/","name":"Bo\u00eetier Antivol P14 Adapt\u00e9 \u00e0 la console Nintendo SWITCH 2 - Fors Anti-Theft","isPartOf":{"@id":"https:\/\/fors.fr\/en\/#website"},"primaryImageOfPage":{"@id":"https:\/\/fors.fr\/en\/safers\/boitier-antivol-p14\/#primaryimage"},"image":{"@id":"https:\/\/fors.fr\/en\/safers\/boitier-antivol-p14\/#primaryimage"},"thumbnailUrl":"https:\/\/fors.fr\/medias\/P14-Console-Switch-2-Font-1.jpg","datePublished":"2019-12-12T17:02:05+00:00","dateModified":"2025-07-23T09:00:36+00:00","description":"Le bo\u00eetier antivol P14 de FORS en polycarbonate renforc\u00e9 saura prot\u00e9ger la console Nintendo SWITCH 2 et tout autre produit s'inscrivant \u00e0 l'int\u00e9rieur.","breadcrumb":{"@id":"https:\/\/fors.fr\/en\/safers\/boitier-antivol-p14\/#breadcrumb"},"inLanguage":"en-US","potentialAction":[{"@type":"ReadAction","target":["https:\/\/fors.fr\/en\/safers\/boitier-antivol-p14\/"]}]},{"@type":"ImageObject","inLanguage":"en-US","@id":"https:\/\/fors.fr\/en\/safers\/boitier-antivol-p14\/#primaryimage","url":"https:\/\/fors.fr\/medias\/P14-Console-Switch-2-Font-1.jpg","contentUrl":"https:\/\/fors.fr\/medias\/P14-Console-Switch-2-Font-1.jpg","width":1080,"height":1080,"caption":"Bo\u00eetier antivol P14 avec Console Nintendo Switch 2"},{"@type":"BreadcrumbList","@id":"https:\/\/fors.fr\/en\/safers\/boitier-antivol-p14\/#breadcrumb","itemListElement":[{"@type":"ListItem","position":1,"name":"FORS","item":"https:\/\/fors.fr\/en\/"},{"@type":"ListItem","position":2,"name":"Shop","item":"https:\/\/fors.fr\/en\/shop\/"},{"@type":"ListItem","position":3,"name":"Bo\u00eetier Antivol P14"}]},{"@type":"WebSite","@id":"https:\/\/fors.fr\/en\/#website","url":"https:\/\/fors.fr\/en\/","name":"FORS Anti-Theft","description":"Anti-theft against shoplifting","publisher":{"@id":"https:\/\/fors.fr\/en\/#organization"},"alternateName":"Fors","potentialAction":[{"@type":"SearchAction","target":{"@type":"EntryPoint","urlTemplate":"https:\/\/fors.fr\/en\/?s={search_term_string}"},"query-input":{"@type":"PropertyValueSpecification","valueRequired":true,"valueName":"search_term_string"}}],"inLanguage":"en-US"},{"@type":"Organization","@id":"https:\/\/fors.fr\/en\/#organization","name":"Fors","alternateName":"Fors Anti-Theft","url":"https:\/\/fors.fr\/en\/","logo":{"@type":"ImageObject","inLanguage":"en-US","@id":"https:\/\/fors.fr\/en\/#\/schema\/logo\/image\/","url":"https:\/\/fors.fr\/medias\/favico_512.png","contentUrl":"https:\/\/fors.fr\/medias\/favico_512.png","width":512,"height":512,"caption":"Fors"},"image":{"@id":"https:\/\/fors.fr\/en\/#\/schema\/logo\/image\/"},"sameAs":["https:\/\/www.facebook.com\/forsantitheft\/","https:\/\/x.com\/fors_france","https:\/\/www.linkedin.com\/company\/245351\/","https:\/\/www.youtube.com\/user\/ForsFrance\/","https:\/\/www.companeo.com\/portiques-de-securite\/annuaire\/fors-france","https:\/\/www.europages.fr\/FORS-FRANCE\/FRA310174-000009382001.html","https:\/\/www.pagesjaunes.fr\/pros\/07584984"]}]}},"_links":{"self":[{"href":"https:\/\/fors.fr\/en\/wp-json\/wp\/v2\/product\/212809","targetHints":{"allow":["GET"]}}],"collection":[{"href":"https:\/\/fors.fr\/en\/wp-json\/wp\/v2\/product"}],"about":[{"href":"https:\/\/fors.fr\/en\/wp-json\/wp\/v2\/types\/product"}],"wp:featuredmedia":[{"embeddable":true,"href":"https:\/\/fors.fr\/en\/wp-json\/wp\/v2\/media\/17793777"}],"wp:attachment":[{"href":"https:\/\/fors.fr\/en\/wp-json\/wp\/v2\/media?parent=212809"}],"wp:term":[{"taxonomy":"product_brand","embeddable":true,"href":"https:\/\/fors.fr\/en\/wp-json\/wp\/v2\/product_brand?post=212809"},{"taxonomy":"product_cat","embeddable":true,"href":"https:\/\/fors.fr\/en\/wp-json\/wp\/v2\/product_cat?post=212809"},{"taxonomy":"product_tag","embeddable":true,"href":"https:\/\/fors.fr\/en\/wp-json\/wp\/v2\/product_tag?post=212809"}],"curies":[{"name":"wp","href":"https:\/\/api.w.org\/{rel}","templated":true}]}}