{"id":212982,"date":"2019-09-23T16:22:03","date_gmt":"2019-09-23T14:22:03","guid":{"rendered":"https:\/\/fors.fr\/uncategorized\/boitier-antivol-jeu-nintendo-wii-u\/"},"modified":"2024-08-08T09:50:39","modified_gmt":"2024-08-08T07:50:39","slug":"jeu-wii-u","status":"publish","type":"product","link":"https:\/\/fors.fr\/en\/safers\/jeu-wii-u\/","title":{"rendered":"Bo\u00eetier antivol jeu WII U officiel"},"content":{"rendered":"<p><strong><a href=\"https:\/\/fors.fr\/medias\/\/brands\/vectors\/Logo-Nintendo-Wii-U-Officiel-RGB.svg\"><img loading=\"lazy\" decoding=\"async\" class=\"alignnone wp-image-6909679\" role=\"img\" src=\"https:\/\/fors.fr\/medias\/\/brands\/vectors\/Logo-Nintendo-Wii-U-Officiel-RGB.svg\" alt=\"\" width=\"180\" height=\"54\" \/><\/a><\/strong><\/p>\n<p><strong>Bo\u00eetier Officiel Jeu Wii U<\/strong><\/p>\n<p class=\"description\">Ce bo\u00eetier officiel Nintendo, prot\u00e8ge tous vos jeux de Wii. Ainsi que tout autre produit s\u2019inscrivant \u00e0 l\u2019int\u00e9rieur :<\/p>\n<p><strong>Largeur<\/strong>\u00a0: 139 mm.<\/p>\n<p><strong>Hauteur<\/strong>\u00a0: 192 mm.<\/p>\n<p><strong>Profondeur<\/strong>\u00a0: 20 mm.<\/p>\n<p>Fabriqu\u00e9 en polycarbonate Lexan, plastique ultra r\u00e9sistant et enti\u00e8rement transparent, ce boitier anti-vol assure la parfaite visibilit\u00e9 du produit.<\/p>\n<p>Il int\u00e8gre les technologies E.A.S du march\u00e9 (AM et\/ou RF) et peut \u00eatre\u00a0<strong>\u00e9quip\u00e9 d\u2019un \u00e0 trois point de protection<\/strong><\/p>\n","protected":false},"excerpt":{"rendered":"<p>D\u00e9coration Noire<br \/>\nBo\u00eetier transparent<\/p>\n<p>Mise en valeur des jeux WII U<\/p>\n","protected":false},"featured_media":13104825,"template":"","meta":{"_et_pb_use_builder":"","_et_pb_old_content":"","_et_gb_content_width":""},"product_brand":[],"product_cat":[1394],"product_tag":[1700],"class_list":{"0":"post-212982","1":"product","2":"type-product","3":"status-publish","4":"has-post-thumbnail","6":"product_cat-safers","7":"product_tag-retrogaming-en","8":"pa_code-boitier-code-332-en","10":"first","11":"instock","12":"taxable","13":"shipping-taxable","14":"purchasable","15":"product-type-simple"},"yoast_head":"<!-- This site is optimized with the Yoast SEO plugin v27.4 - https:\/\/yoast.com\/product\/yoast-seo-wordpress\/ -->\n<title>Boitiers de s\u00e9curit\u00e9 : Boitier Jeu Nintendo Wii U | FORS France<\/title>\n<meta name=\"description\" content=\"Pour prot\u00e9ger vos jeux Wii U, choisissez le bo\u00eetier officiel ! Vous donnerez ainsi plus d&#039;impact \u00e0 votre lin\u00e9aire !\u0085\" \/>\n<meta name=\"robots\" content=\"index, follow, max-snippet:-1, max-image-preview:large, max-video-preview:-1\" \/>\n<link rel=\"canonical\" href=\"https:\/\/fors.fr\/en\/safers\/jeu-wii-u\/\" \/>\n<meta property=\"og:locale\" content=\"en_US\" \/>\n<meta property=\"og:type\" content=\"article\" \/>\n<meta property=\"og:title\" content=\"Boitiers de s\u00e9curit\u00e9 : Boitier Jeu Nintendo Wii U | FORS France\" \/>\n<meta property=\"og:description\" content=\"Pour prot\u00e9ger vos jeux Wii U, choisissez le bo\u00eetier officiel ! Vous donnerez ainsi plus d&#039;impact \u00e0 votre lin\u00e9aire !\u0085\" \/>\n<meta property=\"og:url\" content=\"https:\/\/fors.fr\/en\/safers\/jeu-wii-u\/\" \/>\n<meta property=\"og:site_name\" content=\"Fors Anti-Theft\" \/>\n<meta property=\"article:publisher\" content=\"https:\/\/www.facebook.com\/forsantitheft\/\" \/>\n<meta property=\"article:modified_time\" content=\"2024-08-08T07:50:39+00:00\" \/>\n<meta property=\"og:image\" content=\"https:\/\/fors.fr\/medias\/WIIU_web_1.jpg\" \/>\n\t<meta property=\"og:image:width\" content=\"605\" \/>\n\t<meta property=\"og:image:height\" content=\"605\" \/>\n\t<meta property=\"og:image:type\" content=\"image\/jpeg\" \/>\n<meta name=\"twitter:card\" content=\"summary_large_image\" \/>\n<meta name=\"twitter:site\" content=\"@fors_france\" \/>\n<script type=\"application\/ld+json\" class=\"yoast-schema-graph\">{\"@context\":\"https:\\\/\\\/schema.org\",\"@graph\":[{\"@type\":\"WebPage\",\"@id\":\"https:\\\/\\\/fors.fr\\\/en\\\/safers\\\/jeu-wii-u\\\/\",\"url\":\"https:\\\/\\\/fors.fr\\\/en\\\/safers\\\/jeu-wii-u\\\/\",\"name\":\"Boitiers de s\u00e9curit\u00e9 : Boitier Jeu Nintendo Wii U | FORS France\",\"isPartOf\":{\"@id\":\"https:\\\/\\\/fors.fr\\\/en\\\/#website\"},\"primaryImageOfPage\":{\"@id\":\"https:\\\/\\\/fors.fr\\\/en\\\/safers\\\/jeu-wii-u\\\/#primaryimage\"},\"image\":{\"@id\":\"https:\\\/\\\/fors.fr\\\/en\\\/safers\\\/jeu-wii-u\\\/#primaryimage\"},\"thumbnailUrl\":\"https:\\\/\\\/fors.fr\\\/medias\\\/WIIU_web_1.jpg\",\"datePublished\":\"2019-09-23T14:22:03+00:00\",\"dateModified\":\"2024-08-08T07:50:39+00:00\",\"description\":\"Pour prot\u00e9ger vos jeux Wii U, choisissez le bo\u00eetier officiel ! Vous donnerez ainsi plus d'impact \u00e0 votre lin\u00e9aire !\u0085\",\"breadcrumb\":{\"@id\":\"https:\\\/\\\/fors.fr\\\/en\\\/safers\\\/jeu-wii-u\\\/#breadcrumb\"},\"inLanguage\":\"en-US\",\"potentialAction\":[{\"@type\":\"ReadAction\",\"target\":[\"https:\\\/\\\/fors.fr\\\/en\\\/safers\\\/jeu-wii-u\\\/\"]}]},{\"@type\":\"ImageObject\",\"inLanguage\":\"en-US\",\"@id\":\"https:\\\/\\\/fors.fr\\\/en\\\/safers\\\/jeu-wii-u\\\/#primaryimage\",\"url\":\"https:\\\/\\\/fors.fr\\\/medias\\\/WIIU_web_1.jpg\",\"contentUrl\":\"https:\\\/\\\/fors.fr\\\/medias\\\/WIIU_web_1.jpg\",\"width\":605,\"height\":605},{\"@type\":\"BreadcrumbList\",\"@id\":\"https:\\\/\\\/fors.fr\\\/en\\\/safers\\\/jeu-wii-u\\\/#breadcrumb\",\"itemListElement\":[{\"@type\":\"ListItem\",\"position\":1,\"name\":\"FORS\",\"item\":\"https:\\\/\\\/fors.fr\\\/en\\\/\"},{\"@type\":\"ListItem\",\"position\":2,\"name\":\"Shop\",\"item\":\"https:\\\/\\\/fors.fr\\\/en\\\/shop\\\/\"},{\"@type\":\"ListItem\",\"position\":3,\"name\":\"Bo\u00eetier antivol jeu WII U officiel\"}]},{\"@type\":\"WebSite\",\"@id\":\"https:\\\/\\\/fors.fr\\\/en\\\/#website\",\"url\":\"https:\\\/\\\/fors.fr\\\/en\\\/\",\"name\":\"FORS Anti-Theft\",\"description\":\"Anti-theft against shoplifting\",\"publisher\":{\"@id\":\"https:\\\/\\\/fors.fr\\\/en\\\/#organization\"},\"alternateName\":\"Fors\",\"potentialAction\":[{\"@type\":\"SearchAction\",\"target\":{\"@type\":\"EntryPoint\",\"urlTemplate\":\"https:\\\/\\\/fors.fr\\\/en\\\/?s={search_term_string}\"},\"query-input\":{\"@type\":\"PropertyValueSpecification\",\"valueRequired\":true,\"valueName\":\"search_term_string\"}}],\"inLanguage\":\"en-US\"},{\"@type\":\"Organization\",\"@id\":\"https:\\\/\\\/fors.fr\\\/en\\\/#organization\",\"name\":\"Fors\",\"alternateName\":\"Fors Anti-Theft\",\"url\":\"https:\\\/\\\/fors.fr\\\/en\\\/\",\"logo\":{\"@type\":\"ImageObject\",\"inLanguage\":\"en-US\",\"@id\":\"https:\\\/\\\/fors.fr\\\/en\\\/#\\\/schema\\\/logo\\\/image\\\/\",\"url\":\"https:\\\/\\\/fors.fr\\\/medias\\\/favico_512.png\",\"contentUrl\":\"https:\\\/\\\/fors.fr\\\/medias\\\/favico_512.png\",\"width\":512,\"height\":512,\"caption\":\"Fors\"},\"image\":{\"@id\":\"https:\\\/\\\/fors.fr\\\/en\\\/#\\\/schema\\\/logo\\\/image\\\/\"},\"sameAs\":[\"https:\\\/\\\/www.facebook.com\\\/forsantitheft\\\/\",\"https:\\\/\\\/x.com\\\/fors_france\",\"https:\\\/\\\/www.linkedin.com\\\/company\\\/245351\\\/\",\"https:\\\/\\\/www.youtube.com\\\/user\\\/ForsFrance\\\/\",\"https:\\\/\\\/www.companeo.com\\\/portiques-de-securite\\\/annuaire\\\/fors-france\",\"https:\\\/\\\/www.europages.fr\\\/FORS-FRANCE\\\/FRA310174-000009382001.html\",\"https:\\\/\\\/www.pagesjaunes.fr\\\/pros\\\/07584984\"]}]}<\/script>\n<!-- \/ Yoast SEO plugin. -->","yoast_head_json":{"title":"Boitiers de s\u00e9curit\u00e9 : Boitier Jeu Nintendo Wii U | FORS France","description":"Pour prot\u00e9ger vos jeux Wii U, choisissez le bo\u00eetier officiel ! Vous donnerez ainsi plus d'impact \u00e0 votre lin\u00e9aire !\u0085","robots":{"index":"index","follow":"follow","max-snippet":"max-snippet:-1","max-image-preview":"max-image-preview:large","max-video-preview":"max-video-preview:-1"},"canonical":"https:\/\/fors.fr\/en\/safers\/jeu-wii-u\/","og_locale":"en_US","og_type":"article","og_title":"Boitiers de s\u00e9curit\u00e9 : Boitier Jeu Nintendo Wii U | FORS France","og_description":"Pour prot\u00e9ger vos jeux Wii U, choisissez le bo\u00eetier officiel ! Vous donnerez ainsi plus d'impact \u00e0 votre lin\u00e9aire !\u0085","og_url":"https:\/\/fors.fr\/en\/safers\/jeu-wii-u\/","og_site_name":"Fors Anti-Theft","article_publisher":"https:\/\/www.facebook.com\/forsantitheft\/","article_modified_time":"2024-08-08T07:50:39+00:00","og_image":[{"width":605,"height":605,"url":"https:\/\/fors.fr\/medias\/WIIU_web_1.jpg","type":"image\/jpeg"}],"twitter_card":"summary_large_image","twitter_site":"@fors_france","schema":{"@context":"https:\/\/schema.org","@graph":[{"@type":"WebPage","@id":"https:\/\/fors.fr\/en\/safers\/jeu-wii-u\/","url":"https:\/\/fors.fr\/en\/safers\/jeu-wii-u\/","name":"Boitiers de s\u00e9curit\u00e9 : Boitier Jeu Nintendo Wii U | FORS France","isPartOf":{"@id":"https:\/\/fors.fr\/en\/#website"},"primaryImageOfPage":{"@id":"https:\/\/fors.fr\/en\/safers\/jeu-wii-u\/#primaryimage"},"image":{"@id":"https:\/\/fors.fr\/en\/safers\/jeu-wii-u\/#primaryimage"},"thumbnailUrl":"https:\/\/fors.fr\/medias\/WIIU_web_1.jpg","datePublished":"2019-09-23T14:22:03+00:00","dateModified":"2024-08-08T07:50:39+00:00","description":"Pour prot\u00e9ger vos jeux Wii U, choisissez le bo\u00eetier officiel ! Vous donnerez ainsi plus d'impact \u00e0 votre lin\u00e9aire !\u0085","breadcrumb":{"@id":"https:\/\/fors.fr\/en\/safers\/jeu-wii-u\/#breadcrumb"},"inLanguage":"en-US","potentialAction":[{"@type":"ReadAction","target":["https:\/\/fors.fr\/en\/safers\/jeu-wii-u\/"]}]},{"@type":"ImageObject","inLanguage":"en-US","@id":"https:\/\/fors.fr\/en\/safers\/jeu-wii-u\/#primaryimage","url":"https:\/\/fors.fr\/medias\/WIIU_web_1.jpg","contentUrl":"https:\/\/fors.fr\/medias\/WIIU_web_1.jpg","width":605,"height":605},{"@type":"BreadcrumbList","@id":"https:\/\/fors.fr\/en\/safers\/jeu-wii-u\/#breadcrumb","itemListElement":[{"@type":"ListItem","position":1,"name":"FORS","item":"https:\/\/fors.fr\/en\/"},{"@type":"ListItem","position":2,"name":"Shop","item":"https:\/\/fors.fr\/en\/shop\/"},{"@type":"ListItem","position":3,"name":"Bo\u00eetier antivol jeu WII U officiel"}]},{"@type":"WebSite","@id":"https:\/\/fors.fr\/en\/#website","url":"https:\/\/fors.fr\/en\/","name":"FORS Anti-Theft","description":"Anti-theft against shoplifting","publisher":{"@id":"https:\/\/fors.fr\/en\/#organization"},"alternateName":"Fors","potentialAction":[{"@type":"SearchAction","target":{"@type":"EntryPoint","urlTemplate":"https:\/\/fors.fr\/en\/?s={search_term_string}"},"query-input":{"@type":"PropertyValueSpecification","valueRequired":true,"valueName":"search_term_string"}}],"inLanguage":"en-US"},{"@type":"Organization","@id":"https:\/\/fors.fr\/en\/#organization","name":"Fors","alternateName":"Fors Anti-Theft","url":"https:\/\/fors.fr\/en\/","logo":{"@type":"ImageObject","inLanguage":"en-US","@id":"https:\/\/fors.fr\/en\/#\/schema\/logo\/image\/","url":"https:\/\/fors.fr\/medias\/favico_512.png","contentUrl":"https:\/\/fors.fr\/medias\/favico_512.png","width":512,"height":512,"caption":"Fors"},"image":{"@id":"https:\/\/fors.fr\/en\/#\/schema\/logo\/image\/"},"sameAs":["https:\/\/www.facebook.com\/forsantitheft\/","https:\/\/x.com\/fors_france","https:\/\/www.linkedin.com\/company\/245351\/","https:\/\/www.youtube.com\/user\/ForsFrance\/","https:\/\/www.companeo.com\/portiques-de-securite\/annuaire\/fors-france","https:\/\/www.europages.fr\/FORS-FRANCE\/FRA310174-000009382001.html","https:\/\/www.pagesjaunes.fr\/pros\/07584984"]}]}},"_links":{"self":[{"href":"https:\/\/fors.fr\/en\/wp-json\/wp\/v2\/product\/212982","targetHints":{"allow":["GET"]}}],"collection":[{"href":"https:\/\/fors.fr\/en\/wp-json\/wp\/v2\/product"}],"about":[{"href":"https:\/\/fors.fr\/en\/wp-json\/wp\/v2\/types\/product"}],"wp:featuredmedia":[{"embeddable":true,"href":"https:\/\/fors.fr\/en\/wp-json\/wp\/v2\/media\/13104825"}],"wp:attachment":[{"href":"https:\/\/fors.fr\/en\/wp-json\/wp\/v2\/media?parent=212982"}],"wp:term":[{"taxonomy":"product_brand","embeddable":true,"href":"https:\/\/fors.fr\/en\/wp-json\/wp\/v2\/product_brand?post=212982"},{"taxonomy":"product_cat","embeddable":true,"href":"https:\/\/fors.fr\/en\/wp-json\/wp\/v2\/product_cat?post=212982"},{"taxonomy":"product_tag","embeddable":true,"href":"https:\/\/fors.fr\/en\/wp-json\/wp\/v2\/product_tag?post=212982"}],"curies":[{"name":"wp","href":"https:\/\/api.w.org\/{rel}","templated":true}]}}