{"id":213336,"date":"2019-08-21T02:03:45","date_gmt":"2019-08-21T00:03:45","guid":{"rendered":"https:\/\/fors.fr\/uncategorized\/forstag-round\/"},"modified":"2023-06-09T09:12:06","modified_gmt":"2023-06-09T07:12:06","slug":"forstag-round","status":"publish","type":"product","link":"https:\/\/fors.fr\/en\/eas-accessories\/anti-theft-tags\/forstag-round\/","title":{"rendered":"Forstag Round"},"content":{"rendered":"<p>Le <strong>FORSTAG ROUND<\/strong> est <strong>LA solution tout-en-un<\/strong> pour prot\u00e9ger vos <strong>textiles et autres accessoires. Avec son coil int\u00e9gr\u00e9, il permet une meilleur d\u00e9tection entre les antenne que le Forstag Traditionel.<\/strong><\/p>\n<p>Beaucoup plus maniable qu\u2019un tag normal gr\u00e2ce \u00e0 son syst\u00e8me innovant de pince, il permet de ne pas ab\u00eemer les v\u00eatements, de ne pas perdre de pi\u00e8ces et de ne pas se blesser.<\/p>\n<p>Le FORSTAG est disponible en R.F. ou A.M.<\/p>\n<p>&nbsp;<\/p>\n<p><strong>Le FORSTAG prot\u00e8ge 100% des textiles<\/strong> :<\/p>\n<p>La lingerie, les accessoires de mode,\u00a0les sacs et sacoches, les chaussures, les blisters,\u00a0les casques audio&#8230;<\/p>\n<p>Tr\u00e8s maniable et ergonomique, le Forstag permet un gain de temps de mise en place et de retrait en caisse.<\/p>\n<p>&nbsp;<\/p>\n<p><strong>S\u00c9CURIT\u00c9 \/ CLOU RETRACTABLE<\/strong><\/p>\n<p>Clou r\u00e9tractable pour \u00e9viter les blessures\u00a0: en position ouverte, le clou du FORSTAG est invisible, cette innovation permettra au personnel de manipuler le produit en toute s\u00e9curit\u00e9.<\/p>\n<p>Pour verrouiller le FORSTAG appuyez simplement sur le bouton.<\/p>\n<p>&nbsp;<\/p>\n<p><strong>PROTEGER SANS PERCER \/ RESPECT DES PRODUITS<\/strong><\/p>\n<p>Une fente astucieuse permet d\u2019accrocher bretelles, anses de sacs, c\u00e2bles etc. sans percer les<\/p>\n<p>produits.<\/p>\n<p>Clou lisse pour ne pas ab\u00eemer les v\u00eatements.<\/p>\n<p>&nbsp;<\/p>\n<p><strong>DESIGN<\/strong><\/p>\n<p>ForsTag antivol design. Petit, l\u00e9ger et compact, le FORSTAG saura prot\u00e9ger vos produits de fa\u00e7on discr\u00e8te et \u00e9l\u00e9gante.<\/p>\n<p><iframe loading=\"lazy\" style=\"display: block; margin-left: auto; margin-right: auto;\" src=\"\/\/www.youtube.com\/embed\/EppiAOsylEU?rel=0\" width=\"560\" height=\"315\" frameborder=\"0\"><\/iframe><\/p>\n<p>&nbsp;<\/p>\n<p>&nbsp;<\/p>\n","protected":false},"excerpt":{"rendered":"<p>Antivol textile 2 en 1<\/p>\n<p>MEILLEURE D\u00c9TECTION<\/p>\n<p>100 antivols<\/p>\n","protected":false},"featured_media":10451292,"template":"","meta":{"_et_pb_use_builder":"","_et_pb_old_content":"","_et_gb_content_width":""},"product_brand":[],"product_cat":[1389],"product_tag":[1402],"class_list":{"0":"post-213336","1":"product","2":"type-product","3":"status-publish","4":"has-post-thumbnail","6":"product_cat-anti-theft-tags","7":"product_tag-forstag-en","8":"pa_securite-accessoires-hyperlock-en","9":"pa_securite-accessoires-normallock-en","10":"pa_securite-accessoires-superlock-en","11":"pa_technologie-am-en-2","12":"pa_technologie-rf-en-2","14":"first","15":"instock","16":"taxable","17":"shipping-taxable","18":"purchasable","19":"product-type-variable"},"yoast_head":"<!-- This site is optimized with the Yoast SEO plugin v27.4 - https:\/\/yoast.com\/product\/yoast-seo-wordpress\/ -->\n<title>Accessoires Antivol - Texile : Forstag Round - Fors Anti-Theft France<\/title>\n<meta name=\"description\" content=\"Nouveau macaron antivol v\u00eatement FORS. Antivlo Tout en un pour un gain de temps en magasin\" \/>\n<meta name=\"robots\" content=\"index, follow, max-snippet:-1, max-image-preview:large, max-video-preview:-1\" \/>\n<link rel=\"canonical\" href=\"https:\/\/fors.fr\/en\/eas-accessories\/anti-theft-tags\/forstag-round\/\" \/>\n<meta property=\"og:locale\" content=\"en_US\" \/>\n<meta property=\"og:type\" content=\"article\" \/>\n<meta property=\"og:title\" content=\"Accessoires Antivol - Texile : Forstag Round - Fors Anti-Theft France\" \/>\n<meta property=\"og:description\" content=\"Nouveau macaron antivol v\u00eatement FORS. Antivlo Tout en un pour un gain de temps en magasin\" \/>\n<meta property=\"og:url\" content=\"https:\/\/fors.fr\/en\/eas-accessories\/anti-theft-tags\/forstag-round\/\" \/>\n<meta property=\"og:site_name\" content=\"Fors Anti-Theft\" \/>\n<meta property=\"article:publisher\" content=\"https:\/\/www.facebook.com\/forsantitheft\/\" \/>\n<meta property=\"article:modified_time\" content=\"2023-06-09T07:12:06+00:00\" \/>\n<meta property=\"og:image\" content=\"https:\/\/fors.fr\/medias\/Forstag-Round-Fixed.jpg\" \/>\n\t<meta property=\"og:image:width\" content=\"1500\" \/>\n\t<meta property=\"og:image:height\" content=\"1501\" \/>\n\t<meta property=\"og:image:type\" content=\"image\/jpeg\" \/>\n<meta name=\"twitter:card\" content=\"summary_large_image\" \/>\n<meta name=\"twitter:site\" content=\"@fors_france\" \/>\n<meta name=\"twitter:label1\" content=\"Est. reading time\" \/>\n\t<meta name=\"twitter:data1\" content=\"1 minute\" \/>\n<script type=\"application\/ld+json\" class=\"yoast-schema-graph\">{\"@context\":\"https:\\\/\\\/schema.org\",\"@graph\":[{\"@type\":\"WebPage\",\"@id\":\"https:\\\/\\\/fors.fr\\\/en\\\/eas-accessories\\\/anti-theft-tags\\\/forstag-round\\\/\",\"url\":\"https:\\\/\\\/fors.fr\\\/en\\\/eas-accessories\\\/anti-theft-tags\\\/forstag-round\\\/\",\"name\":\"Accessoires Antivol - Texile : Forstag Round - Fors Anti-Theft France\",\"isPartOf\":{\"@id\":\"https:\\\/\\\/fors.fr\\\/en\\\/#website\"},\"primaryImageOfPage\":{\"@id\":\"https:\\\/\\\/fors.fr\\\/en\\\/eas-accessories\\\/anti-theft-tags\\\/forstag-round\\\/#primaryimage\"},\"image\":{\"@id\":\"https:\\\/\\\/fors.fr\\\/en\\\/eas-accessories\\\/anti-theft-tags\\\/forstag-round\\\/#primaryimage\"},\"thumbnailUrl\":\"https:\\\/\\\/fors.fr\\\/medias\\\/Forstag-Round-Fixed.jpg\",\"datePublished\":\"2019-08-21T00:03:45+00:00\",\"dateModified\":\"2023-06-09T07:12:06+00:00\",\"description\":\"Nouveau macaron antivol v\u00eatement FORS. Antivlo Tout en un pour un gain de temps en magasin\",\"breadcrumb\":{\"@id\":\"https:\\\/\\\/fors.fr\\\/en\\\/eas-accessories\\\/anti-theft-tags\\\/forstag-round\\\/#breadcrumb\"},\"inLanguage\":\"en-US\",\"potentialAction\":[{\"@type\":\"ReadAction\",\"target\":[\"https:\\\/\\\/fors.fr\\\/en\\\/eas-accessories\\\/anti-theft-tags\\\/forstag-round\\\/\"]}]},{\"@type\":\"ImageObject\",\"inLanguage\":\"en-US\",\"@id\":\"https:\\\/\\\/fors.fr\\\/en\\\/eas-accessories\\\/anti-theft-tags\\\/forstag-round\\\/#primaryimage\",\"url\":\"https:\\\/\\\/fors.fr\\\/medias\\\/Forstag-Round-Fixed.jpg\",\"contentUrl\":\"https:\\\/\\\/fors.fr\\\/medias\\\/Forstag-Round-Fixed.jpg\",\"width\":1500,\"height\":1501},{\"@type\":\"BreadcrumbList\",\"@id\":\"https:\\\/\\\/fors.fr\\\/en\\\/eas-accessories\\\/anti-theft-tags\\\/forstag-round\\\/#breadcrumb\",\"itemListElement\":[{\"@type\":\"ListItem\",\"position\":1,\"name\":\"FORS\",\"item\":\"https:\\\/\\\/fors.fr\\\/en\\\/\"},{\"@type\":\"ListItem\",\"position\":2,\"name\":\"Shop\",\"item\":\"https:\\\/\\\/fors.fr\\\/en\\\/shop\\\/\"},{\"@type\":\"ListItem\",\"position\":3,\"name\":\"Forstag Round\"}]},{\"@type\":\"WebSite\",\"@id\":\"https:\\\/\\\/fors.fr\\\/en\\\/#website\",\"url\":\"https:\\\/\\\/fors.fr\\\/en\\\/\",\"name\":\"FORS Anti-Theft\",\"description\":\"Anti-theft against shoplifting\",\"publisher\":{\"@id\":\"https:\\\/\\\/fors.fr\\\/en\\\/#organization\"},\"alternateName\":\"Fors\",\"potentialAction\":[{\"@type\":\"SearchAction\",\"target\":{\"@type\":\"EntryPoint\",\"urlTemplate\":\"https:\\\/\\\/fors.fr\\\/en\\\/?s={search_term_string}\"},\"query-input\":{\"@type\":\"PropertyValueSpecification\",\"valueRequired\":true,\"valueName\":\"search_term_string\"}}],\"inLanguage\":\"en-US\"},{\"@type\":\"Organization\",\"@id\":\"https:\\\/\\\/fors.fr\\\/en\\\/#organization\",\"name\":\"Fors\",\"alternateName\":\"Fors Anti-Theft\",\"url\":\"https:\\\/\\\/fors.fr\\\/en\\\/\",\"logo\":{\"@type\":\"ImageObject\",\"inLanguage\":\"en-US\",\"@id\":\"https:\\\/\\\/fors.fr\\\/en\\\/#\\\/schema\\\/logo\\\/image\\\/\",\"url\":\"https:\\\/\\\/fors.fr\\\/medias\\\/favico_512.png\",\"contentUrl\":\"https:\\\/\\\/fors.fr\\\/medias\\\/favico_512.png\",\"width\":512,\"height\":512,\"caption\":\"Fors\"},\"image\":{\"@id\":\"https:\\\/\\\/fors.fr\\\/en\\\/#\\\/schema\\\/logo\\\/image\\\/\"},\"sameAs\":[\"https:\\\/\\\/www.facebook.com\\\/forsantitheft\\\/\",\"https:\\\/\\\/x.com\\\/fors_france\",\"https:\\\/\\\/www.linkedin.com\\\/company\\\/245351\\\/\",\"https:\\\/\\\/www.youtube.com\\\/user\\\/ForsFrance\\\/\",\"https:\\\/\\\/www.companeo.com\\\/portiques-de-securite\\\/annuaire\\\/fors-france\",\"https:\\\/\\\/www.europages.fr\\\/FORS-FRANCE\\\/FRA310174-000009382001.html\",\"https:\\\/\\\/www.pagesjaunes.fr\\\/pros\\\/07584984\"]}]}<\/script>\n<!-- \/ Yoast SEO plugin. -->","yoast_head_json":{"title":"Accessoires Antivol - Texile : Forstag Round - Fors Anti-Theft France","description":"Nouveau macaron antivol v\u00eatement FORS. Antivlo Tout en un pour un gain de temps en magasin","robots":{"index":"index","follow":"follow","max-snippet":"max-snippet:-1","max-image-preview":"max-image-preview:large","max-video-preview":"max-video-preview:-1"},"canonical":"https:\/\/fors.fr\/en\/eas-accessories\/anti-theft-tags\/forstag-round\/","og_locale":"en_US","og_type":"article","og_title":"Accessoires Antivol - Texile : Forstag Round - Fors Anti-Theft France","og_description":"Nouveau macaron antivol v\u00eatement FORS. Antivlo Tout en un pour un gain de temps en magasin","og_url":"https:\/\/fors.fr\/en\/eas-accessories\/anti-theft-tags\/forstag-round\/","og_site_name":"Fors Anti-Theft","article_publisher":"https:\/\/www.facebook.com\/forsantitheft\/","article_modified_time":"2023-06-09T07:12:06+00:00","og_image":[{"width":1500,"height":1501,"url":"https:\/\/fors.fr\/medias\/Forstag-Round-Fixed.jpg","type":"image\/jpeg"}],"twitter_card":"summary_large_image","twitter_site":"@fors_france","twitter_misc":{"Est. reading time":"1 minute"},"schema":{"@context":"https:\/\/schema.org","@graph":[{"@type":"WebPage","@id":"https:\/\/fors.fr\/en\/eas-accessories\/anti-theft-tags\/forstag-round\/","url":"https:\/\/fors.fr\/en\/eas-accessories\/anti-theft-tags\/forstag-round\/","name":"Accessoires Antivol - Texile : Forstag Round - Fors Anti-Theft France","isPartOf":{"@id":"https:\/\/fors.fr\/en\/#website"},"primaryImageOfPage":{"@id":"https:\/\/fors.fr\/en\/eas-accessories\/anti-theft-tags\/forstag-round\/#primaryimage"},"image":{"@id":"https:\/\/fors.fr\/en\/eas-accessories\/anti-theft-tags\/forstag-round\/#primaryimage"},"thumbnailUrl":"https:\/\/fors.fr\/medias\/Forstag-Round-Fixed.jpg","datePublished":"2019-08-21T00:03:45+00:00","dateModified":"2023-06-09T07:12:06+00:00","description":"Nouveau macaron antivol v\u00eatement FORS. Antivlo Tout en un pour un gain de temps en magasin","breadcrumb":{"@id":"https:\/\/fors.fr\/en\/eas-accessories\/anti-theft-tags\/forstag-round\/#breadcrumb"},"inLanguage":"en-US","potentialAction":[{"@type":"ReadAction","target":["https:\/\/fors.fr\/en\/eas-accessories\/anti-theft-tags\/forstag-round\/"]}]},{"@type":"ImageObject","inLanguage":"en-US","@id":"https:\/\/fors.fr\/en\/eas-accessories\/anti-theft-tags\/forstag-round\/#primaryimage","url":"https:\/\/fors.fr\/medias\/Forstag-Round-Fixed.jpg","contentUrl":"https:\/\/fors.fr\/medias\/Forstag-Round-Fixed.jpg","width":1500,"height":1501},{"@type":"BreadcrumbList","@id":"https:\/\/fors.fr\/en\/eas-accessories\/anti-theft-tags\/forstag-round\/#breadcrumb","itemListElement":[{"@type":"ListItem","position":1,"name":"FORS","item":"https:\/\/fors.fr\/en\/"},{"@type":"ListItem","position":2,"name":"Shop","item":"https:\/\/fors.fr\/en\/shop\/"},{"@type":"ListItem","position":3,"name":"Forstag Round"}]},{"@type":"WebSite","@id":"https:\/\/fors.fr\/en\/#website","url":"https:\/\/fors.fr\/en\/","name":"FORS Anti-Theft","description":"Anti-theft against shoplifting","publisher":{"@id":"https:\/\/fors.fr\/en\/#organization"},"alternateName":"Fors","potentialAction":[{"@type":"SearchAction","target":{"@type":"EntryPoint","urlTemplate":"https:\/\/fors.fr\/en\/?s={search_term_string}"},"query-input":{"@type":"PropertyValueSpecification","valueRequired":true,"valueName":"search_term_string"}}],"inLanguage":"en-US"},{"@type":"Organization","@id":"https:\/\/fors.fr\/en\/#organization","name":"Fors","alternateName":"Fors Anti-Theft","url":"https:\/\/fors.fr\/en\/","logo":{"@type":"ImageObject","inLanguage":"en-US","@id":"https:\/\/fors.fr\/en\/#\/schema\/logo\/image\/","url":"https:\/\/fors.fr\/medias\/favico_512.png","contentUrl":"https:\/\/fors.fr\/medias\/favico_512.png","width":512,"height":512,"caption":"Fors"},"image":{"@id":"https:\/\/fors.fr\/en\/#\/schema\/logo\/image\/"},"sameAs":["https:\/\/www.facebook.com\/forsantitheft\/","https:\/\/x.com\/fors_france","https:\/\/www.linkedin.com\/company\/245351\/","https:\/\/www.youtube.com\/user\/ForsFrance\/","https:\/\/www.companeo.com\/portiques-de-securite\/annuaire\/fors-france","https:\/\/www.europages.fr\/FORS-FRANCE\/FRA310174-000009382001.html","https:\/\/www.pagesjaunes.fr\/pros\/07584984"]}]}},"_links":{"self":[{"href":"https:\/\/fors.fr\/en\/wp-json\/wp\/v2\/product\/213336","targetHints":{"allow":["GET"]}}],"collection":[{"href":"https:\/\/fors.fr\/en\/wp-json\/wp\/v2\/product"}],"about":[{"href":"https:\/\/fors.fr\/en\/wp-json\/wp\/v2\/types\/product"}],"wp:featuredmedia":[{"embeddable":true,"href":"https:\/\/fors.fr\/en\/wp-json\/wp\/v2\/media\/10451292"}],"wp:attachment":[{"href":"https:\/\/fors.fr\/en\/wp-json\/wp\/v2\/media?parent=213336"}],"wp:term":[{"taxonomy":"product_brand","embeddable":true,"href":"https:\/\/fors.fr\/en\/wp-json\/wp\/v2\/product_brand?post=213336"},{"taxonomy":"product_cat","embeddable":true,"href":"https:\/\/fors.fr\/en\/wp-json\/wp\/v2\/product_cat?post=213336"},{"taxonomy":"product_tag","embeddable":true,"href":"https:\/\/fors.fr\/en\/wp-json\/wp\/v2\/product_tag?post=213336"}],"curies":[{"name":"wp","href":"https:\/\/api.w.org\/{rel}","templated":true}]}}