{"id":213361,"date":"2013-12-23T18:00:30","date_gmt":"2013-12-23T17:00:30","guid":{"rendered":"https:\/\/fors.fr\/uncategorized\/mini-pencil-avec-lanyard\/"},"modified":"2023-10-05T10:13:03","modified_gmt":"2023-10-05T08:13:03","slug":"mini-pencil-avec-lanyard","status":"publish","type":"product","link":"https:\/\/fors.fr\/en\/eas-accessories\/anti-theft-tags\/mini-pencil-avec-lanyard\/","title":{"rendered":"Mini pencil avec lanyard"},"content":{"rendered":"<p class=\"title\"><strong>Pencil tout-en-un avec lanyard<\/strong><\/p>\n<p class=\"description\">Le lanyard + tag tout en un vous permet de prot\u00e9ger toutes sortes de produits. Essentiellement utilis\u00e9 dans l&#8217;univers du textile, il permet de prot\u00e9ger tous les articles avec des boucles, des trous, comme les chemises, les chaussures, mais aussi les sacs, certain objets comme des mugs ou encore des fers \u00e0 repasser. Il prot\u00e8ge vos tissus de la d\u00e9marque sans les percer et il n&#8217;est pas g\u00eanant pour l&#8217;essayage des v\u00eatements ou des chaussures.<\/p>\n<p class=\"description\">Ce tag polyvalent est une valeur s\u00fbre !<\/p>\n","protected":false},"excerpt":{"rendered":"<p>Pencil avec lanyard<br \/>\nDisponible en RF et AM<br \/>\nPack de 100 macarons<\/p>\n","protected":false},"featured_media":52327,"template":"","meta":{"_et_pb_use_builder":"","_et_pb_old_content":"","_et_gb_content_width":""},"product_brand":[],"product_cat":[1389],"product_tag":[1426],"class_list":{"0":"post-213361","1":"product","2":"type-product","3":"status-publish","4":"has-post-thumbnail","6":"product_cat-anti-theft-tags","7":"product_tag-lanyard-en","8":"pa_clou-nail-included","9":"pa_securite-accessoires-normallock-en","10":"pa_technologie-am-en-2","11":"pa_technologie-rf-en-2","13":"first","14":"instock","15":"taxable","16":"shipping-taxable","17":"purchasable","18":"product-type-variable"},"yoast_head":"<!-- This site is optimized with the Yoast SEO plugin v27.4 - https:\/\/yoast.com\/product\/yoast-seo-wordpress\/ -->\n<title>Accessoires Antivol : Mini Macaron avec lanyard | FORS France<\/title>\n<meta name=\"description\" content=\"Le lanyard + tag tout en un vous permet de prot\u00e9ger toutes sortes de produits. Essentiellement utilis\u00e9 dans l&#039;univers du textile, il permet de prot\u00e9ger tous les articles avec des boucles, des trous, comme les c\u0085\" \/>\n<meta name=\"robots\" content=\"index, follow, max-snippet:-1, max-image-preview:large, max-video-preview:-1\" \/>\n<link rel=\"canonical\" href=\"https:\/\/fors.fr\/en\/eas-accessories\/anti-theft-tags\/mini-pencil-avec-lanyard\/\" \/>\n<meta property=\"og:locale\" content=\"en_US\" \/>\n<meta property=\"og:type\" content=\"article\" \/>\n<meta property=\"og:title\" content=\"Accessoires Antivol : Mini Macaron avec lanyard | FORS France\" \/>\n<meta property=\"og:description\" content=\"Le lanyard + tag tout en un vous permet de prot\u00e9ger toutes sortes de produits. Essentiellement utilis\u00e9 dans l&#039;univers du textile, il permet de prot\u00e9ger tous les articles avec des boucles, des trous, comme les c\u0085\" \/>\n<meta property=\"og:url\" content=\"https:\/\/fors.fr\/en\/eas-accessories\/anti-theft-tags\/mini-pencil-avec-lanyard\/\" \/>\n<meta property=\"og:site_name\" content=\"Fors Anti-Theft\" \/>\n<meta property=\"article:publisher\" content=\"https:\/\/www.facebook.com\/forsantitheft\/\" \/>\n<meta property=\"article:modified_time\" content=\"2023-10-05T08:13:03+00:00\" \/>\n<meta property=\"og:image\" content=\"https:\/\/fors.fr\/medias\/WooCommerce_Produits\/Acessoires_EAS\/Macarons_Antivol\/Mini-pencil-lanyard-RF.jpg\" \/>\n\t<meta property=\"og:image:width\" content=\"1500\" \/>\n\t<meta property=\"og:image:height\" content=\"1500\" \/>\n\t<meta property=\"og:image:type\" content=\"image\/jpeg\" \/>\n<meta name=\"twitter:card\" content=\"summary_large_image\" \/>\n<meta name=\"twitter:site\" content=\"@fors_france\" \/>\n<script type=\"application\/ld+json\" class=\"yoast-schema-graph\">{\"@context\":\"https:\\\/\\\/schema.org\",\"@graph\":[{\"@type\":\"WebPage\",\"@id\":\"https:\\\/\\\/fors.fr\\\/en\\\/eas-accessories\\\/anti-theft-tags\\\/mini-pencil-avec-lanyard\\\/\",\"url\":\"https:\\\/\\\/fors.fr\\\/en\\\/eas-accessories\\\/anti-theft-tags\\\/mini-pencil-avec-lanyard\\\/\",\"name\":\"Accessoires Antivol : Mini Macaron avec lanyard | FORS France\",\"isPartOf\":{\"@id\":\"https:\\\/\\\/fors.fr\\\/en\\\/#website\"},\"primaryImageOfPage\":{\"@id\":\"https:\\\/\\\/fors.fr\\\/en\\\/eas-accessories\\\/anti-theft-tags\\\/mini-pencil-avec-lanyard\\\/#primaryimage\"},\"image\":{\"@id\":\"https:\\\/\\\/fors.fr\\\/en\\\/eas-accessories\\\/anti-theft-tags\\\/mini-pencil-avec-lanyard\\\/#primaryimage\"},\"thumbnailUrl\":\"https:\\\/\\\/fors.fr\\\/medias\\\/WooCommerce_Produits\\\/Acessoires_EAS\\\/Macarons_Antivol\\\/Mini-pencil-lanyard-RF.jpg\",\"datePublished\":\"2013-12-23T17:00:30+00:00\",\"dateModified\":\"2023-10-05T08:13:03+00:00\",\"description\":\"Le lanyard + tag tout en un vous permet de prot\u00e9ger toutes sortes de produits. Essentiellement utilis\u00e9 dans l'univers du textile, il permet de prot\u00e9ger tous les articles avec des boucles, des trous, comme les c\u0085\",\"breadcrumb\":{\"@id\":\"https:\\\/\\\/fors.fr\\\/en\\\/eas-accessories\\\/anti-theft-tags\\\/mini-pencil-avec-lanyard\\\/#breadcrumb\"},\"inLanguage\":\"en-US\",\"potentialAction\":[{\"@type\":\"ReadAction\",\"target\":[\"https:\\\/\\\/fors.fr\\\/en\\\/eas-accessories\\\/anti-theft-tags\\\/mini-pencil-avec-lanyard\\\/\"]}]},{\"@type\":\"ImageObject\",\"inLanguage\":\"en-US\",\"@id\":\"https:\\\/\\\/fors.fr\\\/en\\\/eas-accessories\\\/anti-theft-tags\\\/mini-pencil-avec-lanyard\\\/#primaryimage\",\"url\":\"https:\\\/\\\/fors.fr\\\/medias\\\/WooCommerce_Produits\\\/Acessoires_EAS\\\/Macarons_Antivol\\\/Mini-pencil-lanyard-RF.jpg\",\"contentUrl\":\"https:\\\/\\\/fors.fr\\\/medias\\\/WooCommerce_Produits\\\/Acessoires_EAS\\\/Macarons_Antivol\\\/Mini-pencil-lanyard-RF.jpg\",\"width\":1500,\"height\":1500},{\"@type\":\"BreadcrumbList\",\"@id\":\"https:\\\/\\\/fors.fr\\\/en\\\/eas-accessories\\\/anti-theft-tags\\\/mini-pencil-avec-lanyard\\\/#breadcrumb\",\"itemListElement\":[{\"@type\":\"ListItem\",\"position\":1,\"name\":\"FORS\",\"item\":\"https:\\\/\\\/fors.fr\\\/en\\\/\"},{\"@type\":\"ListItem\",\"position\":2,\"name\":\"Shop\",\"item\":\"https:\\\/\\\/fors.fr\\\/en\\\/shop\\\/\"},{\"@type\":\"ListItem\",\"position\":3,\"name\":\"Mini pencil avec lanyard\"}]},{\"@type\":\"WebSite\",\"@id\":\"https:\\\/\\\/fors.fr\\\/en\\\/#website\",\"url\":\"https:\\\/\\\/fors.fr\\\/en\\\/\",\"name\":\"FORS Anti-Theft\",\"description\":\"Anti-theft against shoplifting\",\"publisher\":{\"@id\":\"https:\\\/\\\/fors.fr\\\/en\\\/#organization\"},\"alternateName\":\"Fors\",\"potentialAction\":[{\"@type\":\"SearchAction\",\"target\":{\"@type\":\"EntryPoint\",\"urlTemplate\":\"https:\\\/\\\/fors.fr\\\/en\\\/?s={search_term_string}\"},\"query-input\":{\"@type\":\"PropertyValueSpecification\",\"valueRequired\":true,\"valueName\":\"search_term_string\"}}],\"inLanguage\":\"en-US\"},{\"@type\":\"Organization\",\"@id\":\"https:\\\/\\\/fors.fr\\\/en\\\/#organization\",\"name\":\"Fors\",\"alternateName\":\"Fors Anti-Theft\",\"url\":\"https:\\\/\\\/fors.fr\\\/en\\\/\",\"logo\":{\"@type\":\"ImageObject\",\"inLanguage\":\"en-US\",\"@id\":\"https:\\\/\\\/fors.fr\\\/en\\\/#\\\/schema\\\/logo\\\/image\\\/\",\"url\":\"https:\\\/\\\/fors.fr\\\/medias\\\/favico_512.png\",\"contentUrl\":\"https:\\\/\\\/fors.fr\\\/medias\\\/favico_512.png\",\"width\":512,\"height\":512,\"caption\":\"Fors\"},\"image\":{\"@id\":\"https:\\\/\\\/fors.fr\\\/en\\\/#\\\/schema\\\/logo\\\/image\\\/\"},\"sameAs\":[\"https:\\\/\\\/www.facebook.com\\\/forsantitheft\\\/\",\"https:\\\/\\\/x.com\\\/fors_france\",\"https:\\\/\\\/www.linkedin.com\\\/company\\\/245351\\\/\",\"https:\\\/\\\/www.youtube.com\\\/user\\\/ForsFrance\\\/\",\"https:\\\/\\\/www.companeo.com\\\/portiques-de-securite\\\/annuaire\\\/fors-france\",\"https:\\\/\\\/www.europages.fr\\\/FORS-FRANCE\\\/FRA310174-000009382001.html\",\"https:\\\/\\\/www.pagesjaunes.fr\\\/pros\\\/07584984\"]}]}<\/script>\n<!-- \/ Yoast SEO plugin. -->","yoast_head_json":{"title":"Accessoires Antivol : Mini Macaron avec lanyard | FORS France","description":"Le lanyard + tag tout en un vous permet de prot\u00e9ger toutes sortes de produits. Essentiellement utilis\u00e9 dans l'univers du textile, il permet de prot\u00e9ger tous les articles avec des boucles, des trous, comme les c\u0085","robots":{"index":"index","follow":"follow","max-snippet":"max-snippet:-1","max-image-preview":"max-image-preview:large","max-video-preview":"max-video-preview:-1"},"canonical":"https:\/\/fors.fr\/en\/eas-accessories\/anti-theft-tags\/mini-pencil-avec-lanyard\/","og_locale":"en_US","og_type":"article","og_title":"Accessoires Antivol : Mini Macaron avec lanyard | FORS France","og_description":"Le lanyard + tag tout en un vous permet de prot\u00e9ger toutes sortes de produits. Essentiellement utilis\u00e9 dans l'univers du textile, il permet de prot\u00e9ger tous les articles avec des boucles, des trous, comme les c\u0085","og_url":"https:\/\/fors.fr\/en\/eas-accessories\/anti-theft-tags\/mini-pencil-avec-lanyard\/","og_site_name":"Fors Anti-Theft","article_publisher":"https:\/\/www.facebook.com\/forsantitheft\/","article_modified_time":"2023-10-05T08:13:03+00:00","og_image":[{"width":1500,"height":1500,"url":"https:\/\/fors.fr\/medias\/WooCommerce_Produits\/Acessoires_EAS\/Macarons_Antivol\/Mini-pencil-lanyard-RF.jpg","type":"image\/jpeg"}],"twitter_card":"summary_large_image","twitter_site":"@fors_france","schema":{"@context":"https:\/\/schema.org","@graph":[{"@type":"WebPage","@id":"https:\/\/fors.fr\/en\/eas-accessories\/anti-theft-tags\/mini-pencil-avec-lanyard\/","url":"https:\/\/fors.fr\/en\/eas-accessories\/anti-theft-tags\/mini-pencil-avec-lanyard\/","name":"Accessoires Antivol : Mini Macaron avec lanyard | FORS France","isPartOf":{"@id":"https:\/\/fors.fr\/en\/#website"},"primaryImageOfPage":{"@id":"https:\/\/fors.fr\/en\/eas-accessories\/anti-theft-tags\/mini-pencil-avec-lanyard\/#primaryimage"},"image":{"@id":"https:\/\/fors.fr\/en\/eas-accessories\/anti-theft-tags\/mini-pencil-avec-lanyard\/#primaryimage"},"thumbnailUrl":"https:\/\/fors.fr\/medias\/WooCommerce_Produits\/Acessoires_EAS\/Macarons_Antivol\/Mini-pencil-lanyard-RF.jpg","datePublished":"2013-12-23T17:00:30+00:00","dateModified":"2023-10-05T08:13:03+00:00","description":"Le lanyard + tag tout en un vous permet de prot\u00e9ger toutes sortes de produits. Essentiellement utilis\u00e9 dans l'univers du textile, il permet de prot\u00e9ger tous les articles avec des boucles, des trous, comme les c\u0085","breadcrumb":{"@id":"https:\/\/fors.fr\/en\/eas-accessories\/anti-theft-tags\/mini-pencil-avec-lanyard\/#breadcrumb"},"inLanguage":"en-US","potentialAction":[{"@type":"ReadAction","target":["https:\/\/fors.fr\/en\/eas-accessories\/anti-theft-tags\/mini-pencil-avec-lanyard\/"]}]},{"@type":"ImageObject","inLanguage":"en-US","@id":"https:\/\/fors.fr\/en\/eas-accessories\/anti-theft-tags\/mini-pencil-avec-lanyard\/#primaryimage","url":"https:\/\/fors.fr\/medias\/WooCommerce_Produits\/Acessoires_EAS\/Macarons_Antivol\/Mini-pencil-lanyard-RF.jpg","contentUrl":"https:\/\/fors.fr\/medias\/WooCommerce_Produits\/Acessoires_EAS\/Macarons_Antivol\/Mini-pencil-lanyard-RF.jpg","width":1500,"height":1500},{"@type":"BreadcrumbList","@id":"https:\/\/fors.fr\/en\/eas-accessories\/anti-theft-tags\/mini-pencil-avec-lanyard\/#breadcrumb","itemListElement":[{"@type":"ListItem","position":1,"name":"FORS","item":"https:\/\/fors.fr\/en\/"},{"@type":"ListItem","position":2,"name":"Shop","item":"https:\/\/fors.fr\/en\/shop\/"},{"@type":"ListItem","position":3,"name":"Mini pencil avec lanyard"}]},{"@type":"WebSite","@id":"https:\/\/fors.fr\/en\/#website","url":"https:\/\/fors.fr\/en\/","name":"FORS Anti-Theft","description":"Anti-theft against shoplifting","publisher":{"@id":"https:\/\/fors.fr\/en\/#organization"},"alternateName":"Fors","potentialAction":[{"@type":"SearchAction","target":{"@type":"EntryPoint","urlTemplate":"https:\/\/fors.fr\/en\/?s={search_term_string}"},"query-input":{"@type":"PropertyValueSpecification","valueRequired":true,"valueName":"search_term_string"}}],"inLanguage":"en-US"},{"@type":"Organization","@id":"https:\/\/fors.fr\/en\/#organization","name":"Fors","alternateName":"Fors Anti-Theft","url":"https:\/\/fors.fr\/en\/","logo":{"@type":"ImageObject","inLanguage":"en-US","@id":"https:\/\/fors.fr\/en\/#\/schema\/logo\/image\/","url":"https:\/\/fors.fr\/medias\/favico_512.png","contentUrl":"https:\/\/fors.fr\/medias\/favico_512.png","width":512,"height":512,"caption":"Fors"},"image":{"@id":"https:\/\/fors.fr\/en\/#\/schema\/logo\/image\/"},"sameAs":["https:\/\/www.facebook.com\/forsantitheft\/","https:\/\/x.com\/fors_france","https:\/\/www.linkedin.com\/company\/245351\/","https:\/\/www.youtube.com\/user\/ForsFrance\/","https:\/\/www.companeo.com\/portiques-de-securite\/annuaire\/fors-france","https:\/\/www.europages.fr\/FORS-FRANCE\/FRA310174-000009382001.html","https:\/\/www.pagesjaunes.fr\/pros\/07584984"]}]}},"_links":{"self":[{"href":"https:\/\/fors.fr\/en\/wp-json\/wp\/v2\/product\/213361","targetHints":{"allow":["GET"]}}],"collection":[{"href":"https:\/\/fors.fr\/en\/wp-json\/wp\/v2\/product"}],"about":[{"href":"https:\/\/fors.fr\/en\/wp-json\/wp\/v2\/types\/product"}],"wp:featuredmedia":[{"embeddable":true,"href":"https:\/\/fors.fr\/en\/wp-json\/wp\/v2\/media\/52327"}],"wp:attachment":[{"href":"https:\/\/fors.fr\/en\/wp-json\/wp\/v2\/media?parent=213361"}],"wp:term":[{"taxonomy":"product_brand","embeddable":true,"href":"https:\/\/fors.fr\/en\/wp-json\/wp\/v2\/product_brand?post=213361"},{"taxonomy":"product_cat","embeddable":true,"href":"https:\/\/fors.fr\/en\/wp-json\/wp\/v2\/product_cat?post=213361"},{"taxonomy":"product_tag","embeddable":true,"href":"https:\/\/fors.fr\/en\/wp-json\/wp\/v2\/product_tag?post=213361"}],"curies":[{"name":"wp","href":"https:\/\/api.w.org\/{rel}","templated":true}]}}