{"id":213556,"date":"2013-12-23T18:00:30","date_gmt":"2013-12-23T17:00:30","guid":{"rendered":"https:\/\/fors.fr\/uncategorized\/etiquette-rf-transparente\/"},"modified":"2023-10-05T10:08:01","modified_gmt":"2023-10-05T08:08:01","slug":"etiquette-rf-transparente","status":"publish","type":"product","link":"https:\/\/fors.fr\/en\/eas-accessories\/anti-theft-labels\/etiquette-rf-transparente\/","title":{"rendered":"\u00c9tiquette RF Transparente"},"content":{"rendered":"<p class=\"title\"><strong>\u00c9tiquette RF transparente<\/strong><\/p>\n<p class=\"description\">\u00c9tiquettes de d\u00e9tection Radio-Fr\u00e9quence (R.F) ont une fr\u00e9quence de 8,2 MHz leur permettant d\u2019\u00eatre d\u00e9tect\u00e9es par les\u00a0<a title=\"Portiques antivol magasin\" href=\"http:\/\/www.fors.fr\/87-portiques-antivol-magasin\">antennes R.F<\/a>\u00a0positionn\u00e9es en caisse ou \u00e0 l\u2019entr\u00e9e et \u00e0 la sortie du magasin.\u00a0 Pour augmenter au maximum le distance de d\u00e9tection, optez pour les \u00e9tiquettes de grandes tailles disposant d\u2019un circuit \u00e9lectronique plus grand.<\/p>\n<p>Cette \u00e9tiquette transparente est plus discr\u00e8te et s&#8217;int\u00e8gre plus facilement sur les cosm\u00e9tiques et les petits produits.<\/p>\n","protected":false},"excerpt":{"rendered":"<p>\u00c9tiquette Radio Fr\u00e9quence 8,2Mhz transparente<br \/>\nRouleau de 1 000 \u00e9tiquettes<\/p>\n","protected":false},"featured_media":51908,"template":"","meta":{"_et_pb_use_builder":"","_et_pb_old_content":"","_et_gb_content_width":""},"product_brand":[],"product_cat":[1391],"product_tag":[1427],"class_list":{"0":"post-213556","1":"product","2":"type-product","3":"status-publish","4":"has-post-thumbnail","6":"product_cat-anti-theft-labels","7":"product_tag-rf-en","8":"pa_desactivation-desactivable-en","9":"pa_taille-etiquette-taille-4x4-cm-en","10":"pa_taille-etiquette-taille-5x2-cm-en","11":"pa_taille-etiquette-taille-5x5-cm-en","12":"pa_taille-etiquette-taille-6x2-cm-en","13":"pa_technologie-rf-en-2","15":"first","16":"instock","17":"taxable","18":"shipping-taxable","19":"purchasable","20":"product-type-variable"},"yoast_head":"<!-- This site is optimized with the Yoast SEO plugin v27.4 - https:\/\/yoast.com\/product\/yoast-seo-wordpress\/ -->\n<title>Accessoires Antivol - Etiquettes antivol : Etiquette RF 5x2,3 Transparente (les 1000) | FORS France<\/title>\n<meta name=\"description\" content=\"Etiquettes de d\u00e9tection Radio-Fr\u00e9quence (R.F) ont une fr\u00e9quence de 8,2 MHz leur permettant d&#039;\u00eatre d\u00e9tect\u00e9es par les antennes R.F positionn\u00e9es en caisse ou \u00e0 l&#039;entr\u00e9e et \u00e0 la sortie du magasin. Elles peuvent \u00eatr\u0085\" \/>\n<meta name=\"robots\" content=\"index, follow, max-snippet:-1, max-image-preview:large, max-video-preview:-1\" \/>\n<link rel=\"canonical\" href=\"https:\/\/fors.fr\/en\/eas-accessories\/anti-theft-labels\/etiquette-rf-transparente\/\" \/>\n<meta property=\"og:locale\" content=\"en_US\" \/>\n<meta property=\"og:type\" content=\"article\" \/>\n<meta property=\"og:title\" content=\"Accessoires Antivol - Etiquettes antivol : Etiquette RF 5x2,3 Transparente (les 1000) | FORS France\" \/>\n<meta property=\"og:description\" content=\"Etiquettes de d\u00e9tection Radio-Fr\u00e9quence (R.F) ont une fr\u00e9quence de 8,2 MHz leur permettant d&#039;\u00eatre d\u00e9tect\u00e9es par les antennes R.F positionn\u00e9es en caisse ou \u00e0 l&#039;entr\u00e9e et \u00e0 la sortie du magasin. Elles peuvent \u00eatr\u0085\" \/>\n<meta property=\"og:url\" content=\"https:\/\/fors.fr\/en\/eas-accessories\/anti-theft-labels\/etiquette-rf-transparente\/\" \/>\n<meta property=\"og:site_name\" content=\"Fors Anti-Theft\" \/>\n<meta property=\"article:publisher\" content=\"https:\/\/www.facebook.com\/forsantitheft\/\" \/>\n<meta property=\"article:modified_time\" content=\"2023-10-05T08:08:01+00:00\" \/>\n<meta property=\"og:image\" content=\"https:\/\/fors.fr\/medias\/WooCommerce_Produits\/Acessoires_EAS\/Etiquettes_Antivol\/tiquette-RF-transparente.jpg\" \/>\n\t<meta property=\"og:image:width\" content=\"460\" \/>\n\t<meta property=\"og:image:height\" content=\"460\" \/>\n\t<meta property=\"og:image:type\" content=\"image\/jpeg\" \/>\n<meta name=\"twitter:card\" content=\"summary_large_image\" \/>\n<meta name=\"twitter:site\" content=\"@fors_france\" \/>\n<script type=\"application\/ld+json\" class=\"yoast-schema-graph\">{\"@context\":\"https:\\\/\\\/schema.org\",\"@graph\":[{\"@type\":\"WebPage\",\"@id\":\"https:\\\/\\\/fors.fr\\\/en\\\/eas-accessories\\\/anti-theft-labels\\\/etiquette-rf-transparente\\\/\",\"url\":\"https:\\\/\\\/fors.fr\\\/en\\\/eas-accessories\\\/anti-theft-labels\\\/etiquette-rf-transparente\\\/\",\"name\":\"Accessoires Antivol - Etiquettes antivol : Etiquette RF 5x2,3 Transparente (les 1000) | FORS France\",\"isPartOf\":{\"@id\":\"https:\\\/\\\/fors.fr\\\/en\\\/#website\"},\"primaryImageOfPage\":{\"@id\":\"https:\\\/\\\/fors.fr\\\/en\\\/eas-accessories\\\/anti-theft-labels\\\/etiquette-rf-transparente\\\/#primaryimage\"},\"image\":{\"@id\":\"https:\\\/\\\/fors.fr\\\/en\\\/eas-accessories\\\/anti-theft-labels\\\/etiquette-rf-transparente\\\/#primaryimage\"},\"thumbnailUrl\":\"https:\\\/\\\/fors.fr\\\/medias\\\/WooCommerce_Produits\\\/Acessoires_EAS\\\/Etiquettes_Antivol\\\/tiquette-RF-transparente.jpg\",\"datePublished\":\"2013-12-23T17:00:30+00:00\",\"dateModified\":\"2023-10-05T08:08:01+00:00\",\"description\":\"Etiquettes de d\u00e9tection Radio-Fr\u00e9quence (R.F) ont une fr\u00e9quence de 8,2 MHz leur permettant d'\u00eatre d\u00e9tect\u00e9es par les antennes R.F positionn\u00e9es en caisse ou \u00e0 l'entr\u00e9e et \u00e0 la sortie du magasin. Elles peuvent \u00eatr\u0085\",\"breadcrumb\":{\"@id\":\"https:\\\/\\\/fors.fr\\\/en\\\/eas-accessories\\\/anti-theft-labels\\\/etiquette-rf-transparente\\\/#breadcrumb\"},\"inLanguage\":\"en-US\",\"potentialAction\":[{\"@type\":\"ReadAction\",\"target\":[\"https:\\\/\\\/fors.fr\\\/en\\\/eas-accessories\\\/anti-theft-labels\\\/etiquette-rf-transparente\\\/\"]}]},{\"@type\":\"ImageObject\",\"inLanguage\":\"en-US\",\"@id\":\"https:\\\/\\\/fors.fr\\\/en\\\/eas-accessories\\\/anti-theft-labels\\\/etiquette-rf-transparente\\\/#primaryimage\",\"url\":\"https:\\\/\\\/fors.fr\\\/medias\\\/WooCommerce_Produits\\\/Acessoires_EAS\\\/Etiquettes_Antivol\\\/tiquette-RF-transparente.jpg\",\"contentUrl\":\"https:\\\/\\\/fors.fr\\\/medias\\\/WooCommerce_Produits\\\/Acessoires_EAS\\\/Etiquettes_Antivol\\\/tiquette-RF-transparente.jpg\",\"width\":460,\"height\":460},{\"@type\":\"BreadcrumbList\",\"@id\":\"https:\\\/\\\/fors.fr\\\/en\\\/eas-accessories\\\/anti-theft-labels\\\/etiquette-rf-transparente\\\/#breadcrumb\",\"itemListElement\":[{\"@type\":\"ListItem\",\"position\":1,\"name\":\"FORS\",\"item\":\"https:\\\/\\\/fors.fr\\\/en\\\/\"},{\"@type\":\"ListItem\",\"position\":2,\"name\":\"Shop\",\"item\":\"https:\\\/\\\/fors.fr\\\/en\\\/shop\\\/\"},{\"@type\":\"ListItem\",\"position\":3,\"name\":\"\u00c9tiquette RF Transparente\"}]},{\"@type\":\"WebSite\",\"@id\":\"https:\\\/\\\/fors.fr\\\/en\\\/#website\",\"url\":\"https:\\\/\\\/fors.fr\\\/en\\\/\",\"name\":\"FORS Anti-Theft\",\"description\":\"Anti-theft against shoplifting\",\"publisher\":{\"@id\":\"https:\\\/\\\/fors.fr\\\/en\\\/#organization\"},\"alternateName\":\"Fors\",\"potentialAction\":[{\"@type\":\"SearchAction\",\"target\":{\"@type\":\"EntryPoint\",\"urlTemplate\":\"https:\\\/\\\/fors.fr\\\/en\\\/?s={search_term_string}\"},\"query-input\":{\"@type\":\"PropertyValueSpecification\",\"valueRequired\":true,\"valueName\":\"search_term_string\"}}],\"inLanguage\":\"en-US\"},{\"@type\":\"Organization\",\"@id\":\"https:\\\/\\\/fors.fr\\\/en\\\/#organization\",\"name\":\"Fors\",\"alternateName\":\"Fors Anti-Theft\",\"url\":\"https:\\\/\\\/fors.fr\\\/en\\\/\",\"logo\":{\"@type\":\"ImageObject\",\"inLanguage\":\"en-US\",\"@id\":\"https:\\\/\\\/fors.fr\\\/en\\\/#\\\/schema\\\/logo\\\/image\\\/\",\"url\":\"https:\\\/\\\/fors.fr\\\/medias\\\/favico_512.png\",\"contentUrl\":\"https:\\\/\\\/fors.fr\\\/medias\\\/favico_512.png\",\"width\":512,\"height\":512,\"caption\":\"Fors\"},\"image\":{\"@id\":\"https:\\\/\\\/fors.fr\\\/en\\\/#\\\/schema\\\/logo\\\/image\\\/\"},\"sameAs\":[\"https:\\\/\\\/www.facebook.com\\\/forsantitheft\\\/\",\"https:\\\/\\\/x.com\\\/fors_france\",\"https:\\\/\\\/www.linkedin.com\\\/company\\\/245351\\\/\",\"https:\\\/\\\/www.youtube.com\\\/user\\\/ForsFrance\\\/\",\"https:\\\/\\\/www.companeo.com\\\/portiques-de-securite\\\/annuaire\\\/fors-france\",\"https:\\\/\\\/www.europages.fr\\\/FORS-FRANCE\\\/FRA310174-000009382001.html\",\"https:\\\/\\\/www.pagesjaunes.fr\\\/pros\\\/07584984\"]}]}<\/script>\n<!-- \/ Yoast SEO plugin. -->","yoast_head_json":{"title":"Accessoires Antivol - Etiquettes antivol : Etiquette RF 5x2,3 Transparente (les 1000) | FORS France","description":"Etiquettes de d\u00e9tection Radio-Fr\u00e9quence (R.F) ont une fr\u00e9quence de 8,2 MHz leur permettant d'\u00eatre d\u00e9tect\u00e9es par les antennes R.F positionn\u00e9es en caisse ou \u00e0 l'entr\u00e9e et \u00e0 la sortie du magasin. Elles peuvent \u00eatr\u0085","robots":{"index":"index","follow":"follow","max-snippet":"max-snippet:-1","max-image-preview":"max-image-preview:large","max-video-preview":"max-video-preview:-1"},"canonical":"https:\/\/fors.fr\/en\/eas-accessories\/anti-theft-labels\/etiquette-rf-transparente\/","og_locale":"en_US","og_type":"article","og_title":"Accessoires Antivol - Etiquettes antivol : Etiquette RF 5x2,3 Transparente (les 1000) | FORS France","og_description":"Etiquettes de d\u00e9tection Radio-Fr\u00e9quence (R.F) ont une fr\u00e9quence de 8,2 MHz leur permettant d'\u00eatre d\u00e9tect\u00e9es par les antennes R.F positionn\u00e9es en caisse ou \u00e0 l'entr\u00e9e et \u00e0 la sortie du magasin. Elles peuvent \u00eatr\u0085","og_url":"https:\/\/fors.fr\/en\/eas-accessories\/anti-theft-labels\/etiquette-rf-transparente\/","og_site_name":"Fors Anti-Theft","article_publisher":"https:\/\/www.facebook.com\/forsantitheft\/","article_modified_time":"2023-10-05T08:08:01+00:00","og_image":[{"width":460,"height":460,"url":"https:\/\/fors.fr\/medias\/WooCommerce_Produits\/Acessoires_EAS\/Etiquettes_Antivol\/tiquette-RF-transparente.jpg","type":"image\/jpeg"}],"twitter_card":"summary_large_image","twitter_site":"@fors_france","schema":{"@context":"https:\/\/schema.org","@graph":[{"@type":"WebPage","@id":"https:\/\/fors.fr\/en\/eas-accessories\/anti-theft-labels\/etiquette-rf-transparente\/","url":"https:\/\/fors.fr\/en\/eas-accessories\/anti-theft-labels\/etiquette-rf-transparente\/","name":"Accessoires Antivol - Etiquettes antivol : Etiquette RF 5x2,3 Transparente (les 1000) | FORS France","isPartOf":{"@id":"https:\/\/fors.fr\/en\/#website"},"primaryImageOfPage":{"@id":"https:\/\/fors.fr\/en\/eas-accessories\/anti-theft-labels\/etiquette-rf-transparente\/#primaryimage"},"image":{"@id":"https:\/\/fors.fr\/en\/eas-accessories\/anti-theft-labels\/etiquette-rf-transparente\/#primaryimage"},"thumbnailUrl":"https:\/\/fors.fr\/medias\/WooCommerce_Produits\/Acessoires_EAS\/Etiquettes_Antivol\/tiquette-RF-transparente.jpg","datePublished":"2013-12-23T17:00:30+00:00","dateModified":"2023-10-05T08:08:01+00:00","description":"Etiquettes de d\u00e9tection Radio-Fr\u00e9quence (R.F) ont une fr\u00e9quence de 8,2 MHz leur permettant d'\u00eatre d\u00e9tect\u00e9es par les antennes R.F positionn\u00e9es en caisse ou \u00e0 l'entr\u00e9e et \u00e0 la sortie du magasin. Elles peuvent \u00eatr\u0085","breadcrumb":{"@id":"https:\/\/fors.fr\/en\/eas-accessories\/anti-theft-labels\/etiquette-rf-transparente\/#breadcrumb"},"inLanguage":"en-US","potentialAction":[{"@type":"ReadAction","target":["https:\/\/fors.fr\/en\/eas-accessories\/anti-theft-labels\/etiquette-rf-transparente\/"]}]},{"@type":"ImageObject","inLanguage":"en-US","@id":"https:\/\/fors.fr\/en\/eas-accessories\/anti-theft-labels\/etiquette-rf-transparente\/#primaryimage","url":"https:\/\/fors.fr\/medias\/WooCommerce_Produits\/Acessoires_EAS\/Etiquettes_Antivol\/tiquette-RF-transparente.jpg","contentUrl":"https:\/\/fors.fr\/medias\/WooCommerce_Produits\/Acessoires_EAS\/Etiquettes_Antivol\/tiquette-RF-transparente.jpg","width":460,"height":460},{"@type":"BreadcrumbList","@id":"https:\/\/fors.fr\/en\/eas-accessories\/anti-theft-labels\/etiquette-rf-transparente\/#breadcrumb","itemListElement":[{"@type":"ListItem","position":1,"name":"FORS","item":"https:\/\/fors.fr\/en\/"},{"@type":"ListItem","position":2,"name":"Shop","item":"https:\/\/fors.fr\/en\/shop\/"},{"@type":"ListItem","position":3,"name":"\u00c9tiquette RF Transparente"}]},{"@type":"WebSite","@id":"https:\/\/fors.fr\/en\/#website","url":"https:\/\/fors.fr\/en\/","name":"FORS Anti-Theft","description":"Anti-theft against shoplifting","publisher":{"@id":"https:\/\/fors.fr\/en\/#organization"},"alternateName":"Fors","potentialAction":[{"@type":"SearchAction","target":{"@type":"EntryPoint","urlTemplate":"https:\/\/fors.fr\/en\/?s={search_term_string}"},"query-input":{"@type":"PropertyValueSpecification","valueRequired":true,"valueName":"search_term_string"}}],"inLanguage":"en-US"},{"@type":"Organization","@id":"https:\/\/fors.fr\/en\/#organization","name":"Fors","alternateName":"Fors Anti-Theft","url":"https:\/\/fors.fr\/en\/","logo":{"@type":"ImageObject","inLanguage":"en-US","@id":"https:\/\/fors.fr\/en\/#\/schema\/logo\/image\/","url":"https:\/\/fors.fr\/medias\/favico_512.png","contentUrl":"https:\/\/fors.fr\/medias\/favico_512.png","width":512,"height":512,"caption":"Fors"},"image":{"@id":"https:\/\/fors.fr\/en\/#\/schema\/logo\/image\/"},"sameAs":["https:\/\/www.facebook.com\/forsantitheft\/","https:\/\/x.com\/fors_france","https:\/\/www.linkedin.com\/company\/245351\/","https:\/\/www.youtube.com\/user\/ForsFrance\/","https:\/\/www.companeo.com\/portiques-de-securite\/annuaire\/fors-france","https:\/\/www.europages.fr\/FORS-FRANCE\/FRA310174-000009382001.html","https:\/\/www.pagesjaunes.fr\/pros\/07584984"]}]}},"_links":{"self":[{"href":"https:\/\/fors.fr\/en\/wp-json\/wp\/v2\/product\/213556","targetHints":{"allow":["GET"]}}],"collection":[{"href":"https:\/\/fors.fr\/en\/wp-json\/wp\/v2\/product"}],"about":[{"href":"https:\/\/fors.fr\/en\/wp-json\/wp\/v2\/types\/product"}],"wp:featuredmedia":[{"embeddable":true,"href":"https:\/\/fors.fr\/en\/wp-json\/wp\/v2\/media\/51908"}],"wp:attachment":[{"href":"https:\/\/fors.fr\/en\/wp-json\/wp\/v2\/media?parent=213556"}],"wp:term":[{"taxonomy":"product_brand","embeddable":true,"href":"https:\/\/fors.fr\/en\/wp-json\/wp\/v2\/product_brand?post=213556"},{"taxonomy":"product_cat","embeddable":true,"href":"https:\/\/fors.fr\/en\/wp-json\/wp\/v2\/product_cat?post=213556"},{"taxonomy":"product_tag","embeddable":true,"href":"https:\/\/fors.fr\/en\/wp-json\/wp\/v2\/product_tag?post=213556"}],"curies":[{"name":"wp","href":"https:\/\/api.w.org\/{rel}","templated":true}]}}