{"id":213970,"date":"2019-09-25T23:17:57","date_gmt":"2019-09-25T21:17:57","guid":{"rendered":"https:\/\/fors.fr\/uncategorized\/deverrouilleur-golf\/"},"modified":"2023-09-11T15:13:57","modified_gmt":"2023-09-11T13:13:57","slug":"deverrouilleur-golf","status":"publish","type":"product","link":"https:\/\/fors.fr\/en\/eas-accessories\/tag-detachers\/deverrouilleur-golf\/","title":{"rendered":"D\u00e9verrouilleur Golf"},"content":{"rendered":"<p>Le d\u00e9verrouilleur Golf est utilis\u00e9 exclusivement pour l&#8217;ouverture de des macarons Golf. Il peut \u00e9galement \u00eatre utilis\u00e9 pour l&#8217;ouverture de macarons textiles traditionnels.<\/p>\n","protected":false},"excerpt":{"rendered":"<p>Pour d\u00e9verrouiller les macarons golf et les accessoires s\u00e9curis\u00e9s en NormalLock (textile)<br \/>\nVendu \u00e0 l&#8217;unit\u00e9<\/p>\n","protected":false},"featured_media":51705,"template":"","meta":{"_et_pb_use_builder":"","_et_pb_old_content":"","_et_gb_content_width":""},"product_brand":[],"product_cat":[1388],"product_tag":[1421],"class_list":{"0":"post-213970","1":"product","2":"type-product","3":"status-publish","4":"has-post-thumbnail","6":"product_cat-tag-detachers","7":"product_tag-accessories-removers","8":"pa_securite-accessoires-normallock-en","9":"pa_securite-accessoires-superlock-en","11":"first","12":"instock","13":"taxable","14":"shipping-taxable","15":"purchasable","16":"product-type-simple"},"yoast_head":"<!-- This site is optimized with the Yoast SEO plugin v27.4 - https:\/\/yoast.com\/product\/yoast-seo-wordpress\/ -->\n<title>D\u00e9tacheurs - D\u00e9tacheurs : D\u00e9tacheur Golf | FORS France<\/title>\n<meta name=\"description\" content=\"Le d\u00e9verrouilleur Golf est utilis\u00e9 exclusivement pour l&#039;ouverture de des macarons Golf. Il peut \u00e9galement \u00eatre utilis\u00e9 pour l&#039;ouverture de macarons textiles traditionnels.\u0085\" \/>\n<meta name=\"robots\" content=\"index, follow, max-snippet:-1, max-image-preview:large, max-video-preview:-1\" \/>\n<link rel=\"canonical\" href=\"https:\/\/fors.fr\/en\/eas-accessories\/tag-detachers\/deverrouilleur-golf\/\" \/>\n<meta property=\"og:locale\" content=\"en_US\" \/>\n<meta property=\"og:type\" content=\"article\" \/>\n<meta property=\"og:title\" content=\"D\u00e9tacheurs - D\u00e9tacheurs : D\u00e9tacheur Golf | FORS France\" \/>\n<meta property=\"og:description\" content=\"Le d\u00e9verrouilleur Golf est utilis\u00e9 exclusivement pour l&#039;ouverture de des macarons Golf. Il peut \u00e9galement \u00eatre utilis\u00e9 pour l&#039;ouverture de macarons textiles traditionnels.\u0085\" \/>\n<meta property=\"og:url\" content=\"https:\/\/fors.fr\/en\/eas-accessories\/tag-detachers\/deverrouilleur-golf\/\" \/>\n<meta property=\"og:site_name\" content=\"Fors Anti-Theft\" \/>\n<meta property=\"article:publisher\" content=\"https:\/\/www.facebook.com\/forsantitheft\/\" \/>\n<meta property=\"article:modified_time\" content=\"2023-09-11T13:13:57+00:00\" \/>\n<meta property=\"og:image\" content=\"https:\/\/fors.fr\/medias\/WooCommerce_Produits\/Acessoires_EAS\/Deverrouilleurs\/D\u00e9verrouilleur-Golf.jpg\" \/>\n\t<meta property=\"og:image:width\" content=\"1500\" \/>\n\t<meta property=\"og:image:height\" content=\"1500\" \/>\n\t<meta property=\"og:image:type\" content=\"image\/jpeg\" \/>\n<meta name=\"twitter:card\" content=\"summary_large_image\" \/>\n<meta name=\"twitter:site\" content=\"@fors_france\" \/>\n<script type=\"application\/ld+json\" class=\"yoast-schema-graph\">{\"@context\":\"https:\\\/\\\/schema.org\",\"@graph\":[{\"@type\":\"WebPage\",\"@id\":\"https:\\\/\\\/fors.fr\\\/en\\\/eas-accessories\\\/tag-detachers\\\/deverrouilleur-golf\\\/\",\"url\":\"https:\\\/\\\/fors.fr\\\/en\\\/eas-accessories\\\/tag-detachers\\\/deverrouilleur-golf\\\/\",\"name\":\"D\u00e9tacheurs - D\u00e9tacheurs : D\u00e9tacheur Golf | FORS France\",\"isPartOf\":{\"@id\":\"https:\\\/\\\/fors.fr\\\/en\\\/#website\"},\"primaryImageOfPage\":{\"@id\":\"https:\\\/\\\/fors.fr\\\/en\\\/eas-accessories\\\/tag-detachers\\\/deverrouilleur-golf\\\/#primaryimage\"},\"image\":{\"@id\":\"https:\\\/\\\/fors.fr\\\/en\\\/eas-accessories\\\/tag-detachers\\\/deverrouilleur-golf\\\/#primaryimage\"},\"thumbnailUrl\":\"https:\\\/\\\/fors.fr\\\/medias\\\/WooCommerce_Produits\\\/Acessoires_EAS\\\/Deverrouilleurs\\\/D\u00e9verrouilleur-Golf.jpg\",\"datePublished\":\"2019-09-25T21:17:57+00:00\",\"dateModified\":\"2023-09-11T13:13:57+00:00\",\"description\":\"Le d\u00e9verrouilleur Golf est utilis\u00e9 exclusivement pour l'ouverture de des macarons Golf. Il peut \u00e9galement \u00eatre utilis\u00e9 pour l'ouverture de macarons textiles traditionnels.\u0085\",\"breadcrumb\":{\"@id\":\"https:\\\/\\\/fors.fr\\\/en\\\/eas-accessories\\\/tag-detachers\\\/deverrouilleur-golf\\\/#breadcrumb\"},\"inLanguage\":\"en-US\",\"potentialAction\":[{\"@type\":\"ReadAction\",\"target\":[\"https:\\\/\\\/fors.fr\\\/en\\\/eas-accessories\\\/tag-detachers\\\/deverrouilleur-golf\\\/\"]}]},{\"@type\":\"ImageObject\",\"inLanguage\":\"en-US\",\"@id\":\"https:\\\/\\\/fors.fr\\\/en\\\/eas-accessories\\\/tag-detachers\\\/deverrouilleur-golf\\\/#primaryimage\",\"url\":\"https:\\\/\\\/fors.fr\\\/medias\\\/WooCommerce_Produits\\\/Acessoires_EAS\\\/Deverrouilleurs\\\/D\u00e9verrouilleur-Golf.jpg\",\"contentUrl\":\"https:\\\/\\\/fors.fr\\\/medias\\\/WooCommerce_Produits\\\/Acessoires_EAS\\\/Deverrouilleurs\\\/D\u00e9verrouilleur-Golf.jpg\",\"width\":1500,\"height\":1500},{\"@type\":\"BreadcrumbList\",\"@id\":\"https:\\\/\\\/fors.fr\\\/en\\\/eas-accessories\\\/tag-detachers\\\/deverrouilleur-golf\\\/#breadcrumb\",\"itemListElement\":[{\"@type\":\"ListItem\",\"position\":1,\"name\":\"FORS\",\"item\":\"https:\\\/\\\/fors.fr\\\/en\\\/\"},{\"@type\":\"ListItem\",\"position\":2,\"name\":\"Shop\",\"item\":\"https:\\\/\\\/fors.fr\\\/en\\\/shop\\\/\"},{\"@type\":\"ListItem\",\"position\":3,\"name\":\"D\u00e9verrouilleur Golf\"}]},{\"@type\":\"WebSite\",\"@id\":\"https:\\\/\\\/fors.fr\\\/en\\\/#website\",\"url\":\"https:\\\/\\\/fors.fr\\\/en\\\/\",\"name\":\"FORS Anti-Theft\",\"description\":\"Anti-theft against shoplifting\",\"publisher\":{\"@id\":\"https:\\\/\\\/fors.fr\\\/en\\\/#organization\"},\"alternateName\":\"Fors\",\"potentialAction\":[{\"@type\":\"SearchAction\",\"target\":{\"@type\":\"EntryPoint\",\"urlTemplate\":\"https:\\\/\\\/fors.fr\\\/en\\\/?s={search_term_string}\"},\"query-input\":{\"@type\":\"PropertyValueSpecification\",\"valueRequired\":true,\"valueName\":\"search_term_string\"}}],\"inLanguage\":\"en-US\"},{\"@type\":\"Organization\",\"@id\":\"https:\\\/\\\/fors.fr\\\/en\\\/#organization\",\"name\":\"Fors\",\"alternateName\":\"Fors Anti-Theft\",\"url\":\"https:\\\/\\\/fors.fr\\\/en\\\/\",\"logo\":{\"@type\":\"ImageObject\",\"inLanguage\":\"en-US\",\"@id\":\"https:\\\/\\\/fors.fr\\\/en\\\/#\\\/schema\\\/logo\\\/image\\\/\",\"url\":\"https:\\\/\\\/fors.fr\\\/medias\\\/favico_512.png\",\"contentUrl\":\"https:\\\/\\\/fors.fr\\\/medias\\\/favico_512.png\",\"width\":512,\"height\":512,\"caption\":\"Fors\"},\"image\":{\"@id\":\"https:\\\/\\\/fors.fr\\\/en\\\/#\\\/schema\\\/logo\\\/image\\\/\"},\"sameAs\":[\"https:\\\/\\\/www.facebook.com\\\/forsantitheft\\\/\",\"https:\\\/\\\/x.com\\\/fors_france\",\"https:\\\/\\\/www.linkedin.com\\\/company\\\/245351\\\/\",\"https:\\\/\\\/www.youtube.com\\\/user\\\/ForsFrance\\\/\",\"https:\\\/\\\/www.companeo.com\\\/portiques-de-securite\\\/annuaire\\\/fors-france\",\"https:\\\/\\\/www.europages.fr\\\/FORS-FRANCE\\\/FRA310174-000009382001.html\",\"https:\\\/\\\/www.pagesjaunes.fr\\\/pros\\\/07584984\"]}]}<\/script>\n<!-- \/ Yoast SEO plugin. -->","yoast_head_json":{"title":"D\u00e9tacheurs - D\u00e9tacheurs : D\u00e9tacheur Golf | FORS France","description":"Le d\u00e9verrouilleur Golf est utilis\u00e9 exclusivement pour l'ouverture de des macarons Golf. Il peut \u00e9galement \u00eatre utilis\u00e9 pour l'ouverture de macarons textiles traditionnels.\u0085","robots":{"index":"index","follow":"follow","max-snippet":"max-snippet:-1","max-image-preview":"max-image-preview:large","max-video-preview":"max-video-preview:-1"},"canonical":"https:\/\/fors.fr\/en\/eas-accessories\/tag-detachers\/deverrouilleur-golf\/","og_locale":"en_US","og_type":"article","og_title":"D\u00e9tacheurs - D\u00e9tacheurs : D\u00e9tacheur Golf | FORS France","og_description":"Le d\u00e9verrouilleur Golf est utilis\u00e9 exclusivement pour l'ouverture de des macarons Golf. Il peut \u00e9galement \u00eatre utilis\u00e9 pour l'ouverture de macarons textiles traditionnels.\u0085","og_url":"https:\/\/fors.fr\/en\/eas-accessories\/tag-detachers\/deverrouilleur-golf\/","og_site_name":"Fors Anti-Theft","article_publisher":"https:\/\/www.facebook.com\/forsantitheft\/","article_modified_time":"2023-09-11T13:13:57+00:00","og_image":[{"width":1500,"height":1500,"url":"https:\/\/fors.fr\/medias\/WooCommerce_Produits\/Acessoires_EAS\/Deverrouilleurs\/D\u00e9verrouilleur-Golf.jpg","type":"image\/jpeg"}],"twitter_card":"summary_large_image","twitter_site":"@fors_france","schema":{"@context":"https:\/\/schema.org","@graph":[{"@type":"WebPage","@id":"https:\/\/fors.fr\/en\/eas-accessories\/tag-detachers\/deverrouilleur-golf\/","url":"https:\/\/fors.fr\/en\/eas-accessories\/tag-detachers\/deverrouilleur-golf\/","name":"D\u00e9tacheurs - D\u00e9tacheurs : D\u00e9tacheur Golf | FORS France","isPartOf":{"@id":"https:\/\/fors.fr\/en\/#website"},"primaryImageOfPage":{"@id":"https:\/\/fors.fr\/en\/eas-accessories\/tag-detachers\/deverrouilleur-golf\/#primaryimage"},"image":{"@id":"https:\/\/fors.fr\/en\/eas-accessories\/tag-detachers\/deverrouilleur-golf\/#primaryimage"},"thumbnailUrl":"https:\/\/fors.fr\/medias\/WooCommerce_Produits\/Acessoires_EAS\/Deverrouilleurs\/D\u00e9verrouilleur-Golf.jpg","datePublished":"2019-09-25T21:17:57+00:00","dateModified":"2023-09-11T13:13:57+00:00","description":"Le d\u00e9verrouilleur Golf est utilis\u00e9 exclusivement pour l'ouverture de des macarons Golf. Il peut \u00e9galement \u00eatre utilis\u00e9 pour l'ouverture de macarons textiles traditionnels.\u0085","breadcrumb":{"@id":"https:\/\/fors.fr\/en\/eas-accessories\/tag-detachers\/deverrouilleur-golf\/#breadcrumb"},"inLanguage":"en-US","potentialAction":[{"@type":"ReadAction","target":["https:\/\/fors.fr\/en\/eas-accessories\/tag-detachers\/deverrouilleur-golf\/"]}]},{"@type":"ImageObject","inLanguage":"en-US","@id":"https:\/\/fors.fr\/en\/eas-accessories\/tag-detachers\/deverrouilleur-golf\/#primaryimage","url":"https:\/\/fors.fr\/medias\/WooCommerce_Produits\/Acessoires_EAS\/Deverrouilleurs\/D\u00e9verrouilleur-Golf.jpg","contentUrl":"https:\/\/fors.fr\/medias\/WooCommerce_Produits\/Acessoires_EAS\/Deverrouilleurs\/D\u00e9verrouilleur-Golf.jpg","width":1500,"height":1500},{"@type":"BreadcrumbList","@id":"https:\/\/fors.fr\/en\/eas-accessories\/tag-detachers\/deverrouilleur-golf\/#breadcrumb","itemListElement":[{"@type":"ListItem","position":1,"name":"FORS","item":"https:\/\/fors.fr\/en\/"},{"@type":"ListItem","position":2,"name":"Shop","item":"https:\/\/fors.fr\/en\/shop\/"},{"@type":"ListItem","position":3,"name":"D\u00e9verrouilleur Golf"}]},{"@type":"WebSite","@id":"https:\/\/fors.fr\/en\/#website","url":"https:\/\/fors.fr\/en\/","name":"FORS Anti-Theft","description":"Anti-theft against shoplifting","publisher":{"@id":"https:\/\/fors.fr\/en\/#organization"},"alternateName":"Fors","potentialAction":[{"@type":"SearchAction","target":{"@type":"EntryPoint","urlTemplate":"https:\/\/fors.fr\/en\/?s={search_term_string}"},"query-input":{"@type":"PropertyValueSpecification","valueRequired":true,"valueName":"search_term_string"}}],"inLanguage":"en-US"},{"@type":"Organization","@id":"https:\/\/fors.fr\/en\/#organization","name":"Fors","alternateName":"Fors Anti-Theft","url":"https:\/\/fors.fr\/en\/","logo":{"@type":"ImageObject","inLanguage":"en-US","@id":"https:\/\/fors.fr\/en\/#\/schema\/logo\/image\/","url":"https:\/\/fors.fr\/medias\/favico_512.png","contentUrl":"https:\/\/fors.fr\/medias\/favico_512.png","width":512,"height":512,"caption":"Fors"},"image":{"@id":"https:\/\/fors.fr\/en\/#\/schema\/logo\/image\/"},"sameAs":["https:\/\/www.facebook.com\/forsantitheft\/","https:\/\/x.com\/fors_france","https:\/\/www.linkedin.com\/company\/245351\/","https:\/\/www.youtube.com\/user\/ForsFrance\/","https:\/\/www.companeo.com\/portiques-de-securite\/annuaire\/fors-france","https:\/\/www.europages.fr\/FORS-FRANCE\/FRA310174-000009382001.html","https:\/\/www.pagesjaunes.fr\/pros\/07584984"]}]}},"_links":{"self":[{"href":"https:\/\/fors.fr\/en\/wp-json\/wp\/v2\/product\/213970","targetHints":{"allow":["GET"]}}],"collection":[{"href":"https:\/\/fors.fr\/en\/wp-json\/wp\/v2\/product"}],"about":[{"href":"https:\/\/fors.fr\/en\/wp-json\/wp\/v2\/types\/product"}],"wp:featuredmedia":[{"embeddable":true,"href":"https:\/\/fors.fr\/en\/wp-json\/wp\/v2\/media\/51705"}],"wp:attachment":[{"href":"https:\/\/fors.fr\/en\/wp-json\/wp\/v2\/media?parent=213970"}],"wp:term":[{"taxonomy":"product_brand","embeddable":true,"href":"https:\/\/fors.fr\/en\/wp-json\/wp\/v2\/product_brand?post=213970"},{"taxonomy":"product_cat","embeddable":true,"href":"https:\/\/fors.fr\/en\/wp-json\/wp\/v2\/product_cat?post=213970"},{"taxonomy":"product_tag","embeddable":true,"href":"https:\/\/fors.fr\/en\/wp-json\/wp\/v2\/product_tag?post=213970"}],"curies":[{"name":"wp","href":"https:\/\/api.w.org\/{rel}","templated":true}]}}