{"id":213979,"date":"2019-09-14T18:56:24","date_gmt":"2019-09-14T16:56:24","guid":{"rendered":"https:\/\/fors.fr\/uncategorized\/deverrouilleur-fors-manuel\/"},"modified":"2023-09-11T15:14:08","modified_gmt":"2023-09-11T13:14:08","slug":"deverrouilleur-fors-manuel","status":"publish","type":"product","link":"https:\/\/fors.fr\/en\/eas-accessories\/tag-detachers\/deverrouilleur-fors-manuel\/","title":{"rendered":"D\u00e9verrouilleur Fors manuel"},"content":{"rendered":"<p><strong style=\"color:#4e55a2;\">D\u00c9TACHEUR FORS MANUEL<\/strong><\/p>\n<p>La forme ergonomique du d\u00e9verrouilleur FORS manuel a \u00e9t\u00e9 sp\u00e9cifiquement con\u00e7u pour faciliter la bonne tenue en main de ce dernier lors du d\u00e9verrouillage.<\/p>\n<p>Il est associ\u00e9 \u00e0 l&#8217;ouverture des COLFORS positionn\u00e9s sur les bouteilles d&#8217;alcools ou \u00e0 celle des blisterkeys positionn\u00e9s en bout de broche.<\/p>\n<p>Son utilisation est avant tout mobile. Il ouvre l&#8217;ensemble de la gamme des bo\u00eetiers \u00e9quip\u00e9e en un point de protection FORS comme le d\u00e9verrouilleur FORS classique.<\/p>\n<p><strong style=\"color:#4e55a2;\">Dimensions ( L x H x P ) : <\/strong>100 x 42 x 45 mm<\/p>\n","protected":false},"excerpt":{"rendered":"<p>Pour d\u00e9verrouiller les g\u00e2chettes 1P et 2P.<br \/>\nFacilement transportable<br \/>\nVendu \u00e0 l&#8217;unit\u00e9<\/p>\n","protected":false},"featured_media":51701,"template":"","meta":{"_et_pb_use_builder":"","_et_pb_old_content":"","_et_gb_content_width":""},"product_brand":[],"product_cat":[1388],"product_tag":[1422],"class_list":{"0":"post-213979","1":"product","2":"type-product","3":"status-publish","4":"has-post-thumbnail","6":"product_cat-tag-detachers","7":"product_tag-cases-removers","8":"pa_securite-boitiers-1p-en","9":"pa_securite-boitiers-2p-en","11":"first","12":"instock","13":"taxable","14":"shipping-taxable","15":"purchasable","16":"product-type-simple"},"yoast_head":"<!-- This site is optimized with the Yoast SEO plugin v27.4 - https:\/\/yoast.com\/product\/yoast-seo-wordpress\/ -->\n<title>D\u00e9verrouilleur Fors manuel - Fors Anti-Theft<\/title>\n<meta name=\"robots\" content=\"index, follow, max-snippet:-1, max-image-preview:large, max-video-preview:-1\" \/>\n<link rel=\"canonical\" href=\"https:\/\/fors.fr\/en\/eas-accessories\/tag-detachers\/deverrouilleur-fors-manuel\/\" \/>\n<meta property=\"og:locale\" content=\"en_US\" \/>\n<meta property=\"og:type\" content=\"article\" \/>\n<meta property=\"og:title\" content=\"D\u00e9verrouilleur Fors manuel - Fors Anti-Theft\" \/>\n<meta property=\"og:description\" content=\"Pour d\u00e9verrouiller les g\u00e2chettes 1P et 2P. Facilement transportable Vendu \u00e0 l&#039;unit\u00e9\" \/>\n<meta property=\"og:url\" content=\"https:\/\/fors.fr\/en\/eas-accessories\/tag-detachers\/deverrouilleur-fors-manuel\/\" \/>\n<meta property=\"og:site_name\" content=\"Fors Anti-Theft\" \/>\n<meta property=\"article:publisher\" content=\"https:\/\/www.facebook.com\/forsantitheft\/\" \/>\n<meta property=\"article:modified_time\" content=\"2023-09-11T13:14:08+00:00\" \/>\n<meta property=\"og:image\" content=\"https:\/\/fors.fr\/medias\/WooCommerce_Produits\/Acessoires_EAS\/Deverrouilleurs\/D\u00e9verrouilleur-Fors-Manuel.jpg\" \/>\n\t<meta property=\"og:image:width\" content=\"1500\" \/>\n\t<meta property=\"og:image:height\" content=\"1500\" \/>\n\t<meta property=\"og:image:type\" content=\"image\/jpeg\" \/>\n<meta name=\"twitter:card\" content=\"summary_large_image\" \/>\n<meta name=\"twitter:site\" content=\"@fors_france\" \/>\n<script type=\"application\/ld+json\" class=\"yoast-schema-graph\">{\"@context\":\"https:\\\/\\\/schema.org\",\"@graph\":[{\"@type\":\"WebPage\",\"@id\":\"https:\\\/\\\/fors.fr\\\/en\\\/eas-accessories\\\/tag-detachers\\\/deverrouilleur-fors-manuel\\\/\",\"url\":\"https:\\\/\\\/fors.fr\\\/en\\\/eas-accessories\\\/tag-detachers\\\/deverrouilleur-fors-manuel\\\/\",\"name\":\"D\u00e9verrouilleur Fors manuel - Fors Anti-Theft\",\"isPartOf\":{\"@id\":\"https:\\\/\\\/fors.fr\\\/en\\\/#website\"},\"primaryImageOfPage\":{\"@id\":\"https:\\\/\\\/fors.fr\\\/en\\\/eas-accessories\\\/tag-detachers\\\/deverrouilleur-fors-manuel\\\/#primaryimage\"},\"image\":{\"@id\":\"https:\\\/\\\/fors.fr\\\/en\\\/eas-accessories\\\/tag-detachers\\\/deverrouilleur-fors-manuel\\\/#primaryimage\"},\"thumbnailUrl\":\"https:\\\/\\\/fors.fr\\\/medias\\\/WooCommerce_Produits\\\/Acessoires_EAS\\\/Deverrouilleurs\\\/D\u00e9verrouilleur-Fors-Manuel.jpg\",\"datePublished\":\"2019-09-14T16:56:24+00:00\",\"dateModified\":\"2023-09-11T13:14:08+00:00\",\"breadcrumb\":{\"@id\":\"https:\\\/\\\/fors.fr\\\/en\\\/eas-accessories\\\/tag-detachers\\\/deverrouilleur-fors-manuel\\\/#breadcrumb\"},\"inLanguage\":\"en-US\",\"potentialAction\":[{\"@type\":\"ReadAction\",\"target\":[\"https:\\\/\\\/fors.fr\\\/en\\\/eas-accessories\\\/tag-detachers\\\/deverrouilleur-fors-manuel\\\/\"]}]},{\"@type\":\"ImageObject\",\"inLanguage\":\"en-US\",\"@id\":\"https:\\\/\\\/fors.fr\\\/en\\\/eas-accessories\\\/tag-detachers\\\/deverrouilleur-fors-manuel\\\/#primaryimage\",\"url\":\"https:\\\/\\\/fors.fr\\\/medias\\\/WooCommerce_Produits\\\/Acessoires_EAS\\\/Deverrouilleurs\\\/D\u00e9verrouilleur-Fors-Manuel.jpg\",\"contentUrl\":\"https:\\\/\\\/fors.fr\\\/medias\\\/WooCommerce_Produits\\\/Acessoires_EAS\\\/Deverrouilleurs\\\/D\u00e9verrouilleur-Fors-Manuel.jpg\",\"width\":1500,\"height\":1500},{\"@type\":\"BreadcrumbList\",\"@id\":\"https:\\\/\\\/fors.fr\\\/en\\\/eas-accessories\\\/tag-detachers\\\/deverrouilleur-fors-manuel\\\/#breadcrumb\",\"itemListElement\":[{\"@type\":\"ListItem\",\"position\":1,\"name\":\"FORS\",\"item\":\"https:\\\/\\\/fors.fr\\\/en\\\/\"},{\"@type\":\"ListItem\",\"position\":2,\"name\":\"Shop\",\"item\":\"https:\\\/\\\/fors.fr\\\/en\\\/shop\\\/\"},{\"@type\":\"ListItem\",\"position\":3,\"name\":\"D\u00e9verrouilleur Fors manuel\"}]},{\"@type\":\"WebSite\",\"@id\":\"https:\\\/\\\/fors.fr\\\/en\\\/#website\",\"url\":\"https:\\\/\\\/fors.fr\\\/en\\\/\",\"name\":\"FORS Anti-Theft\",\"description\":\"Anti-theft against shoplifting\",\"publisher\":{\"@id\":\"https:\\\/\\\/fors.fr\\\/en\\\/#organization\"},\"alternateName\":\"Fors\",\"potentialAction\":[{\"@type\":\"SearchAction\",\"target\":{\"@type\":\"EntryPoint\",\"urlTemplate\":\"https:\\\/\\\/fors.fr\\\/en\\\/?s={search_term_string}\"},\"query-input\":{\"@type\":\"PropertyValueSpecification\",\"valueRequired\":true,\"valueName\":\"search_term_string\"}}],\"inLanguage\":\"en-US\"},{\"@type\":\"Organization\",\"@id\":\"https:\\\/\\\/fors.fr\\\/en\\\/#organization\",\"name\":\"Fors\",\"alternateName\":\"Fors Anti-Theft\",\"url\":\"https:\\\/\\\/fors.fr\\\/en\\\/\",\"logo\":{\"@type\":\"ImageObject\",\"inLanguage\":\"en-US\",\"@id\":\"https:\\\/\\\/fors.fr\\\/en\\\/#\\\/schema\\\/logo\\\/image\\\/\",\"url\":\"https:\\\/\\\/fors.fr\\\/medias\\\/favico_512.png\",\"contentUrl\":\"https:\\\/\\\/fors.fr\\\/medias\\\/favico_512.png\",\"width\":512,\"height\":512,\"caption\":\"Fors\"},\"image\":{\"@id\":\"https:\\\/\\\/fors.fr\\\/en\\\/#\\\/schema\\\/logo\\\/image\\\/\"},\"sameAs\":[\"https:\\\/\\\/www.facebook.com\\\/forsantitheft\\\/\",\"https:\\\/\\\/x.com\\\/fors_france\",\"https:\\\/\\\/www.linkedin.com\\\/company\\\/245351\\\/\",\"https:\\\/\\\/www.youtube.com\\\/user\\\/ForsFrance\\\/\",\"https:\\\/\\\/www.companeo.com\\\/portiques-de-securite\\\/annuaire\\\/fors-france\",\"https:\\\/\\\/www.europages.fr\\\/FORS-FRANCE\\\/FRA310174-000009382001.html\",\"https:\\\/\\\/www.pagesjaunes.fr\\\/pros\\\/07584984\"]}]}<\/script>\n<!-- \/ Yoast SEO plugin. -->","yoast_head_json":{"title":"D\u00e9verrouilleur Fors manuel - Fors Anti-Theft","robots":{"index":"index","follow":"follow","max-snippet":"max-snippet:-1","max-image-preview":"max-image-preview:large","max-video-preview":"max-video-preview:-1"},"canonical":"https:\/\/fors.fr\/en\/eas-accessories\/tag-detachers\/deverrouilleur-fors-manuel\/","og_locale":"en_US","og_type":"article","og_title":"D\u00e9verrouilleur Fors manuel - Fors Anti-Theft","og_description":"Pour d\u00e9verrouiller les g\u00e2chettes 1P et 2P. Facilement transportable Vendu \u00e0 l'unit\u00e9","og_url":"https:\/\/fors.fr\/en\/eas-accessories\/tag-detachers\/deverrouilleur-fors-manuel\/","og_site_name":"Fors Anti-Theft","article_publisher":"https:\/\/www.facebook.com\/forsantitheft\/","article_modified_time":"2023-09-11T13:14:08+00:00","og_image":[{"width":1500,"height":1500,"url":"https:\/\/fors.fr\/medias\/WooCommerce_Produits\/Acessoires_EAS\/Deverrouilleurs\/D\u00e9verrouilleur-Fors-Manuel.jpg","type":"image\/jpeg"}],"twitter_card":"summary_large_image","twitter_site":"@fors_france","schema":{"@context":"https:\/\/schema.org","@graph":[{"@type":"WebPage","@id":"https:\/\/fors.fr\/en\/eas-accessories\/tag-detachers\/deverrouilleur-fors-manuel\/","url":"https:\/\/fors.fr\/en\/eas-accessories\/tag-detachers\/deverrouilleur-fors-manuel\/","name":"D\u00e9verrouilleur Fors manuel - Fors Anti-Theft","isPartOf":{"@id":"https:\/\/fors.fr\/en\/#website"},"primaryImageOfPage":{"@id":"https:\/\/fors.fr\/en\/eas-accessories\/tag-detachers\/deverrouilleur-fors-manuel\/#primaryimage"},"image":{"@id":"https:\/\/fors.fr\/en\/eas-accessories\/tag-detachers\/deverrouilleur-fors-manuel\/#primaryimage"},"thumbnailUrl":"https:\/\/fors.fr\/medias\/WooCommerce_Produits\/Acessoires_EAS\/Deverrouilleurs\/D\u00e9verrouilleur-Fors-Manuel.jpg","datePublished":"2019-09-14T16:56:24+00:00","dateModified":"2023-09-11T13:14:08+00:00","breadcrumb":{"@id":"https:\/\/fors.fr\/en\/eas-accessories\/tag-detachers\/deverrouilleur-fors-manuel\/#breadcrumb"},"inLanguage":"en-US","potentialAction":[{"@type":"ReadAction","target":["https:\/\/fors.fr\/en\/eas-accessories\/tag-detachers\/deverrouilleur-fors-manuel\/"]}]},{"@type":"ImageObject","inLanguage":"en-US","@id":"https:\/\/fors.fr\/en\/eas-accessories\/tag-detachers\/deverrouilleur-fors-manuel\/#primaryimage","url":"https:\/\/fors.fr\/medias\/WooCommerce_Produits\/Acessoires_EAS\/Deverrouilleurs\/D\u00e9verrouilleur-Fors-Manuel.jpg","contentUrl":"https:\/\/fors.fr\/medias\/WooCommerce_Produits\/Acessoires_EAS\/Deverrouilleurs\/D\u00e9verrouilleur-Fors-Manuel.jpg","width":1500,"height":1500},{"@type":"BreadcrumbList","@id":"https:\/\/fors.fr\/en\/eas-accessories\/tag-detachers\/deverrouilleur-fors-manuel\/#breadcrumb","itemListElement":[{"@type":"ListItem","position":1,"name":"FORS","item":"https:\/\/fors.fr\/en\/"},{"@type":"ListItem","position":2,"name":"Shop","item":"https:\/\/fors.fr\/en\/shop\/"},{"@type":"ListItem","position":3,"name":"D\u00e9verrouilleur Fors manuel"}]},{"@type":"WebSite","@id":"https:\/\/fors.fr\/en\/#website","url":"https:\/\/fors.fr\/en\/","name":"FORS Anti-Theft","description":"Anti-theft against shoplifting","publisher":{"@id":"https:\/\/fors.fr\/en\/#organization"},"alternateName":"Fors","potentialAction":[{"@type":"SearchAction","target":{"@type":"EntryPoint","urlTemplate":"https:\/\/fors.fr\/en\/?s={search_term_string}"},"query-input":{"@type":"PropertyValueSpecification","valueRequired":true,"valueName":"search_term_string"}}],"inLanguage":"en-US"},{"@type":"Organization","@id":"https:\/\/fors.fr\/en\/#organization","name":"Fors","alternateName":"Fors Anti-Theft","url":"https:\/\/fors.fr\/en\/","logo":{"@type":"ImageObject","inLanguage":"en-US","@id":"https:\/\/fors.fr\/en\/#\/schema\/logo\/image\/","url":"https:\/\/fors.fr\/medias\/favico_512.png","contentUrl":"https:\/\/fors.fr\/medias\/favico_512.png","width":512,"height":512,"caption":"Fors"},"image":{"@id":"https:\/\/fors.fr\/en\/#\/schema\/logo\/image\/"},"sameAs":["https:\/\/www.facebook.com\/forsantitheft\/","https:\/\/x.com\/fors_france","https:\/\/www.linkedin.com\/company\/245351\/","https:\/\/www.youtube.com\/user\/ForsFrance\/","https:\/\/www.companeo.com\/portiques-de-securite\/annuaire\/fors-france","https:\/\/www.europages.fr\/FORS-FRANCE\/FRA310174-000009382001.html","https:\/\/www.pagesjaunes.fr\/pros\/07584984"]}]}},"_links":{"self":[{"href":"https:\/\/fors.fr\/en\/wp-json\/wp\/v2\/product\/213979","targetHints":{"allow":["GET"]}}],"collection":[{"href":"https:\/\/fors.fr\/en\/wp-json\/wp\/v2\/product"}],"about":[{"href":"https:\/\/fors.fr\/en\/wp-json\/wp\/v2\/types\/product"}],"wp:featuredmedia":[{"embeddable":true,"href":"https:\/\/fors.fr\/en\/wp-json\/wp\/v2\/media\/51701"}],"wp:attachment":[{"href":"https:\/\/fors.fr\/en\/wp-json\/wp\/v2\/media?parent=213979"}],"wp:term":[{"taxonomy":"product_brand","embeddable":true,"href":"https:\/\/fors.fr\/en\/wp-json\/wp\/v2\/product_brand?post=213979"},{"taxonomy":"product_cat","embeddable":true,"href":"https:\/\/fors.fr\/en\/wp-json\/wp\/v2\/product_cat?post=213979"},{"taxonomy":"product_tag","embeddable":true,"href":"https:\/\/fors.fr\/en\/wp-json\/wp\/v2\/product_tag?post=213979"}],"curies":[{"name":"wp","href":"https:\/\/api.w.org\/{rel}","templated":true}]}}