{"id":213980,"date":"2013-12-23T18:00:30","date_gmt":"2013-12-23T17:00:30","guid":{"rendered":"https:\/\/fors.fr\/uncategorized\/deverrouilleur-normallock\/"},"modified":"2026-03-04T09:56:49","modified_gmt":"2026-03-04T08:56:49","slug":"detacher-normallock","status":"publish","type":"product","link":"https:\/\/fors.fr\/en\/eas-accessories\/tag-detachers\/detacher-normallock\/","title":{"rendered":"NormalLock Detacher"},"content":{"rendered":"<p>The Normal Lock detacher is used mainly in retail stores to unlock tags or security labels positioned on clothing. The FORS safers range is compatible with this detacher. Simply specify when placing your order that your boxes need to be fitted with a Normal Lock detachment point.<\/p>\n","protected":false},"excerpt":{"rendered":"<p>To unlock Normal Lock secured accessories.<br \/>\nSold individually<\/p>\n","protected":false},"featured_media":51709,"template":"","meta":{"_et_pb_use_builder":"","_et_pb_old_content":"","_et_gb_content_width":""},"product_brand":[],"product_cat":[1388],"product_tag":[1421],"class_list":{"0":"post-213980","1":"product","2":"type-product","3":"status-publish","4":"has-post-thumbnail","6":"product_cat-tag-detachers","7":"product_tag-accessories-removers","8":"pa_securite-accessoires-normallock-en","10":"first","11":"instock","12":"taxable","13":"shipping-taxable","14":"purchasable","15":"product-type-simple"},"yoast_head":"<!-- This site is optimized with the Yoast SEO plugin v27.4 - https:\/\/yoast.com\/product\/yoast-seo-wordpress\/ -->\n<title>Anti-Theft Accessories Detacher : Normal Lock | FORS France<\/title>\n<meta name=\"description\" content=\"Le d\u00e9verrouilleur textile est utilis\u00e9 notamment en magasin pour l&#039;ouverture des macarons ou tags positionn\u00e9s sur les v\u00eatements. La gamme des bo\u00eetiers Fors est compatible avec ce d\u00e9verrouilleur, il vous suffit d\" \/>\n<meta name=\"robots\" content=\"index, follow, max-snippet:-1, max-image-preview:large, max-video-preview:-1\" \/>\n<link rel=\"canonical\" href=\"https:\/\/fors.fr\/en\/eas-accessories\/tag-detachers\/detacher-normallock\/\" \/>\n<meta property=\"og:locale\" content=\"en_US\" \/>\n<meta property=\"og:type\" content=\"article\" \/>\n<meta property=\"og:title\" content=\"Anti-Theft Accessories Detacher : Normal Lock | FORS France\" \/>\n<meta property=\"og:description\" content=\"Le d\u00e9verrouilleur textile est utilis\u00e9 notamment en magasin pour l&#039;ouverture des macarons ou tags positionn\u00e9s sur les v\u00eatements. La gamme des bo\u00eetiers Fors est compatible avec ce d\u00e9verrouilleur, il vous suffit d\" \/>\n<meta property=\"og:url\" content=\"https:\/\/fors.fr\/en\/eas-accessories\/tag-detachers\/detacher-normallock\/\" \/>\n<meta property=\"og:site_name\" content=\"Fors Anti-Theft\" \/>\n<meta property=\"article:publisher\" content=\"https:\/\/www.facebook.com\/forsantitheft\/\" \/>\n<meta property=\"article:modified_time\" content=\"2026-03-04T08:56:49+00:00\" \/>\n<meta property=\"og:image\" content=\"https:\/\/fors.fr\/medias\/WooCommerce_Produits\/Acessoires_EAS\/Deverrouilleurs\/D\u00e9verrouilleur-NormalLock.jpg\" \/>\n\t<meta property=\"og:image:width\" content=\"1500\" \/>\n\t<meta property=\"og:image:height\" content=\"1501\" \/>\n\t<meta property=\"og:image:type\" content=\"image\/jpeg\" \/>\n<meta name=\"twitter:card\" content=\"summary_large_image\" \/>\n<meta name=\"twitter:site\" content=\"@fors_france\" \/>\n<script type=\"application\/ld+json\" class=\"yoast-schema-graph\">{\"@context\":\"https:\\\/\\\/schema.org\",\"@graph\":[{\"@type\":\"WebPage\",\"@id\":\"https:\\\/\\\/fors.fr\\\/en\\\/eas-accessories\\\/tag-detachers\\\/detacher-normallock\\\/\",\"url\":\"https:\\\/\\\/fors.fr\\\/en\\\/eas-accessories\\\/tag-detachers\\\/detacher-normallock\\\/\",\"name\":\"Anti-Theft Accessories Detacher : Normal Lock | FORS France\",\"isPartOf\":{\"@id\":\"https:\\\/\\\/fors.fr\\\/en\\\/#website\"},\"primaryImageOfPage\":{\"@id\":\"https:\\\/\\\/fors.fr\\\/en\\\/eas-accessories\\\/tag-detachers\\\/detacher-normallock\\\/#primaryimage\"},\"image\":{\"@id\":\"https:\\\/\\\/fors.fr\\\/en\\\/eas-accessories\\\/tag-detachers\\\/detacher-normallock\\\/#primaryimage\"},\"thumbnailUrl\":\"https:\\\/\\\/fors.fr\\\/medias\\\/WooCommerce_Produits\\\/Acessoires_EAS\\\/Deverrouilleurs\\\/D\u00e9verrouilleur-NormalLock.jpg\",\"datePublished\":\"2013-12-23T17:00:30+00:00\",\"dateModified\":\"2026-03-04T08:56:49+00:00\",\"description\":\"Le d\u00e9verrouilleur textile est utilis\u00e9 notamment en magasin pour l'ouverture des macarons ou tags positionn\u00e9s sur les v\u00eatements. La gamme des bo\u00eetiers Fors est compatible avec ce d\u00e9verrouilleur, il vous suffit d\",\"breadcrumb\":{\"@id\":\"https:\\\/\\\/fors.fr\\\/en\\\/eas-accessories\\\/tag-detachers\\\/detacher-normallock\\\/#breadcrumb\"},\"inLanguage\":\"en-US\",\"potentialAction\":[{\"@type\":\"ReadAction\",\"target\":[\"https:\\\/\\\/fors.fr\\\/en\\\/eas-accessories\\\/tag-detachers\\\/detacher-normallock\\\/\"]}]},{\"@type\":\"ImageObject\",\"inLanguage\":\"en-US\",\"@id\":\"https:\\\/\\\/fors.fr\\\/en\\\/eas-accessories\\\/tag-detachers\\\/detacher-normallock\\\/#primaryimage\",\"url\":\"https:\\\/\\\/fors.fr\\\/medias\\\/WooCommerce_Produits\\\/Acessoires_EAS\\\/Deverrouilleurs\\\/D\u00e9verrouilleur-NormalLock.jpg\",\"contentUrl\":\"https:\\\/\\\/fors.fr\\\/medias\\\/WooCommerce_Produits\\\/Acessoires_EAS\\\/Deverrouilleurs\\\/D\u00e9verrouilleur-NormalLock.jpg\",\"width\":1500,\"height\":1501},{\"@type\":\"BreadcrumbList\",\"@id\":\"https:\\\/\\\/fors.fr\\\/en\\\/eas-accessories\\\/tag-detachers\\\/detacher-normallock\\\/#breadcrumb\",\"itemListElement\":[{\"@type\":\"ListItem\",\"position\":1,\"name\":\"FORS\",\"item\":\"https:\\\/\\\/fors.fr\\\/en\\\/\"},{\"@type\":\"ListItem\",\"position\":2,\"name\":\"Shop\",\"item\":\"https:\\\/\\\/fors.fr\\\/en\\\/shop\\\/\"},{\"@type\":\"ListItem\",\"position\":3,\"name\":\"NormalLock Detacher\"}]},{\"@type\":\"WebSite\",\"@id\":\"https:\\\/\\\/fors.fr\\\/en\\\/#website\",\"url\":\"https:\\\/\\\/fors.fr\\\/en\\\/\",\"name\":\"FORS Anti-Theft\",\"description\":\"Anti-theft against shoplifting\",\"publisher\":{\"@id\":\"https:\\\/\\\/fors.fr\\\/en\\\/#organization\"},\"alternateName\":\"Fors\",\"potentialAction\":[{\"@type\":\"SearchAction\",\"target\":{\"@type\":\"EntryPoint\",\"urlTemplate\":\"https:\\\/\\\/fors.fr\\\/en\\\/?s={search_term_string}\"},\"query-input\":{\"@type\":\"PropertyValueSpecification\",\"valueRequired\":true,\"valueName\":\"search_term_string\"}}],\"inLanguage\":\"en-US\"},{\"@type\":\"Organization\",\"@id\":\"https:\\\/\\\/fors.fr\\\/en\\\/#organization\",\"name\":\"Fors\",\"alternateName\":\"Fors Anti-Theft\",\"url\":\"https:\\\/\\\/fors.fr\\\/en\\\/\",\"logo\":{\"@type\":\"ImageObject\",\"inLanguage\":\"en-US\",\"@id\":\"https:\\\/\\\/fors.fr\\\/en\\\/#\\\/schema\\\/logo\\\/image\\\/\",\"url\":\"https:\\\/\\\/fors.fr\\\/medias\\\/favico_512.png\",\"contentUrl\":\"https:\\\/\\\/fors.fr\\\/medias\\\/favico_512.png\",\"width\":512,\"height\":512,\"caption\":\"Fors\"},\"image\":{\"@id\":\"https:\\\/\\\/fors.fr\\\/en\\\/#\\\/schema\\\/logo\\\/image\\\/\"},\"sameAs\":[\"https:\\\/\\\/www.facebook.com\\\/forsantitheft\\\/\",\"https:\\\/\\\/x.com\\\/fors_france\",\"https:\\\/\\\/www.linkedin.com\\\/company\\\/245351\\\/\",\"https:\\\/\\\/www.youtube.com\\\/user\\\/ForsFrance\\\/\",\"https:\\\/\\\/www.companeo.com\\\/portiques-de-securite\\\/annuaire\\\/fors-france\",\"https:\\\/\\\/www.europages.fr\\\/FORS-FRANCE\\\/FRA310174-000009382001.html\",\"https:\\\/\\\/www.pagesjaunes.fr\\\/pros\\\/07584984\"]}]}<\/script>\n<!-- \/ Yoast SEO plugin. -->","yoast_head_json":{"title":"Anti-Theft Accessories Detacher : Normal Lock | FORS France","description":"Le d\u00e9verrouilleur textile est utilis\u00e9 notamment en magasin pour l'ouverture des macarons ou tags positionn\u00e9s sur les v\u00eatements. La gamme des bo\u00eetiers Fors est compatible avec ce d\u00e9verrouilleur, il vous suffit d","robots":{"index":"index","follow":"follow","max-snippet":"max-snippet:-1","max-image-preview":"max-image-preview:large","max-video-preview":"max-video-preview:-1"},"canonical":"https:\/\/fors.fr\/en\/eas-accessories\/tag-detachers\/detacher-normallock\/","og_locale":"en_US","og_type":"article","og_title":"Anti-Theft Accessories Detacher : Normal Lock | FORS France","og_description":"Le d\u00e9verrouilleur textile est utilis\u00e9 notamment en magasin pour l'ouverture des macarons ou tags positionn\u00e9s sur les v\u00eatements. La gamme des bo\u00eetiers Fors est compatible avec ce d\u00e9verrouilleur, il vous suffit d","og_url":"https:\/\/fors.fr\/en\/eas-accessories\/tag-detachers\/detacher-normallock\/","og_site_name":"Fors Anti-Theft","article_publisher":"https:\/\/www.facebook.com\/forsantitheft\/","article_modified_time":"2026-03-04T08:56:49+00:00","og_image":[{"width":1500,"height":1501,"url":"https:\/\/fors.fr\/medias\/WooCommerce_Produits\/Acessoires_EAS\/Deverrouilleurs\/D\u00e9verrouilleur-NormalLock.jpg","type":"image\/jpeg"}],"twitter_card":"summary_large_image","twitter_site":"@fors_france","schema":{"@context":"https:\/\/schema.org","@graph":[{"@type":"WebPage","@id":"https:\/\/fors.fr\/en\/eas-accessories\/tag-detachers\/detacher-normallock\/","url":"https:\/\/fors.fr\/en\/eas-accessories\/tag-detachers\/detacher-normallock\/","name":"Anti-Theft Accessories Detacher : Normal Lock | FORS France","isPartOf":{"@id":"https:\/\/fors.fr\/en\/#website"},"primaryImageOfPage":{"@id":"https:\/\/fors.fr\/en\/eas-accessories\/tag-detachers\/detacher-normallock\/#primaryimage"},"image":{"@id":"https:\/\/fors.fr\/en\/eas-accessories\/tag-detachers\/detacher-normallock\/#primaryimage"},"thumbnailUrl":"https:\/\/fors.fr\/medias\/WooCommerce_Produits\/Acessoires_EAS\/Deverrouilleurs\/D\u00e9verrouilleur-NormalLock.jpg","datePublished":"2013-12-23T17:00:30+00:00","dateModified":"2026-03-04T08:56:49+00:00","description":"Le d\u00e9verrouilleur textile est utilis\u00e9 notamment en magasin pour l'ouverture des macarons ou tags positionn\u00e9s sur les v\u00eatements. La gamme des bo\u00eetiers Fors est compatible avec ce d\u00e9verrouilleur, il vous suffit d","breadcrumb":{"@id":"https:\/\/fors.fr\/en\/eas-accessories\/tag-detachers\/detacher-normallock\/#breadcrumb"},"inLanguage":"en-US","potentialAction":[{"@type":"ReadAction","target":["https:\/\/fors.fr\/en\/eas-accessories\/tag-detachers\/detacher-normallock\/"]}]},{"@type":"ImageObject","inLanguage":"en-US","@id":"https:\/\/fors.fr\/en\/eas-accessories\/tag-detachers\/detacher-normallock\/#primaryimage","url":"https:\/\/fors.fr\/medias\/WooCommerce_Produits\/Acessoires_EAS\/Deverrouilleurs\/D\u00e9verrouilleur-NormalLock.jpg","contentUrl":"https:\/\/fors.fr\/medias\/WooCommerce_Produits\/Acessoires_EAS\/Deverrouilleurs\/D\u00e9verrouilleur-NormalLock.jpg","width":1500,"height":1501},{"@type":"BreadcrumbList","@id":"https:\/\/fors.fr\/en\/eas-accessories\/tag-detachers\/detacher-normallock\/#breadcrumb","itemListElement":[{"@type":"ListItem","position":1,"name":"FORS","item":"https:\/\/fors.fr\/en\/"},{"@type":"ListItem","position":2,"name":"Shop","item":"https:\/\/fors.fr\/en\/shop\/"},{"@type":"ListItem","position":3,"name":"NormalLock Detacher"}]},{"@type":"WebSite","@id":"https:\/\/fors.fr\/en\/#website","url":"https:\/\/fors.fr\/en\/","name":"FORS Anti-Theft","description":"Anti-theft against shoplifting","publisher":{"@id":"https:\/\/fors.fr\/en\/#organization"},"alternateName":"Fors","potentialAction":[{"@type":"SearchAction","target":{"@type":"EntryPoint","urlTemplate":"https:\/\/fors.fr\/en\/?s={search_term_string}"},"query-input":{"@type":"PropertyValueSpecification","valueRequired":true,"valueName":"search_term_string"}}],"inLanguage":"en-US"},{"@type":"Organization","@id":"https:\/\/fors.fr\/en\/#organization","name":"Fors","alternateName":"Fors Anti-Theft","url":"https:\/\/fors.fr\/en\/","logo":{"@type":"ImageObject","inLanguage":"en-US","@id":"https:\/\/fors.fr\/en\/#\/schema\/logo\/image\/","url":"https:\/\/fors.fr\/medias\/favico_512.png","contentUrl":"https:\/\/fors.fr\/medias\/favico_512.png","width":512,"height":512,"caption":"Fors"},"image":{"@id":"https:\/\/fors.fr\/en\/#\/schema\/logo\/image\/"},"sameAs":["https:\/\/www.facebook.com\/forsantitheft\/","https:\/\/x.com\/fors_france","https:\/\/www.linkedin.com\/company\/245351\/","https:\/\/www.youtube.com\/user\/ForsFrance\/","https:\/\/www.companeo.com\/portiques-de-securite\/annuaire\/fors-france","https:\/\/www.europages.fr\/FORS-FRANCE\/FRA310174-000009382001.html","https:\/\/www.pagesjaunes.fr\/pros\/07584984"]}]}},"_links":{"self":[{"href":"https:\/\/fors.fr\/en\/wp-json\/wp\/v2\/product\/213980","targetHints":{"allow":["GET"]}}],"collection":[{"href":"https:\/\/fors.fr\/en\/wp-json\/wp\/v2\/product"}],"about":[{"href":"https:\/\/fors.fr\/en\/wp-json\/wp\/v2\/types\/product"}],"wp:featuredmedia":[{"embeddable":true,"href":"https:\/\/fors.fr\/en\/wp-json\/wp\/v2\/media\/51709"}],"wp:attachment":[{"href":"https:\/\/fors.fr\/en\/wp-json\/wp\/v2\/media?parent=213980"}],"wp:term":[{"taxonomy":"product_brand","embeddable":true,"href":"https:\/\/fors.fr\/en\/wp-json\/wp\/v2\/product_brand?post=213980"},{"taxonomy":"product_cat","embeddable":true,"href":"https:\/\/fors.fr\/en\/wp-json\/wp\/v2\/product_cat?post=213980"},{"taxonomy":"product_tag","embeddable":true,"href":"https:\/\/fors.fr\/en\/wp-json\/wp\/v2\/product_tag?post=213980"}],"curies":[{"name":"wp","href":"https:\/\/api.w.org\/{rel}","templated":true}]}}