{"id":214032,"date":"2019-09-25T09:40:50","date_gmt":"2019-09-25T07:40:50","guid":{"rendered":"https:\/\/fors.fr\/uncategorized\/antivol-lunettes-court\/"},"modified":"2023-10-05T10:21:18","modified_gmt":"2023-10-05T08:21:18","slug":"antivol-lunettes-court","status":"publish","type":"product","link":"https:\/\/fors.fr\/en\/eas-accessories\/retail-accessories\/antivol-lunettes-court\/","title":{"rendered":"Antivol lunettes court"},"content":{"rendered":"<p>Ces macarons permettent d&#8217;exposer les lunettes en libre service, de les essayer, tout en les prot\u00e9geant efficacement du vol \u00e0 l&#8217;\u00e9talage. Ces antivols sont \u00e9quip\u00e9s de la technologie de Radio-fr\u00e9quence et sont donc d\u00e9tectables par toute la gamme de portique R.F Fors. Ils sont retir\u00e9s des lunettes lors du passage en caisse, avec les d\u00e9coupleurs Fors 4P\/5p ou leur version universelle.<\/p>\n","protected":false},"excerpt":{"rendered":"<p>Pour prot\u00e9ger vos lunettes<br \/>\nAntivol compact<br \/>\nPack de 50 antivols<\/p>\n","protected":false},"featured_media":51092,"template":"","meta":{"_et_pb_use_builder":"","_et_pb_old_content":"","_et_gb_content_width":""},"product_brand":[],"product_cat":[1387],"product_tag":[1418],"class_list":{"0":"post-214032","1":"product","2":"type-product","3":"status-publish","4":"has-post-thumbnail","6":"product_cat-retail-accessories","7":"product_tag-anti-theft-devices-for-glasses","8":"pa_couleur-gris-en","9":"pa_couleur-noir-en","10":"pa_securite-accessoires-normallock-en","11":"pa_technologie-am-en-2","12":"pa_technologie-rf-en-2","14":"first","15":"instock","16":"taxable","17":"shipping-taxable","18":"purchasable","19":"product-type-variable"},"yoast_head":"<!-- This site is optimized with the Yoast SEO plugin v27.4 - https:\/\/yoast.com\/product\/yoast-seo-wordpress\/ -->\n<title>Accessoires Antivol - Tags \/ Clous : Macaron Lunettes RF | FORS France<\/title>\n<meta name=\"description\" content=\"Ces macarons permettent d&#039;exposer les lunettes en libre service, de les essayer, tout en les prot\u00e9geant efficacement du vol \u00e0 l&#039;\u00e9talage.Ces antivols sont \u00e9quip\u00e9s de la technologie de Radio-fr\u00e9quence et sont do\u0085\" \/>\n<meta name=\"robots\" content=\"index, follow, max-snippet:-1, max-image-preview:large, max-video-preview:-1\" \/>\n<link rel=\"canonical\" href=\"https:\/\/fors.fr\/en\/eas-accessories\/retail-accessories\/antivol-lunettes-court\/\" \/>\n<meta property=\"og:locale\" content=\"en_US\" \/>\n<meta property=\"og:type\" content=\"article\" \/>\n<meta property=\"og:title\" content=\"Accessoires Antivol - Tags \/ Clous : Macaron Lunettes RF | FORS France\" \/>\n<meta property=\"og:description\" content=\"Ces macarons permettent d&#039;exposer les lunettes en libre service, de les essayer, tout en les prot\u00e9geant efficacement du vol \u00e0 l&#039;\u00e9talage.Ces antivols sont \u00e9quip\u00e9s de la technologie de Radio-fr\u00e9quence et sont do\u0085\" \/>\n<meta property=\"og:url\" content=\"https:\/\/fors.fr\/en\/eas-accessories\/retail-accessories\/antivol-lunettes-court\/\" \/>\n<meta property=\"og:site_name\" content=\"Fors Anti-Theft\" \/>\n<meta property=\"article:publisher\" content=\"https:\/\/www.facebook.com\/forsantitheft\/\" \/>\n<meta property=\"article:modified_time\" content=\"2023-10-05T08:21:18+00:00\" \/>\n<meta property=\"og:image\" content=\"https:\/\/fors.fr\/medias\/WooCommerce_Produits\/Acessoires_EAS\/Antivols_Retail\/Antivol-lunettes-court-gris.jpg\" \/>\n\t<meta property=\"og:image:width\" content=\"1500\" \/>\n\t<meta property=\"og:image:height\" content=\"1489\" \/>\n\t<meta property=\"og:image:type\" content=\"image\/jpeg\" \/>\n<meta name=\"twitter:card\" content=\"summary_large_image\" \/>\n<meta name=\"twitter:site\" content=\"@fors_france\" \/>\n<script type=\"application\/ld+json\" class=\"yoast-schema-graph\">{\"@context\":\"https:\\\/\\\/schema.org\",\"@graph\":[{\"@type\":\"WebPage\",\"@id\":\"https:\\\/\\\/fors.fr\\\/en\\\/eas-accessories\\\/retail-accessories\\\/antivol-lunettes-court\\\/\",\"url\":\"https:\\\/\\\/fors.fr\\\/en\\\/eas-accessories\\\/retail-accessories\\\/antivol-lunettes-court\\\/\",\"name\":\"Accessoires Antivol - Tags \\\/ Clous : Macaron Lunettes RF | FORS France\",\"isPartOf\":{\"@id\":\"https:\\\/\\\/fors.fr\\\/en\\\/#website\"},\"primaryImageOfPage\":{\"@id\":\"https:\\\/\\\/fors.fr\\\/en\\\/eas-accessories\\\/retail-accessories\\\/antivol-lunettes-court\\\/#primaryimage\"},\"image\":{\"@id\":\"https:\\\/\\\/fors.fr\\\/en\\\/eas-accessories\\\/retail-accessories\\\/antivol-lunettes-court\\\/#primaryimage\"},\"thumbnailUrl\":\"https:\\\/\\\/fors.fr\\\/medias\\\/WooCommerce_Produits\\\/Acessoires_EAS\\\/Antivols_Retail\\\/Antivol-lunettes-court-gris.jpg\",\"datePublished\":\"2019-09-25T07:40:50+00:00\",\"dateModified\":\"2023-10-05T08:21:18+00:00\",\"description\":\"Ces macarons permettent d'exposer les lunettes en libre service, de les essayer, tout en les prot\u00e9geant efficacement du vol \u00e0 l'\u00e9talage.Ces antivols sont \u00e9quip\u00e9s de la technologie de Radio-fr\u00e9quence et sont do\u0085\",\"breadcrumb\":{\"@id\":\"https:\\\/\\\/fors.fr\\\/en\\\/eas-accessories\\\/retail-accessories\\\/antivol-lunettes-court\\\/#breadcrumb\"},\"inLanguage\":\"en-US\",\"potentialAction\":[{\"@type\":\"ReadAction\",\"target\":[\"https:\\\/\\\/fors.fr\\\/en\\\/eas-accessories\\\/retail-accessories\\\/antivol-lunettes-court\\\/\"]}]},{\"@type\":\"ImageObject\",\"inLanguage\":\"en-US\",\"@id\":\"https:\\\/\\\/fors.fr\\\/en\\\/eas-accessories\\\/retail-accessories\\\/antivol-lunettes-court\\\/#primaryimage\",\"url\":\"https:\\\/\\\/fors.fr\\\/medias\\\/WooCommerce_Produits\\\/Acessoires_EAS\\\/Antivols_Retail\\\/Antivol-lunettes-court-gris.jpg\",\"contentUrl\":\"https:\\\/\\\/fors.fr\\\/medias\\\/WooCommerce_Produits\\\/Acessoires_EAS\\\/Antivols_Retail\\\/Antivol-lunettes-court-gris.jpg\",\"width\":1500,\"height\":1489},{\"@type\":\"BreadcrumbList\",\"@id\":\"https:\\\/\\\/fors.fr\\\/en\\\/eas-accessories\\\/retail-accessories\\\/antivol-lunettes-court\\\/#breadcrumb\",\"itemListElement\":[{\"@type\":\"ListItem\",\"position\":1,\"name\":\"FORS\",\"item\":\"https:\\\/\\\/fors.fr\\\/en\\\/\"},{\"@type\":\"ListItem\",\"position\":2,\"name\":\"Shop\",\"item\":\"https:\\\/\\\/fors.fr\\\/en\\\/shop\\\/\"},{\"@type\":\"ListItem\",\"position\":3,\"name\":\"Antivol lunettes court\"}]},{\"@type\":\"WebSite\",\"@id\":\"https:\\\/\\\/fors.fr\\\/en\\\/#website\",\"url\":\"https:\\\/\\\/fors.fr\\\/en\\\/\",\"name\":\"FORS Anti-Theft\",\"description\":\"Anti-theft against shoplifting\",\"publisher\":{\"@id\":\"https:\\\/\\\/fors.fr\\\/en\\\/#organization\"},\"alternateName\":\"Fors\",\"potentialAction\":[{\"@type\":\"SearchAction\",\"target\":{\"@type\":\"EntryPoint\",\"urlTemplate\":\"https:\\\/\\\/fors.fr\\\/en\\\/?s={search_term_string}\"},\"query-input\":{\"@type\":\"PropertyValueSpecification\",\"valueRequired\":true,\"valueName\":\"search_term_string\"}}],\"inLanguage\":\"en-US\"},{\"@type\":\"Organization\",\"@id\":\"https:\\\/\\\/fors.fr\\\/en\\\/#organization\",\"name\":\"Fors\",\"alternateName\":\"Fors Anti-Theft\",\"url\":\"https:\\\/\\\/fors.fr\\\/en\\\/\",\"logo\":{\"@type\":\"ImageObject\",\"inLanguage\":\"en-US\",\"@id\":\"https:\\\/\\\/fors.fr\\\/en\\\/#\\\/schema\\\/logo\\\/image\\\/\",\"url\":\"https:\\\/\\\/fors.fr\\\/medias\\\/favico_512.png\",\"contentUrl\":\"https:\\\/\\\/fors.fr\\\/medias\\\/favico_512.png\",\"width\":512,\"height\":512,\"caption\":\"Fors\"},\"image\":{\"@id\":\"https:\\\/\\\/fors.fr\\\/en\\\/#\\\/schema\\\/logo\\\/image\\\/\"},\"sameAs\":[\"https:\\\/\\\/www.facebook.com\\\/forsantitheft\\\/\",\"https:\\\/\\\/x.com\\\/fors_france\",\"https:\\\/\\\/www.linkedin.com\\\/company\\\/245351\\\/\",\"https:\\\/\\\/www.youtube.com\\\/user\\\/ForsFrance\\\/\",\"https:\\\/\\\/www.companeo.com\\\/portiques-de-securite\\\/annuaire\\\/fors-france\",\"https:\\\/\\\/www.europages.fr\\\/FORS-FRANCE\\\/FRA310174-000009382001.html\",\"https:\\\/\\\/www.pagesjaunes.fr\\\/pros\\\/07584984\"]}]}<\/script>\n<!-- \/ Yoast SEO plugin. -->","yoast_head_json":{"title":"Accessoires Antivol - Tags \/ Clous : Macaron Lunettes RF | FORS France","description":"Ces macarons permettent d'exposer les lunettes en libre service, de les essayer, tout en les prot\u00e9geant efficacement du vol \u00e0 l'\u00e9talage.Ces antivols sont \u00e9quip\u00e9s de la technologie de Radio-fr\u00e9quence et sont do\u0085","robots":{"index":"index","follow":"follow","max-snippet":"max-snippet:-1","max-image-preview":"max-image-preview:large","max-video-preview":"max-video-preview:-1"},"canonical":"https:\/\/fors.fr\/en\/eas-accessories\/retail-accessories\/antivol-lunettes-court\/","og_locale":"en_US","og_type":"article","og_title":"Accessoires Antivol - Tags \/ Clous : Macaron Lunettes RF | FORS France","og_description":"Ces macarons permettent d'exposer les lunettes en libre service, de les essayer, tout en les prot\u00e9geant efficacement du vol \u00e0 l'\u00e9talage.Ces antivols sont \u00e9quip\u00e9s de la technologie de Radio-fr\u00e9quence et sont do\u0085","og_url":"https:\/\/fors.fr\/en\/eas-accessories\/retail-accessories\/antivol-lunettes-court\/","og_site_name":"Fors Anti-Theft","article_publisher":"https:\/\/www.facebook.com\/forsantitheft\/","article_modified_time":"2023-10-05T08:21:18+00:00","og_image":[{"width":1500,"height":1489,"url":"https:\/\/fors.fr\/medias\/WooCommerce_Produits\/Acessoires_EAS\/Antivols_Retail\/Antivol-lunettes-court-gris.jpg","type":"image\/jpeg"}],"twitter_card":"summary_large_image","twitter_site":"@fors_france","schema":{"@context":"https:\/\/schema.org","@graph":[{"@type":"WebPage","@id":"https:\/\/fors.fr\/en\/eas-accessories\/retail-accessories\/antivol-lunettes-court\/","url":"https:\/\/fors.fr\/en\/eas-accessories\/retail-accessories\/antivol-lunettes-court\/","name":"Accessoires Antivol - Tags \/ Clous : Macaron Lunettes RF | FORS France","isPartOf":{"@id":"https:\/\/fors.fr\/en\/#website"},"primaryImageOfPage":{"@id":"https:\/\/fors.fr\/en\/eas-accessories\/retail-accessories\/antivol-lunettes-court\/#primaryimage"},"image":{"@id":"https:\/\/fors.fr\/en\/eas-accessories\/retail-accessories\/antivol-lunettes-court\/#primaryimage"},"thumbnailUrl":"https:\/\/fors.fr\/medias\/WooCommerce_Produits\/Acessoires_EAS\/Antivols_Retail\/Antivol-lunettes-court-gris.jpg","datePublished":"2019-09-25T07:40:50+00:00","dateModified":"2023-10-05T08:21:18+00:00","description":"Ces macarons permettent d'exposer les lunettes en libre service, de les essayer, tout en les prot\u00e9geant efficacement du vol \u00e0 l'\u00e9talage.Ces antivols sont \u00e9quip\u00e9s de la technologie de Radio-fr\u00e9quence et sont do\u0085","breadcrumb":{"@id":"https:\/\/fors.fr\/en\/eas-accessories\/retail-accessories\/antivol-lunettes-court\/#breadcrumb"},"inLanguage":"en-US","potentialAction":[{"@type":"ReadAction","target":["https:\/\/fors.fr\/en\/eas-accessories\/retail-accessories\/antivol-lunettes-court\/"]}]},{"@type":"ImageObject","inLanguage":"en-US","@id":"https:\/\/fors.fr\/en\/eas-accessories\/retail-accessories\/antivol-lunettes-court\/#primaryimage","url":"https:\/\/fors.fr\/medias\/WooCommerce_Produits\/Acessoires_EAS\/Antivols_Retail\/Antivol-lunettes-court-gris.jpg","contentUrl":"https:\/\/fors.fr\/medias\/WooCommerce_Produits\/Acessoires_EAS\/Antivols_Retail\/Antivol-lunettes-court-gris.jpg","width":1500,"height":1489},{"@type":"BreadcrumbList","@id":"https:\/\/fors.fr\/en\/eas-accessories\/retail-accessories\/antivol-lunettes-court\/#breadcrumb","itemListElement":[{"@type":"ListItem","position":1,"name":"FORS","item":"https:\/\/fors.fr\/en\/"},{"@type":"ListItem","position":2,"name":"Shop","item":"https:\/\/fors.fr\/en\/shop\/"},{"@type":"ListItem","position":3,"name":"Antivol lunettes court"}]},{"@type":"WebSite","@id":"https:\/\/fors.fr\/en\/#website","url":"https:\/\/fors.fr\/en\/","name":"FORS Anti-Theft","description":"Anti-theft against shoplifting","publisher":{"@id":"https:\/\/fors.fr\/en\/#organization"},"alternateName":"Fors","potentialAction":[{"@type":"SearchAction","target":{"@type":"EntryPoint","urlTemplate":"https:\/\/fors.fr\/en\/?s={search_term_string}"},"query-input":{"@type":"PropertyValueSpecification","valueRequired":true,"valueName":"search_term_string"}}],"inLanguage":"en-US"},{"@type":"Organization","@id":"https:\/\/fors.fr\/en\/#organization","name":"Fors","alternateName":"Fors Anti-Theft","url":"https:\/\/fors.fr\/en\/","logo":{"@type":"ImageObject","inLanguage":"en-US","@id":"https:\/\/fors.fr\/en\/#\/schema\/logo\/image\/","url":"https:\/\/fors.fr\/medias\/favico_512.png","contentUrl":"https:\/\/fors.fr\/medias\/favico_512.png","width":512,"height":512,"caption":"Fors"},"image":{"@id":"https:\/\/fors.fr\/en\/#\/schema\/logo\/image\/"},"sameAs":["https:\/\/www.facebook.com\/forsantitheft\/","https:\/\/x.com\/fors_france","https:\/\/www.linkedin.com\/company\/245351\/","https:\/\/www.youtube.com\/user\/ForsFrance\/","https:\/\/www.companeo.com\/portiques-de-securite\/annuaire\/fors-france","https:\/\/www.europages.fr\/FORS-FRANCE\/FRA310174-000009382001.html","https:\/\/www.pagesjaunes.fr\/pros\/07584984"]}]}},"_links":{"self":[{"href":"https:\/\/fors.fr\/en\/wp-json\/wp\/v2\/product\/214032","targetHints":{"allow":["GET"]}}],"collection":[{"href":"https:\/\/fors.fr\/en\/wp-json\/wp\/v2\/product"}],"about":[{"href":"https:\/\/fors.fr\/en\/wp-json\/wp\/v2\/types\/product"}],"wp:featuredmedia":[{"embeddable":true,"href":"https:\/\/fors.fr\/en\/wp-json\/wp\/v2\/media\/51092"}],"wp:attachment":[{"href":"https:\/\/fors.fr\/en\/wp-json\/wp\/v2\/media?parent=214032"}],"wp:term":[{"taxonomy":"product_brand","embeddable":true,"href":"https:\/\/fors.fr\/en\/wp-json\/wp\/v2\/product_brand?post=214032"},{"taxonomy":"product_cat","embeddable":true,"href":"https:\/\/fors.fr\/en\/wp-json\/wp\/v2\/product_cat?post=214032"},{"taxonomy":"product_tag","embeddable":true,"href":"https:\/\/fors.fr\/en\/wp-json\/wp\/v2\/product_tag?post=214032"}],"curies":[{"name":"wp","href":"https:\/\/api.w.org\/{rel}","templated":true}]}}