{"id":214060,"date":"2013-12-23T18:00:30","date_gmt":"2013-12-23T16:00:30","guid":{"rendered":"https:\/\/fors.fr\/uncategorized\/lanyard-2-boucles\/"},"modified":"2026-03-13T11:54:47","modified_gmt":"2026-03-13T10:54:47","slug":"lanyard-2-boucles","status":"publish","type":"product","link":"https:\/\/fors.fr\/en\/eas-accessories\/anti-theft-tags\/lanyard-2-boucles\/","title":{"rendered":"Lanyard 2 boucles"},"content":{"rendered":"<p class=\"title\"><strong>Lanyard 2 boucles de 200mm<\/strong><\/p>\n<p class=\"description\">Le cordon m\u00e9tallique est un accessoire du macaron qui prot\u00e8ge d&#8217;autres produits que le textile tel que les sacs \u00e0 main, les chaussures, les v\u00e9los, les raquettes etc.. Il est associ\u00e9 \u00e0 un clou et contient ici deux boucles.<\/p>\n","protected":false},"excerpt":{"rendered":"<p>Lanyard 2 boucles<br \/>\nLongueur de 200mm<br \/>\nPack de 100 Lanyards<\/p>\n","protected":false},"featured_media":51326,"template":"","meta":{"_et_pb_use_builder":"","_et_pb_old_content":"","_et_gb_content_width":""},"product_brand":[],"product_cat":[1389],"product_tag":[1426],"class_list":{"0":"post-214060","1":"product","2":"type-product","3":"status-publish","4":"has-post-thumbnail","6":"product_cat-anti-theft-tags","7":"product_tag-lanyard-en","9":"first","10":"instock","11":"taxable","12":"shipping-taxable","13":"purchasable","14":"product-type-simple"},"yoast_head":"<!-- This site is optimized with the Yoast SEO plugin v27.4 - https:\/\/yoast.com\/product\/yoast-seo-wordpress\/ -->\n<title>Accessoires Antivol - Tags \/ Clous : Lanyard 2 boucles 200mm | FORS France<\/title>\n<meta name=\"description\" content=\"Le cordon m\u00e9tallique est un accessoire du macaron qui prot\u00e8ge d&#039;autres produits que le textile tel que les sacs \u00e0 main, les chaussures, les v\u00e9los, les raquettes etc.. Il est associ\u00e9 \u00e0 un clou et contient ici de\u0085\" \/>\n<meta name=\"robots\" content=\"index, follow, max-snippet:-1, max-image-preview:large, max-video-preview:-1\" \/>\n<link rel=\"canonical\" href=\"https:\/\/fors.fr\/en\/eas-accessories\/anti-theft-tags\/lanyard-2-boucles\/\" \/>\n<meta property=\"og:locale\" content=\"en_US\" \/>\n<meta property=\"og:type\" content=\"article\" \/>\n<meta property=\"og:title\" content=\"Accessoires Antivol - Tags \/ Clous : Lanyard 2 boucles 200mm | FORS France\" \/>\n<meta property=\"og:description\" content=\"Le cordon m\u00e9tallique est un accessoire du macaron qui prot\u00e8ge d&#039;autres produits que le textile tel que les sacs \u00e0 main, les chaussures, les v\u00e9los, les raquettes etc.. Il est associ\u00e9 \u00e0 un clou et contient ici de\u0085\" \/>\n<meta property=\"og:url\" content=\"https:\/\/fors.fr\/en\/eas-accessories\/anti-theft-tags\/lanyard-2-boucles\/\" \/>\n<meta property=\"og:site_name\" content=\"Fors Anti-Theft\" \/>\n<meta property=\"article:publisher\" content=\"https:\/\/www.facebook.com\/forsantitheft\/\" \/>\n<meta property=\"article:modified_time\" content=\"2026-03-13T10:54:47+00:00\" \/>\n<meta property=\"og:image\" content=\"https:\/\/fors.fr\/medias\/WooCommerce_Produits\/Acessoires_EAS\/Macarons_Antivol\/Lanyard-2boucles.jpg\" \/>\n\t<meta property=\"og:image:width\" content=\"738\" \/>\n\t<meta property=\"og:image:height\" content=\"738\" \/>\n\t<meta property=\"og:image:type\" content=\"image\/jpeg\" \/>\n<meta name=\"twitter:card\" content=\"summary_large_image\" \/>\n<meta name=\"twitter:site\" content=\"@fors_france\" \/>\n<script type=\"application\/ld+json\" class=\"yoast-schema-graph\">{\"@context\":\"https:\\\/\\\/schema.org\",\"@graph\":[{\"@type\":\"WebPage\",\"@id\":\"https:\\\/\\\/fors.fr\\\/en\\\/eas-accessories\\\/anti-theft-tags\\\/lanyard-2-boucles\\\/\",\"url\":\"https:\\\/\\\/fors.fr\\\/en\\\/eas-accessories\\\/anti-theft-tags\\\/lanyard-2-boucles\\\/\",\"name\":\"Accessoires Antivol - Tags \\\/ Clous : Lanyard 2 boucles 200mm | FORS France\",\"isPartOf\":{\"@id\":\"https:\\\/\\\/fors.fr\\\/en\\\/#website\"},\"primaryImageOfPage\":{\"@id\":\"https:\\\/\\\/fors.fr\\\/en\\\/eas-accessories\\\/anti-theft-tags\\\/lanyard-2-boucles\\\/#primaryimage\"},\"image\":{\"@id\":\"https:\\\/\\\/fors.fr\\\/en\\\/eas-accessories\\\/anti-theft-tags\\\/lanyard-2-boucles\\\/#primaryimage\"},\"thumbnailUrl\":\"https:\\\/\\\/fors.fr\\\/medias\\\/WooCommerce_Produits\\\/Acessoires_EAS\\\/Macarons_Antivol\\\/Lanyard-2boucles.jpg\",\"datePublished\":\"2013-12-23T16:00:30+00:00\",\"dateModified\":\"2026-03-13T10:54:47+00:00\",\"description\":\"Le cordon m\u00e9tallique est un accessoire du macaron qui prot\u00e8ge d'autres produits que le textile tel que les sacs \u00e0 main, les chaussures, les v\u00e9los, les raquettes etc.. Il est associ\u00e9 \u00e0 un clou et contient ici de\u0085\",\"breadcrumb\":{\"@id\":\"https:\\\/\\\/fors.fr\\\/en\\\/eas-accessories\\\/anti-theft-tags\\\/lanyard-2-boucles\\\/#breadcrumb\"},\"inLanguage\":\"en-US\",\"potentialAction\":[{\"@type\":\"ReadAction\",\"target\":[\"https:\\\/\\\/fors.fr\\\/en\\\/eas-accessories\\\/anti-theft-tags\\\/lanyard-2-boucles\\\/\"]}]},{\"@type\":\"ImageObject\",\"inLanguage\":\"en-US\",\"@id\":\"https:\\\/\\\/fors.fr\\\/en\\\/eas-accessories\\\/anti-theft-tags\\\/lanyard-2-boucles\\\/#primaryimage\",\"url\":\"https:\\\/\\\/fors.fr\\\/medias\\\/WooCommerce_Produits\\\/Acessoires_EAS\\\/Macarons_Antivol\\\/Lanyard-2boucles.jpg\",\"contentUrl\":\"https:\\\/\\\/fors.fr\\\/medias\\\/WooCommerce_Produits\\\/Acessoires_EAS\\\/Macarons_Antivol\\\/Lanyard-2boucles.jpg\",\"width\":738,\"height\":738},{\"@type\":\"BreadcrumbList\",\"@id\":\"https:\\\/\\\/fors.fr\\\/en\\\/eas-accessories\\\/anti-theft-tags\\\/lanyard-2-boucles\\\/#breadcrumb\",\"itemListElement\":[{\"@type\":\"ListItem\",\"position\":1,\"name\":\"FORS\",\"item\":\"https:\\\/\\\/fors.fr\\\/en\\\/\"},{\"@type\":\"ListItem\",\"position\":2,\"name\":\"Shop\",\"item\":\"https:\\\/\\\/fors.fr\\\/en\\\/shop\\\/\"},{\"@type\":\"ListItem\",\"position\":3,\"name\":\"Lanyard 2 boucles\"}]},{\"@type\":\"WebSite\",\"@id\":\"https:\\\/\\\/fors.fr\\\/en\\\/#website\",\"url\":\"https:\\\/\\\/fors.fr\\\/en\\\/\",\"name\":\"FORS Anti-Theft\",\"description\":\"Anti-theft against shoplifting\",\"publisher\":{\"@id\":\"https:\\\/\\\/fors.fr\\\/en\\\/#organization\"},\"alternateName\":\"Fors\",\"potentialAction\":[{\"@type\":\"SearchAction\",\"target\":{\"@type\":\"EntryPoint\",\"urlTemplate\":\"https:\\\/\\\/fors.fr\\\/en\\\/?s={search_term_string}\"},\"query-input\":{\"@type\":\"PropertyValueSpecification\",\"valueRequired\":true,\"valueName\":\"search_term_string\"}}],\"inLanguage\":\"en-US\"},{\"@type\":\"Organization\",\"@id\":\"https:\\\/\\\/fors.fr\\\/en\\\/#organization\",\"name\":\"Fors\",\"alternateName\":\"Fors Anti-Theft\",\"url\":\"https:\\\/\\\/fors.fr\\\/en\\\/\",\"logo\":{\"@type\":\"ImageObject\",\"inLanguage\":\"en-US\",\"@id\":\"https:\\\/\\\/fors.fr\\\/en\\\/#\\\/schema\\\/logo\\\/image\\\/\",\"url\":\"https:\\\/\\\/fors.fr\\\/medias\\\/favico_512.png\",\"contentUrl\":\"https:\\\/\\\/fors.fr\\\/medias\\\/favico_512.png\",\"width\":512,\"height\":512,\"caption\":\"Fors\"},\"image\":{\"@id\":\"https:\\\/\\\/fors.fr\\\/en\\\/#\\\/schema\\\/logo\\\/image\\\/\"},\"sameAs\":[\"https:\\\/\\\/www.facebook.com\\\/forsantitheft\\\/\",\"https:\\\/\\\/x.com\\\/fors_france\",\"https:\\\/\\\/www.linkedin.com\\\/company\\\/245351\\\/\",\"https:\\\/\\\/www.youtube.com\\\/user\\\/ForsFrance\\\/\",\"https:\\\/\\\/www.companeo.com\\\/portiques-de-securite\\\/annuaire\\\/fors-france\",\"https:\\\/\\\/www.europages.fr\\\/FORS-FRANCE\\\/FRA310174-000009382001.html\",\"https:\\\/\\\/www.pagesjaunes.fr\\\/pros\\\/07584984\"]}]}<\/script>\n<!-- \/ Yoast SEO plugin. -->","yoast_head_json":{"title":"Accessoires Antivol - Tags \/ Clous : Lanyard 2 boucles 200mm | FORS France","description":"Le cordon m\u00e9tallique est un accessoire du macaron qui prot\u00e8ge d'autres produits que le textile tel que les sacs \u00e0 main, les chaussures, les v\u00e9los, les raquettes etc.. Il est associ\u00e9 \u00e0 un clou et contient ici de\u0085","robots":{"index":"index","follow":"follow","max-snippet":"max-snippet:-1","max-image-preview":"max-image-preview:large","max-video-preview":"max-video-preview:-1"},"canonical":"https:\/\/fors.fr\/en\/eas-accessories\/anti-theft-tags\/lanyard-2-boucles\/","og_locale":"en_US","og_type":"article","og_title":"Accessoires Antivol - Tags \/ Clous : Lanyard 2 boucles 200mm | FORS France","og_description":"Le cordon m\u00e9tallique est un accessoire du macaron qui prot\u00e8ge d'autres produits que le textile tel que les sacs \u00e0 main, les chaussures, les v\u00e9los, les raquettes etc.. Il est associ\u00e9 \u00e0 un clou et contient ici de\u0085","og_url":"https:\/\/fors.fr\/en\/eas-accessories\/anti-theft-tags\/lanyard-2-boucles\/","og_site_name":"Fors Anti-Theft","article_publisher":"https:\/\/www.facebook.com\/forsantitheft\/","article_modified_time":"2026-03-13T10:54:47+00:00","og_image":[{"width":738,"height":738,"url":"https:\/\/fors.fr\/medias\/WooCommerce_Produits\/Acessoires_EAS\/Macarons_Antivol\/Lanyard-2boucles.jpg","type":"image\/jpeg"}],"twitter_card":"summary_large_image","twitter_site":"@fors_france","schema":{"@context":"https:\/\/schema.org","@graph":[{"@type":"WebPage","@id":"https:\/\/fors.fr\/en\/eas-accessories\/anti-theft-tags\/lanyard-2-boucles\/","url":"https:\/\/fors.fr\/en\/eas-accessories\/anti-theft-tags\/lanyard-2-boucles\/","name":"Accessoires Antivol - Tags \/ Clous : Lanyard 2 boucles 200mm | FORS France","isPartOf":{"@id":"https:\/\/fors.fr\/en\/#website"},"primaryImageOfPage":{"@id":"https:\/\/fors.fr\/en\/eas-accessories\/anti-theft-tags\/lanyard-2-boucles\/#primaryimage"},"image":{"@id":"https:\/\/fors.fr\/en\/eas-accessories\/anti-theft-tags\/lanyard-2-boucles\/#primaryimage"},"thumbnailUrl":"https:\/\/fors.fr\/medias\/WooCommerce_Produits\/Acessoires_EAS\/Macarons_Antivol\/Lanyard-2boucles.jpg","datePublished":"2013-12-23T16:00:30+00:00","dateModified":"2026-03-13T10:54:47+00:00","description":"Le cordon m\u00e9tallique est un accessoire du macaron qui prot\u00e8ge d'autres produits que le textile tel que les sacs \u00e0 main, les chaussures, les v\u00e9los, les raquettes etc.. Il est associ\u00e9 \u00e0 un clou et contient ici de\u0085","breadcrumb":{"@id":"https:\/\/fors.fr\/en\/eas-accessories\/anti-theft-tags\/lanyard-2-boucles\/#breadcrumb"},"inLanguage":"en-US","potentialAction":[{"@type":"ReadAction","target":["https:\/\/fors.fr\/en\/eas-accessories\/anti-theft-tags\/lanyard-2-boucles\/"]}]},{"@type":"ImageObject","inLanguage":"en-US","@id":"https:\/\/fors.fr\/en\/eas-accessories\/anti-theft-tags\/lanyard-2-boucles\/#primaryimage","url":"https:\/\/fors.fr\/medias\/WooCommerce_Produits\/Acessoires_EAS\/Macarons_Antivol\/Lanyard-2boucles.jpg","contentUrl":"https:\/\/fors.fr\/medias\/WooCommerce_Produits\/Acessoires_EAS\/Macarons_Antivol\/Lanyard-2boucles.jpg","width":738,"height":738},{"@type":"BreadcrumbList","@id":"https:\/\/fors.fr\/en\/eas-accessories\/anti-theft-tags\/lanyard-2-boucles\/#breadcrumb","itemListElement":[{"@type":"ListItem","position":1,"name":"FORS","item":"https:\/\/fors.fr\/en\/"},{"@type":"ListItem","position":2,"name":"Shop","item":"https:\/\/fors.fr\/en\/shop\/"},{"@type":"ListItem","position":3,"name":"Lanyard 2 boucles"}]},{"@type":"WebSite","@id":"https:\/\/fors.fr\/en\/#website","url":"https:\/\/fors.fr\/en\/","name":"FORS Anti-Theft","description":"Anti-theft against shoplifting","publisher":{"@id":"https:\/\/fors.fr\/en\/#organization"},"alternateName":"Fors","potentialAction":[{"@type":"SearchAction","target":{"@type":"EntryPoint","urlTemplate":"https:\/\/fors.fr\/en\/?s={search_term_string}"},"query-input":{"@type":"PropertyValueSpecification","valueRequired":true,"valueName":"search_term_string"}}],"inLanguage":"en-US"},{"@type":"Organization","@id":"https:\/\/fors.fr\/en\/#organization","name":"Fors","alternateName":"Fors Anti-Theft","url":"https:\/\/fors.fr\/en\/","logo":{"@type":"ImageObject","inLanguage":"en-US","@id":"https:\/\/fors.fr\/en\/#\/schema\/logo\/image\/","url":"https:\/\/fors.fr\/medias\/favico_512.png","contentUrl":"https:\/\/fors.fr\/medias\/favico_512.png","width":512,"height":512,"caption":"Fors"},"image":{"@id":"https:\/\/fors.fr\/en\/#\/schema\/logo\/image\/"},"sameAs":["https:\/\/www.facebook.com\/forsantitheft\/","https:\/\/x.com\/fors_france","https:\/\/www.linkedin.com\/company\/245351\/","https:\/\/www.youtube.com\/user\/ForsFrance\/","https:\/\/www.companeo.com\/portiques-de-securite\/annuaire\/fors-france","https:\/\/www.europages.fr\/FORS-FRANCE\/FRA310174-000009382001.html","https:\/\/www.pagesjaunes.fr\/pros\/07584984"]}]}},"_links":{"self":[{"href":"https:\/\/fors.fr\/en\/wp-json\/wp\/v2\/product\/214060","targetHints":{"allow":["GET"]}}],"collection":[{"href":"https:\/\/fors.fr\/en\/wp-json\/wp\/v2\/product"}],"about":[{"href":"https:\/\/fors.fr\/en\/wp-json\/wp\/v2\/types\/product"}],"wp:featuredmedia":[{"embeddable":true,"href":"https:\/\/fors.fr\/en\/wp-json\/wp\/v2\/media\/51326"}],"wp:attachment":[{"href":"https:\/\/fors.fr\/en\/wp-json\/wp\/v2\/media?parent=214060"}],"wp:term":[{"taxonomy":"product_brand","embeddable":true,"href":"https:\/\/fors.fr\/en\/wp-json\/wp\/v2\/product_brand?post=214060"},{"taxonomy":"product_cat","embeddable":true,"href":"https:\/\/fors.fr\/en\/wp-json\/wp\/v2\/product_cat?post=214060"},{"taxonomy":"product_tag","embeddable":true,"href":"https:\/\/fors.fr\/en\/wp-json\/wp\/v2\/product_tag?post=214060"}],"curies":[{"name":"wp","href":"https:\/\/api.w.org\/{rel}","templated":true}]}}