{"id":214062,"date":"2013-12-23T18:00:30","date_gmt":"2013-12-23T16:00:30","guid":{"rendered":"https:\/\/fors.fr\/uncategorized\/blisterkey\/"},"modified":"2026-03-13T11:54:30","modified_gmt":"2026-03-13T10:54:30","slug":"blisterkey","status":"publish","type":"product","link":"https:\/\/fors.fr\/en\/eas-accessories\/retail-accessories\/blisterkey\/","title":{"rendered":"BlisterKey"},"content":{"rendered":"<p>Il est parfois pr\u00e9f\u00e9rable, commercialement, de pr\u00e9senter ses produits sur des broches plut\u00f4t qu&#8217;en vitrine. Mais dans ce cas, le risque de d\u00e9marque est plus important. C&#8217;est pourquoi Fors a con\u00e7u un accessoire qui s\u00e9curise les articles en suspension, en bloquant leur retrait. Sa composition en polycarbonate lexan le rend tr\u00e8s r\u00e9sistant. Le Blisterkey est utilisable avec diff\u00e9rents types de broches : les tiges simples ou doubles et celles en &#8220;T&#8221;. Son emploi ne g\u00eane pas la pr\u00e9sentation des rayonnages et des packagings.<\/p>\n","protected":false},"excerpt":{"rendered":"<p>Protection de vos broches<br \/>\nPack de 50 blisterkey<\/p>\n","protected":false},"featured_media":51233,"template":"","meta":{"_et_pb_use_builder":"","_et_pb_old_content":"","_et_gb_content_width":""},"product_brand":[],"product_cat":[1387],"product_tag":[1416],"class_list":{"0":"post-214062","1":"product","2":"type-product","3":"status-publish","4":"has-post-thumbnail","6":"product_cat-retail-accessories","7":"product_tag-spindle-protection","9":"first","10":"instock","11":"taxable","12":"shipping-taxable","13":"purchasable","14":"product-type-simple"},"yoast_head":"<!-- This site is optimized with the Yoast SEO plugin v27.3 - https:\/\/yoast.com\/product\/yoast-seo-wordpress\/ -->\n<title>Accessoires Antivol - Protection pour broches : BlisterKey | FORS France<\/title>\n<meta name=\"description\" content=\"Il est parfois pr\u00e9f\u00e9rable, commercialement, de pr\u00e9senter ses produits sur des broches plut\u00f4t qu&#039;en vitrine. Mais dans ce cas, le risque de d\u00e9marque est plus important. C&#039;est pourquoi Fors a con\u00e7u un accessoire \u0085\" \/>\n<meta name=\"robots\" content=\"index, follow, max-snippet:-1, max-image-preview:large, max-video-preview:-1\" \/>\n<link rel=\"canonical\" href=\"https:\/\/fors.fr\/en\/eas-accessories\/retail-accessories\/blisterkey\/\" \/>\n<meta property=\"og:locale\" content=\"en_US\" \/>\n<meta property=\"og:type\" content=\"article\" \/>\n<meta property=\"og:title\" content=\"Accessoires Antivol - Protection pour broches : BlisterKey | FORS France\" \/>\n<meta property=\"og:description\" content=\"Il est parfois pr\u00e9f\u00e9rable, commercialement, de pr\u00e9senter ses produits sur des broches plut\u00f4t qu&#039;en vitrine. Mais dans ce cas, le risque de d\u00e9marque est plus important. C&#039;est pourquoi Fors a con\u00e7u un accessoire \u0085\" \/>\n<meta property=\"og:url\" content=\"https:\/\/fors.fr\/en\/eas-accessories\/retail-accessories\/blisterkey\/\" \/>\n<meta property=\"og:site_name\" content=\"Fors Anti-Theft\" \/>\n<meta property=\"article:publisher\" content=\"https:\/\/www.facebook.com\/forsantitheft\/\" \/>\n<meta property=\"article:modified_time\" content=\"2026-03-13T10:54:30+00:00\" \/>\n<meta property=\"og:image\" content=\"https:\/\/fors.fr\/medias\/WooCommerce_Produits\/Acessoires_EAS\/Antivols_Retail\/Blisterkey.jpg\" \/>\n\t<meta property=\"og:image:width\" content=\"631\" \/>\n\t<meta property=\"og:image:height\" content=\"632\" \/>\n\t<meta property=\"og:image:type\" content=\"image\/jpeg\" \/>\n<meta name=\"twitter:card\" content=\"summary_large_image\" \/>\n<meta name=\"twitter:site\" content=\"@fors_france\" \/>\n<script type=\"application\/ld+json\" class=\"yoast-schema-graph\">{\"@context\":\"https:\\\/\\\/schema.org\",\"@graph\":[{\"@type\":\"WebPage\",\"@id\":\"https:\\\/\\\/fors.fr\\\/en\\\/eas-accessories\\\/retail-accessories\\\/blisterkey\\\/\",\"url\":\"https:\\\/\\\/fors.fr\\\/en\\\/eas-accessories\\\/retail-accessories\\\/blisterkey\\\/\",\"name\":\"Accessoires Antivol - Protection pour broches : BlisterKey | FORS France\",\"isPartOf\":{\"@id\":\"https:\\\/\\\/fors.fr\\\/en\\\/#website\"},\"primaryImageOfPage\":{\"@id\":\"https:\\\/\\\/fors.fr\\\/en\\\/eas-accessories\\\/retail-accessories\\\/blisterkey\\\/#primaryimage\"},\"image\":{\"@id\":\"https:\\\/\\\/fors.fr\\\/en\\\/eas-accessories\\\/retail-accessories\\\/blisterkey\\\/#primaryimage\"},\"thumbnailUrl\":\"https:\\\/\\\/fors.fr\\\/medias\\\/WooCommerce_Produits\\\/Acessoires_EAS\\\/Antivols_Retail\\\/Blisterkey.jpg\",\"datePublished\":\"2013-12-23T16:00:30+00:00\",\"dateModified\":\"2026-03-13T10:54:30+00:00\",\"description\":\"Il est parfois pr\u00e9f\u00e9rable, commercialement, de pr\u00e9senter ses produits sur des broches plut\u00f4t qu'en vitrine. Mais dans ce cas, le risque de d\u00e9marque est plus important. C'est pourquoi Fors a con\u00e7u un accessoire \u0085\",\"breadcrumb\":{\"@id\":\"https:\\\/\\\/fors.fr\\\/en\\\/eas-accessories\\\/retail-accessories\\\/blisterkey\\\/#breadcrumb\"},\"inLanguage\":\"en-US\",\"potentialAction\":[{\"@type\":\"ReadAction\",\"target\":[\"https:\\\/\\\/fors.fr\\\/en\\\/eas-accessories\\\/retail-accessories\\\/blisterkey\\\/\"]}]},{\"@type\":\"ImageObject\",\"inLanguage\":\"en-US\",\"@id\":\"https:\\\/\\\/fors.fr\\\/en\\\/eas-accessories\\\/retail-accessories\\\/blisterkey\\\/#primaryimage\",\"url\":\"https:\\\/\\\/fors.fr\\\/medias\\\/WooCommerce_Produits\\\/Acessoires_EAS\\\/Antivols_Retail\\\/Blisterkey.jpg\",\"contentUrl\":\"https:\\\/\\\/fors.fr\\\/medias\\\/WooCommerce_Produits\\\/Acessoires_EAS\\\/Antivols_Retail\\\/Blisterkey.jpg\",\"width\":631,\"height\":632},{\"@type\":\"BreadcrumbList\",\"@id\":\"https:\\\/\\\/fors.fr\\\/en\\\/eas-accessories\\\/retail-accessories\\\/blisterkey\\\/#breadcrumb\",\"itemListElement\":[{\"@type\":\"ListItem\",\"position\":1,\"name\":\"FORS\",\"item\":\"https:\\\/\\\/fors.fr\\\/en\\\/\"},{\"@type\":\"ListItem\",\"position\":2,\"name\":\"Shop\",\"item\":\"https:\\\/\\\/fors.fr\\\/en\\\/shop\\\/\"},{\"@type\":\"ListItem\",\"position\":3,\"name\":\"BlisterKey\"}]},{\"@type\":\"WebSite\",\"@id\":\"https:\\\/\\\/fors.fr\\\/en\\\/#website\",\"url\":\"https:\\\/\\\/fors.fr\\\/en\\\/\",\"name\":\"FORS Anti-Theft\",\"description\":\"Anti-theft against shoplifting\",\"publisher\":{\"@id\":\"https:\\\/\\\/fors.fr\\\/en\\\/#organization\"},\"alternateName\":\"Fors\",\"potentialAction\":[{\"@type\":\"SearchAction\",\"target\":{\"@type\":\"EntryPoint\",\"urlTemplate\":\"https:\\\/\\\/fors.fr\\\/en\\\/?s={search_term_string}\"},\"query-input\":{\"@type\":\"PropertyValueSpecification\",\"valueRequired\":true,\"valueName\":\"search_term_string\"}}],\"inLanguage\":\"en-US\"},{\"@type\":\"Organization\",\"@id\":\"https:\\\/\\\/fors.fr\\\/en\\\/#organization\",\"name\":\"Fors\",\"alternateName\":\"Fors Anti-Theft\",\"url\":\"https:\\\/\\\/fors.fr\\\/en\\\/\",\"logo\":{\"@type\":\"ImageObject\",\"inLanguage\":\"en-US\",\"@id\":\"https:\\\/\\\/fors.fr\\\/en\\\/#\\\/schema\\\/logo\\\/image\\\/\",\"url\":\"https:\\\/\\\/fors.fr\\\/medias\\\/favico_512.png\",\"contentUrl\":\"https:\\\/\\\/fors.fr\\\/medias\\\/favico_512.png\",\"width\":512,\"height\":512,\"caption\":\"Fors\"},\"image\":{\"@id\":\"https:\\\/\\\/fors.fr\\\/en\\\/#\\\/schema\\\/logo\\\/image\\\/\"},\"sameAs\":[\"https:\\\/\\\/www.facebook.com\\\/forsantitheft\\\/\",\"https:\\\/\\\/x.com\\\/fors_france\",\"https:\\\/\\\/www.linkedin.com\\\/company\\\/245351\\\/\",\"https:\\\/\\\/www.youtube.com\\\/user\\\/ForsFrance\\\/\",\"https:\\\/\\\/www.companeo.com\\\/portiques-de-securite\\\/annuaire\\\/fors-france\",\"https:\\\/\\\/www.europages.fr\\\/FORS-FRANCE\\\/FRA310174-000009382001.html\",\"https:\\\/\\\/www.pagesjaunes.fr\\\/pros\\\/07584984\"]}]}<\/script>\n<!-- \/ Yoast SEO plugin. -->","yoast_head_json":{"title":"Accessoires Antivol - Protection pour broches : BlisterKey | FORS France","description":"Il est parfois pr\u00e9f\u00e9rable, commercialement, de pr\u00e9senter ses produits sur des broches plut\u00f4t qu'en vitrine. Mais dans ce cas, le risque de d\u00e9marque est plus important. C'est pourquoi Fors a con\u00e7u un accessoire \u0085","robots":{"index":"index","follow":"follow","max-snippet":"max-snippet:-1","max-image-preview":"max-image-preview:large","max-video-preview":"max-video-preview:-1"},"canonical":"https:\/\/fors.fr\/en\/eas-accessories\/retail-accessories\/blisterkey\/","og_locale":"en_US","og_type":"article","og_title":"Accessoires Antivol - Protection pour broches : BlisterKey | FORS France","og_description":"Il est parfois pr\u00e9f\u00e9rable, commercialement, de pr\u00e9senter ses produits sur des broches plut\u00f4t qu'en vitrine. Mais dans ce cas, le risque de d\u00e9marque est plus important. C'est pourquoi Fors a con\u00e7u un accessoire \u0085","og_url":"https:\/\/fors.fr\/en\/eas-accessories\/retail-accessories\/blisterkey\/","og_site_name":"Fors Anti-Theft","article_publisher":"https:\/\/www.facebook.com\/forsantitheft\/","article_modified_time":"2026-03-13T10:54:30+00:00","og_image":[{"width":631,"height":632,"url":"https:\/\/fors.fr\/medias\/WooCommerce_Produits\/Acessoires_EAS\/Antivols_Retail\/Blisterkey.jpg","type":"image\/jpeg"}],"twitter_card":"summary_large_image","twitter_site":"@fors_france","schema":{"@context":"https:\/\/schema.org","@graph":[{"@type":"WebPage","@id":"https:\/\/fors.fr\/en\/eas-accessories\/retail-accessories\/blisterkey\/","url":"https:\/\/fors.fr\/en\/eas-accessories\/retail-accessories\/blisterkey\/","name":"Accessoires Antivol - Protection pour broches : BlisterKey | FORS France","isPartOf":{"@id":"https:\/\/fors.fr\/en\/#website"},"primaryImageOfPage":{"@id":"https:\/\/fors.fr\/en\/eas-accessories\/retail-accessories\/blisterkey\/#primaryimage"},"image":{"@id":"https:\/\/fors.fr\/en\/eas-accessories\/retail-accessories\/blisterkey\/#primaryimage"},"thumbnailUrl":"https:\/\/fors.fr\/medias\/WooCommerce_Produits\/Acessoires_EAS\/Antivols_Retail\/Blisterkey.jpg","datePublished":"2013-12-23T16:00:30+00:00","dateModified":"2026-03-13T10:54:30+00:00","description":"Il est parfois pr\u00e9f\u00e9rable, commercialement, de pr\u00e9senter ses produits sur des broches plut\u00f4t qu'en vitrine. Mais dans ce cas, le risque de d\u00e9marque est plus important. C'est pourquoi Fors a con\u00e7u un accessoire \u0085","breadcrumb":{"@id":"https:\/\/fors.fr\/en\/eas-accessories\/retail-accessories\/blisterkey\/#breadcrumb"},"inLanguage":"en-US","potentialAction":[{"@type":"ReadAction","target":["https:\/\/fors.fr\/en\/eas-accessories\/retail-accessories\/blisterkey\/"]}]},{"@type":"ImageObject","inLanguage":"en-US","@id":"https:\/\/fors.fr\/en\/eas-accessories\/retail-accessories\/blisterkey\/#primaryimage","url":"https:\/\/fors.fr\/medias\/WooCommerce_Produits\/Acessoires_EAS\/Antivols_Retail\/Blisterkey.jpg","contentUrl":"https:\/\/fors.fr\/medias\/WooCommerce_Produits\/Acessoires_EAS\/Antivols_Retail\/Blisterkey.jpg","width":631,"height":632},{"@type":"BreadcrumbList","@id":"https:\/\/fors.fr\/en\/eas-accessories\/retail-accessories\/blisterkey\/#breadcrumb","itemListElement":[{"@type":"ListItem","position":1,"name":"FORS","item":"https:\/\/fors.fr\/en\/"},{"@type":"ListItem","position":2,"name":"Shop","item":"https:\/\/fors.fr\/en\/shop\/"},{"@type":"ListItem","position":3,"name":"BlisterKey"}]},{"@type":"WebSite","@id":"https:\/\/fors.fr\/en\/#website","url":"https:\/\/fors.fr\/en\/","name":"FORS Anti-Theft","description":"Anti-theft against shoplifting","publisher":{"@id":"https:\/\/fors.fr\/en\/#organization"},"alternateName":"Fors","potentialAction":[{"@type":"SearchAction","target":{"@type":"EntryPoint","urlTemplate":"https:\/\/fors.fr\/en\/?s={search_term_string}"},"query-input":{"@type":"PropertyValueSpecification","valueRequired":true,"valueName":"search_term_string"}}],"inLanguage":"en-US"},{"@type":"Organization","@id":"https:\/\/fors.fr\/en\/#organization","name":"Fors","alternateName":"Fors Anti-Theft","url":"https:\/\/fors.fr\/en\/","logo":{"@type":"ImageObject","inLanguage":"en-US","@id":"https:\/\/fors.fr\/en\/#\/schema\/logo\/image\/","url":"https:\/\/fors.fr\/medias\/favico_512.png","contentUrl":"https:\/\/fors.fr\/medias\/favico_512.png","width":512,"height":512,"caption":"Fors"},"image":{"@id":"https:\/\/fors.fr\/en\/#\/schema\/logo\/image\/"},"sameAs":["https:\/\/www.facebook.com\/forsantitheft\/","https:\/\/x.com\/fors_france","https:\/\/www.linkedin.com\/company\/245351\/","https:\/\/www.youtube.com\/user\/ForsFrance\/","https:\/\/www.companeo.com\/portiques-de-securite\/annuaire\/fors-france","https:\/\/www.europages.fr\/FORS-FRANCE\/FRA310174-000009382001.html","https:\/\/www.pagesjaunes.fr\/pros\/07584984"]}]}},"_links":{"self":[{"href":"https:\/\/fors.fr\/en\/wp-json\/wp\/v2\/product\/214062","targetHints":{"allow":["GET"]}}],"collection":[{"href":"https:\/\/fors.fr\/en\/wp-json\/wp\/v2\/product"}],"about":[{"href":"https:\/\/fors.fr\/en\/wp-json\/wp\/v2\/types\/product"}],"wp:featuredmedia":[{"embeddable":true,"href":"https:\/\/fors.fr\/en\/wp-json\/wp\/v2\/media\/51233"}],"wp:attachment":[{"href":"https:\/\/fors.fr\/en\/wp-json\/wp\/v2\/media?parent=214062"}],"wp:term":[{"taxonomy":"product_brand","embeddable":true,"href":"https:\/\/fors.fr\/en\/wp-json\/wp\/v2\/product_brand?post=214062"},{"taxonomy":"product_cat","embeddable":true,"href":"https:\/\/fors.fr\/en\/wp-json\/wp\/v2\/product_cat?post=214062"},{"taxonomy":"product_tag","embeddable":true,"href":"https:\/\/fors.fr\/en\/wp-json\/wp\/v2\/product_tag?post=214062"}],"curies":[{"name":"wp","href":"https:\/\/api.w.org\/{rel}","templated":true}]}}