{"id":21462060,"date":"2026-04-17T10:13:03","date_gmt":"2026-04-17T08:13:03","guid":{"rendered":"https:\/\/fors.fr\/?post_type=product&#038;p=21462060"},"modified":"2026-04-17T10:22:04","modified_gmt":"2026-04-17T08:22:04","slug":"boitier-antivol-p16","status":"publish","type":"product","link":"https:\/\/fors.fr\/en\/safers\/boitier-antivol-p16\/","title":{"rendered":"Bo\u00eetier Antivol P16"},"content":{"rendered":"<p><strong style=\"text-transform: uppercase;\">Bo\u00eetier Antivol P16 :<\/strong><\/p>\n<p>Le bo\u00eetier antivol Fors <strong>P16<\/strong> est une solution de protection efficace et discr\u00e8te, con\u00e7ue pour s\u00e9curiser une large gamme de produits en libre acc\u00e8s. Gr\u00e2ce \u00e0 sa conception robuste et \u00e0 son syst\u00e8me de verrouillage fiable, il permet de lutter efficacement contre le vol \u00e0 l\u2019\u00e9talage tout en conservant une pr\u00e9sentation soign\u00e9e des articles en rayon :<br \/>\n<strong>Largeur<\/strong> : 204 mm.<br \/>\n<strong>Hauteur<\/strong> : 242 mm.<br \/>\n<strong>Profondeur<\/strong> : 14 mm.<\/p>\n<p>Fabriqu\u00e9 \u00e0 partir de mat\u00e9riaux r\u00e9sistants, le bo\u00eetier P16 offre une excellente durabilit\u00e9, m\u00eame dans les environnements commerciaux les plus exigeants. Il est particuli\u00e8rement adapt\u00e9 aux produits fins tels que les cartes collectionneurs, d\u00e9coupes de viandes fines, et autres accessoires s&#8217;inscrivant \u00e0 l&#8217;int\u00e9rieur. Son design transparent permet une visibilit\u00e9 optimale du produit, tout en emp\u00eachant toute tentative d\u2019ouverture non autoris\u00e9e.<\/p>\n<p>Le bo\u00eetier P16 appartient \u00e0 la famille des bo\u00eetiers fins. Il est particuli\u00e8rement adapt\u00e9 \u00e0 la protection des produits \u00e0 forte valeur ajout\u00e9e.<\/p>\n<p>Il int\u00e8gre les technologies EAS du march\u00e9 et peut-\u00eatre \u00e9quip\u00e9 de diff\u00e9rents niveaux de protection.<\/p>\n","protected":false},"excerpt":{"rendered":"<p>Bo\u00eetier fin<\/p>\n<p>Dimensions internes (mm)\u00a0:<br \/>\nL 204 x H 242 x P 14<\/p>\n<p>Pack de 10 bo\u00eetiers<\/p>\n","protected":false},"featured_media":21462088,"template":"","meta":{"_et_pb_use_builder":"","_et_pb_old_content":"","_et_gb_content_width":""},"product_brand":[],"product_cat":[1394],"product_tag":[1417],"class_list":{"0":"post-21462060","1":"product","2":"type-product","3":"status-publish","4":"has-post-thumbnail","6":"product_cat-safers","7":"product_tag-alarm","9":"first","10":"instock","11":"taxable","12":"shipping-taxable","13":"purchasable","14":"product-type-simple"},"yoast_head":"<!-- This site is optimized with the Yoast SEO plugin v27.4 - https:\/\/yoast.com\/product\/yoast-seo-wordpress\/ -->\n<title>Bo\u00eetier Antivol P16 Fin adapt\u00e9 aux Cartes Collectionneurs - Fors Anti-Theft<\/title>\n<meta name=\"description\" content=\"Le bo\u00eetier antivol P16 de FORS en polycarbonate renforc\u00e9 saura prot\u00e9ger les cartes collectionneurs et tout autre produit s&#039;inscrivant \u00e0 l&#039;int\u00e9rieur.\" \/>\n<meta name=\"robots\" content=\"index, follow, max-snippet:-1, max-image-preview:large, max-video-preview:-1\" \/>\n<link rel=\"canonical\" href=\"https:\/\/fors.fr\/en\/safers\/boitier-antivol-p16\/\" \/>\n<meta property=\"og:locale\" content=\"en_US\" \/>\n<meta property=\"og:type\" content=\"article\" \/>\n<meta property=\"og:title\" content=\"Bo\u00eetier Antivol P16 Fin adapt\u00e9 aux Cartes Collectionneurs - Fors Anti-Theft\" \/>\n<meta property=\"og:description\" content=\"Le bo\u00eetier antivol P16 de FORS en polycarbonate renforc\u00e9 saura prot\u00e9ger les cartes collectionneurs et tout autre produit s&#039;inscrivant \u00e0 l&#039;int\u00e9rieur.\" \/>\n<meta property=\"og:url\" content=\"https:\/\/fors.fr\/en\/safers\/boitier-antivol-p16\/\" \/>\n<meta property=\"og:site_name\" content=\"Fors Anti-Theft\" \/>\n<meta property=\"article:publisher\" content=\"https:\/\/www.facebook.com\/forsantitheft\/\" \/>\n<meta property=\"article:modified_time\" content=\"2026-04-17T08:22:04+00:00\" \/>\n<meta property=\"og:image\" content=\"https:\/\/fors.fr\/medias\/p16.jpg\" \/>\n\t<meta property=\"og:image:width\" content=\"500\" \/>\n\t<meta property=\"og:image:height\" content=\"500\" \/>\n\t<meta property=\"og:image:type\" content=\"image\/jpeg\" \/>\n<meta name=\"twitter:card\" content=\"summary_large_image\" \/>\n<meta name=\"twitter:site\" content=\"@fors_france\" \/>\n<meta name=\"twitter:label1\" content=\"Est. reading time\" \/>\n\t<meta name=\"twitter:data1\" content=\"1 minute\" \/>\n<script type=\"application\/ld+json\" class=\"yoast-schema-graph\">{\"@context\":\"https:\\\/\\\/schema.org\",\"@graph\":[{\"@type\":\"WebPage\",\"@id\":\"https:\\\/\\\/fors.fr\\\/en\\\/safers\\\/boitier-antivol-p16\\\/\",\"url\":\"https:\\\/\\\/fors.fr\\\/en\\\/safers\\\/boitier-antivol-p16\\\/\",\"name\":\"Bo\u00eetier Antivol P16 Fin adapt\u00e9 aux Cartes Collectionneurs - Fors Anti-Theft\",\"isPartOf\":{\"@id\":\"https:\\\/\\\/fors.fr\\\/en\\\/#website\"},\"primaryImageOfPage\":{\"@id\":\"https:\\\/\\\/fors.fr\\\/en\\\/safers\\\/boitier-antivol-p16\\\/#primaryimage\"},\"image\":{\"@id\":\"https:\\\/\\\/fors.fr\\\/en\\\/safers\\\/boitier-antivol-p16\\\/#primaryimage\"},\"thumbnailUrl\":\"https:\\\/\\\/fors.fr\\\/medias\\\/p16.jpg\",\"datePublished\":\"2026-04-17T08:13:03+00:00\",\"dateModified\":\"2026-04-17T08:22:04+00:00\",\"description\":\"Le bo\u00eetier antivol P16 de FORS en polycarbonate renforc\u00e9 saura prot\u00e9ger les cartes collectionneurs et tout autre produit s'inscrivant \u00e0 l'int\u00e9rieur.\",\"breadcrumb\":{\"@id\":\"https:\\\/\\\/fors.fr\\\/en\\\/safers\\\/boitier-antivol-p16\\\/#breadcrumb\"},\"inLanguage\":\"en-US\",\"potentialAction\":[{\"@type\":\"ReadAction\",\"target\":[\"https:\\\/\\\/fors.fr\\\/en\\\/safers\\\/boitier-antivol-p16\\\/\"]}]},{\"@type\":\"ImageObject\",\"inLanguage\":\"en-US\",\"@id\":\"https:\\\/\\\/fors.fr\\\/en\\\/safers\\\/boitier-antivol-p16\\\/#primaryimage\",\"url\":\"https:\\\/\\\/fors.fr\\\/medias\\\/p16.jpg\",\"contentUrl\":\"https:\\\/\\\/fors.fr\\\/medias\\\/p16.jpg\",\"width\":500,\"height\":500},{\"@type\":\"BreadcrumbList\",\"@id\":\"https:\\\/\\\/fors.fr\\\/en\\\/safers\\\/boitier-antivol-p16\\\/#breadcrumb\",\"itemListElement\":[{\"@type\":\"ListItem\",\"position\":1,\"name\":\"FORS\",\"item\":\"https:\\\/\\\/fors.fr\\\/en\\\/\"},{\"@type\":\"ListItem\",\"position\":2,\"name\":\"Shop\",\"item\":\"https:\\\/\\\/fors.fr\\\/en\\\/shop\\\/\"},{\"@type\":\"ListItem\",\"position\":3,\"name\":\"Bo\u00eetier Antivol P16\"}]},{\"@type\":\"WebSite\",\"@id\":\"https:\\\/\\\/fors.fr\\\/en\\\/#website\",\"url\":\"https:\\\/\\\/fors.fr\\\/en\\\/\",\"name\":\"FORS Anti-Theft\",\"description\":\"Anti-theft against shoplifting\",\"publisher\":{\"@id\":\"https:\\\/\\\/fors.fr\\\/en\\\/#organization\"},\"alternateName\":\"Fors\",\"potentialAction\":[{\"@type\":\"SearchAction\",\"target\":{\"@type\":\"EntryPoint\",\"urlTemplate\":\"https:\\\/\\\/fors.fr\\\/en\\\/?s={search_term_string}\"},\"query-input\":{\"@type\":\"PropertyValueSpecification\",\"valueRequired\":true,\"valueName\":\"search_term_string\"}}],\"inLanguage\":\"en-US\"},{\"@type\":\"Organization\",\"@id\":\"https:\\\/\\\/fors.fr\\\/en\\\/#organization\",\"name\":\"Fors\",\"alternateName\":\"Fors Anti-Theft\",\"url\":\"https:\\\/\\\/fors.fr\\\/en\\\/\",\"logo\":{\"@type\":\"ImageObject\",\"inLanguage\":\"en-US\",\"@id\":\"https:\\\/\\\/fors.fr\\\/en\\\/#\\\/schema\\\/logo\\\/image\\\/\",\"url\":\"https:\\\/\\\/fors.fr\\\/medias\\\/favico_512.png\",\"contentUrl\":\"https:\\\/\\\/fors.fr\\\/medias\\\/favico_512.png\",\"width\":512,\"height\":512,\"caption\":\"Fors\"},\"image\":{\"@id\":\"https:\\\/\\\/fors.fr\\\/en\\\/#\\\/schema\\\/logo\\\/image\\\/\"},\"sameAs\":[\"https:\\\/\\\/www.facebook.com\\\/forsantitheft\\\/\",\"https:\\\/\\\/x.com\\\/fors_france\",\"https:\\\/\\\/www.linkedin.com\\\/company\\\/245351\\\/\",\"https:\\\/\\\/www.youtube.com\\\/user\\\/ForsFrance\\\/\",\"https:\\\/\\\/www.companeo.com\\\/portiques-de-securite\\\/annuaire\\\/fors-france\",\"https:\\\/\\\/www.europages.fr\\\/FORS-FRANCE\\\/FRA310174-000009382001.html\",\"https:\\\/\\\/www.pagesjaunes.fr\\\/pros\\\/07584984\"]}]}<\/script>\n<!-- \/ Yoast SEO plugin. -->","yoast_head_json":{"title":"Bo\u00eetier Antivol P16 Fin adapt\u00e9 aux Cartes Collectionneurs - Fors Anti-Theft","description":"Le bo\u00eetier antivol P16 de FORS en polycarbonate renforc\u00e9 saura prot\u00e9ger les cartes collectionneurs et tout autre produit s'inscrivant \u00e0 l'int\u00e9rieur.","robots":{"index":"index","follow":"follow","max-snippet":"max-snippet:-1","max-image-preview":"max-image-preview:large","max-video-preview":"max-video-preview:-1"},"canonical":"https:\/\/fors.fr\/en\/safers\/boitier-antivol-p16\/","og_locale":"en_US","og_type":"article","og_title":"Bo\u00eetier Antivol P16 Fin adapt\u00e9 aux Cartes Collectionneurs - Fors Anti-Theft","og_description":"Le bo\u00eetier antivol P16 de FORS en polycarbonate renforc\u00e9 saura prot\u00e9ger les cartes collectionneurs et tout autre produit s'inscrivant \u00e0 l'int\u00e9rieur.","og_url":"https:\/\/fors.fr\/en\/safers\/boitier-antivol-p16\/","og_site_name":"Fors Anti-Theft","article_publisher":"https:\/\/www.facebook.com\/forsantitheft\/","article_modified_time":"2026-04-17T08:22:04+00:00","og_image":[{"width":500,"height":500,"url":"https:\/\/fors.fr\/medias\/p16.jpg","type":"image\/jpeg"}],"twitter_card":"summary_large_image","twitter_site":"@fors_france","twitter_misc":{"Est. reading time":"1 minute"},"schema":{"@context":"https:\/\/schema.org","@graph":[{"@type":"WebPage","@id":"https:\/\/fors.fr\/en\/safers\/boitier-antivol-p16\/","url":"https:\/\/fors.fr\/en\/safers\/boitier-antivol-p16\/","name":"Bo\u00eetier Antivol P16 Fin adapt\u00e9 aux Cartes Collectionneurs - Fors Anti-Theft","isPartOf":{"@id":"https:\/\/fors.fr\/en\/#website"},"primaryImageOfPage":{"@id":"https:\/\/fors.fr\/en\/safers\/boitier-antivol-p16\/#primaryimage"},"image":{"@id":"https:\/\/fors.fr\/en\/safers\/boitier-antivol-p16\/#primaryimage"},"thumbnailUrl":"https:\/\/fors.fr\/medias\/p16.jpg","datePublished":"2026-04-17T08:13:03+00:00","dateModified":"2026-04-17T08:22:04+00:00","description":"Le bo\u00eetier antivol P16 de FORS en polycarbonate renforc\u00e9 saura prot\u00e9ger les cartes collectionneurs et tout autre produit s'inscrivant \u00e0 l'int\u00e9rieur.","breadcrumb":{"@id":"https:\/\/fors.fr\/en\/safers\/boitier-antivol-p16\/#breadcrumb"},"inLanguage":"en-US","potentialAction":[{"@type":"ReadAction","target":["https:\/\/fors.fr\/en\/safers\/boitier-antivol-p16\/"]}]},{"@type":"ImageObject","inLanguage":"en-US","@id":"https:\/\/fors.fr\/en\/safers\/boitier-antivol-p16\/#primaryimage","url":"https:\/\/fors.fr\/medias\/p16.jpg","contentUrl":"https:\/\/fors.fr\/medias\/p16.jpg","width":500,"height":500},{"@type":"BreadcrumbList","@id":"https:\/\/fors.fr\/en\/safers\/boitier-antivol-p16\/#breadcrumb","itemListElement":[{"@type":"ListItem","position":1,"name":"FORS","item":"https:\/\/fors.fr\/en\/"},{"@type":"ListItem","position":2,"name":"Shop","item":"https:\/\/fors.fr\/en\/shop\/"},{"@type":"ListItem","position":3,"name":"Bo\u00eetier Antivol P16"}]},{"@type":"WebSite","@id":"https:\/\/fors.fr\/en\/#website","url":"https:\/\/fors.fr\/en\/","name":"FORS Anti-Theft","description":"Anti-theft against shoplifting","publisher":{"@id":"https:\/\/fors.fr\/en\/#organization"},"alternateName":"Fors","potentialAction":[{"@type":"SearchAction","target":{"@type":"EntryPoint","urlTemplate":"https:\/\/fors.fr\/en\/?s={search_term_string}"},"query-input":{"@type":"PropertyValueSpecification","valueRequired":true,"valueName":"search_term_string"}}],"inLanguage":"en-US"},{"@type":"Organization","@id":"https:\/\/fors.fr\/en\/#organization","name":"Fors","alternateName":"Fors Anti-Theft","url":"https:\/\/fors.fr\/en\/","logo":{"@type":"ImageObject","inLanguage":"en-US","@id":"https:\/\/fors.fr\/en\/#\/schema\/logo\/image\/","url":"https:\/\/fors.fr\/medias\/favico_512.png","contentUrl":"https:\/\/fors.fr\/medias\/favico_512.png","width":512,"height":512,"caption":"Fors"},"image":{"@id":"https:\/\/fors.fr\/en\/#\/schema\/logo\/image\/"},"sameAs":["https:\/\/www.facebook.com\/forsantitheft\/","https:\/\/x.com\/fors_france","https:\/\/www.linkedin.com\/company\/245351\/","https:\/\/www.youtube.com\/user\/ForsFrance\/","https:\/\/www.companeo.com\/portiques-de-securite\/annuaire\/fors-france","https:\/\/www.europages.fr\/FORS-FRANCE\/FRA310174-000009382001.html","https:\/\/www.pagesjaunes.fr\/pros\/07584984"]}]}},"_links":{"self":[{"href":"https:\/\/fors.fr\/en\/wp-json\/wp\/v2\/product\/21462060","targetHints":{"allow":["GET"]}}],"collection":[{"href":"https:\/\/fors.fr\/en\/wp-json\/wp\/v2\/product"}],"about":[{"href":"https:\/\/fors.fr\/en\/wp-json\/wp\/v2\/types\/product"}],"wp:featuredmedia":[{"embeddable":true,"href":"https:\/\/fors.fr\/en\/wp-json\/wp\/v2\/media\/21462088"}],"wp:attachment":[{"href":"https:\/\/fors.fr\/en\/wp-json\/wp\/v2\/media?parent=21462060"}],"wp:term":[{"taxonomy":"product_brand","embeddable":true,"href":"https:\/\/fors.fr\/en\/wp-json\/wp\/v2\/product_brand?post=21462060"},{"taxonomy":"product_cat","embeddable":true,"href":"https:\/\/fors.fr\/en\/wp-json\/wp\/v2\/product_cat?post=21462060"},{"taxonomy":"product_tag","embeddable":true,"href":"https:\/\/fors.fr\/en\/wp-json\/wp\/v2\/product_tag?post=21462060"}],"curies":[{"name":"wp","href":"https:\/\/api.w.org\/{rel}","templated":true}]}}