{"id":9615868,"date":"2022-07-29T14:45:12","date_gmt":"2022-07-29T12:45:12","guid":{"rendered":"https:\/\/fors.fr\/?post_type=product&#038;p=9615868"},"modified":"2023-09-08T09:55:03","modified_gmt":"2023-09-08T07:55:03","slug":"forstag-rfid","status":"publish","type":"product","link":"https:\/\/fors.fr\/en\/eas-accessories\/anti-theft-tags\/forstag-rfid\/","title":{"rendered":"Forstag RFID"},"content":{"rendered":"<p>Le <strong style=\"color: var(--couleur);\">FORSTAG RFID<\/strong> est la solution <strong>tout-en-un<\/strong> pour prot\u00e9ger vos textiles et autres accessoires.<\/p>\n<p>Beaucoup plus maniable qu\u2019un tag normal gr\u00e2ce \u00e0 son syst\u00e8me innovant de pince, il permet de ne pas ab\u00eemer les v\u00eatements, de ne pas perdre de pi\u00e8ces et de ne pas se blesser.<\/p>\n<p>Ce <strong style=\"color: var(--couleur);\">FORSTAG<\/strong> est en technologie RFID.<\/p>\n<p><strong style=\"color: var(--couleur); text-transform: uppercase;\">Le FORSTAG prot\u00e8ge 100% des textiles<\/strong> :<br \/>\nLa lingerie, les accessoires de mode,\u00a0les sacs et sacoches, les chaussures, les blisters,\u00a0les casques audio&#8230;<br \/>\nTr\u00e8s maniable et ergonomique, le <strong style=\"color: var(--couleur);\">FORSTAG RFID<\/strong> permet un gain de temps de mise en place et de retrait en caisse.<\/p>\n<p><strong style=\"color: var(--couleur); text-transform: uppercase;\">S\u00c9CURIT\u00c9 \/ CLOU RETRACTABLE<\/strong><br \/>\nClou r\u00e9tractable pour \u00e9viter les blessures\u00a0: en position ouverte, le clou du FORSTAG est invisible, cette innovation permettra au personnel de manipuler le produit en toute s\u00e9curit\u00e9.<br \/>\nPour verrouiller le <strong style=\"color: var(--couleur);\">FORSTAG<\/strong> appuyez simplement sur le bouton.<\/p>\n<p><strong style=\"color: var(--couleur); text-transform: uppercase;\">PROTEGER SANS PERCER \/ RESPECT DES PRODUITS<\/strong><br \/>\nUne fente astucieuse permet d\u2019accrocher bretelles, anses de sacs, c\u00e2bles etc. sans percer les produits.<br \/>\nClou lisse pour ne pas ab\u00eemer les v\u00eatements.<\/p>\n<p><strong style=\"color: var(--couleur); text-transform: uppercase;\">DESIGN<\/strong><br \/>\nPetit, l\u00e9ger et compact, le <strong style=\"color: var(--couleur);\">FORSTAG<\/strong> saura prot\u00e9ger vos produits de fa\u00e7on discr\u00e8te et \u00e9l\u00e9gante.<\/p>\n<p><iframe loading=\"lazy\" style=\"display: block; margin-left: auto; margin-right: auto;\" src=\"\/\/www.youtube.com\/embed\/EppiAOsylEU?rel=0\" width=\"560\" height=\"315\" frameborder=\"0\"><\/iframe><\/p>\n","protected":false},"excerpt":{"rendered":"<p>Antivol textile RFID<br \/>\nClou r\u00e9tractable<\/p>\n","protected":false},"featured_media":10720924,"template":"","meta":{"_et_pb_use_builder":"","_et_pb_old_content":"","_et_gb_content_width":""},"product_brand":[],"product_cat":[1389],"product_tag":[1402,1696],"class_list":{"0":"post-9615868","1":"product","2":"type-product","3":"status-publish","4":"has-post-thumbnail","6":"product_cat-anti-theft-tags","7":"product_tag-forstag-en","8":"product_tag-rfid-en","9":"pa_securite-accessoires-normallock-en","10":"pa_securite-accessoires-superlock-en","12":"first","13":"instock","14":"taxable","15":"shipping-taxable","16":"purchasable","17":"product-type-variable"},"yoast_head":"<!-- This site is optimized with the Yoast SEO plugin v27.3 - https:\/\/yoast.com\/product\/yoast-seo-wordpress\/ -->\n<title>Macaron Antivol RFID avec clou r\u00e9tractable | Forstag RFID<\/title>\n<meta name=\"description\" content=\"Antivol macaron avec clou r\u00e9tractable brevet\u00e9 FORS adapt\u00e9 aux textiles sans faire de d\u00e9g\u00e2ts, version RFID.\" \/>\n<meta name=\"robots\" content=\"index, follow, max-snippet:-1, max-image-preview:large, max-video-preview:-1\" \/>\n<link rel=\"canonical\" href=\"https:\/\/fors.fr\/en\/eas-accessories\/anti-theft-tags\/forstag-rfid\/\" \/>\n<meta property=\"og:locale\" content=\"en_US\" \/>\n<meta property=\"og:type\" content=\"article\" \/>\n<meta property=\"og:title\" content=\"Macaron Antivol RFID avec clou r\u00e9tractable | Forstag RFID\" \/>\n<meta property=\"og:description\" content=\"Antivol macaron avec clou r\u00e9tractable brevet\u00e9 FORS adapt\u00e9 aux textiles sans faire de d\u00e9g\u00e2ts, version RFID.\" \/>\n<meta property=\"og:url\" content=\"https:\/\/fors.fr\/en\/eas-accessories\/anti-theft-tags\/forstag-rfid\/\" \/>\n<meta property=\"og:site_name\" content=\"Fors Anti-Theft\" \/>\n<meta property=\"article:publisher\" content=\"https:\/\/www.facebook.com\/forsantitheft\/\" \/>\n<meta property=\"article:modified_time\" content=\"2023-09-08T07:55:03+00:00\" \/>\n<meta property=\"og:image\" content=\"https:\/\/fors.fr\/medias\/FTRFID.jpg\" \/>\n\t<meta property=\"og:image:width\" content=\"1500\" \/>\n\t<meta property=\"og:image:height\" content=\"1500\" \/>\n\t<meta property=\"og:image:type\" content=\"image\/jpeg\" \/>\n<meta name=\"twitter:card\" content=\"summary_large_image\" \/>\n<meta name=\"twitter:site\" content=\"@fors_france\" \/>\n<meta name=\"twitter:label1\" content=\"Est. reading time\" \/>\n\t<meta name=\"twitter:data1\" content=\"1 minute\" \/>\n<script type=\"application\/ld+json\" class=\"yoast-schema-graph\">{\"@context\":\"https:\\\/\\\/schema.org\",\"@graph\":[{\"@type\":\"WebPage\",\"@id\":\"https:\\\/\\\/fors.fr\\\/en\\\/eas-accessories\\\/anti-theft-tags\\\/forstag-rfid\\\/\",\"url\":\"https:\\\/\\\/fors.fr\\\/en\\\/eas-accessories\\\/anti-theft-tags\\\/forstag-rfid\\\/\",\"name\":\"Macaron Antivol RFID avec clou r\u00e9tractable | Forstag RFID\",\"isPartOf\":{\"@id\":\"https:\\\/\\\/fors.fr\\\/en\\\/#website\"},\"primaryImageOfPage\":{\"@id\":\"https:\\\/\\\/fors.fr\\\/en\\\/eas-accessories\\\/anti-theft-tags\\\/forstag-rfid\\\/#primaryimage\"},\"image\":{\"@id\":\"https:\\\/\\\/fors.fr\\\/en\\\/eas-accessories\\\/anti-theft-tags\\\/forstag-rfid\\\/#primaryimage\"},\"thumbnailUrl\":\"https:\\\/\\\/fors.fr\\\/medias\\\/FTRFID.jpg\",\"datePublished\":\"2022-07-29T12:45:12+00:00\",\"dateModified\":\"2023-09-08T07:55:03+00:00\",\"description\":\"Antivol macaron avec clou r\u00e9tractable brevet\u00e9 FORS adapt\u00e9 aux textiles sans faire de d\u00e9g\u00e2ts, version RFID.\",\"breadcrumb\":{\"@id\":\"https:\\\/\\\/fors.fr\\\/en\\\/eas-accessories\\\/anti-theft-tags\\\/forstag-rfid\\\/#breadcrumb\"},\"inLanguage\":\"en-US\",\"potentialAction\":[{\"@type\":\"ReadAction\",\"target\":[\"https:\\\/\\\/fors.fr\\\/en\\\/eas-accessories\\\/anti-theft-tags\\\/forstag-rfid\\\/\"]}]},{\"@type\":\"ImageObject\",\"inLanguage\":\"en-US\",\"@id\":\"https:\\\/\\\/fors.fr\\\/en\\\/eas-accessories\\\/anti-theft-tags\\\/forstag-rfid\\\/#primaryimage\",\"url\":\"https:\\\/\\\/fors.fr\\\/medias\\\/FTRFID.jpg\",\"contentUrl\":\"https:\\\/\\\/fors.fr\\\/medias\\\/FTRFID.jpg\",\"width\":1500,\"height\":1500},{\"@type\":\"BreadcrumbList\",\"@id\":\"https:\\\/\\\/fors.fr\\\/en\\\/eas-accessories\\\/anti-theft-tags\\\/forstag-rfid\\\/#breadcrumb\",\"itemListElement\":[{\"@type\":\"ListItem\",\"position\":1,\"name\":\"FORS\",\"item\":\"https:\\\/\\\/fors.fr\\\/en\\\/\"},{\"@type\":\"ListItem\",\"position\":2,\"name\":\"Shop\",\"item\":\"https:\\\/\\\/fors.fr\\\/en\\\/shop\\\/\"},{\"@type\":\"ListItem\",\"position\":3,\"name\":\"Forstag RFID\"}]},{\"@type\":\"WebSite\",\"@id\":\"https:\\\/\\\/fors.fr\\\/en\\\/#website\",\"url\":\"https:\\\/\\\/fors.fr\\\/en\\\/\",\"name\":\"FORS Anti-Theft\",\"description\":\"Anti-theft against shoplifting\",\"publisher\":{\"@id\":\"https:\\\/\\\/fors.fr\\\/en\\\/#organization\"},\"alternateName\":\"Fors\",\"potentialAction\":[{\"@type\":\"SearchAction\",\"target\":{\"@type\":\"EntryPoint\",\"urlTemplate\":\"https:\\\/\\\/fors.fr\\\/en\\\/?s={search_term_string}\"},\"query-input\":{\"@type\":\"PropertyValueSpecification\",\"valueRequired\":true,\"valueName\":\"search_term_string\"}}],\"inLanguage\":\"en-US\"},{\"@type\":\"Organization\",\"@id\":\"https:\\\/\\\/fors.fr\\\/en\\\/#organization\",\"name\":\"Fors\",\"alternateName\":\"Fors Anti-Theft\",\"url\":\"https:\\\/\\\/fors.fr\\\/en\\\/\",\"logo\":{\"@type\":\"ImageObject\",\"inLanguage\":\"en-US\",\"@id\":\"https:\\\/\\\/fors.fr\\\/en\\\/#\\\/schema\\\/logo\\\/image\\\/\",\"url\":\"https:\\\/\\\/fors.fr\\\/medias\\\/favico_512.png\",\"contentUrl\":\"https:\\\/\\\/fors.fr\\\/medias\\\/favico_512.png\",\"width\":512,\"height\":512,\"caption\":\"Fors\"},\"image\":{\"@id\":\"https:\\\/\\\/fors.fr\\\/en\\\/#\\\/schema\\\/logo\\\/image\\\/\"},\"sameAs\":[\"https:\\\/\\\/www.facebook.com\\\/forsantitheft\\\/\",\"https:\\\/\\\/x.com\\\/fors_france\",\"https:\\\/\\\/www.linkedin.com\\\/company\\\/245351\\\/\",\"https:\\\/\\\/www.youtube.com\\\/user\\\/ForsFrance\\\/\",\"https:\\\/\\\/www.companeo.com\\\/portiques-de-securite\\\/annuaire\\\/fors-france\",\"https:\\\/\\\/www.europages.fr\\\/FORS-FRANCE\\\/FRA310174-000009382001.html\",\"https:\\\/\\\/www.pagesjaunes.fr\\\/pros\\\/07584984\"]}]}<\/script>\n<!-- \/ Yoast SEO plugin. -->","yoast_head_json":{"title":"Macaron Antivol RFID avec clou r\u00e9tractable | Forstag RFID","description":"Antivol macaron avec clou r\u00e9tractable brevet\u00e9 FORS adapt\u00e9 aux textiles sans faire de d\u00e9g\u00e2ts, version RFID.","robots":{"index":"index","follow":"follow","max-snippet":"max-snippet:-1","max-image-preview":"max-image-preview:large","max-video-preview":"max-video-preview:-1"},"canonical":"https:\/\/fors.fr\/en\/eas-accessories\/anti-theft-tags\/forstag-rfid\/","og_locale":"en_US","og_type":"article","og_title":"Macaron Antivol RFID avec clou r\u00e9tractable | Forstag RFID","og_description":"Antivol macaron avec clou r\u00e9tractable brevet\u00e9 FORS adapt\u00e9 aux textiles sans faire de d\u00e9g\u00e2ts, version RFID.","og_url":"https:\/\/fors.fr\/en\/eas-accessories\/anti-theft-tags\/forstag-rfid\/","og_site_name":"Fors Anti-Theft","article_publisher":"https:\/\/www.facebook.com\/forsantitheft\/","article_modified_time":"2023-09-08T07:55:03+00:00","og_image":[{"width":1500,"height":1500,"url":"https:\/\/fors.fr\/medias\/FTRFID.jpg","type":"image\/jpeg"}],"twitter_card":"summary_large_image","twitter_site":"@fors_france","twitter_misc":{"Est. reading time":"1 minute"},"schema":{"@context":"https:\/\/schema.org","@graph":[{"@type":"WebPage","@id":"https:\/\/fors.fr\/en\/eas-accessories\/anti-theft-tags\/forstag-rfid\/","url":"https:\/\/fors.fr\/en\/eas-accessories\/anti-theft-tags\/forstag-rfid\/","name":"Macaron Antivol RFID avec clou r\u00e9tractable | Forstag RFID","isPartOf":{"@id":"https:\/\/fors.fr\/en\/#website"},"primaryImageOfPage":{"@id":"https:\/\/fors.fr\/en\/eas-accessories\/anti-theft-tags\/forstag-rfid\/#primaryimage"},"image":{"@id":"https:\/\/fors.fr\/en\/eas-accessories\/anti-theft-tags\/forstag-rfid\/#primaryimage"},"thumbnailUrl":"https:\/\/fors.fr\/medias\/FTRFID.jpg","datePublished":"2022-07-29T12:45:12+00:00","dateModified":"2023-09-08T07:55:03+00:00","description":"Antivol macaron avec clou r\u00e9tractable brevet\u00e9 FORS adapt\u00e9 aux textiles sans faire de d\u00e9g\u00e2ts, version RFID.","breadcrumb":{"@id":"https:\/\/fors.fr\/en\/eas-accessories\/anti-theft-tags\/forstag-rfid\/#breadcrumb"},"inLanguage":"en-US","potentialAction":[{"@type":"ReadAction","target":["https:\/\/fors.fr\/en\/eas-accessories\/anti-theft-tags\/forstag-rfid\/"]}]},{"@type":"ImageObject","inLanguage":"en-US","@id":"https:\/\/fors.fr\/en\/eas-accessories\/anti-theft-tags\/forstag-rfid\/#primaryimage","url":"https:\/\/fors.fr\/medias\/FTRFID.jpg","contentUrl":"https:\/\/fors.fr\/medias\/FTRFID.jpg","width":1500,"height":1500},{"@type":"BreadcrumbList","@id":"https:\/\/fors.fr\/en\/eas-accessories\/anti-theft-tags\/forstag-rfid\/#breadcrumb","itemListElement":[{"@type":"ListItem","position":1,"name":"FORS","item":"https:\/\/fors.fr\/en\/"},{"@type":"ListItem","position":2,"name":"Shop","item":"https:\/\/fors.fr\/en\/shop\/"},{"@type":"ListItem","position":3,"name":"Forstag RFID"}]},{"@type":"WebSite","@id":"https:\/\/fors.fr\/en\/#website","url":"https:\/\/fors.fr\/en\/","name":"FORS Anti-Theft","description":"Anti-theft against shoplifting","publisher":{"@id":"https:\/\/fors.fr\/en\/#organization"},"alternateName":"Fors","potentialAction":[{"@type":"SearchAction","target":{"@type":"EntryPoint","urlTemplate":"https:\/\/fors.fr\/en\/?s={search_term_string}"},"query-input":{"@type":"PropertyValueSpecification","valueRequired":true,"valueName":"search_term_string"}}],"inLanguage":"en-US"},{"@type":"Organization","@id":"https:\/\/fors.fr\/en\/#organization","name":"Fors","alternateName":"Fors Anti-Theft","url":"https:\/\/fors.fr\/en\/","logo":{"@type":"ImageObject","inLanguage":"en-US","@id":"https:\/\/fors.fr\/en\/#\/schema\/logo\/image\/","url":"https:\/\/fors.fr\/medias\/favico_512.png","contentUrl":"https:\/\/fors.fr\/medias\/favico_512.png","width":512,"height":512,"caption":"Fors"},"image":{"@id":"https:\/\/fors.fr\/en\/#\/schema\/logo\/image\/"},"sameAs":["https:\/\/www.facebook.com\/forsantitheft\/","https:\/\/x.com\/fors_france","https:\/\/www.linkedin.com\/company\/245351\/","https:\/\/www.youtube.com\/user\/ForsFrance\/","https:\/\/www.companeo.com\/portiques-de-securite\/annuaire\/fors-france","https:\/\/www.europages.fr\/FORS-FRANCE\/FRA310174-000009382001.html","https:\/\/www.pagesjaunes.fr\/pros\/07584984"]}]}},"_links":{"self":[{"href":"https:\/\/fors.fr\/en\/wp-json\/wp\/v2\/product\/9615868","targetHints":{"allow":["GET"]}}],"collection":[{"href":"https:\/\/fors.fr\/en\/wp-json\/wp\/v2\/product"}],"about":[{"href":"https:\/\/fors.fr\/en\/wp-json\/wp\/v2\/types\/product"}],"wp:featuredmedia":[{"embeddable":true,"href":"https:\/\/fors.fr\/en\/wp-json\/wp\/v2\/media\/10720924"}],"wp:attachment":[{"href":"https:\/\/fors.fr\/en\/wp-json\/wp\/v2\/media?parent=9615868"}],"wp:term":[{"taxonomy":"product_brand","embeddable":true,"href":"https:\/\/fors.fr\/en\/wp-json\/wp\/v2\/product_brand?post=9615868"},{"taxonomy":"product_cat","embeddable":true,"href":"https:\/\/fors.fr\/en\/wp-json\/wp\/v2\/product_cat?post=9615868"},{"taxonomy":"product_tag","embeddable":true,"href":"https:\/\/fors.fr\/en\/wp-json\/wp\/v2\/product_tag?post=9615868"}],"curies":[{"name":"wp","href":"https:\/\/api.w.org\/{rel}","templated":true}]}}