{"id":9714152,"date":"2022-07-11T14:20:58","date_gmt":"2022-07-11T12:20:58","guid":{"rendered":"https:\/\/fors.fr\/product\/uncategorized\/spintag-spider\/"},"modified":"2022-09-05T15:27:21","modified_gmt":"2022-09-05T14:27:21","slug":"spintag-spider","status":"publish","type":"product","link":"https:\/\/fors.fr\/en\/eas-accessories\/retail-accessories\/spintag-spider\/","title":{"rendered":"Spintag Spider"},"content":{"rendered":"<p>Le crochet SpinTag constitue la solution id\u00e9ale pour s\u00e9curiser les marchandises alarm\u00e9es par Spider tout en assurant un positionnement qualitatif des produits pond\u00e9reux et r\u00e9put\u00e9s chers pr\u00e9sent\u00e9s sur broche.<\/p>\n<p>Le crochet SpinTag est un syst\u00e8me simple \u00e0 mettre en place, permettant un positionnement facile, rapide, et s\u00e9curis\u00e9 sur les spiders. Son mode de fonctionnement permet de maintenir en permanence le crochet SpinTag dans les c\u00e2bles du spider.<\/p>\n<p><strong style=\"color: var(--couleur);\">Reference : S-SPIDER<\/strong><br \/>\n<strong style=\"color: var(--couleur);\">Packing : <\/strong>50 pcs<\/p>\n","protected":false},"excerpt":{"rendered":"<p>Spintag for Spider<br \/>\nPack of 50<\/p>\n","protected":false},"featured_media":9577760,"template":"","meta":{"_et_pb_use_builder":"","_et_pb_old_content":"","_et_gb_content_width":""},"product_brand":[],"product_cat":[1385,1387],"product_tag":[],"class_list":{"0":"post-9714152","1":"product","2":"type-product","3":"status-publish","4":"has-post-thumbnail","6":"product_cat-eas-accessories","7":"product_cat-retail-accessories","8":"pa_securite-accessoires-normallock-en","9":"pa_securite-accessoires-superlock-en","11":"first","12":"instock","13":"taxable","14":"shipping-taxable","15":"purchasable","16":"product-type-variable"},"yoast_head":"<!-- This site is optimized with the Yoast SEO plugin v27.4 - https:\/\/yoast.com\/product\/yoast-seo-wordpress\/ -->\n<title>Spintag Spider - Fors Anti-Theft<\/title>\n<meta name=\"robots\" content=\"index, follow, max-snippet:-1, max-image-preview:large, max-video-preview:-1\" \/>\n<link rel=\"canonical\" href=\"https:\/\/fors.fr\/en\/eas-accessories\/retail-accessories\/spintag-spider\/\" \/>\n<meta property=\"og:locale\" content=\"en_US\" \/>\n<meta property=\"og:type\" content=\"article\" \/>\n<meta property=\"og:title\" content=\"Spintag Spider - Fors Anti-Theft\" \/>\n<meta property=\"og:description\" content=\"Spintag for Spider Pack of 50\" \/>\n<meta property=\"og:url\" content=\"https:\/\/fors.fr\/en\/eas-accessories\/retail-accessories\/spintag-spider\/\" \/>\n<meta property=\"og:site_name\" content=\"Fors Anti-Theft\" \/>\n<meta property=\"article:publisher\" content=\"https:\/\/www.facebook.com\/forsantitheft\/\" \/>\n<meta property=\"article:modified_time\" content=\"2022-09-05T14:27:21+00:00\" \/>\n<meta name=\"twitter:card\" content=\"summary_large_image\" \/>\n<meta name=\"twitter:site\" content=\"@fors_france\" \/>\n<meta name=\"twitter:label1\" content=\"Est. reading time\" \/>\n\t<meta name=\"twitter:data1\" content=\"1 minute\" \/>\n<script type=\"application\/ld+json\" class=\"yoast-schema-graph\">{\"@context\":\"https:\\\/\\\/schema.org\",\"@graph\":[{\"@type\":\"WebPage\",\"@id\":\"https:\\\/\\\/fors.fr\\\/en\\\/eas-accessories\\\/retail-accessories\\\/spintag-spider\\\/\",\"url\":\"https:\\\/\\\/fors.fr\\\/en\\\/eas-accessories\\\/retail-accessories\\\/spintag-spider\\\/\",\"name\":\"Spintag Spider - Fors Anti-Theft\",\"isPartOf\":{\"@id\":\"https:\\\/\\\/fors.fr\\\/en\\\/#website\"},\"primaryImageOfPage\":{\"@id\":\"https:\\\/\\\/fors.fr\\\/en\\\/eas-accessories\\\/retail-accessories\\\/spintag-spider\\\/#primaryimage\"},\"image\":{\"@id\":\"https:\\\/\\\/fors.fr\\\/en\\\/eas-accessories\\\/retail-accessories\\\/spintag-spider\\\/#primaryimage\"},\"thumbnailUrl\":\"https:\\\/\\\/fors.fr\\\/medias\\\/Spintag-Spider-2-scaled.webp\",\"datePublished\":\"2022-07-11T12:20:58+00:00\",\"dateModified\":\"2022-09-05T14:27:21+00:00\",\"breadcrumb\":{\"@id\":\"https:\\\/\\\/fors.fr\\\/en\\\/eas-accessories\\\/retail-accessories\\\/spintag-spider\\\/#breadcrumb\"},\"inLanguage\":\"en-US\",\"potentialAction\":[{\"@type\":\"ReadAction\",\"target\":[\"https:\\\/\\\/fors.fr\\\/en\\\/eas-accessories\\\/retail-accessories\\\/spintag-spider\\\/\"]}]},{\"@type\":\"ImageObject\",\"inLanguage\":\"en-US\",\"@id\":\"https:\\\/\\\/fors.fr\\\/en\\\/eas-accessories\\\/retail-accessories\\\/spintag-spider\\\/#primaryimage\",\"url\":\"https:\\\/\\\/fors.fr\\\/medias\\\/Spintag-Spider-2-scaled.webp\",\"contentUrl\":\"https:\\\/\\\/fors.fr\\\/medias\\\/Spintag-Spider-2-scaled.webp\",\"width\":2560,\"height\":2560},{\"@type\":\"BreadcrumbList\",\"@id\":\"https:\\\/\\\/fors.fr\\\/en\\\/eas-accessories\\\/retail-accessories\\\/spintag-spider\\\/#breadcrumb\",\"itemListElement\":[{\"@type\":\"ListItem\",\"position\":1,\"name\":\"FORS\",\"item\":\"https:\\\/\\\/fors.fr\\\/en\\\/\"},{\"@type\":\"ListItem\",\"position\":2,\"name\":\"Shop\",\"item\":\"https:\\\/\\\/fors.fr\\\/en\\\/shop\\\/\"},{\"@type\":\"ListItem\",\"position\":3,\"name\":\"Spintag Spider\"}]},{\"@type\":\"WebSite\",\"@id\":\"https:\\\/\\\/fors.fr\\\/en\\\/#website\",\"url\":\"https:\\\/\\\/fors.fr\\\/en\\\/\",\"name\":\"FORS Anti-Theft\",\"description\":\"Anti-theft against shoplifting\",\"publisher\":{\"@id\":\"https:\\\/\\\/fors.fr\\\/en\\\/#organization\"},\"alternateName\":\"Fors\",\"potentialAction\":[{\"@type\":\"SearchAction\",\"target\":{\"@type\":\"EntryPoint\",\"urlTemplate\":\"https:\\\/\\\/fors.fr\\\/en\\\/?s={search_term_string}\"},\"query-input\":{\"@type\":\"PropertyValueSpecification\",\"valueRequired\":true,\"valueName\":\"search_term_string\"}}],\"inLanguage\":\"en-US\"},{\"@type\":\"Organization\",\"@id\":\"https:\\\/\\\/fors.fr\\\/en\\\/#organization\",\"name\":\"Fors\",\"alternateName\":\"Fors Anti-Theft\",\"url\":\"https:\\\/\\\/fors.fr\\\/en\\\/\",\"logo\":{\"@type\":\"ImageObject\",\"inLanguage\":\"en-US\",\"@id\":\"https:\\\/\\\/fors.fr\\\/en\\\/#\\\/schema\\\/logo\\\/image\\\/\",\"url\":\"https:\\\/\\\/fors.fr\\\/medias\\\/favico_512.png\",\"contentUrl\":\"https:\\\/\\\/fors.fr\\\/medias\\\/favico_512.png\",\"width\":512,\"height\":512,\"caption\":\"Fors\"},\"image\":{\"@id\":\"https:\\\/\\\/fors.fr\\\/en\\\/#\\\/schema\\\/logo\\\/image\\\/\"},\"sameAs\":[\"https:\\\/\\\/www.facebook.com\\\/forsantitheft\\\/\",\"https:\\\/\\\/x.com\\\/fors_france\",\"https:\\\/\\\/www.linkedin.com\\\/company\\\/245351\\\/\",\"https:\\\/\\\/www.youtube.com\\\/user\\\/ForsFrance\\\/\",\"https:\\\/\\\/www.companeo.com\\\/portiques-de-securite\\\/annuaire\\\/fors-france\",\"https:\\\/\\\/www.europages.fr\\\/FORS-FRANCE\\\/FRA310174-000009382001.html\",\"https:\\\/\\\/www.pagesjaunes.fr\\\/pros\\\/07584984\"]}]}<\/script>\n<!-- \/ Yoast SEO plugin. -->","yoast_head_json":{"title":"Spintag Spider - Fors Anti-Theft","robots":{"index":"index","follow":"follow","max-snippet":"max-snippet:-1","max-image-preview":"max-image-preview:large","max-video-preview":"max-video-preview:-1"},"canonical":"https:\/\/fors.fr\/en\/eas-accessories\/retail-accessories\/spintag-spider\/","og_locale":"en_US","og_type":"article","og_title":"Spintag Spider - Fors Anti-Theft","og_description":"Spintag for Spider Pack of 50","og_url":"https:\/\/fors.fr\/en\/eas-accessories\/retail-accessories\/spintag-spider\/","og_site_name":"Fors Anti-Theft","article_publisher":"https:\/\/www.facebook.com\/forsantitheft\/","article_modified_time":"2022-09-05T14:27:21+00:00","twitter_card":"summary_large_image","twitter_site":"@fors_france","twitter_misc":{"Est. reading time":"1 minute"},"schema":{"@context":"https:\/\/schema.org","@graph":[{"@type":"WebPage","@id":"https:\/\/fors.fr\/en\/eas-accessories\/retail-accessories\/spintag-spider\/","url":"https:\/\/fors.fr\/en\/eas-accessories\/retail-accessories\/spintag-spider\/","name":"Spintag Spider - Fors Anti-Theft","isPartOf":{"@id":"https:\/\/fors.fr\/en\/#website"},"primaryImageOfPage":{"@id":"https:\/\/fors.fr\/en\/eas-accessories\/retail-accessories\/spintag-spider\/#primaryimage"},"image":{"@id":"https:\/\/fors.fr\/en\/eas-accessories\/retail-accessories\/spintag-spider\/#primaryimage"},"thumbnailUrl":"https:\/\/fors.fr\/medias\/Spintag-Spider-2-scaled.webp","datePublished":"2022-07-11T12:20:58+00:00","dateModified":"2022-09-05T14:27:21+00:00","breadcrumb":{"@id":"https:\/\/fors.fr\/en\/eas-accessories\/retail-accessories\/spintag-spider\/#breadcrumb"},"inLanguage":"en-US","potentialAction":[{"@type":"ReadAction","target":["https:\/\/fors.fr\/en\/eas-accessories\/retail-accessories\/spintag-spider\/"]}]},{"@type":"ImageObject","inLanguage":"en-US","@id":"https:\/\/fors.fr\/en\/eas-accessories\/retail-accessories\/spintag-spider\/#primaryimage","url":"https:\/\/fors.fr\/medias\/Spintag-Spider-2-scaled.webp","contentUrl":"https:\/\/fors.fr\/medias\/Spintag-Spider-2-scaled.webp","width":2560,"height":2560},{"@type":"BreadcrumbList","@id":"https:\/\/fors.fr\/en\/eas-accessories\/retail-accessories\/spintag-spider\/#breadcrumb","itemListElement":[{"@type":"ListItem","position":1,"name":"FORS","item":"https:\/\/fors.fr\/en\/"},{"@type":"ListItem","position":2,"name":"Shop","item":"https:\/\/fors.fr\/en\/shop\/"},{"@type":"ListItem","position":3,"name":"Spintag Spider"}]},{"@type":"WebSite","@id":"https:\/\/fors.fr\/en\/#website","url":"https:\/\/fors.fr\/en\/","name":"FORS Anti-Theft","description":"Anti-theft against shoplifting","publisher":{"@id":"https:\/\/fors.fr\/en\/#organization"},"alternateName":"Fors","potentialAction":[{"@type":"SearchAction","target":{"@type":"EntryPoint","urlTemplate":"https:\/\/fors.fr\/en\/?s={search_term_string}"},"query-input":{"@type":"PropertyValueSpecification","valueRequired":true,"valueName":"search_term_string"}}],"inLanguage":"en-US"},{"@type":"Organization","@id":"https:\/\/fors.fr\/en\/#organization","name":"Fors","alternateName":"Fors Anti-Theft","url":"https:\/\/fors.fr\/en\/","logo":{"@type":"ImageObject","inLanguage":"en-US","@id":"https:\/\/fors.fr\/en\/#\/schema\/logo\/image\/","url":"https:\/\/fors.fr\/medias\/favico_512.png","contentUrl":"https:\/\/fors.fr\/medias\/favico_512.png","width":512,"height":512,"caption":"Fors"},"image":{"@id":"https:\/\/fors.fr\/en\/#\/schema\/logo\/image\/"},"sameAs":["https:\/\/www.facebook.com\/forsantitheft\/","https:\/\/x.com\/fors_france","https:\/\/www.linkedin.com\/company\/245351\/","https:\/\/www.youtube.com\/user\/ForsFrance\/","https:\/\/www.companeo.com\/portiques-de-securite\/annuaire\/fors-france","https:\/\/www.europages.fr\/FORS-FRANCE\/FRA310174-000009382001.html","https:\/\/www.pagesjaunes.fr\/pros\/07584984"]}]}},"_links":{"self":[{"href":"https:\/\/fors.fr\/en\/wp-json\/wp\/v2\/product\/9714152","targetHints":{"allow":["GET"]}}],"collection":[{"href":"https:\/\/fors.fr\/en\/wp-json\/wp\/v2\/product"}],"about":[{"href":"https:\/\/fors.fr\/en\/wp-json\/wp\/v2\/types\/product"}],"wp:featuredmedia":[{"embeddable":true,"href":"https:\/\/fors.fr\/en\/wp-json\/wp\/v2\/media\/9577760"}],"wp:attachment":[{"href":"https:\/\/fors.fr\/en\/wp-json\/wp\/v2\/media?parent=9714152"}],"wp:term":[{"taxonomy":"product_brand","embeddable":true,"href":"https:\/\/fors.fr\/en\/wp-json\/wp\/v2\/product_brand?post=9714152"},{"taxonomy":"product_cat","embeddable":true,"href":"https:\/\/fors.fr\/en\/wp-json\/wp\/v2\/product_cat?post=9714152"},{"taxonomy":"product_tag","embeddable":true,"href":"https:\/\/fors.fr\/en\/wp-json\/wp\/v2\/product_tag?post=9714152"}],"curies":[{"name":"wp","href":"https:\/\/api.w.org\/{rel}","templated":true}]}}